{"id":8,"date":"2013-12-20T19:11:27","date_gmt":"2013-12-20T17:11:27","guid":{"rendered":"http:\/\/www.magnetberg.de\/passion\/?page_id=8"},"modified":"2025-01-03T22:00:25","modified_gmt":"2025-01-03T20:00:25","slug":"michael-morgner","status":"publish","type":"page","link":"https:\/\/www.magnetberg.de\/passion\/michael-morgner\/","title":{"rendered":"Michael Morgner"},"content":{"rendered":"\n<div class=\"wp-block-cover alignfull is-light\" style=\"min-height:70vh;aspect-ratio:unset;\"><span aria-hidden=\"true\" class=\"wp-block-cover__background has-background-dim-0 has-background-dim\" style=\"background-color:#b1aba5\"><\/span><img data-recalc-dims=\"1\" loading=\"lazy\" decoding=\"async\" width=\"800\" height=\"533\" data-attachment-id=\"2098\" data-permalink=\"https:\/\/www.magnetberg.de\/passion\/michael-morgner\/2012-morgner2\/\" data-orig-file=\"https:\/\/i0.wp.com\/www.magnetberg.de\/passion\/wp-content\/uploads\/2024\/12\/2012-Morgner2.jpg?fit=2000%2C1333&amp;ssl=1\" data-orig-size=\"2000,1333\" data-comments-opened=\"0\" data-image-meta=\"{&quot;aperture&quot;:&quot;0&quot;,&quot;credit&quot;:&quot;&quot;,&quot;camera&quot;:&quot;&quot;,&quot;caption&quot;:&quot;&quot;,&quot;created_timestamp&quot;:&quot;0&quot;,&quot;copyright&quot;:&quot;&quot;,&quot;focal_length&quot;:&quot;0&quot;,&quot;iso&quot;:&quot;0&quot;,&quot;shutter_speed&quot;:&quot;0&quot;,&quot;title&quot;:&quot;&quot;,&quot;orientation&quot;:&quot;0&quot;}\" data-image-title=\"Michael Morgner, 2012\" data-image-description=\"\" data-image-caption=\"\" data-large-file=\"https:\/\/i0.wp.com\/www.magnetberg.de\/passion\/wp-content\/uploads\/2024\/12\/2012-Morgner2.jpg?fit=800%2C533&amp;ssl=1\" sizes=\"auto, (max-width: 799px) 200vw, (max-width: 2000px) 100vw, 2000px\" class=\"wp-block-cover__image-background wp-image-2098\" alt=\"\" src=\"https:\/\/i0.wp.com\/www.magnetberg.de\/passion\/wp-content\/uploads\/2024\/12\/2012-Morgner2.jpg?resize=800%2C533&#038;ssl=1\" data-object-fit=\"cover\" srcset=\"https:\/\/i0.wp.com\/www.magnetberg.de\/passion\/wp-content\/uploads\/2024\/12\/2012-Morgner2.jpg?w=2000&amp;ssl=1 2000w, https:\/\/i0.wp.com\/www.magnetberg.de\/passion\/wp-content\/uploads\/2024\/12\/2012-Morgner2.jpg?resize=300%2C200&amp;ssl=1 300w, https:\/\/i0.wp.com\/www.magnetberg.de\/passion\/wp-content\/uploads\/2024\/12\/2012-Morgner2.jpg?resize=1024%2C682&amp;ssl=1 1024w, https:\/\/i0.wp.com\/www.magnetberg.de\/passion\/wp-content\/uploads\/2024\/12\/2012-Morgner2.jpg?resize=768%2C512&amp;ssl=1 768w, https:\/\/i0.wp.com\/www.magnetberg.de\/passion\/wp-content\/uploads\/2024\/12\/2012-Morgner2.jpg?resize=1536%2C1024&amp;ssl=1 1536w, https:\/\/i0.wp.com\/www.magnetberg.de\/passion\/wp-content\/uploads\/2024\/12\/2012-Morgner2.jpg?resize=1200%2C800&amp;ssl=1 1200w, https:\/\/i0.wp.com\/www.magnetberg.de\/passion\/wp-content\/uploads\/2024\/12\/2012-Morgner2.jpg?resize=1980%2C1320&amp;ssl=1 1980w, https:\/\/i0.wp.com\/www.magnetberg.de\/passion\/wp-content\/uploads\/2024\/12\/2012-Morgner2.jpg?w=1600&amp;ssl=1 1600w\" \/><div class=\"wp-block-cover__inner-container is-layout-flow wp-block-cover-is-layout-flow\">\n<h1 class=\"wp-block-heading alignwide has-text-align-center\"><\/h1>\n\n\n\n<p class=\"has-text-align-center has-large-font-size\"><\/p>\n<\/div><\/div>\n\n\n\n<div class=\"wp-block-group alignfull\"><div class=\"wp-block-group__inner-container is-layout-flow wp-block-group-is-layout-flow\">\n<div class=\"wp-block-columns alignwide tw-cols-stack-md tw-gutter-large is-layout-flex wp-container-core-columns-is-layout-d0b3c9c8 wp-block-columns-is-layout-flex\">\n<div class=\"wp-block-column is-layout-flow wp-block-column-is-layout-flow\">\n<h2 class=\"wp-block-heading\">Michael Morgner<\/h2>\n<\/div>\n\n\n\n<div class=\"wp-block-column is-layout-flow wp-block-column-is-layout-flow\">\n<p>Altarverh\u00fcllung in der Paul-Gerhardt-Kirche, Berlin<br>24. Februar &#8211; 8. April 2012<\/p>\n<\/div>\n<\/div>\n<\/div><\/div>\n\n\n\n<div class=\"wp-block-group alignfull\"><div class=\"wp-block-group__inner-container is-layout-flow wp-block-group-is-layout-flow\">\n<p class=\"tw-text-wide\" style=\"line-height:1.5\"><strong>Narben<\/strong><\/p>\n\n\n\n<p class=\"tw-text-wide\" style=\"line-height:1.5\">Narben sind geheilte Verletzungen. Jedes menschliche Leben ist angef\u00fcllt mit Narben und Vernarbungen, ist verbunden mit Wunden und Heilungen in der Physis wie an der Psyche, an Leib und Seele. Mit den Spuren vergangenerVerletzungen wollen wir uns in der Passionszeit in der Paul-Gerhardt-Kirche im Rahmen der Alterverh\u00fcllung und in den w\u00f6chentlichen Passionsandachten im Elias-Kuppelsaal besch\u00e4ftigen.<\/p>\n\n\n\n<p class=\"tw-text-wide\" style=\"line-height:1.5\">In den 40 Tagen vor Ostern wird das Altarbild in der Paul-Gerhardt-Kirche mit der Darstellung des auferstandenen Christus von 1910 mit einem zeitgen\u00f6ssischen Bild in der Tradition der Fastent\u00fccher verh\u00fcllt. In diesem Jahr konnten wir f\u00fcr dieses Projekt den K\u00fcnstler Michael Morgner aus Einsiedel bei Chemnitz gewinnen. Michael Morgner ist einer der bedeutendsten K\u00fcnstler unserer Zeit in Deutschland. In einem gro\u00dfen Teil seines k\u00fcnstlerischen Schaffens besch\u00e4ftigte Morgner sich mit dem Thema der Passion.<br>In einem Gespr\u00e4ch und einem Kurzfilm wird er uns den Prozess des Herstellens seiner Arbeiten durch H\u00e4uten, \u00dcbermalen, Tr\u00e4nken und Ritzen von Papier erl\u00e4utern. Sein \u00bbFastentuch\u00ab ist wie das Zittauer Fastentuch von 1492 aus mehreren Motiven zusammengesetzt und wird uns in der Passionszeit viel zum Entdecken und Nachdenken geben.<\/p>\n\n\n\n<p class=\"tw-text-wide\" style=\"line-height:1.5\">Die Veranstaltungen zur Passionszeit beginnen mit der Verh\u00fcllung des Altars in der Paul-Gerhardt-Kirche am 24. Februar 2012 um 18:00 mit Michael Morgner und dem Kunstbeauftragten der Landeskirche und Direktors der Stiftung St. Matth\u00e4us, Pfr. Christhard-Georg Neubert.<\/p>\n\n\n\n<p class=\"tw-text-wide\" style=\"line-height:1.5\"><em>Markus Rheinfurth<\/em><\/p>\n\n\n\n<div class=\"wp-block-group alignfull\"><div class=\"wp-block-group__inner-container is-layout-flow wp-block-group-is-layout-flow\">\n<figure class=\"wp-block-image alignwide size-large tw-mb-3\"><a href=\"https:\/\/www.magnetberg.de\/passion\/intro\/2012-morgner1\/\"><img data-recalc-dims=\"1\" loading=\"lazy\" decoding=\"async\" width=\"800\" height=\"533\" data-attachment-id=\"2035\" data-permalink=\"https:\/\/www.magnetberg.de\/passion\/intro\/2012-morgner1\/\" data-orig-file=\"https:\/\/i0.wp.com\/www.magnetberg.de\/passion\/wp-content\/uploads\/2024\/12\/2012-Morgner1.jpg?fit=2000%2C1333&amp;ssl=1\" data-orig-size=\"2000,1333\" data-comments-opened=\"0\" data-image-meta=\"{&quot;aperture&quot;:&quot;0&quot;,&quot;credit&quot;:&quot;&quot;,&quot;camera&quot;:&quot;&quot;,&quot;caption&quot;:&quot;&quot;,&quot;created_timestamp&quot;:&quot;0&quot;,&quot;copyright&quot;:&quot;&quot;,&quot;focal_length&quot;:&quot;0&quot;,&quot;iso&quot;:&quot;0&quot;,&quot;shutter_speed&quot;:&quot;0&quot;,&quot;title&quot;:&quot;&quot;,&quot;orientation&quot;:&quot;0&quot;}\" data-image-title=\"Michael Morgner, 2012\" data-image-description=\"\" data-image-caption=\"\" data-large-file=\"https:\/\/i0.wp.com\/www.magnetberg.de\/passion\/wp-content\/uploads\/2024\/12\/2012-Morgner1.jpg?fit=800%2C533&amp;ssl=1\" src=\"https:\/\/i0.wp.com\/www.magnetberg.de\/passion\/wp-content\/uploads\/2024\/12\/2012-Morgner1.jpg?resize=800%2C533&#038;ssl=1\" alt=\"\" class=\"wp-image-2035\" srcset=\"https:\/\/i0.wp.com\/www.magnetberg.de\/passion\/wp-content\/uploads\/2024\/12\/2012-Morgner1.jpg?resize=1024%2C682&amp;ssl=1 1024w, https:\/\/i0.wp.com\/www.magnetberg.de\/passion\/wp-content\/uploads\/2024\/12\/2012-Morgner1.jpg?resize=300%2C200&amp;ssl=1 300w, https:\/\/i0.wp.com\/www.magnetberg.de\/passion\/wp-content\/uploads\/2024\/12\/2012-Morgner1.jpg?resize=768%2C512&amp;ssl=1 768w, https:\/\/i0.wp.com\/www.magnetberg.de\/passion\/wp-content\/uploads\/2024\/12\/2012-Morgner1.jpg?resize=1536%2C1024&amp;ssl=1 1536w, https:\/\/i0.wp.com\/www.magnetberg.de\/passion\/wp-content\/uploads\/2024\/12\/2012-Morgner1.jpg?resize=1200%2C800&amp;ssl=1 1200w, https:\/\/i0.wp.com\/www.magnetberg.de\/passion\/wp-content\/uploads\/2024\/12\/2012-Morgner1.jpg?resize=1980%2C1320&amp;ssl=1 1980w, https:\/\/i0.wp.com\/www.magnetberg.de\/passion\/wp-content\/uploads\/2024\/12\/2012-Morgner1.jpg?w=2000&amp;ssl=1 2000w, https:\/\/i0.wp.com\/www.magnetberg.de\/passion\/wp-content\/uploads\/2024\/12\/2012-Morgner1.jpg?w=1600&amp;ssl=1 1600w\" sizes=\"auto, (max-width: 800px) 100vw, 800px\" \/><\/a><\/figure>\n\n\n\n<figure class=\"wp-block-gallery alignwide has-nested-images columns-2 is-cropped tw-mb-3 tw-mt-3 wp-block-gallery-1 is-layout-flex wp-block-gallery-is-layout-flex\">\n<figure class=\"wp-block-image size-large\"><img data-recalc-dims=\"1\" loading=\"lazy\" decoding=\"async\" width=\"784\" height=\"1024\" data-attachment-id=\"44\" data-permalink=\"https:\/\/www.magnetberg.de\/passion\/michael-morgner\/_3178036\/\" data-orig-file=\"https:\/\/i0.wp.com\/www.magnetberg.de\/passion\/wp-content\/uploads\/2013\/12\/3178036.jpg?fit=1200%2C1567&amp;ssl=1\" data-orig-size=\"1200,1567\" data-comments-opened=\"0\" data-image-meta=\"{&quot;aperture&quot;:&quot;0&quot;,&quot;credit&quot;:&quot;&quot;,&quot;camera&quot;:&quot;&quot;,&quot;caption&quot;:&quot;&quot;,&quot;created_timestamp&quot;:&quot;0&quot;,&quot;copyright&quot;:&quot;&quot;,&quot;focal_length&quot;:&quot;0&quot;,&quot;iso&quot;:&quot;0&quot;,&quot;shutter_speed&quot;:&quot;0&quot;,&quot;title&quot;:&quot;&quot;}\" data-image-title=\"Passion 2012\" data-image-description=\"\" data-image-caption=\"&lt;p&gt;Michael Morgner, Kreuz&lt;\/p&gt;\n\" data-large-file=\"https:\/\/i0.wp.com\/www.magnetberg.de\/passion\/wp-content\/uploads\/2013\/12\/3178036.jpg?fit=784%2C1024&amp;ssl=1\" data-id=\"44\" src=\"https:\/\/i0.wp.com\/www.magnetberg.de\/passion\/wp-content\/uploads\/2013\/12\/3178036.jpg?resize=784%2C1024&#038;ssl=1\" alt=\"\" class=\"wp-image-44\" srcset=\"https:\/\/i0.wp.com\/www.magnetberg.de\/passion\/wp-content\/uploads\/2013\/12\/3178036.jpg?resize=784%2C1024&amp;ssl=1 784w, https:\/\/i0.wp.com\/www.magnetberg.de\/passion\/wp-content\/uploads\/2013\/12\/3178036.jpg?resize=229%2C300&amp;ssl=1 229w, https:\/\/i0.wp.com\/www.magnetberg.de\/passion\/wp-content\/uploads\/2013\/12\/3178036.jpg?w=1200&amp;ssl=1 1200w\" sizes=\"auto, (max-width: 784px) 100vw, 784px\" \/><\/figure>\n\n\n\n<figure class=\"wp-block-image size-large\"><img data-recalc-dims=\"1\" loading=\"lazy\" decoding=\"async\" width=\"797\" height=\"1024\" data-attachment-id=\"1495\" data-permalink=\"https:\/\/www.magnetberg.de\/passion\/michael-morgner\/plakat-2012\/\" data-orig-file=\"https:\/\/i0.wp.com\/www.magnetberg.de\/passion\/wp-content\/uploads\/2020\/12\/Plakat-2012.jpg?fit=1557%2C2000&amp;ssl=1\" data-orig-size=\"1557,2000\" data-comments-opened=\"0\" data-image-meta=\"{&quot;aperture&quot;:&quot;0&quot;,&quot;credit&quot;:&quot;&quot;,&quot;camera&quot;:&quot;&quot;,&quot;caption&quot;:&quot;&quot;,&quot;created_timestamp&quot;:&quot;0&quot;,&quot;copyright&quot;:&quot;&quot;,&quot;focal_length&quot;:&quot;0&quot;,&quot;iso&quot;:&quot;0&quot;,&quot;shutter_speed&quot;:&quot;0&quot;,&quot;title&quot;:&quot;&quot;,&quot;orientation&quot;:&quot;0&quot;}\" data-image-title=\"Plakat-2012\" data-image-description=\"\" data-image-caption=\"&lt;p&gt;Plakat, 2012, A1&lt;\/p&gt;\n\" data-large-file=\"https:\/\/i0.wp.com\/www.magnetberg.de\/passion\/wp-content\/uploads\/2020\/12\/Plakat-2012.jpg?fit=797%2C1024&amp;ssl=1\" data-id=\"1495\" src=\"https:\/\/i0.wp.com\/www.magnetberg.de\/passion\/wp-content\/uploads\/2020\/12\/Plakat-2012.jpg?resize=797%2C1024&#038;ssl=1\" alt=\"\" class=\"wp-image-1495\" srcset=\"https:\/\/i0.wp.com\/www.magnetberg.de\/passion\/wp-content\/uploads\/2020\/12\/Plakat-2012.jpg?resize=797%2C1024&amp;ssl=1 797w, https:\/\/i0.wp.com\/www.magnetberg.de\/passion\/wp-content\/uploads\/2020\/12\/Plakat-2012.jpg?resize=234%2C300&amp;ssl=1 234w, https:\/\/i0.wp.com\/www.magnetberg.de\/passion\/wp-content\/uploads\/2020\/12\/Plakat-2012.jpg?resize=768%2C987&amp;ssl=1 768w, https:\/\/i0.wp.com\/www.magnetberg.de\/passion\/wp-content\/uploads\/2020\/12\/Plakat-2012.jpg?resize=1196%2C1536&amp;ssl=1 1196w, https:\/\/i0.wp.com\/www.magnetberg.de\/passion\/wp-content\/uploads\/2020\/12\/Plakat-2012.jpg?w=1557&amp;ssl=1 1557w\" sizes=\"auto, (max-width: 797px) 100vw, 797px\" \/><\/figure>\n<\/figure>\n\n\n\n<figure class=\"wp-block-image alignwide size-large tw-mt-3\"><a href=\"https:\/\/www.magnetberg.de\/passion\/michael-morgner\/_3178025\/\"><img data-recalc-dims=\"1\" loading=\"lazy\" decoding=\"async\" width=\"800\" height=\"600\" data-attachment-id=\"41\" data-permalink=\"https:\/\/www.magnetberg.de\/passion\/michael-morgner\/_3178025\/\" data-orig-file=\"https:\/\/i0.wp.com\/www.magnetberg.de\/passion\/wp-content\/uploads\/2013\/12\/3178025.jpg?fit=1200%2C900&amp;ssl=1\" data-orig-size=\"1200,900\" data-comments-opened=\"0\" data-image-meta=\"{&quot;aperture&quot;:&quot;0&quot;,&quot;credit&quot;:&quot;&quot;,&quot;camera&quot;:&quot;&quot;,&quot;caption&quot;:&quot;&quot;,&quot;created_timestamp&quot;:&quot;0&quot;,&quot;copyright&quot;:&quot;&quot;,&quot;focal_length&quot;:&quot;0&quot;,&quot;iso&quot;:&quot;0&quot;,&quot;shutter_speed&quot;:&quot;0&quot;,&quot;title&quot;:&quot;&quot;}\" data-image-title=\"Passion 2012\" data-image-description=\"\" data-image-caption=\"&lt;p&gt;Michael Morgner, Kreuz&lt;\/p&gt;\n\" data-large-file=\"https:\/\/i0.wp.com\/www.magnetberg.de\/passion\/wp-content\/uploads\/2013\/12\/3178025.jpg?fit=800%2C600&amp;ssl=1\" src=\"https:\/\/i0.wp.com\/www.magnetberg.de\/passion\/wp-content\/uploads\/2013\/12\/3178025.jpg?resize=800%2C600&#038;ssl=1\" alt=\"\" class=\"wp-image-41\" srcset=\"https:\/\/i0.wp.com\/www.magnetberg.de\/passion\/wp-content\/uploads\/2013\/12\/3178025.jpg?resize=1024%2C768&amp;ssl=1 1024w, https:\/\/i0.wp.com\/www.magnetberg.de\/passion\/wp-content\/uploads\/2013\/12\/3178025.jpg?resize=300%2C225&amp;ssl=1 300w, https:\/\/i0.wp.com\/www.magnetberg.de\/passion\/wp-content\/uploads\/2013\/12\/3178025.jpg?w=1200&amp;ssl=1 1200w\" sizes=\"auto, (max-width: 800px) 100vw, 800px\" \/><\/a><\/figure>\n<\/div><\/div>\n\n\n\n<p class=\"tw-text-wide\" style=\"line-height:1.5\"><strong>Veranstaltungen<\/strong><\/p>\n\n\n\n<p class=\"tw-text-wide\" style=\"line-height:1.5\">24. Februar 2012, 18:00<br><strong>Er\u00f6ffnung<\/strong><br>Liturgin: Pfn. Uta Fey, Gastredner: Pfr. Christhard-Georg Neubert<\/p>\n\n\n\n<p class=\"tw-text-wide\" style=\"line-height:1.5\">20. M\u00e4rz 2012, 20 Uhr<br><strong>Narben<\/strong><br>Gespr\u00e4ch mit Michael Morgner, Film \u00bbNarben\u00ab, Moderation: Gabriele Muschter<\/p>\n\n\n\n<p class=\"tw-text-wide\" style=\"line-height:1.5\">08. April 2012, 9:30<br><strong>Enth\u00fcllung<\/strong><br>Gottesdienst am Ostersonntag, Liturgin: Pfn. Uta Fey<\/p>\n\n\n\n<p class=\"tw-text-wide\" style=\"line-height:1.5\"><a href=\"https:\/\/www.magnetberg.de\/passion\/wp-content\/uploads\/2013\/12\/flyer-passion-2012.pdf\" target=\"_blank\" rel=\"noreferrer noopener\">Flyer<\/a><\/p>\n<\/div><\/div>\n\n\n\n<p><\/p>\n","protected":false},"excerpt":{"rendered":"<p>24. Februar \u2013 8. April 2012<\/p>\n","protected":false},"author":1,"featured_media":0,"parent":0,"menu_order":0,"comment_status":"closed","ping_status":"closed","template":"tw-no-title.php","meta":{"jetpack_post_was_ever_published":false,"footnotes":""},"class_list":["post-8","page","type-page","status-publish","hentry"],"aioseo_notices":[],"jetpack_sharing_enabled":true,"jetpack_shortlink":"https:\/\/wp.me\/P4bQhP-8","_links":{"self":[{"href":"https:\/\/www.magnetberg.de\/passion\/wp-json\/wp\/v2\/pages\/8","targetHints":{"allow":["GET"]}}],"collection":[{"href":"https:\/\/www.magnetberg.de\/passion\/wp-json\/wp\/v2\/pages"}],"about":[{"href":"https:\/\/www.magnetberg.de\/passion\/wp-json\/wp\/v2\/types\/page"}],"author":[{"embeddable":true,"href":"https:\/\/www.magnetberg.de\/passion\/wp-json\/wp\/v2\/users\/1"}],"replies":[{"embeddable":true,"href":"https:\/\/www.magnetberg.de\/passion\/wp-json\/wp\/v2\/comments?post=8"}],"version-history":[{"count":46,"href":"https:\/\/www.magnetberg.de\/passion\/wp-json\/wp\/v2\/pages\/8\/revisions"}],"predecessor-version":[{"id":2617,"href":"https:\/\/www.magnetberg.de\/passion\/wp-json\/wp\/v2\/pages\/8\/revisions\/2617"}],"wp:attachment":[{"href":"https:\/\/www.magnetberg.de\/passion\/wp-json\/wp\/v2\/media?parent=8"}],"curies":[{"name":"wp","href":"https:\/\/api.w.org\/{rel}","templated":true}]}}