{"id":778,"date":"2016-01-22T12:58:30","date_gmt":"2016-01-22T10:58:30","guid":{"rendered":"http:\/\/www.magnetberg.de\/passion\/?page_id=778"},"modified":"2024-12-29T23:48:16","modified_gmt":"2024-12-29T21:48:16","slug":"hannahdougherty","status":"publish","type":"page","link":"https:\/\/www.magnetberg.de\/passion\/hannahdougherty\/","title":{"rendered":"Hannah Dougherty"},"content":{"rendered":"\n<div class=\"wp-block-cover alignfull is-light\" style=\"min-height:70vh;aspect-ratio:unset;\"><span aria-hidden=\"true\" class=\"wp-block-cover__background has-background-dim-0 has-background-dim\" style=\"background-color:#b6aaa9\"><\/span><img data-recalc-dims=\"1\" loading=\"lazy\" decoding=\"async\" width=\"800\" height=\"600\" data-attachment-id=\"2248\" data-permalink=\"https:\/\/www.magnetberg.de\/passion\/hannahdougherty\/olympus-digital-camera-8\/\" data-orig-file=\"https:\/\/i0.wp.com\/www.magnetberg.de\/passion\/wp-content\/uploads\/2024\/12\/2102601-1.jpg?fit=2000%2C1500&amp;ssl=1\" data-orig-size=\"2000,1500\" data-comments-opened=\"0\" data-image-meta=\"{&quot;aperture&quot;:&quot;3.5&quot;,&quot;credit&quot;:&quot;Klaus Killisch&quot;,&quot;camera&quot;:&quot;E-410&quot;,&quot;caption&quot;:&quot;OLYMPUS DIGITAL CAMERA&quot;,&quot;created_timestamp&quot;:&quot;1455106990&quot;,&quot;copyright&quot;:&quot;VG Bildkunst&quot;,&quot;focal_length&quot;:&quot;14&quot;,&quot;iso&quot;:&quot;100&quot;,&quot;shutter_speed&quot;:&quot;0.1&quot;,&quot;title&quot;:&quot;OLYMPUS DIGITAL CAMERA&quot;,&quot;orientation&quot;:&quot;1&quot;}\" data-image-title=\"Hannah Dougherty, 2016\" data-image-description=\"\" data-image-caption=\"&lt;p&gt;Hannah Dougherty, 2016, Altarverh\u00fcllung in der Paul-Gerhardt-Kirche, Berlin &amp;#8211; Prenzlauer Berg&lt;\/p&gt;\n\" data-large-file=\"https:\/\/i0.wp.com\/www.magnetberg.de\/passion\/wp-content\/uploads\/2024\/12\/2102601-1.jpg?fit=800%2C600&amp;ssl=1\" sizes=\"auto, (max-width: 799px) 200vw, (max-width: 2000px) 100vw, 2000px\" class=\"wp-block-cover__image-background wp-image-2248\" alt=\"\" src=\"https:\/\/i0.wp.com\/www.magnetberg.de\/passion\/wp-content\/uploads\/2024\/12\/2102601-1.jpg?resize=800%2C600&#038;ssl=1\" data-object-fit=\"cover\" srcset=\"https:\/\/i0.wp.com\/www.magnetberg.de\/passion\/wp-content\/uploads\/2024\/12\/2102601-1.jpg?w=2000&amp;ssl=1 2000w, https:\/\/i0.wp.com\/www.magnetberg.de\/passion\/wp-content\/uploads\/2024\/12\/2102601-1.jpg?resize=300%2C225&amp;ssl=1 300w, https:\/\/i0.wp.com\/www.magnetberg.de\/passion\/wp-content\/uploads\/2024\/12\/2102601-1.jpg?resize=1024%2C768&amp;ssl=1 1024w, https:\/\/i0.wp.com\/www.magnetberg.de\/passion\/wp-content\/uploads\/2024\/12\/2102601-1.jpg?resize=768%2C576&amp;ssl=1 768w, https:\/\/i0.wp.com\/www.magnetberg.de\/passion\/wp-content\/uploads\/2024\/12\/2102601-1.jpg?resize=1536%2C1152&amp;ssl=1 1536w, https:\/\/i0.wp.com\/www.magnetberg.de\/passion\/wp-content\/uploads\/2024\/12\/2102601-1.jpg?resize=1200%2C900&amp;ssl=1 1200w, https:\/\/i0.wp.com\/www.magnetberg.de\/passion\/wp-content\/uploads\/2024\/12\/2102601-1.jpg?resize=1980%2C1485&amp;ssl=1 1980w, https:\/\/i0.wp.com\/www.magnetberg.de\/passion\/wp-content\/uploads\/2024\/12\/2102601-1.jpg?w=1600&amp;ssl=1 1600w\" \/><div class=\"wp-block-cover__inner-container is-layout-flow wp-block-cover-is-layout-flow\">\n<h1 class=\"wp-block-heading alignwide has-text-align-center\"><\/h1>\n\n\n\n<p class=\"has-text-align-center has-large-font-size\"><\/p>\n<\/div><\/div>\n\n\n\n<div class=\"wp-block-group alignfull\"><div class=\"wp-block-group__inner-container is-layout-flow wp-block-group-is-layout-flow\">\n<div class=\"wp-block-columns alignwide tw-cols-stack-md tw-gutter-large is-layout-flex wp-container-core-columns-is-layout-d0b3c9c8 wp-block-columns-is-layout-flex\">\n<div class=\"wp-block-column is-layout-flow wp-block-column-is-layout-flow\">\n<h2 class=\"wp-block-heading\">Hannah Dougherty<\/h2>\n<\/div>\n\n\n\n<div class=\"wp-block-column is-layout-flow wp-block-column-is-layout-flow\">\n<p>Altarverh\u00fcllung in der Paul-Gerhardt-Kirche, Berlin<\/p>\n\n\n\n<p>Februar &#8211; 26. M\u00e4rz 2016<\/p>\n<\/div>\n<\/div>\n<\/div><\/div>\n\n\n\n<div class=\"wp-block-group alignfull\"><div class=\"wp-block-group__inner-container is-layout-flow wp-block-group-is-layout-flow\">\n<p class=\"tw-text-wide\" style=\"line-height:1.5\"><strong>PASSION<\/strong><\/p>\n\n\n\n<p class=\"tw-text-wide\" style=\"line-height:1.5\">W\u00e4hrend der 40-t\u00e4gigen Fastenzeit vom 10. Februar bis zum 26. M\u00e4rz 2016 wird das gro\u00dfe Altarbild des auferstandenen Christus von Gerhard Noack (1910) durch eine zeitgen\u00f6ssische Arbeit der K\u00fcnstlerin Hannah Dougherty verh\u00fcllt. 1980 in Philadelphia (U.S.A.) geboren, ist sie die bisher j\u00fcngste K\u00fcnstlerin des Kunstprojektes zur Passionszeit in der Paul-Gerhardt-Kirche. Seit dem Abschluss ihres Kunststudiums am Maryland Institute College of Fine Arts im Jahr 2002, lebt und arbeitet sie in Berlin. Bereits 2005 wurden ihre Arbeiten sowohl auf der Biennale in Warschau als auch auf der Biennale in Prag gezeigt. Ihre erste gro\u00dfe Einzelausstellung in einem Museum folgte 2006 in der Berlinischen Galerie.Lorem ipsum dolor sit amet, commodo erat adipiscing elit. Sed do eiusmod ut tempor incididunt ut labore et dolore. Integer enim risus suscipit eu iaculis sed, ullamcorper at metus. Class aptent taciti sociosqu ad litora torquent per conubia nostra.<\/p>\n\n\n\n<div class=\"wp-block-group alignfull\"><div class=\"wp-block-group__inner-container is-layout-flow wp-block-group-is-layout-flow\">\n<figure class=\"wp-block-image alignwide size-full tw-mb-3\"><a href=\"https:\/\/www.magnetberg.de\/passion\/hannahdougherty\/_2102613a\/\"><img data-recalc-dims=\"1\" loading=\"lazy\" decoding=\"async\" width=\"800\" height=\"600\" data-attachment-id=\"828\" data-permalink=\"https:\/\/www.magnetberg.de\/passion\/hannahdougherty\/_2102613a\/\" data-orig-file=\"https:\/\/i0.wp.com\/www.magnetberg.de\/passion\/wp-content\/uploads\/2016\/01\/2102613a.jpg?fit=2000%2C1500&amp;ssl=1\" data-orig-size=\"2000,1500\" data-comments-opened=\"0\" data-image-meta=\"{&quot;aperture&quot;:&quot;0&quot;,&quot;credit&quot;:&quot;&quot;,&quot;camera&quot;:&quot;&quot;,&quot;caption&quot;:&quot;&quot;,&quot;created_timestamp&quot;:&quot;0&quot;,&quot;copyright&quot;:&quot;VG Bildkunst&quot;,&quot;focal_length&quot;:&quot;0&quot;,&quot;iso&quot;:&quot;0&quot;,&quot;shutter_speed&quot;:&quot;0&quot;,&quot;title&quot;:&quot;&quot;,&quot;orientation&quot;:&quot;0&quot;}\" data-image-title=\"Hannah Dougherty, 2016\" data-image-description=\"\" data-image-caption=\"&lt;p&gt;Hannah Dougherty, 2016, Altarverh\u00fcllung in der Paul-Gerhardt-Kirche, Berlin &amp;#8211; Prenzlauer Berg&lt;\/p&gt;\n\" data-large-file=\"https:\/\/i0.wp.com\/www.magnetberg.de\/passion\/wp-content\/uploads\/2016\/01\/2102613a.jpg?fit=800%2C600&amp;ssl=1\" src=\"https:\/\/i0.wp.com\/www.magnetberg.de\/passion\/wp-content\/uploads\/2016\/01\/2102613a.jpg?resize=800%2C600&#038;ssl=1\" alt=\"\" class=\"wp-image-828\" srcset=\"https:\/\/i0.wp.com\/www.magnetberg.de\/passion\/wp-content\/uploads\/2016\/01\/2102613a.jpg?w=2000&amp;ssl=1 2000w, https:\/\/i0.wp.com\/www.magnetberg.de\/passion\/wp-content\/uploads\/2016\/01\/2102613a.jpg?resize=300%2C225&amp;ssl=1 300w, https:\/\/i0.wp.com\/www.magnetberg.de\/passion\/wp-content\/uploads\/2016\/01\/2102613a.jpg?resize=768%2C576&amp;ssl=1 768w, https:\/\/i0.wp.com\/www.magnetberg.de\/passion\/wp-content\/uploads\/2016\/01\/2102613a.jpg?resize=1024%2C768&amp;ssl=1 1024w, https:\/\/i0.wp.com\/www.magnetberg.de\/passion\/wp-content\/uploads\/2016\/01\/2102613a.jpg?w=1600&amp;ssl=1 1600w\" sizes=\"auto, (max-width: 800px) 100vw, 800px\" \/><\/a><\/figure>\n\n\n\n<figure class=\"wp-block-gallery alignwide has-nested-images columns-2 is-cropped tw-mb-3 tw-mt-3 wp-block-gallery-1 is-layout-flex wp-block-gallery-is-layout-flex\">\n<figure class=\"wp-block-image size-large\"><img data-recalc-dims=\"1\" loading=\"lazy\" decoding=\"async\" width=\"768\" height=\"1024\" data-attachment-id=\"829\" data-permalink=\"https:\/\/www.magnetberg.de\/passion\/hannahdougherty\/_2102623\/\" data-orig-file=\"https:\/\/i0.wp.com\/www.magnetberg.de\/passion\/wp-content\/uploads\/2016\/01\/2102623.jpg?fit=1500%2C2000&amp;ssl=1\" data-orig-size=\"1500,2000\" data-comments-opened=\"0\" data-image-meta=\"{&quot;aperture&quot;:&quot;0&quot;,&quot;credit&quot;:&quot;&quot;,&quot;camera&quot;:&quot;&quot;,&quot;caption&quot;:&quot;&quot;,&quot;created_timestamp&quot;:&quot;0&quot;,&quot;copyright&quot;:&quot;VG Bildkunst&quot;,&quot;focal_length&quot;:&quot;0&quot;,&quot;iso&quot;:&quot;0&quot;,&quot;shutter_speed&quot;:&quot;0&quot;,&quot;title&quot;:&quot;&quot;,&quot;orientation&quot;:&quot;0&quot;}\" data-image-title=\"Hannah Dougherty, 2016\" data-image-description=\"\" data-image-caption=\"&lt;p&gt;Hannah Dougherty, 2016, Altarverh\u00fcllung in der Paul-Gerhardt-Kirche, Berlin &amp;#8211; Prenzlauer Berg&lt;\/p&gt;\n\" data-large-file=\"https:\/\/i0.wp.com\/www.magnetberg.de\/passion\/wp-content\/uploads\/2016\/01\/2102623.jpg?fit=768%2C1024&amp;ssl=1\" data-id=\"829\" src=\"https:\/\/i0.wp.com\/www.magnetberg.de\/passion\/wp-content\/uploads\/2016\/01\/2102623.jpg?resize=768%2C1024&#038;ssl=1\" alt=\"\" class=\"wp-image-829\" srcset=\"https:\/\/i0.wp.com\/www.magnetberg.de\/passion\/wp-content\/uploads\/2016\/01\/2102623.jpg?resize=768%2C1024&amp;ssl=1 768w, https:\/\/i0.wp.com\/www.magnetberg.de\/passion\/wp-content\/uploads\/2016\/01\/2102623.jpg?resize=225%2C300&amp;ssl=1 225w, https:\/\/i0.wp.com\/www.magnetberg.de\/passion\/wp-content\/uploads\/2016\/01\/2102623.jpg?w=1500&amp;ssl=1 1500w\" sizes=\"auto, (max-width: 768px) 100vw, 768px\" \/><\/figure>\n\n\n\n<figure class=\"wp-block-image size-large\"><img data-recalc-dims=\"1\" loading=\"lazy\" decoding=\"async\" width=\"768\" height=\"1024\" data-attachment-id=\"827\" data-permalink=\"https:\/\/www.magnetberg.de\/passion\/hannahdougherty\/_2102594\/\" data-orig-file=\"https:\/\/i0.wp.com\/www.magnetberg.de\/passion\/wp-content\/uploads\/2016\/01\/2102594.jpg?fit=1500%2C2000&amp;ssl=1\" data-orig-size=\"1500,2000\" data-comments-opened=\"0\" data-image-meta=\"{&quot;aperture&quot;:&quot;0&quot;,&quot;credit&quot;:&quot;&quot;,&quot;camera&quot;:&quot;&quot;,&quot;caption&quot;:&quot;&quot;,&quot;created_timestamp&quot;:&quot;0&quot;,&quot;copyright&quot;:&quot;VG Bildkunst&quot;,&quot;focal_length&quot;:&quot;0&quot;,&quot;iso&quot;:&quot;0&quot;,&quot;shutter_speed&quot;:&quot;0&quot;,&quot;title&quot;:&quot;&quot;,&quot;orientation&quot;:&quot;0&quot;}\" data-image-title=\"Hannah Dougherty, 2016\" data-image-description=\"\" data-image-caption=\"&lt;p&gt;Hannah Dougherty, 2016, Altarverh\u00fcllung in der Paul-Gerhardt-Kirche, Berlin &amp;#8211; Prenzlauer Berg&lt;\/p&gt;\n\" data-large-file=\"https:\/\/i0.wp.com\/www.magnetberg.de\/passion\/wp-content\/uploads\/2016\/01\/2102594.jpg?fit=768%2C1024&amp;ssl=1\" data-id=\"827\" src=\"https:\/\/i0.wp.com\/www.magnetberg.de\/passion\/wp-content\/uploads\/2016\/01\/2102594.jpg?resize=768%2C1024&#038;ssl=1\" alt=\"\" class=\"wp-image-827\" srcset=\"https:\/\/i0.wp.com\/www.magnetberg.de\/passion\/wp-content\/uploads\/2016\/01\/2102594.jpg?resize=768%2C1024&amp;ssl=1 768w, https:\/\/i0.wp.com\/www.magnetberg.de\/passion\/wp-content\/uploads\/2016\/01\/2102594.jpg?resize=225%2C300&amp;ssl=1 225w, https:\/\/i0.wp.com\/www.magnetberg.de\/passion\/wp-content\/uploads\/2016\/01\/2102594.jpg?w=1500&amp;ssl=1 1500w\" sizes=\"auto, (max-width: 768px) 100vw, 768px\" \/><\/figure>\n<\/figure>\n<\/div><\/div>\n\n\n\n<p class=\"tw-text-wide\" style=\"line-height:1.5\">In den bisherigen Arbeiten von Hannah Dougherty standen oftmals (Haus-)Tiere im Bildmittelpunkt. Diese sind teilweise akribisch genau gezeichnet, manchmal nur mit wenigen Strichen umrissen. Ihre Bildgegenst\u00e4nde oder Tiere zeigt die K\u00fcnstlerin jedoch nie in einer intakten Landschaft oder Umgebung. Sie sind meistens vollkommen isoliert und Teil einer Collage. Neben Tieren und Naturph\u00e4nomenen wie Regenb\u00f6gen finden sich in diesen Collagen bunte, geometrische Muster, grafische Elemente der D\u00fcrer-Zeit sowie alte Schwarz-Wei\u00df-Fotos und Ausschnitte unterschiedlichster Printprodukte. Feine Zeichnungen auf Papier oder Leinwand werden mit rauem Sperrholz-Elementen oder Industriematerialien kombiniert. Alles \u201eS\u00fc\u00dfe\u201c oder Kitschige, was (Haus-)Tierdarstellungen an sich haben k\u00f6nnten, wird dadurch konterkariert.   <\/p>\n\n\n\n<p class=\"tw-text-wide\" style=\"line-height:1.5\">In Naturph\u00e4nomenen wie dem Regenbogen, Wolkenformationen oder eben den Tierdarstellungen zeigen sich im Werk von Hannah Dougherty immer wieder Elemente der Sch\u00f6pfung. Doch statt des Paradiesischen steht oftmals eine gewisse Verletzlichkeit im Vordergrund. Die Arbeiten von Hannah Dougherty haben \u2013 bei all ihrer oft frohen Farbigkeit \u2013 meist etwas melancholisch bis tragisch Komisches. Sie laden dadurch immer wieder zu Reflektionen \u00fcber den Stellenwert von Natur und Lebewesen in der modernen Industriegesellschaft ein.<\/p>\n\n\n\n<p class=\"tw-text-wide\" style=\"line-height:1.5\">\u00dcber ihren bisherigen Kunstwerken schwebten immer wieder \u201eg\u00f6ttliche\u201c H\u00e4nde, Wolkenformationen oder \u201eSpruchb\u00e4nder\u201c. Diese Bildelemente wurden h\u00e4ufig zur Darstellung des Himmlischen in der christlichen Bildkunst des ausgehenden Mittelalters und der Renaissance verwendet. Hannah Dougherty malt diese zumeist mit dicken, schwarzen Schrafurstrichen \u2013 als w\u00e4ren diese Bildelemente aus Holzschnitten und Kupferstichen der D\u00fcrer-Zeit entnommen. Ihre Installation zur Passionszeit kn\u00fcpft genau an diesem Element ihres bisherigen Schaffens an und stellt eine intensive Auseinandersetzung mit der Wiedergabe von Stofflichkeit durch Albrecht D\u00fcrer dar.<br><em>Hanna Marie Bruhn<\/em><\/p>\n\n\n\n<figure class=\"wp-block-image alignwide size-full\"><a href=\"https:\/\/www.magnetberg.de\/passion\/intro\/plakat-2016\/\"><img data-recalc-dims=\"1\" loading=\"lazy\" decoding=\"async\" width=\"800\" height=\"1131\" data-attachment-id=\"794\" data-permalink=\"https:\/\/www.magnetberg.de\/passion\/intro\/plakat-2016\/\" data-orig-file=\"https:\/\/i0.wp.com\/www.magnetberg.de\/passion\/wp-content\/uploads\/2013\/12\/Plakat-2016.jpg?fit=1200%2C1697&amp;ssl=1\" data-orig-size=\"1200,1697\" data-comments-opened=\"0\" data-image-meta=\"{&quot;aperture&quot;:&quot;0&quot;,&quot;credit&quot;:&quot;&quot;,&quot;camera&quot;:&quot;&quot;,&quot;caption&quot;:&quot;&quot;,&quot;created_timestamp&quot;:&quot;0&quot;,&quot;copyright&quot;:&quot;&quot;,&quot;focal_length&quot;:&quot;0&quot;,&quot;iso&quot;:&quot;0&quot;,&quot;shutter_speed&quot;:&quot;0&quot;,&quot;title&quot;:&quot;&quot;,&quot;orientation&quot;:&quot;0&quot;}\" data-image-title=\"Plakat, 2016\" data-image-description=\"\" data-image-caption=\"&lt;p&gt;Plakat, 2016&lt;\/p&gt;\n\" data-large-file=\"https:\/\/i0.wp.com\/www.magnetberg.de\/passion\/wp-content\/uploads\/2013\/12\/Plakat-2016.jpg?fit=724%2C1024&amp;ssl=1\" src=\"https:\/\/i0.wp.com\/www.magnetberg.de\/passion\/wp-content\/uploads\/2013\/12\/Plakat-2016.jpg?resize=800%2C1131&#038;ssl=1\" alt=\"\" class=\"wp-image-794\" srcset=\"https:\/\/i0.wp.com\/www.magnetberg.de\/passion\/wp-content\/uploads\/2013\/12\/Plakat-2016.jpg?w=1200&amp;ssl=1 1200w, https:\/\/i0.wp.com\/www.magnetberg.de\/passion\/wp-content\/uploads\/2013\/12\/Plakat-2016.jpg?resize=212%2C300&amp;ssl=1 212w, https:\/\/i0.wp.com\/www.magnetberg.de\/passion\/wp-content\/uploads\/2013\/12\/Plakat-2016.jpg?resize=768%2C1086&amp;ssl=1 768w, https:\/\/i0.wp.com\/www.magnetberg.de\/passion\/wp-content\/uploads\/2013\/12\/Plakat-2016.jpg?resize=724%2C1024&amp;ssl=1 724w\" sizes=\"auto, (max-width: 800px) 100vw, 800px\" \/><\/a><figcaption class=\"wp-element-caption\">Plakat, 2016<\/figcaption><\/figure>\n\n\n\n<p class=\"tw-text-wide\" style=\"line-height:1.5\"><strong>Veranstaltungen<\/strong><\/p>\n\n\n\n<p class=\"tw-text-wide\" style=\"line-height:1.5\">12. Februar 2016, 18:00 Uhr<br><strong>Altarverh\u00fcllung mit Hannah Dougherty<\/strong><br>Er\u00f6ffnung: Pfarrer Tobias Kuske<br>Einf\u00fchrung: Hanna Marie Bruhn<br>Musikalische Gestaltung: Brendan Dougherty<\/p>\n\n\n\n<p class=\"tw-text-wide\" style=\"line-height:1.5\">06. M\u00e4rz 2016, 15:00 Uhr<br><strong>Konzert Dietrich Buxtehude \u201eMembra Jesu nostri\u201c<\/strong><br>European Bachensemble<br>Leitung: Kim Nguyen<\/p>\n\n\n\n<p class=\"tw-text-wide\" style=\"line-height:1.5\"><strong>Passionsandachten<\/strong><br>25. Februar, 03. M\u00e4rz, 10. M\u00e4rz, 17. M\u00e4rz<br>jeweils 18:30 &#8211; 19:00 Uhr<br>Liturg: Pfarrer Tobias Kuske<\/p>\n\n\n\n<p class=\"tw-text-wide\" style=\"line-height:1.5\">Die Altarverh\u00fcllung kann Donnerstags von 16\u201319 Uhr und Freitags von 15\u201317 Uhr und zu den Gottesdiensten w\u00e4hrend der Passionszeit gesehen werden.<\/p>\n\n\n\n<p class=\"tw-text-wide\" style=\"line-height:1.5\"><a href=\"https:\/\/www.magnetberg.de\/passion\/wp-content\/uploads\/2016\/01\/Hannah-Dougherty.pdf\" target=\"_blank\" rel=\"noreferrer noopener\">Flyer<\/a>, Presse:\u00a0<a href=\"https:\/\/www.magnetberg.de\/passion\/wp-content\/uploads\/2016\/02\/BZ_2016_02_10.pdf\" target=\"_blank\" rel=\"noreferrer noopener\">Berliner Zeitung<\/a>, <a href=\"https:\/\/www.kulturradio.de\/programm\/sendungen\/160212\/kulturtermin_1904.html\" target=\"_blank\" rel=\"noreferrer noopener\">Kulturradio<\/a><\/p>\n<\/div><\/div>\n","protected":false},"excerpt":{"rendered":"<p>Hannah Dougherty Altarverh\u00fcllung in der Paul-Gerhardt-Kirche, Berlin Februar &#8211; 26. M\u00e4rz 2016 PASSION W\u00e4hrend der 40-t\u00e4gigen Fastenzeit vom 10. Februar bis zum 26. M\u00e4rz 2016 wird das gro\u00dfe Altarbild des auferstandenen Christus von Gerhard Noack (1910) durch eine zeitgen\u00f6ssische Arbeit der K\u00fcnstlerin Hannah Dougherty verh\u00fcllt. 1980 in Philadelphia (U.S.A.) geboren, ist sie die bisher j\u00fcngste&hellip;<\/p>\n","protected":false},"author":1,"featured_media":0,"parent":0,"menu_order":0,"comment_status":"closed","ping_status":"closed","template":"tw-no-title.php","meta":{"jetpack_post_was_ever_published":false,"footnotes":""},"class_list":["post-778","page","type-page","status-publish","hentry"],"aioseo_notices":[],"jetpack_sharing_enabled":false,"jetpack_shortlink":"https:\/\/wp.me\/P4bQhP-cy","_links":{"self":[{"href":"https:\/\/www.magnetberg.de\/passion\/wp-json\/wp\/v2\/pages\/778","targetHints":{"allow":["GET"]}}],"collection":[{"href":"https:\/\/www.magnetberg.de\/passion\/wp-json\/wp\/v2\/pages"}],"about":[{"href":"https:\/\/www.magnetberg.de\/passion\/wp-json\/wp\/v2\/types\/page"}],"author":[{"embeddable":true,"href":"https:\/\/www.magnetberg.de\/passion\/wp-json\/wp\/v2\/users\/1"}],"replies":[{"embeddable":true,"href":"https:\/\/www.magnetberg.de\/passion\/wp-json\/wp\/v2\/comments?post=778"}],"version-history":[{"count":60,"href":"https:\/\/www.magnetberg.de\/passion\/wp-json\/wp\/v2\/pages\/778\/revisions"}],"predecessor-version":[{"id":2606,"href":"https:\/\/www.magnetberg.de\/passion\/wp-json\/wp\/v2\/pages\/778\/revisions\/2606"}],"wp:attachment":[{"href":"https:\/\/www.magnetberg.de\/passion\/wp-json\/wp\/v2\/media?parent=778"}],"curies":[{"name":"wp","href":"https:\/\/api.w.org\/{rel}","templated":true}]}}