{"id":688,"date":"2015-02-09T16:58:57","date_gmt":"2015-02-09T14:58:57","guid":{"rendered":"http:\/\/www.magnetberg.de\/passion\/?page_id=688"},"modified":"2024-12-29T23:49:13","modified_gmt":"2024-12-29T21:49:13","slug":"thomas-florschuetz","status":"publish","type":"page","link":"https:\/\/www.magnetberg.de\/passion\/thomas-florschuetz\/","title":{"rendered":"Thomas Florschuetz"},"content":{"rendered":"\n<div class=\"wp-block-cover alignfull is-light\" style=\"min-height:70vh;aspect-ratio:unset;\"><span aria-hidden=\"true\" class=\"wp-block-cover__background has-background-dim-0 has-background-dim\" style=\"background-color:#b39f9f\"><\/span><img data-recalc-dims=\"1\" loading=\"lazy\" decoding=\"async\" width=\"800\" height=\"533\" data-attachment-id=\"2025\" data-permalink=\"https:\/\/www.magnetberg.de\/passion\/2015-florschuetz\/\" data-orig-file=\"https:\/\/i0.wp.com\/www.magnetberg.de\/passion\/wp-content\/uploads\/2024\/12\/2015-Florschuetz.jpg?fit=2000%2C1333&amp;ssl=1\" data-orig-size=\"2000,1333\" data-comments-opened=\"0\" data-image-meta=\"{&quot;aperture&quot;:&quot;0&quot;,&quot;credit&quot;:&quot;&quot;,&quot;camera&quot;:&quot;&quot;,&quot;caption&quot;:&quot;&quot;,&quot;created_timestamp&quot;:&quot;0&quot;,&quot;copyright&quot;:&quot;&quot;,&quot;focal_length&quot;:&quot;0&quot;,&quot;iso&quot;:&quot;0&quot;,&quot;shutter_speed&quot;:&quot;0&quot;,&quot;title&quot;:&quot;&quot;,&quot;orientation&quot;:&quot;0&quot;}\" data-image-title=\"Thomas Florschuetz, N\u00e4chste, 2015\" data-image-description=\"\" data-image-caption=\"\" data-large-file=\"https:\/\/i0.wp.com\/www.magnetberg.de\/passion\/wp-content\/uploads\/2024\/12\/2015-Florschuetz.jpg?fit=800%2C533&amp;ssl=1\" sizes=\"auto, (max-width: 799px) 200vw, (max-width: 2000px) 100vw, 2000px\" class=\"wp-block-cover__image-background wp-image-2025\" alt=\"\" src=\"https:\/\/i0.wp.com\/www.magnetberg.de\/passion\/wp-content\/uploads\/2024\/12\/2015-Florschuetz.jpg?resize=800%2C533&#038;ssl=1\" data-object-fit=\"cover\" srcset=\"https:\/\/i0.wp.com\/www.magnetberg.de\/passion\/wp-content\/uploads\/2024\/12\/2015-Florschuetz.jpg?w=2000&amp;ssl=1 2000w, https:\/\/i0.wp.com\/www.magnetberg.de\/passion\/wp-content\/uploads\/2024\/12\/2015-Florschuetz.jpg?resize=300%2C200&amp;ssl=1 300w, https:\/\/i0.wp.com\/www.magnetberg.de\/passion\/wp-content\/uploads\/2024\/12\/2015-Florschuetz.jpg?resize=1024%2C682&amp;ssl=1 1024w, https:\/\/i0.wp.com\/www.magnetberg.de\/passion\/wp-content\/uploads\/2024\/12\/2015-Florschuetz.jpg?resize=768%2C512&amp;ssl=1 768w, https:\/\/i0.wp.com\/www.magnetberg.de\/passion\/wp-content\/uploads\/2024\/12\/2015-Florschuetz.jpg?resize=1536%2C1024&amp;ssl=1 1536w, https:\/\/i0.wp.com\/www.magnetberg.de\/passion\/wp-content\/uploads\/2024\/12\/2015-Florschuetz.jpg?w=1600&amp;ssl=1 1600w\" \/><div class=\"wp-block-cover__inner-container is-layout-flow wp-block-cover-is-layout-flow\">\n<h1 class=\"wp-block-heading alignwide has-text-align-center\"><\/h1>\n\n\n\n<p class=\"has-text-align-center has-large-font-size\"><\/p>\n<\/div><\/div>\n\n\n\n<div class=\"wp-block-group alignfull\"><div class=\"wp-block-group__inner-container is-layout-flow wp-block-group-is-layout-flow\">\n<div class=\"wp-block-columns alignwide tw-cols-stack-md tw-gutter-large is-layout-flex wp-container-core-columns-is-layout-d0b3c9c8 wp-block-columns-is-layout-flex\">\n<div class=\"wp-block-column is-layout-flow wp-block-column-is-layout-flow\">\n<h2 class=\"wp-block-heading\">Thomas Florschuetz<\/h2>\n<\/div>\n\n\n\n<div class=\"wp-block-column is-layout-flow wp-block-column-is-layout-flow\">\n<p>Altarverh\u00fcllung in der Paul-Gerhardt-Kirche, Berlin<\/p>\n\n\n\n<p>20. Februar &#8211; 5. April 2015<\/p>\n<\/div>\n<\/div>\n<\/div><\/div>\n\n\n\n<div class=\"wp-block-group alignfull\"><div class=\"wp-block-group__inner-container is-layout-flow wp-block-group-is-layout-flow\">\n<p class=\"tw-text-wide\" style=\"line-height:1.5\"><strong>N\u00c4CHSTE<\/strong><\/p>\n\n\n\n<p class=\"tw-text-wide\" style=\"line-height:1.5\">Thomas Florschuetz\u2018 gro\u00dfformatige Fotografien widmen sich vor allem den unterschiedlichen M\u00f6glichkeiten der kompositorischen Erfassung von realen Konstellationen. In den letzten Jahren ist es vorwiegend die Architektur und ihre den Raum gliedernden Elemente, die Florschuetz in pr\u00e4zise gew\u00e4hlten Ausschnitten zu Bildern f\u00fcgt, die \u00fcber den besonderen Charakter der Geb\u00e4ude hinaus, autonome Kompositionen sind. Etwa in seiner Serie zum <em>Neuen Museum<\/em> in Berlin, die noch w\u00e4hrend der Sanierung durch den englischen Architekten David Chipperfield entstanden ist. Aber nicht nur Monumentalbauten wie der <em>Palast der Republik <\/em>oder die tempelartigen Museen interessieren ihn, sondern auch die fantasievollen, aus armen Materialien errichteten Architekturen der Favelas in Brasilien. R\u00e4umliche Details, wie ge\u00f6ffnete Fenster und ihre Spiegelungen oder die biomorph anmutende \u201eArchitektur\u201c von Pflanzen, wie in seinen bezaubernden Orchideen-Serien, unterliegen der gleichen strengen kompositorischen Qualit\u00e4t.<\/p>\n\n\n\n<div class=\"wp-block-group alignfull\"><div class=\"wp-block-group__inner-container is-layout-flow wp-block-group-is-layout-flow\">\n<figure class=\"wp-block-image alignwide size-full tw-mb-3\"><a href=\"https:\/\/www.magnetberg.de\/passion\/thomas-florschuetz\/_2181302\/\"><img data-recalc-dims=\"1\" loading=\"lazy\" decoding=\"async\" width=\"800\" height=\"600\" data-attachment-id=\"733\" data-permalink=\"https:\/\/www.magnetberg.de\/passion\/thomas-florschuetz\/_2181302\/\" data-orig-file=\"https:\/\/i0.wp.com\/www.magnetberg.de\/passion\/wp-content\/uploads\/2015\/02\/2181302.jpg?fit=2000%2C1500&amp;ssl=1\" data-orig-size=\"2000,1500\" data-comments-opened=\"0\" data-image-meta=\"{&quot;aperture&quot;:&quot;0&quot;,&quot;credit&quot;:&quot;&quot;,&quot;camera&quot;:&quot;&quot;,&quot;caption&quot;:&quot;&quot;,&quot;created_timestamp&quot;:&quot;0&quot;,&quot;copyright&quot;:&quot;&quot;,&quot;focal_length&quot;:&quot;0&quot;,&quot;iso&quot;:&quot;0&quot;,&quot;shutter_speed&quot;:&quot;0&quot;,&quot;title&quot;:&quot;&quot;,&quot;orientation&quot;:&quot;0&quot;}\" data-image-title=\"Thomas Florschuetz, N\u00e4chste, 2015\" data-image-description=\"\" data-image-caption=\"&lt;p&gt;Thomas Florschuetz, N\u00e4chste, 2012\/2015, 7teilig, 345 x 250 cm&lt;\/p&gt;\n\" data-large-file=\"https:\/\/i0.wp.com\/www.magnetberg.de\/passion\/wp-content\/uploads\/2015\/02\/2181302.jpg?fit=800%2C600&amp;ssl=1\" src=\"https:\/\/i0.wp.com\/www.magnetberg.de\/passion\/wp-content\/uploads\/2015\/02\/2181302.jpg?resize=800%2C600&#038;ssl=1\" alt=\"\" class=\"wp-image-733\" srcset=\"https:\/\/i0.wp.com\/www.magnetberg.de\/passion\/wp-content\/uploads\/2015\/02\/2181302.jpg?w=2000&amp;ssl=1 2000w, https:\/\/i0.wp.com\/www.magnetberg.de\/passion\/wp-content\/uploads\/2015\/02\/2181302.jpg?resize=300%2C225&amp;ssl=1 300w, https:\/\/i0.wp.com\/www.magnetberg.de\/passion\/wp-content\/uploads\/2015\/02\/2181302.jpg?resize=1024%2C768&amp;ssl=1 1024w, https:\/\/i0.wp.com\/www.magnetberg.de\/passion\/wp-content\/uploads\/2015\/02\/2181302.jpg?w=1600&amp;ssl=1 1600w\" sizes=\"auto, (max-width: 800px) 100vw, 800px\" \/><\/a><\/figure>\n\n\n\n<figure class=\"wp-block-gallery alignwide has-nested-images columns-2 is-cropped tw-mb-3 tw-mt-3 wp-block-gallery-1 is-layout-flex wp-block-gallery-is-layout-flex\">\n<figure class=\"wp-block-image size-large\"><a href=\"https:\/\/www.magnetberg.de\/passion\/thomas-florschuetz\/p1270891\/\"><img data-recalc-dims=\"1\" loading=\"lazy\" decoding=\"async\" width=\"800\" height=\"534\" data-attachment-id=\"745\" data-permalink=\"https:\/\/www.magnetberg.de\/passion\/thomas-florschuetz\/p1270891\/\" data-orig-file=\"https:\/\/i0.wp.com\/www.magnetberg.de\/passion\/wp-content\/uploads\/2015\/02\/P1270891.jpg?fit=2000%2C1335&amp;ssl=1\" data-orig-size=\"2000,1335\" data-comments-opened=\"0\" data-image-meta=\"{&quot;aperture&quot;:&quot;0&quot;,&quot;credit&quot;:&quot;&quot;,&quot;camera&quot;:&quot;&quot;,&quot;caption&quot;:&quot;&quot;,&quot;created_timestamp&quot;:&quot;0&quot;,&quot;copyright&quot;:&quot;&quot;,&quot;focal_length&quot;:&quot;0&quot;,&quot;iso&quot;:&quot;0&quot;,&quot;shutter_speed&quot;:&quot;0&quot;,&quot;title&quot;:&quot;&quot;,&quot;orientation&quot;:&quot;0&quot;}\" data-image-title=\"Thomas Florschuetz, N\u00e4chste, 2015\" data-image-description=\"\" data-image-caption=\"&lt;p&gt;Thomas Florschuetz, N\u00e4chste, 2012\/2015&lt;\/p&gt;\n\" data-large-file=\"https:\/\/i0.wp.com\/www.magnetberg.de\/passion\/wp-content\/uploads\/2015\/02\/P1270891.jpg?fit=800%2C534&amp;ssl=1\" data-id=\"745\" src=\"https:\/\/i0.wp.com\/www.magnetberg.de\/passion\/wp-content\/uploads\/2015\/02\/P1270891.jpg?resize=800%2C534&#038;ssl=1\" alt=\"\" class=\"wp-image-745\" srcset=\"https:\/\/i0.wp.com\/www.magnetberg.de\/passion\/wp-content\/uploads\/2015\/02\/P1270891.jpg?resize=1024%2C684&amp;ssl=1 1024w, https:\/\/i0.wp.com\/www.magnetberg.de\/passion\/wp-content\/uploads\/2015\/02\/P1270891.jpg?resize=300%2C200&amp;ssl=1 300w, https:\/\/i0.wp.com\/www.magnetberg.de\/passion\/wp-content\/uploads\/2015\/02\/P1270891.jpg?w=2000&amp;ssl=1 2000w, https:\/\/i0.wp.com\/www.magnetberg.de\/passion\/wp-content\/uploads\/2015\/02\/P1270891.jpg?w=1600&amp;ssl=1 1600w\" sizes=\"auto, (max-width: 800px) 100vw, 800px\" \/><\/a><\/figure>\n<\/figure>\n\n\n\n<figure class=\"wp-block-image alignwide size-full tw-mt-3\"><a href=\"https:\/\/www.magnetberg.de\/passion\/thomas-florschuetz\/2015-florschuetz3\/\"><img data-recalc-dims=\"1\" loading=\"lazy\" decoding=\"async\" width=\"800\" height=\"533\" data-attachment-id=\"2156\" data-permalink=\"https:\/\/www.magnetberg.de\/passion\/thomas-florschuetz\/2015-florschuetz3\/\" data-orig-file=\"https:\/\/i0.wp.com\/www.magnetberg.de\/passion\/wp-content\/uploads\/2024\/12\/2015-Florschuetz3.jpg?fit=2000%2C1333&amp;ssl=1\" data-orig-size=\"2000,1333\" data-comments-opened=\"0\" data-image-meta=\"{&quot;aperture&quot;:&quot;0&quot;,&quot;credit&quot;:&quot;&quot;,&quot;camera&quot;:&quot;&quot;,&quot;caption&quot;:&quot;&quot;,&quot;created_timestamp&quot;:&quot;0&quot;,&quot;copyright&quot;:&quot;&quot;,&quot;focal_length&quot;:&quot;0&quot;,&quot;iso&quot;:&quot;0&quot;,&quot;shutter_speed&quot;:&quot;0&quot;,&quot;title&quot;:&quot;&quot;,&quot;orientation&quot;:&quot;0&quot;}\" data-image-title=\"Thomas Florschuetz, N\u00e4chste, 2015\" data-image-description=\"\" data-image-caption=\"&lt;p&gt;Thomas Florschuetz, N\u00e4chste, 2015, European Bachensemble&lt;\/p&gt;\n\" data-large-file=\"https:\/\/i0.wp.com\/www.magnetberg.de\/passion\/wp-content\/uploads\/2024\/12\/2015-Florschuetz3.jpg?fit=800%2C533&amp;ssl=1\" src=\"https:\/\/i0.wp.com\/www.magnetberg.de\/passion\/wp-content\/uploads\/2024\/12\/2015-Florschuetz3.jpg?resize=800%2C533&#038;ssl=1\" alt=\"\" class=\"wp-image-2156\" srcset=\"https:\/\/i0.wp.com\/www.magnetberg.de\/passion\/wp-content\/uploads\/2024\/12\/2015-Florschuetz3.jpg?w=2000&amp;ssl=1 2000w, https:\/\/i0.wp.com\/www.magnetberg.de\/passion\/wp-content\/uploads\/2024\/12\/2015-Florschuetz3.jpg?resize=300%2C200&amp;ssl=1 300w, https:\/\/i0.wp.com\/www.magnetberg.de\/passion\/wp-content\/uploads\/2024\/12\/2015-Florschuetz3.jpg?resize=1024%2C682&amp;ssl=1 1024w, https:\/\/i0.wp.com\/www.magnetberg.de\/passion\/wp-content\/uploads\/2024\/12\/2015-Florschuetz3.jpg?resize=768%2C512&amp;ssl=1 768w, https:\/\/i0.wp.com\/www.magnetberg.de\/passion\/wp-content\/uploads\/2024\/12\/2015-Florschuetz3.jpg?resize=1536%2C1024&amp;ssl=1 1536w, https:\/\/i0.wp.com\/www.magnetberg.de\/passion\/wp-content\/uploads\/2024\/12\/2015-Florschuetz3.jpg?resize=1200%2C800&amp;ssl=1 1200w, https:\/\/i0.wp.com\/www.magnetberg.de\/passion\/wp-content\/uploads\/2024\/12\/2015-Florschuetz3.jpg?resize=1980%2C1320&amp;ssl=1 1980w, https:\/\/i0.wp.com\/www.magnetberg.de\/passion\/wp-content\/uploads\/2024\/12\/2015-Florschuetz3.jpg?w=1600&amp;ssl=1 1600w\" sizes=\"auto, (max-width: 800px) 100vw, 800px\" \/><\/a><\/figure>\n<\/div><\/div>\n\n\n\n<p class=\"tw-text-wide\" style=\"line-height:1.5\">Im Beginn seiner Schaffenszeit hat er in einer \u00e4hnlichen Weise die Morphologie des menschlichen K\u00f6rpers und dessen \u00e4sthetische Beschaffenheit untersucht. In gro\u00dfen Tableaus hat Florschuetz Gliedma\u00dfen wie H\u00e4nde und F\u00fc\u00dfe in geheimnisvoll wirkende Bilder verwandelt. Auch die Nahsicht von technoiden Formen, wie seine Folge \u00fcber einen Friedhof ausgedienter Milit\u00e4rflugzeuge in den USA, f\u00fchrt der K\u00fcnstler in eine auf der Grenze zur Abstraktion liegende strenge Bildlichkeit. Florschuetz\u2018 Werke sind frei von ideologischen und sozial-narrativen Implikationen. Sie sind kein wertender \u201eBericht\u201c \u00fcber reale Befindlichkeiten, sondern neutrale, allein auf den \u201eBau\u201c und seiner Sch\u00f6nheit gerichtete Sichten.<br><br>Thomas Florschuetz f\u00fcr eine Altarverh\u00fcllung zu gewinnen, ist eine besonders spannende Herausforderung. Die Aufgabe f\u00fchrt seine Bildsprache in einen geistigen \u00dcberbau, den sich seine Bilder bewusst zu entziehen verstehen. Im Kirchenraum dient jede \u00e4sthetische \u00c4u\u00dferung in hohem Ma\u00dfe dem eschatologischen Selbstverst\u00e4ndnis des Christentums. Der Altar ist dabei der zentrale Ort der rituell vollzogenen Wandlung, ein signifikantes Gebilde der Hoffnung auf Erl\u00f6sung. Seine traditionelle Verh\u00fcllung f\u00fchrt unweigerlich in diesen Kontext. Thomas Florschuetz hat sich entschieden, auf einer dem Altarbild vorgestellten Wand eine Gruppe seiner fotografischen Torsi zu zeigen, die indische, in farbige Hemden gekleidete M\u00e4nner in der R\u00fcckenansicht abbilden. Florschuetz hat bewusst auf jede Individualisierung verzichtet, auch fehlen alle Merkmale einer nationalen Zugeh\u00f6rigkeit. Es handelt sich um Fremde, die nichts von ihrer Pers\u00f6nlichkeit preisgeben. Das Auge sucht dennoch nach Merkmalen, die diese Distanz aufzuheben verstehen. Intuitiv sucht man nach einer au\u00dfereurop\u00e4ischen Identit\u00e4t. Wie kommt das?<br><br>Es wird die Aufgabe eines auf diese Weise angeregten Diskurses sein, diese Fotografien in den Zusammenhang des christlichen Weltverst\u00e4ndnisse oder einfach der aktuellen Debatte \u00fcber interkulturelle Begegnungen, \u00fcber Fremdheit, \u00fcber den Unterschied der Religionen und einer friedlichen Begegnung zu stellen.<\/p>\n\n\n\n<p class=\"tw-text-wide\" style=\"line-height:1.5\"><em>Prof. Dr. Eugen Blume, Leiter des Hamburger Bahnhofs \u2013 Museum f\u00fcr Gegenwart, Berlin<\/em><\/p>\n<\/div><\/div>\n\n\n\n<div class=\"wp-block-group alignfull\"><div class=\"wp-block-group__inner-container is-layout-flow wp-block-group-is-layout-flow\">\n<figure class=\"wp-block-image alignwide size-full is-style-tw-shadow\"><a href=\"https:\/\/i0.wp.com\/www.magnetberg.de\/passion\/wp-content\/uploads\/2020\/12\/Plakat-passion-A1_screen.jpg?ssl=1\"><img data-recalc-dims=\"1\" loading=\"lazy\" decoding=\"async\" width=\"800\" height=\"1132\" data-attachment-id=\"1512\" data-permalink=\"https:\/\/www.magnetberg.de\/passion\/thomas-florschuetz\/florschuetz-plakat-a1-indd\/\" data-orig-file=\"https:\/\/i0.wp.com\/www.magnetberg.de\/passion\/wp-content\/uploads\/2020\/12\/Plakat-passion-A1_screen.jpg?fit=1414%2C2000&amp;ssl=1\" data-orig-size=\"1414,2000\" data-comments-opened=\"0\" data-image-meta=\"{&quot;aperture&quot;:&quot;0&quot;,&quot;credit&quot;:&quot;&quot;,&quot;camera&quot;:&quot;&quot;,&quot;caption&quot;:&quot;&quot;,&quot;created_timestamp&quot;:&quot;0&quot;,&quot;copyright&quot;:&quot;&quot;,&quot;focal_length&quot;:&quot;0&quot;,&quot;iso&quot;:&quot;0&quot;,&quot;shutter_speed&quot;:&quot;0&quot;,&quot;title&quot;:&quot;florschuetz Plakat A1.indd&quot;,&quot;orientation&quot;:&quot;0&quot;}\" data-image-title=\"Plakat, 2015\" data-image-description=\"\" data-image-caption=\"&lt;p&gt;Plakat, 2015&lt;\/p&gt;\n\" data-large-file=\"https:\/\/i0.wp.com\/www.magnetberg.de\/passion\/wp-content\/uploads\/2020\/12\/Plakat-passion-A1_screen.jpg?fit=724%2C1024&amp;ssl=1\" src=\"https:\/\/i0.wp.com\/www.magnetberg.de\/passion\/wp-content\/uploads\/2020\/12\/Plakat-passion-A1_screen.jpg?resize=800%2C1132&#038;ssl=1\" alt=\"\" class=\"wp-image-1512\" srcset=\"https:\/\/i0.wp.com\/www.magnetberg.de\/passion\/wp-content\/uploads\/2020\/12\/Plakat-passion-A1_screen.jpg?w=1414&amp;ssl=1 1414w, https:\/\/i0.wp.com\/www.magnetberg.de\/passion\/wp-content\/uploads\/2020\/12\/Plakat-passion-A1_screen.jpg?resize=212%2C300&amp;ssl=1 212w, https:\/\/i0.wp.com\/www.magnetberg.de\/passion\/wp-content\/uploads\/2020\/12\/Plakat-passion-A1_screen.jpg?resize=724%2C1024&amp;ssl=1 724w, https:\/\/i0.wp.com\/www.magnetberg.de\/passion\/wp-content\/uploads\/2020\/12\/Plakat-passion-A1_screen.jpg?resize=768%2C1086&amp;ssl=1 768w, https:\/\/i0.wp.com\/www.magnetberg.de\/passion\/wp-content\/uploads\/2020\/12\/Plakat-passion-A1_screen.jpg?resize=1086%2C1536&amp;ssl=1 1086w\" sizes=\"auto, (max-width: 800px) 100vw, 800px\" \/><\/a><figcaption class=\"wp-element-caption\">Plakat, 2015<\/figcaption><\/figure>\n\n\n\n<p class=\"tw-text-wide\" style=\"line-height:1.5\"><strong>Veranstaltungen<\/strong><\/p>\n\n\n\n<p class=\"tw-text-wide\" style=\"line-height:1.5\">20. Februar 2015, 18:00 Uhr<br><strong>Er\u00f6ffnung<\/strong><br>mit Thomas Florschuetz<br>Er\u00f6ffnung: Pfarrerin Uta Fey<br>Einf\u00fchrung: Prof. Dr. Eugen Blume,&nbsp;Leiter des Hamburger Bahnhofs, Museum f\u00fcr Gegenwart, Berlin<br>Musikalische Gestaltung: Solistenensemble Fugatonale<br>Leitung: Franziska G\u00fcnther<\/p>\n\n\n\n<p class=\"tw-text-wide\" style=\"line-height:1.5\">01. M\u00e4rz 2015, 15:00 Uhr<br><strong>Konzert \u201eWeicht, Ihr Trauergeister\u201c<\/strong><br>European Bachensemble<br>Leitung: Kim Nguyen<\/p>\n\n\n\n<p class=\"tw-text-wide\" style=\"line-height:1.5\">05. April 2015, 09:30 Uhr<br><strong>Ostersonntagsgottesdienst<\/strong><br>mit Enth\u00fcllung des Altars<\/p>\n\n\n\n<p class=\"tw-text-wide\" style=\"line-height:1.5\">Die Altarbildverh\u00fcllung kann in der Kirche w\u00e4hrend der Passionszeit von Montag bis Freitag zwischen 15 und 17 Uhr und zu den Gottesdiensten gesehen werden.<\/p>\n\n\n\n<p class=\"tw-text-wide\" style=\"line-height:1.5\"><a href=\"https:\/\/www.magnetberg.de\/passion\/wp-content\/uploads\/2015\/02\/Florschuetz-email.pdf\" target=\"_blank\" rel=\"noopener\" title=\"\">Flyer<\/a>, Presse: <a href=\"https:\/\/www.magnetberg.de\/passion\/wp-content\/uploads\/2016\/02\/Fotoinstallation-von-Thomas-Florschuetz-Jesus-hinterm-Karohemd-Kultur-Tagesspiegel.pdf\" target=\"_blank\" rel=\"noreferrer noopener\">Tagesspiegel<\/a><\/p>\n<\/div><\/div>\n","protected":false},"excerpt":{"rendered":"<p>Thomas Florschuetz Altarverh\u00fcllung in der Paul-Gerhardt-Kirche, Berlin 20. Februar &#8211; 5. April 2015 N\u00c4CHSTE Thomas Florschuetz\u2018 gro\u00dfformatige Fotografien widmen sich vor allem den unterschiedlichen M\u00f6glichkeiten der kompositorischen Erfassung von realen Konstellationen. In den letzten Jahren ist es vorwiegend die Architektur und ihre den Raum gliedernden Elemente, die Florschuetz in pr\u00e4zise gew\u00e4hlten Ausschnitten zu Bildern f\u00fcgt,&hellip;<\/p>\n","protected":false},"author":1,"featured_media":0,"parent":0,"menu_order":0,"comment_status":"closed","ping_status":"closed","template":"tw-no-title.php","meta":{"jetpack_post_was_ever_published":false,"footnotes":""},"class_list":["post-688","page","type-page","status-publish","hentry"],"aioseo_notices":[],"jetpack_sharing_enabled":false,"jetpack_shortlink":"https:\/\/wp.me\/P4bQhP-b6","_links":{"self":[{"href":"https:\/\/www.magnetberg.de\/passion\/wp-json\/wp\/v2\/pages\/688","targetHints":{"allow":["GET"]}}],"collection":[{"href":"https:\/\/www.magnetberg.de\/passion\/wp-json\/wp\/v2\/pages"}],"about":[{"href":"https:\/\/www.magnetberg.de\/passion\/wp-json\/wp\/v2\/types\/page"}],"author":[{"embeddable":true,"href":"https:\/\/www.magnetberg.de\/passion\/wp-json\/wp\/v2\/users\/1"}],"replies":[{"embeddable":true,"href":"https:\/\/www.magnetberg.de\/passion\/wp-json\/wp\/v2\/comments?post=688"}],"version-history":[{"count":63,"href":"https:\/\/www.magnetberg.de\/passion\/wp-json\/wp\/v2\/pages\/688\/revisions"}],"predecessor-version":[{"id":2607,"href":"https:\/\/www.magnetberg.de\/passion\/wp-json\/wp\/v2\/pages\/688\/revisions\/2607"}],"wp:attachment":[{"href":"https:\/\/www.magnetberg.de\/passion\/wp-json\/wp\/v2\/media?parent=688"}],"curies":[{"name":"wp","href":"https:\/\/api.w.org\/{rel}","templated":true}]}}