{"id":2809,"date":"2026-02-20T01:10:42","date_gmt":"2026-02-19T23:10:42","guid":{"rendered":"https:\/\/www.magnetberg.de\/passion\/?page_id=2809"},"modified":"2026-02-20T20:26:53","modified_gmt":"2026-02-20T18:26:53","slug":"sabine-herrmann-2026","status":"publish","type":"page","link":"https:\/\/www.magnetberg.de\/passion\/sabine-herrmann-2026\/","title":{"rendered":"Sabine Herrmann &#8211; 2026"},"content":{"rendered":"\n<div class=\"wp-block-cover alignfull is-light\" style=\"min-height:70vh;aspect-ratio:unset;\"><img data-recalc-dims=\"1\" loading=\"lazy\" decoding=\"async\" width=\"768\" height=\"1024\" data-attachment-id=\"2800\" data-permalink=\"https:\/\/www.magnetberg.de\/passion\/intro\/img_6989\/\" data-orig-file=\"https:\/\/i0.wp.com\/www.magnetberg.de\/passion\/wp-content\/uploads\/2026\/02\/IMG_6989-scaled.jpg?fit=1920%2C2560&amp;ssl=1\" data-orig-size=\"1920,2560\" data-comments-opened=\"0\" data-image-meta=\"{&quot;aperture&quot;:&quot;1.8&quot;,&quot;credit&quot;:&quot;&quot;,&quot;camera&quot;:&quot;iPhone SE (2nd generation)&quot;,&quot;caption&quot;:&quot;&quot;,&quot;created_timestamp&quot;:&quot;1677147143&quot;,&quot;copyright&quot;:&quot;&quot;,&quot;focal_length&quot;:&quot;3.99&quot;,&quot;iso&quot;:&quot;25&quot;,&quot;shutter_speed&quot;:&quot;0.00031201248049922&quot;,&quot;title&quot;:&quot;&quot;,&quot;orientation&quot;:&quot;1&quot;}\" data-image-title=\"Sabine Herrmann, Zeuginnen ohne Text, 2026\" data-image-description=\"\" data-image-caption=\"&lt;p&gt;Sabine Herrmann, Zeuginnen ohne Text, PASSION, St Johannes Nepomuk Kirche, Chemnitz, 2026&lt;\/p&gt;\n\" data-large-file=\"https:\/\/i0.wp.com\/www.magnetberg.de\/passion\/wp-content\/uploads\/2026\/02\/IMG_6989-scaled.jpg?fit=768%2C1024&amp;ssl=1\" sizes=\"auto, (max-width: 799px) 200vw, (max-width: 1920px) 100vw, 1920px\" class=\"wp-block-cover__image-background wp-image-2800 size-large\" alt=\"\" src=\"https:\/\/i0.wp.com\/www.magnetberg.de\/passion\/wp-content\/uploads\/2026\/02\/IMG_6989.jpg?resize=768%2C1024&#038;ssl=1\" style=\"object-position:47% 30%\" data-object-fit=\"cover\" data-object-position=\"47% 30%\" srcset=\"https:\/\/i0.wp.com\/www.magnetberg.de\/passion\/wp-content\/uploads\/2026\/02\/IMG_6989-scaled.jpg?resize=768%2C1024&amp;ssl=1 768w, https:\/\/i0.wp.com\/www.magnetberg.de\/passion\/wp-content\/uploads\/2026\/02\/IMG_6989-scaled.jpg?resize=225%2C300&amp;ssl=1 225w, https:\/\/i0.wp.com\/www.magnetberg.de\/passion\/wp-content\/uploads\/2026\/02\/IMG_6989-scaled.jpg?resize=1152%2C1536&amp;ssl=1 1152w, https:\/\/i0.wp.com\/www.magnetberg.de\/passion\/wp-content\/uploads\/2026\/02\/IMG_6989-scaled.jpg?resize=1536%2C2048&amp;ssl=1 1536w, https:\/\/i0.wp.com\/www.magnetberg.de\/passion\/wp-content\/uploads\/2026\/02\/IMG_6989-scaled.jpg?resize=1200%2C1600&amp;ssl=1 1200w, https:\/\/i0.wp.com\/www.magnetberg.de\/passion\/wp-content\/uploads\/2026\/02\/IMG_6989-scaled.jpg?resize=1980%2C2640&amp;ssl=1 1980w, https:\/\/i0.wp.com\/www.magnetberg.de\/passion\/wp-content\/uploads\/2026\/02\/IMG_6989-scaled.jpg?w=1920&amp;ssl=1 1920w, https:\/\/i0.wp.com\/www.magnetberg.de\/passion\/wp-content\/uploads\/2026\/02\/IMG_6989-scaled.jpg?w=1600&amp;ssl=1 1600w\" \/><span aria-hidden=\"true\" class=\"wp-block-cover__background has-background-dim-0 has-background-dim\" style=\"background-color:#9e9998\"><\/span><div class=\"wp-block-cover__inner-container is-layout-flow wp-block-cover-is-layout-flow\">\n<h1 class=\"wp-block-heading alignwide has-text-align-center\"><\/h1>\n\n\n\n<p class=\"has-text-align-center has-large-font-size\"><\/p>\n<\/div><\/div>\n\n\n\n<div class=\"wp-block-group alignfull\"><div class=\"wp-block-group__inner-container is-layout-flow wp-block-group-is-layout-flow\">\n<div class=\"wp-block-columns alignwide tw-cols-stack-md tw-gutter-large is-layout-flex wp-container-core-columns-is-layout-d0b3c9c8 wp-block-columns-is-layout-flex\">\n<div class=\"wp-block-column is-layout-flow wp-block-column-is-layout-flow\">\n<h2 class=\"wp-block-heading\">Sabine Herrmann<\/h2>\n<\/div>\n\n\n\n<div class=\"wp-block-column is-layout-flow wp-block-column-is-layout-flow\">\n<p>Altarverh\u00fcllung in St. Johannes Nepomuk, Chemnitz<br>17. Februar \u2013 4. April 2026<\/p>\n<\/div>\n<\/div>\n<\/div><\/div>\n\n\n\n<div class=\"wp-block-group alignfull\"><div class=\"wp-block-group__inner-container is-layout-flow wp-block-group-is-layout-flow\">\n<p class=\"tw-text-wide\" style=\"line-height:1.5\"><strong>Zeuginnen ohne Text <\/strong><\/p>\n\n\n\n<p class=\"tw-text-wide\" style=\"line-height:1.5\">Zum Auftakt der Reihe der Altarverh\u00fcllungen im Kontext der Kulturhauptstadt entstand 2023 im Dialog zwischen der Berliner K\u00fcnstlerin Sabine Herrmann und Mitgliedern der Chemnitzer Propsteigemeinde das Kunstwerk <em>Zeuginnen ohne Text<\/em>. W\u00e4hrend der Fastenzeit 2023 wurde es erstmals in der Apsis der Propsteikirche St. Johannes Nepomuk installiert \u2013 an jenem Ort, der sonst von einer Skulptur des Auferstandenen gepr\u00e4gt ist. 2025 wurde das Fastentuch erneut pr\u00e4sentiert und begleitet nun auch die bevorstehende Fastenzeit.<\/p>\n\n\n\n<p class=\"tw-text-wide\" style=\"line-height:1.5\">Als Altarverh\u00fcllung thematisiert das Werk das Sehen, Verbergen und erneute Entdecken dessen, was dem Blick vertraut ist. Der Titel verweist auf die in den biblischen Passionstexten bezeugte Pr\u00e4senz von Frauen am Kreuzweg Jesu. Wortfragmente dieser \u00dcberlieferungen sind mit Bleistift in die Bildfl\u00e4che eingeschrieben. Auff\u00e4llig bleibt: In den Leidensberichten wird \u00fcber die Frauen erz\u00e4hlt \u2013 doch sie erhalten keine eigene w\u00f6rtliche Rede, keinen \u00fcberlieferten Text. Sie bleiben ungesehen und ungeh\u00f6rt.<br><\/p>\n\n\n\n<div class=\"wp-block-group alignfull\"><div class=\"wp-block-group__inner-container is-layout-flow wp-block-group-is-layout-flow\">\n<figure class=\"wp-block-image alignwide size-full tw-mb-3\"><a href=\"https:\/\/www.magnetberg.de\/passion\/intro\/dsc05571-2\/\"><img data-recalc-dims=\"1\" loading=\"lazy\" decoding=\"async\" width=\"800\" height=\"914\" data-attachment-id=\"2851\" data-permalink=\"https:\/\/www.magnetberg.de\/passion\/intro\/dsc05571-2\/\" data-orig-file=\"https:\/\/i0.wp.com\/www.magnetberg.de\/passion\/wp-content\/uploads\/2026\/02\/DSC05571-2.jpg?fit=1750%2C2000&amp;ssl=1\" data-orig-size=\"1750,2000\" data-comments-opened=\"0\" data-image-meta=\"{&quot;aperture&quot;:&quot;2&quot;,&quot;credit&quot;:&quot;&quot;,&quot;camera&quot;:&quot;DSC-RX100M3&quot;,&quot;caption&quot;:&quot;Sabine Herrmann, Zeuginnen ohne Text, PASSION, St Johannes Nepomuk Kirche, Chemnitz, 2026&quot;,&quot;created_timestamp&quot;:&quot;1771412914&quot;,&quot;copyright&quot;:&quot;&quot;,&quot;focal_length&quot;:&quot;8.8&quot;,&quot;iso&quot;:&quot;250&quot;,&quot;shutter_speed&quot;:&quot;0.04&quot;,&quot;title&quot;:&quot;&quot;,&quot;orientation&quot;:&quot;0&quot;}\" data-image-title=\"Sabine Herrmann, Zeuginnen ohne Text, 2026\" data-image-description=\"\" data-image-caption=\"&lt;p&gt;Sabine Herrmann, Zeuginnen ohne Text, PASSION, St Johannes Nepomuk Kirche, Chemnitz, 2026&lt;\/p&gt;\n\" data-large-file=\"https:\/\/i0.wp.com\/www.magnetberg.de\/passion\/wp-content\/uploads\/2026\/02\/DSC05571-2.jpg?fit=800%2C914&amp;ssl=1\" src=\"https:\/\/i0.wp.com\/www.magnetberg.de\/passion\/wp-content\/uploads\/2026\/02\/DSC05571-2.jpg?resize=800%2C914&#038;ssl=1\" alt=\"\" class=\"wp-image-2851\" srcset=\"https:\/\/i0.wp.com\/www.magnetberg.de\/passion\/wp-content\/uploads\/2026\/02\/DSC05571-2.jpg?w=1750&amp;ssl=1 1750w, https:\/\/i0.wp.com\/www.magnetberg.de\/passion\/wp-content\/uploads\/2026\/02\/DSC05571-2.jpg?resize=263%2C300&amp;ssl=1 263w, https:\/\/i0.wp.com\/www.magnetberg.de\/passion\/wp-content\/uploads\/2026\/02\/DSC05571-2.jpg?resize=896%2C1024&amp;ssl=1 896w, https:\/\/i0.wp.com\/www.magnetberg.de\/passion\/wp-content\/uploads\/2026\/02\/DSC05571-2.jpg?resize=768%2C878&amp;ssl=1 768w, https:\/\/i0.wp.com\/www.magnetberg.de\/passion\/wp-content\/uploads\/2026\/02\/DSC05571-2.jpg?resize=1344%2C1536&amp;ssl=1 1344w, https:\/\/i0.wp.com\/www.magnetberg.de\/passion\/wp-content\/uploads\/2026\/02\/DSC05571-2.jpg?resize=1200%2C1371&amp;ssl=1 1200w, https:\/\/i0.wp.com\/www.magnetberg.de\/passion\/wp-content\/uploads\/2026\/02\/DSC05571-2.jpg?w=1600&amp;ssl=1 1600w\" sizes=\"auto, (max-width: 800px) 100vw, 800px\" \/><\/a><\/figure>\n<\/div><\/div>\n\n\n\n<p class=\"tw-text-wide\" style=\"line-height:1.5\">Eine Vernissage mit Festansprache von Diana Kopka (Kunstsammlungen Chemnitz) fand am Dienstag, 17. Februar 2026, um 18 Uhr statt.<\/p>\n\n\n\n<p class=\"tw-text-wide\" style=\"line-height:1.5\">Die Besichtigung des gro\u00dfformatigen Werks \u2013 gefertigt mit Pigmenten, Acryl, Bleistift und Kreide auf Papier \u2013 ist bis 4. April 2026 jeweils von Dienstag bis Freitag, 14\u201318 Uhr, sowie im Gottesdienst und nach telefonischer Absprache m\u00f6glich.<br><br><strong>Sabine Herrmann<\/strong>, geboren 1961 in Mei\u00dfen, studierte Malerei von 1981 bis 1986 an der Hochschule f\u00fcr Bildende K\u00fcnste Dresden, an der Kunsthochschule Berlin-Wei\u00dfensee sowie 1991 an der \u00c9cole Nationale Sup\u00e9rieure d\u2019Arts de la Villa Arson in Nizza.<\/p>\n\n\n\n<p class=\"tw-text-wide\" style=\"line-height:1.5\">Ihre Werke wurden in zahlreichen institutionellen Einzelausstellungen gezeigt, unter anderem in der Galeria Test Warszawa, im KW Institute for Contemporary Art Berlin, im Brandenburgischen Landesmuseum f\u00fcr moderne Kunst Cottbus und im Zentrum f\u00fcr aktuelle Kunst Berlin. Dar\u00fcber hinaus war sie an thematischen Ausstellungen beteiligt, etwa im La Villette Paris, im Bundeskanzleramt Berlin, im Museum Barberini Potsdam, im Museum der bildenden K\u00fcnste Leipzig sowie derzeit im Hamburger Bahnhof \u2013 Nationalgalerie der Gegenwart Berlin.<\/p>\n\n\n\n<p class=\"tw-text-wide\" style=\"line-height:1.5\">Sie lebt und arbeitet in Berlin.<br><br>Die K\u00fcnstlerin Sabine Herrmann \u00fcberl\u00e4sst das Kunstwerk dauerhaft der Gemeinde zur Nutzung.<\/p>\n<\/div><\/div>\n\n\n\n<p><\/p>\n\n\n\n<div class=\"wp-block-group alignfull\"><div class=\"wp-block-group__inner-container is-layout-flow wp-block-group-is-layout-flow\"><div id=\"metaslider-id-2812\" style=\"width: 100%;\" class=\"ml-slider-3-107-0 metaslider metaslider-flex metaslider-2812 ml-slider ms-theme-default nav-hidden\" role=\"region\" aria-label=\"2026 Sabine Herrmann\" data-height=\"800\" data-width=\"1200\">\n    <div id=\"metaslider_container_2812\">\n        <div id=\"metaslider_2812\">\n            <ul class='slides'>\n                <li style=\"display: block; width: 100%;\" class=\"slide-2813 ms-image \" aria-roledescription=\"slide\" data-date=\"2026-02-20 01:13:33\" data-filename=\"DSC05523-1200x800.jpg\" data-slide-type=\"image\"><img data-recalc-dims=\"1\" loading=\"lazy\" decoding=\"async\" src=\"https:\/\/i0.wp.com\/www.magnetberg.de\/passion\/wp-content\/uploads\/2026\/02\/DSC05523.jpg?resize=800%2C533&#038;ssl=1\" height=\"533\" width=\"800\" alt=\"\" class=\"slider-2812 slide-2813 msDefaultImage\" title=\"Sabine Herrmann, Zeuginnen ohne Text, 2026\" \/><\/li>\n                <li style=\"display: none; width: 100%;\" class=\"slide-2814 ms-image \" aria-roledescription=\"slide\" data-date=\"2026-02-20 01:13:33\" data-filename=\"IMG_5053-1200x800.jpg\" data-slide-type=\"image\"><img data-recalc-dims=\"1\" loading=\"lazy\" decoding=\"async\" src=\"https:\/\/i0.wp.com\/www.magnetberg.de\/passion\/wp-content\/uploads\/2026\/02\/IMG_5053.jpg?resize=800%2C533&#038;ssl=1\" height=\"533\" width=\"800\" alt=\"\" class=\"slider-2812 slide-2814 msDefaultImage\" title=\"Sabine Herrmann, Zeuginnen ohne Text, 2026\" \/><\/li>\n                <li style=\"display: none; width: 100%;\" class=\"slide-2815 ms-image \" aria-roledescription=\"slide\" data-date=\"2026-02-20 01:13:33\" data-filename=\"IMG_5072-1200x800.jpg\" data-slide-type=\"image\"><img data-recalc-dims=\"1\" loading=\"lazy\" decoding=\"async\" src=\"https:\/\/i0.wp.com\/www.magnetberg.de\/passion\/wp-content\/uploads\/2026\/02\/IMG_5072.jpg?resize=800%2C533&#038;ssl=1\" height=\"533\" width=\"800\" alt=\"\" class=\"slider-2812 slide-2815 msDefaultImage\" title=\"Sabine Herrmann, Zeuginnen ohne Text, 2026\" \/><\/li>\n                <li style=\"display: none; width: 100%;\" class=\"slide-2856 ms-image \" aria-roledescription=\"slide\" data-date=\"2026-02-20 18:11:24\" data-filename=\"DSC05554-1200x800.jpg\" data-slide-type=\"image\"><img data-recalc-dims=\"1\" loading=\"lazy\" decoding=\"async\" src=\"https:\/\/i0.wp.com\/www.magnetberg.de\/passion\/wp-content\/uploads\/2026\/02\/DSC05554.jpg?resize=800%2C533&#038;ssl=1\" height=\"533\" width=\"800\" alt=\"\" class=\"slider-2812 slide-2856 msDefaultImage\" title=\"Sabine Herrmann, Zeuginnen ohne Text, 2026\" \/><\/li>\n                <li style=\"display: none; width: 100%;\" class=\"slide-2816 ms-image \" aria-roledescription=\"slide\" data-date=\"2026-02-20 01:13:33\" data-filename=\"DSC05570-2-1200x800.jpg\" data-slide-type=\"image\"><img data-recalc-dims=\"1\" loading=\"lazy\" decoding=\"async\" src=\"https:\/\/i0.wp.com\/www.magnetberg.de\/passion\/wp-content\/uploads\/2026\/02\/DSC05570-2.jpg?resize=800%2C533&#038;ssl=1\" height=\"533\" width=\"800\" alt=\"\" class=\"slider-2812 slide-2816 msDefaultImage\" title=\"Sabine Herrmann, Zeuginnen ohne Text, 2026\" \/><\/li>\n                <li style=\"display: none; width: 100%;\" class=\"slide-2817 ms-image \" aria-roledescription=\"slide\" data-date=\"2026-02-20 01:13:33\" data-filename=\"IMG_5078-1200x800.jpg\" data-slide-type=\"image\"><img data-recalc-dims=\"1\" loading=\"lazy\" decoding=\"async\" src=\"https:\/\/i0.wp.com\/www.magnetberg.de\/passion\/wp-content\/uploads\/2026\/02\/IMG_5078.jpg?resize=800%2C533&#038;ssl=1\" height=\"533\" width=\"800\" alt=\"\" class=\"slider-2812 slide-2817 msDefaultImage\" title=\"Sabine Herrmann, Zeuginnen ohne Text, 2026\" \/><\/li>\n                <li style=\"display: none; width: 100%;\" class=\"slide-2818 ms-image \" aria-roledescription=\"slide\" data-date=\"2026-02-20 01:13:33\" data-filename=\"IMG_5093-1200x800.jpg\" data-slide-type=\"image\"><img data-recalc-dims=\"1\" loading=\"lazy\" decoding=\"async\" src=\"https:\/\/i0.wp.com\/www.magnetberg.de\/passion\/wp-content\/uploads\/2026\/02\/IMG_5093.jpg?resize=800%2C533&#038;ssl=1\" height=\"533\" width=\"800\" alt=\"\" class=\"slider-2812 slide-2818 msDefaultImage\" title=\"Sabine Herrmann, Zeuginnen ohne Text, 2026\" \/><\/li>\n                <li style=\"display: none; width: 100%;\" class=\"slide-2819 ms-image \" aria-roledescription=\"slide\" data-date=\"2026-02-20 01:13:33\" data-filename=\"IMG_5102-1200x800.jpg\" data-slide-type=\"image\"><img data-recalc-dims=\"1\" loading=\"lazy\" decoding=\"async\" src=\"https:\/\/i0.wp.com\/www.magnetberg.de\/passion\/wp-content\/uploads\/2026\/02\/IMG_5102.jpg?resize=800%2C533&#038;ssl=1\" height=\"533\" width=\"800\" alt=\"\" class=\"slider-2812 slide-2819 msDefaultImage\" title=\"Sabine Herrmann, Zeuginnen ohne Text, 2026\" \/><\/li>\n                <li style=\"display: none; width: 100%;\" class=\"slide-2820 ms-image \" aria-roledescription=\"slide\" data-date=\"2026-02-20 01:13:34\" data-filename=\"IMG_5106-2-1200x800.jpg\" data-slide-type=\"image\"><img data-recalc-dims=\"1\" loading=\"lazy\" decoding=\"async\" src=\"https:\/\/i0.wp.com\/www.magnetberg.de\/passion\/wp-content\/uploads\/2026\/02\/IMG_5106-2.jpg?resize=800%2C533&#038;ssl=1\" height=\"533\" width=\"800\" alt=\"\" class=\"slider-2812 slide-2820 msDefaultImage\" title=\"Sabine Herrmann, Zeuginnen ohne Text, 2026\" \/><\/li>\n                <li style=\"display: none; width: 100%;\" class=\"slide-2832 ms-image \" aria-roledescription=\"slide\" data-date=\"2026-02-20 01:30:31\" data-filename=\"IMG_6989-scaled-1200x800.jpg\" data-slide-type=\"image\"><img data-recalc-dims=\"1\" loading=\"lazy\" decoding=\"async\" src=\"https:\/\/i0.wp.com\/www.magnetberg.de\/passion\/wp-content\/uploads\/2026\/02\/IMG_6989-scaled.jpg?resize=800%2C533&#038;ssl=1\" height=\"533\" width=\"800\" alt=\"\" class=\"slider-2812 slide-2832 msDefaultImage\" title=\"Sabine Herrmann, Zeuginnen ohne Text, 2026\" \/><\/li>\n            <\/ul>\n        <\/div>\n        \n    <\/div>\n<\/div>\n<\/div><\/div>\n","protected":false},"excerpt":{"rendered":"<p>Sabine Herrmann Altarverh\u00fcllung in St. Johannes Nepomuk, Chemnitz17. Februar \u2013 4. April 2026 Zeuginnen ohne Text Zum Auftakt der Reihe der Altarverh\u00fcllungen im Kontext der Kulturhauptstadt entstand 2023 im Dialog zwischen der Berliner K\u00fcnstlerin Sabine Herrmann und Mitgliedern der Chemnitzer Propsteigemeinde das Kunstwerk Zeuginnen ohne Text. W\u00e4hrend der Fastenzeit 2023 wurde es erstmals in der&hellip;<\/p>\n","protected":false},"author":1,"featured_media":0,"parent":0,"menu_order":0,"comment_status":"closed","ping_status":"closed","template":"tw-no-title.php","meta":{"jetpack_post_was_ever_published":false,"footnotes":""},"class_list":["post-2809","page","type-page","status-publish","hentry"],"aioseo_notices":[],"jetpack_sharing_enabled":true,"jetpack_shortlink":"https:\/\/wp.me\/P4bQhP-Jj","_links":{"self":[{"href":"https:\/\/www.magnetberg.de\/passion\/wp-json\/wp\/v2\/pages\/2809","targetHints":{"allow":["GET"]}}],"collection":[{"href":"https:\/\/www.magnetberg.de\/passion\/wp-json\/wp\/v2\/pages"}],"about":[{"href":"https:\/\/www.magnetberg.de\/passion\/wp-json\/wp\/v2\/types\/page"}],"author":[{"embeddable":true,"href":"https:\/\/www.magnetberg.de\/passion\/wp-json\/wp\/v2\/users\/1"}],"replies":[{"embeddable":true,"href":"https:\/\/www.magnetberg.de\/passion\/wp-json\/wp\/v2\/comments?post=2809"}],"version-history":[{"count":13,"href":"https:\/\/www.magnetberg.de\/passion\/wp-json\/wp\/v2\/pages\/2809\/revisions"}],"predecessor-version":[{"id":2857,"href":"https:\/\/www.magnetberg.de\/passion\/wp-json\/wp\/v2\/pages\/2809\/revisions\/2857"}],"wp:attachment":[{"href":"https:\/\/www.magnetberg.de\/passion\/wp-json\/wp\/v2\/media?parent=2809"}],"curies":[{"name":"wp","href":"https:\/\/api.w.org\/{rel}","templated":true}]}}