{"id":2653,"date":"2025-03-09T20:53:19","date_gmt":"2025-03-09T18:53:19","guid":{"rendered":"https:\/\/www.magnetberg.de\/passion\/?page_id=2653"},"modified":"2025-04-16T11:04:47","modified_gmt":"2025-04-16T09:04:47","slug":"sabine-herrmann-2025","status":"publish","type":"page","link":"https:\/\/www.magnetberg.de\/passion\/sabine-herrmann-2025\/","title":{"rendered":"Sabine Herrmann-2025"},"content":{"rendered":"\n<div class=\"wp-block-cover alignfull\" style=\"min-height:70vh;aspect-ratio:unset;\"><span aria-hidden=\"true\" class=\"wp-block-cover__background has-background-dim-0 has-background-dim\" style=\"background-color:#8b7374\"><\/span><img data-recalc-dims=\"1\" loading=\"lazy\" decoding=\"async\" width=\"800\" height=\"621\" data-attachment-id=\"1805\" data-permalink=\"https:\/\/www.magnetberg.de\/passion\/2023-sabine-herrmann\/img_1003\/\" data-orig-file=\"https:\/\/i0.wp.com\/www.magnetberg.de\/passion\/wp-content\/uploads\/2023\/10\/IMG_1003.jpg?fit=2000%2C1552&amp;ssl=1\" data-orig-size=\"2000,1552\" data-comments-opened=\"0\" data-image-meta=\"{&quot;aperture&quot;:&quot;4&quot;,&quot;credit&quot;:&quot;Klaus Killisch&quot;,&quot;camera&quot;:&quot;Canon EOS Rebel T6i&quot;,&quot;caption&quot;:&quot;&quot;,&quot;created_timestamp&quot;:&quot;1675921116&quot;,&quot;copyright&quot;:&quot;www.klaus-killisch.de&quot;,&quot;focal_length&quot;:&quot;26&quot;,&quot;iso&quot;:&quot;100&quot;,&quot;shutter_speed&quot;:&quot;0.4&quot;,&quot;title&quot;:&quot;&quot;,&quot;orientation&quot;:&quot;1&quot;}\" data-image-title=\"Sabine Herrmann, in St. Johannes Nepomuk, Chemnitz\" data-image-description=\"\" data-image-caption=\"&lt;p&gt;Sabine Herrmann, in St. Johannes Nepomuk, Chemnitz&lt;\/p&gt;\n\" data-large-file=\"https:\/\/i0.wp.com\/www.magnetberg.de\/passion\/wp-content\/uploads\/2023\/10\/IMG_1003.jpg?fit=800%2C621&amp;ssl=1\" sizes=\"auto, (max-width: 799px) 200vw, (max-width: 2000px) 100vw, 2000px\" class=\"wp-block-cover__image-background wp-image-1805\" alt=\"\" src=\"https:\/\/i0.wp.com\/www.magnetberg.de\/passion\/wp-content\/uploads\/2023\/10\/IMG_1003.jpg?resize=800%2C621&#038;ssl=1\" style=\"object-position:46% 0%\" data-object-fit=\"cover\" data-object-position=\"46% 0%\" srcset=\"https:\/\/i0.wp.com\/www.magnetberg.de\/passion\/wp-content\/uploads\/2023\/10\/IMG_1003.jpg?w=2000&amp;ssl=1 2000w, https:\/\/i0.wp.com\/www.magnetberg.de\/passion\/wp-content\/uploads\/2023\/10\/IMG_1003.jpg?resize=300%2C233&amp;ssl=1 300w, https:\/\/i0.wp.com\/www.magnetberg.de\/passion\/wp-content\/uploads\/2023\/10\/IMG_1003.jpg?resize=1024%2C795&amp;ssl=1 1024w, https:\/\/i0.wp.com\/www.magnetberg.de\/passion\/wp-content\/uploads\/2023\/10\/IMG_1003.jpg?resize=768%2C596&amp;ssl=1 768w, https:\/\/i0.wp.com\/www.magnetberg.de\/passion\/wp-content\/uploads\/2023\/10\/IMG_1003.jpg?resize=1536%2C1192&amp;ssl=1 1536w, https:\/\/i0.wp.com\/www.magnetberg.de\/passion\/wp-content\/uploads\/2023\/10\/IMG_1003.jpg?w=1600&amp;ssl=1 1600w\" \/><div class=\"wp-block-cover__inner-container is-layout-flow wp-block-cover-is-layout-flow\">\n<h1 class=\"wp-block-heading alignwide has-text-align-center\"><\/h1>\n\n\n\n<p class=\"has-text-align-center has-large-font-size\"><\/p>\n<\/div><\/div>\n\n\n\n<div class=\"wp-block-group alignfull\"><div class=\"wp-block-group__inner-container is-layout-flow wp-block-group-is-layout-flow\">\n<div class=\"wp-block-columns alignwide tw-cols-stack-md tw-gutter-large is-layout-flex wp-container-core-columns-is-layout-d0b3c9c8 wp-block-columns-is-layout-flex\">\n<div class=\"wp-block-column is-layout-flow wp-block-column-is-layout-flow\">\n<h2 class=\"wp-block-heading\">Sabine Herrmann<\/h2>\n<\/div>\n\n\n\n<div class=\"wp-block-column is-layout-flow wp-block-column-is-layout-flow\">\n<p>Altarverh\u00fcllung in St. Johannes Nepomuk, Chemnitz<br>22. Februar \u2013 20. April 2025<\/p>\n<\/div>\n<\/div>\n<\/div><\/div>\n\n\n\n<div class=\"wp-block-group alignfull\"><div class=\"wp-block-group__inner-container is-layout-flow wp-block-group-is-layout-flow\">\n<p class=\"tw-text-wide\" style=\"line-height:1.5\"><strong>Zeuginnen ohne Text \u2013 Was am Kreuzweg passiert ist, haben M\u00e4nner aufgeschrieben.<\/strong><\/p>\n\n\n\n<p class=\"tw-text-wide\" style=\"line-height:1.5\">Mit dem Palmsonntag tut sich ein Weg auf. Jesus geht die letzten Schritte seines irdischen Lebens. Zweimal werden wir in. dieser Woche die Passionsgeschichte h\u00f6ren. In welche Rolle schl\u00fcpfen wir im heiligen Spiel dieser tiefen Geheimnisse und hohen Liturgien unseres Glaubens? Sind wir Zuschauende oder werden wir Zeuginnen und Zeugen? Von den Frauen, die immer wieder in der Weggemeinschaft Jesu auftauchen, ahnen wir, dass sie bei seinem Einzug in Jerusalem dabei waren. Die Abendmahlsbilder wissen mehrheitlich nichts von ihnen. Sicher aber ist, dass die Frauen am Karfreitag auf seiner Spur blieben, w\u00e4hrend sich die am Vorabend eindrucksvoll inszenierten J\u00fcnger bis auf einen verd\u00fcnnisierten.<\/p>\n\n\n\n<p class=\"tw-text-wide\" style=\"line-height:1.5\">In der Chemnitzer Propsteikirche h\u00e4ngt in dieser Fastenzeit eine Altarverh\u00fcllung, die die Berliner K\u00fcnstlerin Sabine Herrmann eigens f\u00fcr diesen Ort geschaffen hat. Sensibel greift das zweieinhalb mal sechs Meter gro\u00dfe papierne Tuch den warmen Farbton des Rochlitzer Porphyrs auf, der den Kirchenraum pr\u00e4gt. Wer n\u00e4her herantritt, erkennt ein Gewirr von Worten und Wortgruppen: \u201eklagten \u2026 Schwert durchdringt \u2026 gro\u00dfer Menge \u2026 zuschauen \u2026 Johanna \u2026\u201c.<\/p>\n\n\n\n<div class=\"wp-block-group alignfull\"><div class=\"wp-block-group__inner-container is-layout-flow wp-block-group-is-layout-flow\">\n<figure class=\"wp-block-image alignwide size-full tw-mb-3\"><a href=\"https:\/\/www.magnetberg.de\/passion\/2023-sabine-herrmann\/img_1027a\/\"><img data-recalc-dims=\"1\" loading=\"lazy\" decoding=\"async\" width=\"800\" height=\"1137\" data-attachment-id=\"1802\" data-permalink=\"https:\/\/www.magnetberg.de\/passion\/2023-sabine-herrmann\/img_1027a\/\" data-orig-file=\"https:\/\/i0.wp.com\/www.magnetberg.de\/passion\/wp-content\/uploads\/2023\/10\/IMG_1027a.jpg?fit=1407%2C2000&amp;ssl=1\" data-orig-size=\"1407,2000\" data-comments-opened=\"0\" data-image-meta=\"{&quot;aperture&quot;:&quot;4.5&quot;,&quot;credit&quot;:&quot;Klaus Killisch&quot;,&quot;camera&quot;:&quot;Canon EOS Rebel T6i&quot;,&quot;caption&quot;:&quot;&quot;,&quot;created_timestamp&quot;:&quot;1675923162&quot;,&quot;copyright&quot;:&quot;www.klaus-killisch.de&quot;,&quot;focal_length&quot;:&quot;33&quot;,&quot;iso&quot;:&quot;100&quot;,&quot;shutter_speed&quot;:&quot;0.3&quot;,&quot;title&quot;:&quot;&quot;,&quot;orientation&quot;:&quot;1&quot;}\" data-image-title=\"in St. Johannes Nepomuk, Chemnitz\" data-image-description=\"\" data-image-caption=\"&lt;p&gt;Sabine Herrmann, in St. Johannes Nepomuk, Chemnitz&lt;\/p&gt;\n\" data-large-file=\"https:\/\/i0.wp.com\/www.magnetberg.de\/passion\/wp-content\/uploads\/2023\/10\/IMG_1027a.jpg?fit=720%2C1024&amp;ssl=1\" src=\"https:\/\/i0.wp.com\/www.magnetberg.de\/passion\/wp-content\/uploads\/2023\/10\/IMG_1027a.jpg?resize=800%2C1137&#038;ssl=1\" alt=\"\" class=\"wp-image-1802\" srcset=\"https:\/\/i0.wp.com\/www.magnetberg.de\/passion\/wp-content\/uploads\/2023\/10\/IMG_1027a.jpg?w=1407&amp;ssl=1 1407w, https:\/\/i0.wp.com\/www.magnetberg.de\/passion\/wp-content\/uploads\/2023\/10\/IMG_1027a.jpg?resize=211%2C300&amp;ssl=1 211w, https:\/\/i0.wp.com\/www.magnetberg.de\/passion\/wp-content\/uploads\/2023\/10\/IMG_1027a.jpg?resize=720%2C1024&amp;ssl=1 720w, https:\/\/i0.wp.com\/www.magnetberg.de\/passion\/wp-content\/uploads\/2023\/10\/IMG_1027a.jpg?resize=768%2C1092&amp;ssl=1 768w, https:\/\/i0.wp.com\/www.magnetberg.de\/passion\/wp-content\/uploads\/2023\/10\/IMG_1027a.jpg?resize=1081%2C1536&amp;ssl=1 1081w\" sizes=\"auto, (max-width: 800px) 100vw, 800px\" \/><\/a><\/figure>\n\n\n\n<figure class=\"wp-block-gallery alignwide has-nested-images columns-2 is-cropped tw-mb-3 tw-mt-3 wp-block-gallery-1 is-layout-flex wp-block-gallery-is-layout-flex\">\n<figure class=\"wp-block-image size-large\"><img data-recalc-dims=\"1\" loading=\"lazy\" decoding=\"async\" width=\"682\" height=\"1024\" data-attachment-id=\"2659\" data-permalink=\"https:\/\/www.magnetberg.de\/passion\/sabine-herrmann-2025\/0x3a6293\/\" data-orig-file=\"https:\/\/i0.wp.com\/www.magnetberg.de\/passion\/wp-content\/uploads\/2025\/03\/0X3A6293.jpg?fit=1333%2C2000&amp;ssl=1\" data-orig-size=\"1333,2000\" data-comments-opened=\"0\" data-image-meta=\"{&quot;aperture&quot;:&quot;3.2&quot;,&quot;credit&quot;:&quot;Klaus Killisch&quot;,&quot;camera&quot;:&quot;Canon EOS R&quot;,&quot;caption&quot;:&quot;Sabine Herrmann, Zeuginnen ohne Text, Altarverh\\u00fcllung, 2025, St. Johannes Nepomuk Chemnitz&quot;,&quot;created_timestamp&quot;:&quot;1741100890&quot;,&quot;copyright&quot;:&quot;www.klaus-killisch.de \/ VG Bildkunst&quot;,&quot;focal_length&quot;:&quot;24&quot;,&quot;iso&quot;:&quot;1600&quot;,&quot;shutter_speed&quot;:&quot;0.016666666666667&quot;,&quot;title&quot;:&quot;&quot;,&quot;orientation&quot;:&quot;1&quot;}\" data-image-title=\"Sabine Herrmann, Zeuginnen ohne Text, Altarverh\u00fcllung, 2025\" data-image-description=\"\" data-image-caption=\"&lt;p&gt;Sabine Herrmann, Zeuginnen ohne Text, Altarverh\u00fcllung, 2025, St. Johannes Nepomuk Chemnitz&lt;\/p&gt;\n\" data-large-file=\"https:\/\/i0.wp.com\/www.magnetberg.de\/passion\/wp-content\/uploads\/2025\/03\/0X3A6293.jpg?fit=682%2C1024&amp;ssl=1\" data-id=\"2659\" src=\"https:\/\/i0.wp.com\/www.magnetberg.de\/passion\/wp-content\/uploads\/2025\/03\/0X3A6293.jpg?resize=682%2C1024&#038;ssl=1\" alt=\"\" class=\"wp-image-2659\" srcset=\"https:\/\/i0.wp.com\/www.magnetberg.de\/passion\/wp-content\/uploads\/2025\/03\/0X3A6293.jpg?resize=682%2C1024&amp;ssl=1 682w, https:\/\/i0.wp.com\/www.magnetberg.de\/passion\/wp-content\/uploads\/2025\/03\/0X3A6293.jpg?resize=200%2C300&amp;ssl=1 200w, https:\/\/i0.wp.com\/www.magnetberg.de\/passion\/wp-content\/uploads\/2025\/03\/0X3A6293.jpg?resize=768%2C1152&amp;ssl=1 768w, https:\/\/i0.wp.com\/www.magnetberg.de\/passion\/wp-content\/uploads\/2025\/03\/0X3A6293.jpg?resize=1024%2C1536&amp;ssl=1 1024w, https:\/\/i0.wp.com\/www.magnetberg.de\/passion\/wp-content\/uploads\/2025\/03\/0X3A6293.jpg?resize=1200%2C1800&amp;ssl=1 1200w, https:\/\/i0.wp.com\/www.magnetberg.de\/passion\/wp-content\/uploads\/2025\/03\/0X3A6293.jpg?w=1333&amp;ssl=1 1333w\" sizes=\"auto, (max-width: 682px) 100vw, 682px\" \/><\/figure>\n\n\n\n<figure class=\"wp-block-image size-large\"><img data-recalc-dims=\"1\" loading=\"lazy\" decoding=\"async\" width=\"682\" height=\"1024\" data-attachment-id=\"2658\" data-permalink=\"https:\/\/www.magnetberg.de\/passion\/sabine-herrmann-2025\/_x3a6300\/\" data-orig-file=\"https:\/\/i0.wp.com\/www.magnetberg.de\/passion\/wp-content\/uploads\/2025\/03\/X3A6300.jpg?fit=1333%2C2000&amp;ssl=1\" data-orig-size=\"1333,2000\" data-comments-opened=\"0\" data-image-meta=\"{&quot;aperture&quot;:&quot;2.8&quot;,&quot;credit&quot;:&quot;Klaus Killisch&quot;,&quot;camera&quot;:&quot;Canon EOS R&quot;,&quot;caption&quot;:&quot;Sabine Herrmann, Zeuginnen ohne Text, Altarverh\\u00fcllung, 2025, St. Johannes Nepomuk Chemnitz&quot;,&quot;created_timestamp&quot;:&quot;1741109429&quot;,&quot;copyright&quot;:&quot;www.klaus-killisch.de \/ VG Bildkunst&quot;,&quot;focal_length&quot;:&quot;24&quot;,&quot;iso&quot;:&quot;1250&quot;,&quot;shutter_speed&quot;:&quot;0.016666666666667&quot;,&quot;title&quot;:&quot;&quot;,&quot;orientation&quot;:&quot;1&quot;}\" data-image-title=\"Sabine Herrmann, Zeuginnen ohne Text, Altarverh\u00fcllung, 2025\" data-image-description=\"\" data-image-caption=\"&lt;p&gt;Sabine Herrmann, Zeuginnen ohne Text, Altarverh\u00fcllung, 2025, St. Johannes Nepomuk Chemnitz&lt;\/p&gt;\n\" data-large-file=\"https:\/\/i0.wp.com\/www.magnetberg.de\/passion\/wp-content\/uploads\/2025\/03\/X3A6300.jpg?fit=682%2C1024&amp;ssl=1\" data-id=\"2658\" src=\"https:\/\/i0.wp.com\/www.magnetberg.de\/passion\/wp-content\/uploads\/2025\/03\/X3A6300.jpg?resize=682%2C1024&#038;ssl=1\" alt=\"\" class=\"wp-image-2658\" srcset=\"https:\/\/i0.wp.com\/www.magnetberg.de\/passion\/wp-content\/uploads\/2025\/03\/X3A6300.jpg?resize=682%2C1024&amp;ssl=1 682w, https:\/\/i0.wp.com\/www.magnetberg.de\/passion\/wp-content\/uploads\/2025\/03\/X3A6300.jpg?resize=200%2C300&amp;ssl=1 200w, https:\/\/i0.wp.com\/www.magnetberg.de\/passion\/wp-content\/uploads\/2025\/03\/X3A6300.jpg?resize=768%2C1152&amp;ssl=1 768w, https:\/\/i0.wp.com\/www.magnetberg.de\/passion\/wp-content\/uploads\/2025\/03\/X3A6300.jpg?resize=1024%2C1536&amp;ssl=1 1024w, https:\/\/i0.wp.com\/www.magnetberg.de\/passion\/wp-content\/uploads\/2025\/03\/X3A6300.jpg?resize=1200%2C1800&amp;ssl=1 1200w, https:\/\/i0.wp.com\/www.magnetberg.de\/passion\/wp-content\/uploads\/2025\/03\/X3A6300.jpg?w=1333&amp;ssl=1 1333w\" sizes=\"auto, (max-width: 682px) 100vw, 682px\" \/><\/figure>\n<\/figure>\n<\/div><\/div>\n\n\n\n<p class=\"tw-text-wide\" style=\"line-height:1.5\">Es sind Zitate, die im Zusammenhang mit der Leidensgeschichte Jesu stehen. Und sie handeln allesamt von Frauen. Sabine Herrmann erz\u00e4hlte bei der Liturgie zur Verh\u00fcllung, wie lange und wie oft sie auf dem Boden kauernd diese Worte geschrieben, wieder ausradiert und ausgewaschen und erneut geschrieben hat. Es ist ein Palimpsest der besonderen Art und eine tiefgr\u00fcndige Umsetzung des Mottos der Kulturhauptstadt Chemnitz: C the Unseen. Das C, das zun\u00e4chst f\u00fcr Chemnitz steht, soll englisch ausgesprochen werden und wird dann zur Einladung: See the Unseen \u2013 \u201eSchau auf das Ungesehene\u201c. Das Fastentuch verh\u00fcllt bis zur Osternacht die Apsis mit der Statue des Auferstandenen, der damit zum Ungesehenen wird.<\/p>\n\n\n\n<p class=\"tw-text-wide\" style=\"line-height:1.5\">Feinsinnig und zugleich in gr\u00f6\u00dfter Wucht verweist es auf ein weiteres \u201eUngesehenes\u201c. Wer n\u00e4mlich, inspiriert vom Wortgeflecht auf dem Fastentuch, in die Evangelien schaut, wird entdecken, dass im Zusammenhang mit der Passion tats\u00e4chlich immer nur \u00fcber Frauen berichtet wird. Sie sind \u201eZeuginnen ohne Text\u201c. Es gibt keine w\u00f6rtliche Rede, obwohl man doch wohl annehmen darf, dass die Frauen auch etwas gesagt haben. Aber dies ist den Verfassern der Evangelien nicht der Rede wert. Die Frauen sind die direkten Zeuginnen dessen, was geschehen ist. Aber wir erfahren es nicht aus ihrem Munde. Ziemlich mittig auf Augenh\u00f6he des Fastentuchs findet sich ein einziges Wort, das unterstrichen ist: \u201ees\u201c. Die Frauen haben \u201ees\u201c erlebt, sind mitgegangen, haben ausgehalten und haben ihrem Empfinden Ausdruck verliehen. Was hier am Kreuzweg passiert, \u201ees\u201c macht sprachlos. Und \u201ees\u201c hat Zeit gebraucht, bis es aufgeschrieben wurde. M\u00e4nner f\u00fchlten sich berufen, \u201ees\u201c aufzuschreiben. Sie erkl\u00e4rten das Zeugnis der Frauen zum Geschw\u00e4tz. \u201eEs\u201c deutet vielleicht auf die systemische Dimension der Zur\u00fccksetzung der Zeuginnen, die \u201eEr\u201c \u00fcberwunden hat. <\/p>\n\n\n\n<p class=\"tw-text-wide\" style=\"line-height:1.5\"><em>Benno Sch\u00e4ffel<\/em> ist Propst der Pfarrei Heilige Mutter Teresa in Chemnitz und geh\u00f6rt zum Kernteam der Kulturkirche 2025.<\/p>\n\n\n\n<p class=\"tw-text-wide\" style=\"line-height:1.5\"><\/p>\n\n\n\n<p class=\"tw-text-wide\" style=\"line-height:1.5\">Presse: <a href=\"https:\/\/www.tagesschau.de\/inland\/regional\/sachsen\/mdr-kuenstler-gestalten-besondere-fastentuecher-fuer-die-passionszeit-100.html\" target=\"_blank\" rel=\"noopener\" title=\"\">Tagesschau\/mdr<\/a><\/p>\n<\/div><\/div>\n\n\n\n<p><\/p>\n\n\n\n<div class=\"wp-block-group alignfull\"><div class=\"wp-block-group__inner-container is-layout-flow wp-block-group-is-layout-flow\"><div id=\"metaslider-id-2669\" style=\"width: 100%;\" class=\"ml-slider-3-107-0 metaslider metaslider-flex metaslider-2669 ml-slider ms-theme-default nav-hidden\" role=\"region\" aria-label=\"2025 Sabine Herrmann\" data-height=\"800\" data-width=\"1200\">\n    <div id=\"metaslider_container_2669\">\n        <div id=\"metaslider_2669\">\n            <ul class='slides'>\n                <li style=\"display: block; width: 100%;\" class=\"slide-2670 ms-image \" aria-roledescription=\"slide\" data-date=\"2025-03-09 21:33:55\" data-filename=\"0X3A6294-1200x800.jpg\" data-slide-type=\"image\"><img data-recalc-dims=\"1\" loading=\"lazy\" decoding=\"async\" src=\"https:\/\/i0.wp.com\/www.magnetberg.de\/passion\/wp-content\/uploads\/2025\/03\/0X3A6294.jpg?resize=800%2C533&#038;ssl=1\" height=\"533\" width=\"800\" alt=\"\" class=\"slider-2669 slide-2670 msDefaultImage\" title=\"Sabine Herrmann, Zeuginnen ohne Text, Altarverh\u00fcllung, 2025\" \/><\/li>\n                <li style=\"display: none; width: 100%;\" class=\"slide-2671 ms-image \" aria-roledescription=\"slide\" data-date=\"2025-03-09 21:33:56\" data-filename=\"0X3A6298-1200x800.jpg\" data-slide-type=\"image\"><img data-recalc-dims=\"1\" loading=\"lazy\" decoding=\"async\" src=\"https:\/\/i0.wp.com\/www.magnetberg.de\/passion\/wp-content\/uploads\/2025\/03\/0X3A6298.jpg?resize=800%2C533&#038;ssl=1\" height=\"533\" width=\"800\" alt=\"\" class=\"slider-2669 slide-2671 msDefaultImage\" title=\"Sabine Herrmann, Zeuginnen ohne Text, Altarverh\u00fcllung, 2025\" \/><\/li>\n                <li style=\"display: none; width: 100%;\" class=\"slide-2672 ms-image \" aria-roledescription=\"slide\" data-date=\"2025-03-09 21:33:56\" data-filename=\"0X3A6304-5-1200x800.jpg\" data-slide-type=\"image\"><img data-recalc-dims=\"1\" loading=\"lazy\" decoding=\"async\" src=\"https:\/\/i0.wp.com\/www.magnetberg.de\/passion\/wp-content\/uploads\/2025\/03\/0X3A6304-5.jpg?resize=800%2C533&#038;ssl=1\" height=\"533\" width=\"800\" alt=\"\" class=\"slider-2669 slide-2672 msDefaultImage\" title=\"Sabine Herrmann, Zeuginnen ohne Text, Altarverh\u00fcllung, 2025\" \/><\/li>\n                <li style=\"display: none; width: 100%;\" class=\"slide-2673 ms-image \" aria-roledescription=\"slide\" data-date=\"2025-03-09 21:33:56\" data-filename=\"0X3A6280-1200x800.jpg\" data-slide-type=\"image\"><img data-recalc-dims=\"1\" loading=\"lazy\" decoding=\"async\" src=\"https:\/\/i0.wp.com\/www.magnetberg.de\/passion\/wp-content\/uploads\/2025\/03\/0X3A6280.jpg?resize=800%2C533&#038;ssl=1\" height=\"533\" width=\"800\" alt=\"\" class=\"slider-2669 slide-2673 msDefaultImage\" title=\"Sabine Herrmann, Zeuginnen ohne Text, Altarverh\u00fcllung, 2025\" \/><\/li>\n                <li style=\"display: none; width: 100%;\" class=\"slide-2675 ms-image \" aria-roledescription=\"slide\" data-date=\"2025-03-09 21:33:56\" data-filename=\"0X3A6315-1200x800.jpg\" data-slide-type=\"image\"><img data-recalc-dims=\"1\" loading=\"lazy\" decoding=\"async\" src=\"https:\/\/i0.wp.com\/www.magnetberg.de\/passion\/wp-content\/uploads\/2025\/03\/0X3A6315.jpg?resize=800%2C533&#038;ssl=1\" height=\"533\" width=\"800\" alt=\"\" class=\"slider-2669 slide-2675 msDefaultImage\" title=\"Sabine Herrmann, Zeuginnen ohne Text, Altarverh\u00fcllung, 2025\" \/><\/li>\n                <li style=\"display: none; width: 100%;\" class=\"slide-2676 ms-image \" aria-roledescription=\"slide\" data-date=\"2025-03-09 21:33:56\" data-filename=\"IMG_9646-1200x800.jpg\" data-slide-type=\"image\"><img data-recalc-dims=\"1\" loading=\"lazy\" decoding=\"async\" src=\"https:\/\/i0.wp.com\/www.magnetberg.de\/passion\/wp-content\/uploads\/2025\/03\/IMG_9646.jpg?resize=800%2C533&#038;ssl=1\" height=\"533\" width=\"800\" alt=\"\" class=\"slider-2669 slide-2676 msDefaultImage\" title=\"Sabine Herrmann, Zeuginnen ohne Text, Altarverh\u00fcllung, 2025\" \/><\/li>\n                <li style=\"display: none; width: 100%;\" class=\"slide-2677 ms-image \" aria-roledescription=\"slide\" data-date=\"2025-03-09 21:33:56\" data-filename=\"IMG_8592a-1200x800.jpg\" data-slide-type=\"image\"><img data-recalc-dims=\"1\" loading=\"lazy\" decoding=\"async\" src=\"https:\/\/i0.wp.com\/www.magnetberg.de\/passion\/wp-content\/uploads\/2025\/03\/IMG_8592a.jpg?resize=800%2C533&#038;ssl=1\" height=\"533\" width=\"800\" alt=\"\" class=\"slider-2669 slide-2677 msDefaultImage\" title=\"IMG_8592a\" \/><\/li>\n                <li style=\"display: none; width: 100%;\" class=\"slide-2692 ms-image \" aria-roledescription=\"slide\" data-date=\"2025-03-09 22:01:25\" data-filename=\"IMG_8604-1200x800.jpg\" data-slide-type=\"image\"><img data-recalc-dims=\"1\" loading=\"lazy\" decoding=\"async\" src=\"https:\/\/i0.wp.com\/www.magnetberg.de\/passion\/wp-content\/uploads\/2025\/03\/IMG_8604.jpg?resize=800%2C533&#038;ssl=1\" height=\"533\" width=\"800\" alt=\"\" class=\"slider-2669 slide-2692 msDefaultImage\" title=\"IMG_8604\" \/><\/li>\n            <\/ul>\n        <\/div>\n        \n    <\/div>\n<\/div>\n<\/div><\/div>\n","protected":false},"excerpt":{"rendered":"<p>Sabine Herrmann Altarverh\u00fcllung in St. Johannes Nepomuk, Chemnitz22. Februar \u2013 20. April 2025 Zeuginnen ohne Text \u2013 Was am Kreuzweg passiert ist, haben M\u00e4nner aufgeschrieben. Mit dem Palmsonntag tut sich ein Weg auf. Jesus geht die letzten Schritte seines irdischen Lebens. Zweimal werden wir in. dieser Woche die Passionsgeschichte h\u00f6ren. In welche Rolle schl\u00fcpfen wir&hellip;<\/p>\n","protected":false},"author":1,"featured_media":0,"parent":0,"menu_order":0,"comment_status":"closed","ping_status":"closed","template":"tw-no-title.php","meta":{"jetpack_post_was_ever_published":false,"footnotes":""},"class_list":["post-2653","page","type-page","status-publish","hentry"],"aioseo_notices":[],"jetpack_sharing_enabled":true,"jetpack_shortlink":"https:\/\/wp.me\/P4bQhP-GN","_links":{"self":[{"href":"https:\/\/www.magnetberg.de\/passion\/wp-json\/wp\/v2\/pages\/2653","targetHints":{"allow":["GET"]}}],"collection":[{"href":"https:\/\/www.magnetberg.de\/passion\/wp-json\/wp\/v2\/pages"}],"about":[{"href":"https:\/\/www.magnetberg.de\/passion\/wp-json\/wp\/v2\/types\/page"}],"author":[{"embeddable":true,"href":"https:\/\/www.magnetberg.de\/passion\/wp-json\/wp\/v2\/users\/1"}],"replies":[{"embeddable":true,"href":"https:\/\/www.magnetberg.de\/passion\/wp-json\/wp\/v2\/comments?post=2653"}],"version-history":[{"count":20,"href":"https:\/\/www.magnetberg.de\/passion\/wp-json\/wp\/v2\/pages\/2653\/revisions"}],"predecessor-version":[{"id":2785,"href":"https:\/\/www.magnetberg.de\/passion\/wp-json\/wp\/v2\/pages\/2653\/revisions\/2785"}],"wp:attachment":[{"href":"https:\/\/www.magnetberg.de\/passion\/wp-json\/wp\/v2\/media?parent=2653"}],"curies":[{"name":"wp","href":"https:\/\/api.w.org\/{rel}","templated":true}]}}