{"id":2618,"date":"2025-01-03T22:01:34","date_gmt":"2025-01-03T20:01:34","guid":{"rendered":"https:\/\/www.magnetberg.de\/passion\/?page_id=2618"},"modified":"2025-01-03T22:57:10","modified_gmt":"2025-01-03T20:57:10","slug":"michael-morgner-2","status":"publish","type":"page","link":"https:\/\/www.magnetberg.de\/passion\/michael-morgner-2\/","title":{"rendered":"Michael Morgner"},"content":{"rendered":"\n<div class=\"wp-block-cover alignfull is-light\" style=\"min-height:70vh;aspect-ratio:unset;\"><span aria-hidden=\"true\" class=\"wp-block-cover__background has-background-dim-0 has-background-dim\" style=\"background-color:#9e938b\"><\/span><img data-recalc-dims=\"1\" loading=\"lazy\" decoding=\"async\" width=\"800\" height=\"533\" data-attachment-id=\"2625\" data-permalink=\"https:\/\/www.magnetberg.de\/passion\/michael-morgner-2\/1k6a7108\/\" data-orig-file=\"https:\/\/i0.wp.com\/www.magnetberg.de\/passion\/wp-content\/uploads\/2025\/01\/1K6A7108.jpg?fit=2000%2C1333&amp;ssl=1\" data-orig-size=\"2000,1333\" data-comments-opened=\"0\" data-image-meta=\"{&quot;aperture&quot;:&quot;8&quot;,&quot;credit&quot;:&quot;Markus Rheinfurth&quot;,&quot;camera&quot;:&quot;Canon EOS R&quot;,&quot;caption&quot;:&quot;&quot;,&quot;created_timestamp&quot;:&quot;1707921468&quot;,&quot;copyright&quot;:&quot;Markus Rheinfurth&quot;,&quot;focal_length&quot;:&quot;70&quot;,&quot;iso&quot;:&quot;100&quot;,&quot;shutter_speed&quot;:&quot;1.6&quot;,&quot;title&quot;:&quot;&quot;,&quot;orientation&quot;:&quot;0&quot;}\" data-image-title=\"Michael Morgner, Freiberger Dom, Altarverh\u00fcllung, 2024\" data-image-description=\"\" data-image-caption=\"&lt;p&gt;Michael Morgner, Freiberger Dom, Altarverh\u00fcllung, 2024, Foto: Markus Rheinfurth&lt;\/p&gt;\n\" data-large-file=\"https:\/\/i0.wp.com\/www.magnetberg.de\/passion\/wp-content\/uploads\/2025\/01\/1K6A7108.jpg?fit=800%2C533&amp;ssl=1\" sizes=\"auto, (max-width: 799px) 200vw, (max-width: 2000px) 100vw, 2000px\" class=\"wp-block-cover__image-background wp-image-2625\" alt=\"\" src=\"https:\/\/i0.wp.com\/www.magnetberg.de\/passion\/wp-content\/uploads\/2025\/01\/1K6A7108.jpg?resize=800%2C533&#038;ssl=1\" style=\"object-position:60% 47%\" data-object-fit=\"cover\" data-object-position=\"60% 47%\" srcset=\"https:\/\/i0.wp.com\/www.magnetberg.de\/passion\/wp-content\/uploads\/2025\/01\/1K6A7108.jpg?w=2000&amp;ssl=1 2000w, https:\/\/i0.wp.com\/www.magnetberg.de\/passion\/wp-content\/uploads\/2025\/01\/1K6A7108.jpg?resize=300%2C200&amp;ssl=1 300w, https:\/\/i0.wp.com\/www.magnetberg.de\/passion\/wp-content\/uploads\/2025\/01\/1K6A7108.jpg?resize=1024%2C682&amp;ssl=1 1024w, https:\/\/i0.wp.com\/www.magnetberg.de\/passion\/wp-content\/uploads\/2025\/01\/1K6A7108.jpg?resize=768%2C512&amp;ssl=1 768w, https:\/\/i0.wp.com\/www.magnetberg.de\/passion\/wp-content\/uploads\/2025\/01\/1K6A7108.jpg?resize=1536%2C1024&amp;ssl=1 1536w, https:\/\/i0.wp.com\/www.magnetberg.de\/passion\/wp-content\/uploads\/2025\/01\/1K6A7108.jpg?resize=1200%2C800&amp;ssl=1 1200w, https:\/\/i0.wp.com\/www.magnetberg.de\/passion\/wp-content\/uploads\/2025\/01\/1K6A7108.jpg?resize=1980%2C1320&amp;ssl=1 1980w, https:\/\/i0.wp.com\/www.magnetberg.de\/passion\/wp-content\/uploads\/2025\/01\/1K6A7108.jpg?w=1600&amp;ssl=1 1600w\" \/><div class=\"wp-block-cover__inner-container is-layout-flow wp-block-cover-is-layout-flow\">\n<h1 class=\"wp-block-heading alignwide has-text-align-center\"><\/h1>\n\n\n\n<p class=\"has-text-align-center has-large-font-size\"><\/p>\n<\/div><\/div>\n\n\n\n<div class=\"wp-block-group alignfull\"><div class=\"wp-block-group__inner-container is-layout-flow wp-block-group-is-layout-flow\">\n<div class=\"wp-block-columns alignwide tw-cols-stack-md tw-gutter-large is-layout-flex wp-container-core-columns-is-layout-d0b3c9c8 wp-block-columns-is-layout-flex\">\n<div class=\"wp-block-column is-layout-flow wp-block-column-is-layout-flow\">\n<h2 class=\"wp-block-heading\">Michael Morgner<\/h2>\n<\/div>\n\n\n\n<div class=\"wp-block-column is-layout-flow wp-block-column-is-layout-flow\">\n<p>Altarverh\u00fcllung im Freiberger Dom<br>24. Februar \u2013 30. M\u00e4rz 2024<br><\/p>\n<\/div>\n<\/div>\n<\/div><\/div>\n\n\n\n<div class=\"wp-block-group alignfull\"><div class=\"wp-block-group__inner-container is-layout-flow wp-block-group-is-layout-flow\">\n<p class=\"tw-text-wide\" style=\"line-height:1.5\"><strong>Ecce homo<\/strong><\/p>\n\n\n\n<p class=\"tw-text-wide\" style=\"line-height:1.5\">\u201eEcce homo\u201c, \u201eSiehe, der Mensch!\u201c \u2013 der Ausruf im Johannesevangelium k\u00f6nnte das Lebensmotto f\u00fcr die Kunst Michael Morgners sein. Der gebeugte, geschundene, schutzsuchende, der aufrechte, stolze, selbstbewusste und der aufsteigende, \u00fcber sich hinauswachsende Mensch \u2013 daf\u00fcr hat der 1942 in Chemnitz geborene Michael Morgner markante, abstrahierte Formen gefunden, die in vielen seiner Werke auftauchen. Auch in dem Fastentuch, das in der Passionszeit 2024, von Aschermittwoch bis Ostern, den Altar des Freiberger Doms St. Marien verh\u00fcllt.\u00a0<\/p>\n\n\n\n<div class=\"wp-block-group alignfull\"><div class=\"wp-block-group__inner-container is-layout-flow wp-block-group-is-layout-flow\">\n<figure class=\"wp-block-image alignwide size-large tw-mb-3\"><a href=\"https:\/\/www.magnetberg.de\/passion\/michael-morgner-2\/1k6a7112\/\"><img data-recalc-dims=\"1\" loading=\"lazy\" decoding=\"async\" width=\"768\" height=\"1024\" data-attachment-id=\"2626\" data-permalink=\"https:\/\/www.magnetberg.de\/passion\/michael-morgner-2\/1k6a7112\/\" data-orig-file=\"https:\/\/i0.wp.com\/www.magnetberg.de\/passion\/wp-content\/uploads\/2025\/01\/1K6A7112.jpg?fit=1500%2C2000&amp;ssl=1\" data-orig-size=\"1500,2000\" data-comments-opened=\"0\" data-image-meta=\"{&quot;aperture&quot;:&quot;3.2&quot;,&quot;credit&quot;:&quot;Markus Rheinfurth&quot;,&quot;camera&quot;:&quot;Canon EOS R&quot;,&quot;caption&quot;:&quot;&quot;,&quot;created_timestamp&quot;:&quot;1707921632&quot;,&quot;copyright&quot;:&quot;Markus Rheinfurth&quot;,&quot;focal_length&quot;:&quot;41&quot;,&quot;iso&quot;:&quot;4000&quot;,&quot;shutter_speed&quot;:&quot;0.008&quot;,&quot;title&quot;:&quot;&quot;,&quot;orientation&quot;:&quot;0&quot;}\" data-image-title=\"Michael Morgner, Freiberger Dom, Altarverh\u00fcllung, 2024\" data-image-description=\"\" data-image-caption=\"&lt;p&gt;Michael Morgner, Freiberger Dom, Altarverh\u00fcllung, 2024, Foto: Markus Rheinfurth&lt;\/p&gt;\n\" data-large-file=\"https:\/\/i0.wp.com\/www.magnetberg.de\/passion\/wp-content\/uploads\/2025\/01\/1K6A7112.jpg?fit=768%2C1024&amp;ssl=1\" src=\"https:\/\/i0.wp.com\/www.magnetberg.de\/passion\/wp-content\/uploads\/2025\/01\/1K6A7112.jpg?resize=768%2C1024&#038;ssl=1\" alt=\"\" class=\"wp-image-2626\" srcset=\"https:\/\/i0.wp.com\/www.magnetberg.de\/passion\/wp-content\/uploads\/2025\/01\/1K6A7112.jpg?resize=768%2C1024&amp;ssl=1 768w, https:\/\/i0.wp.com\/www.magnetberg.de\/passion\/wp-content\/uploads\/2025\/01\/1K6A7112.jpg?resize=225%2C300&amp;ssl=1 225w, https:\/\/i0.wp.com\/www.magnetberg.de\/passion\/wp-content\/uploads\/2025\/01\/1K6A7112.jpg?resize=1152%2C1536&amp;ssl=1 1152w, https:\/\/i0.wp.com\/www.magnetberg.de\/passion\/wp-content\/uploads\/2025\/01\/1K6A7112.jpg?resize=1200%2C1600&amp;ssl=1 1200w, https:\/\/i0.wp.com\/www.magnetberg.de\/passion\/wp-content\/uploads\/2025\/01\/1K6A7112.jpg?w=1500&amp;ssl=1 1500w\" sizes=\"auto, (max-width: 768px) 100vw, 768px\" \/><\/a><figcaption class=\"wp-element-caption\">Michael Morgner, Freiberger Dom, Altarverh\u00fcllung, 2024, Fotos: Markus Rheinfurth<\/figcaption><\/figure>\n\n\n\n<figure class=\"wp-block-gallery alignwide has-nested-images columns-2 is-cropped tw-mb-3 tw-mt-3 wp-block-gallery-1 is-layout-flex wp-block-gallery-is-layout-flex\">\n<figure class=\"wp-block-image size-large\"><img data-recalc-dims=\"1\" loading=\"lazy\" decoding=\"async\" width=\"682\" height=\"1024\" data-attachment-id=\"2627\" data-permalink=\"https:\/\/www.magnetberg.de\/passion\/michael-morgner-2\/1k6a7117\/\" data-orig-file=\"https:\/\/i0.wp.com\/www.magnetberg.de\/passion\/wp-content\/uploads\/2025\/01\/1K6A7117.jpg?fit=1333%2C2000&amp;ssl=1\" data-orig-size=\"1333,2000\" data-comments-opened=\"0\" data-image-meta=\"{&quot;aperture&quot;:&quot;3.2&quot;,&quot;credit&quot;:&quot;Markus Rheinfurth&quot;,&quot;camera&quot;:&quot;Canon EOS R&quot;,&quot;caption&quot;:&quot;&quot;,&quot;created_timestamp&quot;:&quot;1707921793&quot;,&quot;copyright&quot;:&quot;Markus Rheinfurth&quot;,&quot;focal_length&quot;:&quot;35&quot;,&quot;iso&quot;:&quot;3200&quot;,&quot;shutter_speed&quot;:&quot;0.008&quot;,&quot;title&quot;:&quot;&quot;,&quot;orientation&quot;:&quot;0&quot;}\" data-image-title=\"Michael Morgner, Freiberger Dom, Altarverh\u00fcllung, 2024\" data-image-description=\"\" data-image-caption=\"&lt;p&gt;Michael Morgner, Freiberger Dom, Altarverh\u00fcllung, 2024, Foto: Markus Rheinfurth&lt;\/p&gt;\n\" data-large-file=\"https:\/\/i0.wp.com\/www.magnetberg.de\/passion\/wp-content\/uploads\/2025\/01\/1K6A7117.jpg?fit=682%2C1024&amp;ssl=1\" data-id=\"2627\" src=\"https:\/\/i0.wp.com\/www.magnetberg.de\/passion\/wp-content\/uploads\/2025\/01\/1K6A7117.jpg?resize=682%2C1024&#038;ssl=1\" alt=\"\" class=\"wp-image-2627\" srcset=\"https:\/\/i0.wp.com\/www.magnetberg.de\/passion\/wp-content\/uploads\/2025\/01\/1K6A7117.jpg?resize=682%2C1024&amp;ssl=1 682w, https:\/\/i0.wp.com\/www.magnetberg.de\/passion\/wp-content\/uploads\/2025\/01\/1K6A7117.jpg?resize=200%2C300&amp;ssl=1 200w, https:\/\/i0.wp.com\/www.magnetberg.de\/passion\/wp-content\/uploads\/2025\/01\/1K6A7117.jpg?resize=768%2C1152&amp;ssl=1 768w, https:\/\/i0.wp.com\/www.magnetberg.de\/passion\/wp-content\/uploads\/2025\/01\/1K6A7117.jpg?resize=1024%2C1536&amp;ssl=1 1024w, https:\/\/i0.wp.com\/www.magnetberg.de\/passion\/wp-content\/uploads\/2025\/01\/1K6A7117.jpg?resize=1200%2C1800&amp;ssl=1 1200w, https:\/\/i0.wp.com\/www.magnetberg.de\/passion\/wp-content\/uploads\/2025\/01\/1K6A7117.jpg?w=1333&amp;ssl=1 1333w\" sizes=\"auto, (max-width: 682px) 100vw, 682px\" \/><\/figure>\n\n\n\n<figure class=\"wp-block-image size-large\"><img data-recalc-dims=\"1\" loading=\"lazy\" decoding=\"async\" width=\"682\" height=\"1024\" data-attachment-id=\"2622\" data-permalink=\"https:\/\/www.magnetberg.de\/passion\/michael-morgner-2\/1k6a7095\/\" data-orig-file=\"https:\/\/i0.wp.com\/www.magnetberg.de\/passion\/wp-content\/uploads\/2025\/01\/1K6A7095.jpg?fit=1333%2C2000&amp;ssl=1\" data-orig-size=\"1333,2000\" data-comments-opened=\"0\" data-image-meta=\"{&quot;aperture&quot;:&quot;3.5&quot;,&quot;credit&quot;:&quot;Markus Rheinfurth&quot;,&quot;camera&quot;:&quot;Canon EOS R&quot;,&quot;caption&quot;:&quot;&quot;,&quot;created_timestamp&quot;:&quot;1707920896&quot;,&quot;copyright&quot;:&quot;Markus Rheinfurth&quot;,&quot;focal_length&quot;:&quot;30&quot;,&quot;iso&quot;:&quot;3200&quot;,&quot;shutter_speed&quot;:&quot;0.008&quot;,&quot;title&quot;:&quot;&quot;,&quot;orientation&quot;:&quot;0&quot;}\" data-image-title=\"Michael Morgner, Freiberger Dom, Altarverh\u00fcllung, 2024\" data-image-description=\"\" data-image-caption=\"&lt;p&gt;Michael Morgner, Freiberger Dom, Altarverh\u00fcllung, 2024, Foto: Markus Rheinfurth&lt;\/p&gt;\n\" data-large-file=\"https:\/\/i0.wp.com\/www.magnetberg.de\/passion\/wp-content\/uploads\/2025\/01\/1K6A7095.jpg?fit=682%2C1024&amp;ssl=1\" data-id=\"2622\" src=\"https:\/\/i0.wp.com\/www.magnetberg.de\/passion\/wp-content\/uploads\/2025\/01\/1K6A7095.jpg?resize=682%2C1024&#038;ssl=1\" alt=\"\" class=\"wp-image-2622\" srcset=\"https:\/\/i0.wp.com\/www.magnetberg.de\/passion\/wp-content\/uploads\/2025\/01\/1K6A7095.jpg?resize=682%2C1024&amp;ssl=1 682w, https:\/\/i0.wp.com\/www.magnetberg.de\/passion\/wp-content\/uploads\/2025\/01\/1K6A7095.jpg?resize=200%2C300&amp;ssl=1 200w, https:\/\/i0.wp.com\/www.magnetberg.de\/passion\/wp-content\/uploads\/2025\/01\/1K6A7095.jpg?resize=768%2C1152&amp;ssl=1 768w, https:\/\/i0.wp.com\/www.magnetberg.de\/passion\/wp-content\/uploads\/2025\/01\/1K6A7095.jpg?resize=1024%2C1536&amp;ssl=1 1024w, https:\/\/i0.wp.com\/www.magnetberg.de\/passion\/wp-content\/uploads\/2025\/01\/1K6A7095.jpg?resize=1200%2C1800&amp;ssl=1 1200w, https:\/\/i0.wp.com\/www.magnetberg.de\/passion\/wp-content\/uploads\/2025\/01\/1K6A7095.jpg?w=1333&amp;ssl=1 1333w\" sizes=\"auto, (max-width: 682px) 100vw, 682px\" \/><\/figure>\n<\/figure>\n<\/div><\/div>\n\n\n\n<p class=\"tw-text-wide\" style=\"line-height:1.5\">Die hellen und dunklen, erdigen Braun- und Ockerfarben des aus knapp 60 hauchd\u00fcnnen Seidenpapierbl\u00e4ttern zusammengef\u00fcgten Bildes korrespondieren mit den Farben des Steins im Dom, obwohl Michael Morgner vor drei oder vier Jahren, als er die sich nun sanft im gro\u00dfen Kirchenraum bewegenden Bl\u00e4tter bedruckte, nicht wusste, an welchem Ort und ob sie \u00fcberhaupt einmal irgendwo h\u00e4ngen werden. \u201eVielleicht\u201c, sagt der K\u00fcnstler, \u201eliegt es daran, dass ich aus der Gegend komme. Chemnitz, Erzgebirge, das ist mir nahe.\u201c So erkl\u00e4rt sich vielleicht eine unbewusste Affinit\u00e4t zur Architektur und zu den Farben des Doms. Die einzelnen Bl\u00e4tter sind in Morgners ganz eigener Technik mit dunkler Lackfarbe bedruckt \u2013 von fast unsichtbar dort, wo das Papier die mit Farbe bestrichene Druckplatte mit der Symbolform des aufrechten Menschen kaum ber\u00fchrt, nur gestreichelt hat, bis kr\u00e4ftig erdig braun dort, wo Farbe und Papier heftig in Ber\u00fchrung kamen. So oszilliert auch die menschliche Figur zwischen Auftauchen und Verschwinden. Zudem nehmen die Bl\u00e4tter die Knitter des Papiers wie Narben des Lebens auf.\u00a0 Anschlie\u00dfend hat der K\u00fcnstler die Papiere so zusammengef\u00fcgt, dass sich ein Farbverlauf vom Hellen unten ins Dunkle nach oben ergibt. Eingearbeitet sind der Schriftzug \u201eEcce Homo\u201c und eine gebeugte Figur, die eine Last zu tragen scheint. Der Luftzug in der Kirche bewegt sanft das Bild und l\u00e4sst die Last so etwas leichter erscheinen oder deutet gar eine Auferstehung an, die den Menschen sowohl erinnernd f\u00fcr die Erde bewahrt wie auch in der Weite des Himmels aufgehen l\u00e4sst.\u00a0<\/p>\n\n\n\n<figure class=\"wp-block-image alignwide size-large\"><a href=\"https:\/\/www.magnetberg.de\/passion\/michael-morgner-2\/1k6a7122\/\"><img data-recalc-dims=\"1\" loading=\"lazy\" decoding=\"async\" width=\"800\" height=\"533\" data-attachment-id=\"2639\" data-permalink=\"https:\/\/www.magnetberg.de\/passion\/michael-morgner-2\/1k6a7122\/\" data-orig-file=\"https:\/\/i0.wp.com\/www.magnetberg.de\/passion\/wp-content\/uploads\/2025\/01\/1K6A7122.jpg?fit=2000%2C1333&amp;ssl=1\" data-orig-size=\"2000,1333\" data-comments-opened=\"0\" data-image-meta=\"{&quot;aperture&quot;:&quot;3.2&quot;,&quot;credit&quot;:&quot;Markus Rheinfurth&quot;,&quot;camera&quot;:&quot;Canon EOS R&quot;,&quot;caption&quot;:&quot;&quot;,&quot;created_timestamp&quot;:&quot;1707922011&quot;,&quot;copyright&quot;:&quot;Markus Rheinfurth&quot;,&quot;focal_length&quot;:&quot;70&quot;,&quot;iso&quot;:&quot;4000&quot;,&quot;shutter_speed&quot;:&quot;0.008&quot;,&quot;title&quot;:&quot;&quot;,&quot;orientation&quot;:&quot;0&quot;}\" data-image-title=\"Michael Morgner, Freiberger Dom, Altarverh\u00fcllung, 2024\" data-image-description=\"\" data-image-caption=\"&lt;p&gt;Michael Morgner, Freiberger Dom, Altarverh\u00fcllung, 2024, Foto: Markus Rheinfurth&lt;\/p&gt;\n\" data-large-file=\"https:\/\/i0.wp.com\/www.magnetberg.de\/passion\/wp-content\/uploads\/2025\/01\/1K6A7122.jpg?fit=800%2C533&amp;ssl=1\" src=\"https:\/\/i0.wp.com\/www.magnetberg.de\/passion\/wp-content\/uploads\/2025\/01\/1K6A7122.jpg?resize=800%2C533&#038;ssl=1\" alt=\"\" class=\"wp-image-2639\" srcset=\"https:\/\/i0.wp.com\/www.magnetberg.de\/passion\/wp-content\/uploads\/2025\/01\/1K6A7122.jpg?resize=1024%2C682&amp;ssl=1 1024w, https:\/\/i0.wp.com\/www.magnetberg.de\/passion\/wp-content\/uploads\/2025\/01\/1K6A7122.jpg?resize=300%2C200&amp;ssl=1 300w, https:\/\/i0.wp.com\/www.magnetberg.de\/passion\/wp-content\/uploads\/2025\/01\/1K6A7122.jpg?resize=768%2C512&amp;ssl=1 768w, https:\/\/i0.wp.com\/www.magnetberg.de\/passion\/wp-content\/uploads\/2025\/01\/1K6A7122.jpg?resize=1536%2C1024&amp;ssl=1 1536w, https:\/\/i0.wp.com\/www.magnetberg.de\/passion\/wp-content\/uploads\/2025\/01\/1K6A7122.jpg?resize=1200%2C800&amp;ssl=1 1200w, https:\/\/i0.wp.com\/www.magnetberg.de\/passion\/wp-content\/uploads\/2025\/01\/1K6A7122.jpg?resize=1980%2C1320&amp;ssl=1 1980w, https:\/\/i0.wp.com\/www.magnetberg.de\/passion\/wp-content\/uploads\/2025\/01\/1K6A7122.jpg?w=2000&amp;ssl=1 2000w, https:\/\/i0.wp.com\/www.magnetberg.de\/passion\/wp-content\/uploads\/2025\/01\/1K6A7122.jpg?w=1600&amp;ssl=1 1600w\" sizes=\"auto, (max-width: 800px) 100vw, 800px\" \/><\/a><\/figure>\n\n\n\n<p class=\"tw-text-wide\" style=\"line-height:1.5\">Die christliche Symbolik ist Michael Morgner nicht fremd, obwohl er sich selbst gar nicht als religi\u00f6s bezeichnet. Aber eine Skulptur von Peter Breuer im Freiberger Stadt- und Bergbaumuseum, der \u201eSchmerzensmann\u201c oder auch \u201eChristus in der Rast\u201c mit dem geschundenen R\u00fccken des Jesus, habe ihn als Jugendlicher so sehr beeindruckt, dass er ihm pr\u00e4gend f\u00fcr sein gesamtes Werk erscheint. Dieser gepeinigte R\u00fccken finde sich bei ihm auf jedem Blatt, sagt Morgner. Er steht sinnbildlich f\u00fcr die Erfahrungen der Unfreiheit in der DDR, als Morgner mit der oppositionellen, unangepassten K\u00fcnstlergruppe und Produzentengalerie Clara Mosch (gemeinsam mit Carlfriedrich Claus, Dagmar Ranft-Schinke, Thomas Ranft und Gregor Torsten Schade, heute Kozik) nicht nur bekannt wurde, sondern auch ins Visier der Staatssicherheit geriet. Seine Figuren stehen aber auch f\u00fcr Leidensf\u00e4higkeit und Widerstand, die Kraft und die F\u00e4higkeit des Menschen, tapfer und menschlich zu sein.&nbsp;<\/p>\n\n\n\n<figure class=\"wp-block-image alignwide size-large\"><a href=\"https:\/\/www.magnetberg.de\/passion\/michael-morgner-2\/1k6a7193_2\/\"><img data-recalc-dims=\"1\" loading=\"lazy\" decoding=\"async\" width=\"800\" height=\"533\" data-attachment-id=\"2643\" data-permalink=\"https:\/\/www.magnetberg.de\/passion\/michael-morgner-2\/1k6a7193_2\/\" data-orig-file=\"https:\/\/i0.wp.com\/www.magnetberg.de\/passion\/wp-content\/uploads\/2025\/01\/1K6A7193_2.jpg?fit=2000%2C1333&amp;ssl=1\" data-orig-size=\"2000,1333\" data-comments-opened=\"0\" data-image-meta=\"{&quot;aperture&quot;:&quot;3.2&quot;,&quot;credit&quot;:&quot;Markus Rheinfurth&quot;,&quot;camera&quot;:&quot;Canon EOS R&quot;,&quot;caption&quot;:&quot;&quot;,&quot;created_timestamp&quot;:&quot;1707942083&quot;,&quot;copyright&quot;:&quot;Markus Rheinfurth&quot;,&quot;focal_length&quot;:&quot;135&quot;,&quot;iso&quot;:&quot;4000&quot;,&quot;shutter_speed&quot;:&quot;0.016666666666667&quot;,&quot;title&quot;:&quot;&quot;,&quot;orientation&quot;:&quot;0&quot;}\" data-image-title=\"Michael Morgner, Freiberger Dom, Altarverh\u00fcllung, 2024\" data-image-description=\"\" data-image-caption=\"&lt;p&gt;Michael Morgner, Freiberger Dom, Altarverh\u00fcllung, 2024, Foto: Markus Rheinfurth&lt;\/p&gt;\n\" data-large-file=\"https:\/\/i0.wp.com\/www.magnetberg.de\/passion\/wp-content\/uploads\/2025\/01\/1K6A7193_2.jpg?fit=800%2C533&amp;ssl=1\" src=\"https:\/\/i0.wp.com\/www.magnetberg.de\/passion\/wp-content\/uploads\/2025\/01\/1K6A7193_2.jpg?resize=800%2C533&#038;ssl=1\" alt=\"\" class=\"wp-image-2643\" srcset=\"https:\/\/i0.wp.com\/www.magnetberg.de\/passion\/wp-content\/uploads\/2025\/01\/1K6A7193_2.jpg?resize=1024%2C682&amp;ssl=1 1024w, https:\/\/i0.wp.com\/www.magnetberg.de\/passion\/wp-content\/uploads\/2025\/01\/1K6A7193_2.jpg?resize=300%2C200&amp;ssl=1 300w, https:\/\/i0.wp.com\/www.magnetberg.de\/passion\/wp-content\/uploads\/2025\/01\/1K6A7193_2.jpg?resize=768%2C512&amp;ssl=1 768w, https:\/\/i0.wp.com\/www.magnetberg.de\/passion\/wp-content\/uploads\/2025\/01\/1K6A7193_2.jpg?resize=1536%2C1024&amp;ssl=1 1536w, https:\/\/i0.wp.com\/www.magnetberg.de\/passion\/wp-content\/uploads\/2025\/01\/1K6A7193_2.jpg?resize=1200%2C800&amp;ssl=1 1200w, https:\/\/i0.wp.com\/www.magnetberg.de\/passion\/wp-content\/uploads\/2025\/01\/1K6A7193_2.jpg?resize=1980%2C1320&amp;ssl=1 1980w, https:\/\/i0.wp.com\/www.magnetberg.de\/passion\/wp-content\/uploads\/2025\/01\/1K6A7193_2.jpg?w=2000&amp;ssl=1 2000w, https:\/\/i0.wp.com\/www.magnetberg.de\/passion\/wp-content\/uploads\/2025\/01\/1K6A7193_2.jpg?w=1600&amp;ssl=1 1600w\" sizes=\"auto, (max-width: 800px) 100vw, 800px\" \/><\/a><\/figure>\n\n\n\n<p class=\"tw-text-wide\" style=\"line-height:1.5\">Michael Morgners \u201eFastentuch\u201c tritt damit sanft wehend vor dem reich verzierten Altar des Doms in einen spannenden Dialog mit der gotischen Kunst des Freiberger Doms, die die Menschen in ihrem irdischen Ringen ebenso darstellt wie biblische Szenen um das Leben und Sterben Jesu. Indem das Fastentuch den Altar, das Zentrum der Kirche, verh\u00fcllt, in der Passionszeit unsichtbar macht, lenkt es den Blick der Menschen auf sich selbst und ihr eigenes Verh\u00e4ltnis zu Gott und der Welt.&nbsp;<\/p>\n\n\n\n<p class=\"tw-text-wide\" style=\"line-height:1.5\">Die Altarverh\u00fcllung im Freiberger Dom 2024 geht auf eine Initiative der Kirchgemeinde zur\u00fcck. Im vergangenen Jahr war die Altarverh\u00fcllung im Dom Teil des Purple Path um und in Chemnitz als Kulturhauptstadt Europas 2025.&nbsp;<\/p>\n\n\n\n<p class=\"tw-text-wide\" style=\"line-height:1.5\"><em>Matthias Zwarg<\/em><\/p>\n\n\n\n<p class=\"tw-text-wide\" style=\"line-height:1.5\"><a href=\"https:\/\/www.magnetberg.de\/passion\/wp-content\/uploads\/2025\/01\/Michael-Morgner_8Seiten_2024-01-26.pdf\" target=\"_blank\" rel=\"noopener\" title=\"\">Katalog pdf<\/a><\/p>\n<\/div><\/div>\n","protected":false},"excerpt":{"rendered":"<p>Michael Morgner Altarverh\u00fcllung im Freiberger Dom24. Februar \u2013 30. M\u00e4rz 2024 Ecce homo \u201eEcce homo\u201c, \u201eSiehe, der Mensch!\u201c \u2013 der Ausruf im Johannesevangelium k\u00f6nnte das Lebensmotto f\u00fcr die Kunst Michael Morgners sein. Der gebeugte, geschundene, schutzsuchende, der aufrechte, stolze, selbstbewusste und der aufsteigende, \u00fcber sich hinauswachsende Mensch \u2013 daf\u00fcr hat der 1942 in Chemnitz geborene&hellip;<\/p>\n","protected":false},"author":1,"featured_media":0,"parent":0,"menu_order":0,"comment_status":"closed","ping_status":"closed","template":"tw-no-title.php","meta":{"jetpack_post_was_ever_published":false,"footnotes":""},"class_list":["post-2618","page","type-page","status-publish","hentry"],"aioseo_notices":[],"jetpack_sharing_enabled":true,"jetpack_shortlink":"https:\/\/wp.me\/P4bQhP-Ge","_links":{"self":[{"href":"https:\/\/www.magnetberg.de\/passion\/wp-json\/wp\/v2\/pages\/2618","targetHints":{"allow":["GET"]}}],"collection":[{"href":"https:\/\/www.magnetberg.de\/passion\/wp-json\/wp\/v2\/pages"}],"about":[{"href":"https:\/\/www.magnetberg.de\/passion\/wp-json\/wp\/v2\/types\/page"}],"author":[{"embeddable":true,"href":"https:\/\/www.magnetberg.de\/passion\/wp-json\/wp\/v2\/users\/1"}],"replies":[{"embeddable":true,"href":"https:\/\/www.magnetberg.de\/passion\/wp-json\/wp\/v2\/comments?post=2618"}],"version-history":[{"count":9,"href":"https:\/\/www.magnetberg.de\/passion\/wp-json\/wp\/v2\/pages\/2618\/revisions"}],"predecessor-version":[{"id":2651,"href":"https:\/\/www.magnetberg.de\/passion\/wp-json\/wp\/v2\/pages\/2618\/revisions\/2651"}],"wp:attachment":[{"href":"https:\/\/www.magnetberg.de\/passion\/wp-json\/wp\/v2\/media?parent=2618"}],"curies":[{"name":"wp","href":"https:\/\/api.w.org\/{rel}","templated":true}]}}