{"id":2430,"date":"2024-12-26T15:04:35","date_gmt":"2024-12-26T13:04:35","guid":{"rendered":"https:\/\/www.magnetberg.de\/passion\/?page_id=2430"},"modified":"2025-01-02T15:38:49","modified_gmt":"2025-01-02T13:38:49","slug":"das-kollektiv","status":"publish","type":"page","link":"https:\/\/www.magnetberg.de\/passion\/das-kollektiv\/","title":{"rendered":"Das Kollektiv"},"content":{"rendered":"\n<h2 class=\"wp-block-heading\"><strong>D<\/strong>AS KOLLEKTIV<\/h2>\n\n\n\n<p>Sabine Herrmann, Klaus Killisch und Markus Rheinfurth kuratierten von 2011 bis 2020 das Projekt&nbsp;PASSION mit k\u00fcnstlerischen Interventionen in der Paul-Gerhardt-Kirche Berlin. Aus der gemeinsamen Erfahrung im Umgang mit diesem besonderen Raum und der Begeisterung f\u00fcr Kunst, die auf den vorgegebenen Ort eingeht und vom Publikum gebraucht werden kann, entstand die Idee, als KOLLEKTIV f\u00fcr weitere Projekte und&nbsp;Kunst im \u00f6ffentlichen Raum zusammenzuarbeiten.<\/p>\n\n\n\n<div class=\"wp-block-group alignfull\"><div class=\"wp-block-group__inner-container is-layout-flow wp-block-group-is-layout-flow\">\n<div class=\"wp-block-columns alignwide is-layout-flex wp-container-core-columns-is-layout-d0b3c9c8 wp-block-columns-is-layout-flex\">\n<div class=\"wp-block-column is-layout-flow wp-block-column-is-layout-flow\">\n<figure class=\"wp-block-image size-large\"><a href=\"http:\/\/www.sabine-herrmann.eu\" target=\"_blank\" rel=\" noreferrer noopener\"><img data-recalc-dims=\"1\" loading=\"lazy\" decoding=\"async\" width=\"800\" height=\"520\" data-attachment-id=\"2436\" data-permalink=\"https:\/\/www.magnetberg.de\/passion\/das-kollektiv\/olympus-digital-camera-11\/\" data-orig-file=\"https:\/\/i0.wp.com\/www.magnetberg.de\/passion\/wp-content\/uploads\/2024\/12\/5170630a.jpg?fit=2000%2C1298&amp;ssl=1\" data-orig-size=\"2000,1298\" data-comments-opened=\"0\" data-image-meta=\"{&quot;aperture&quot;:&quot;4&quot;,&quot;credit&quot;:&quot;Klaus Killisch&quot;,&quot;camera&quot;:&quot;E-410&quot;,&quot;caption&quot;:&quot;OLYMPUS DIGITAL CAMERA&quot;,&quot;created_timestamp&quot;:&quot;1495025834&quot;,&quot;copyright&quot;:&quot;VG Bildkunst&quot;,&quot;focal_length&quot;:&quot;18&quot;,&quot;iso&quot;:&quot;100&quot;,&quot;shutter_speed&quot;:&quot;0.025&quot;,&quot;title&quot;:&quot;OLYMPUS DIGITAL CAMERA&quot;,&quot;orientation&quot;:&quot;1&quot;}\" data-image-title=\"Sabine Herrmann\" data-image-description=\"\" data-image-caption=\"\" data-large-file=\"https:\/\/i0.wp.com\/www.magnetberg.de\/passion\/wp-content\/uploads\/2024\/12\/5170630a.jpg?fit=800%2C520&amp;ssl=1\" src=\"https:\/\/i0.wp.com\/www.magnetberg.de\/passion\/wp-content\/uploads\/2024\/12\/5170630a.jpg?resize=800%2C520&#038;ssl=1\" alt=\"\" class=\"wp-image-2436\" srcset=\"https:\/\/i0.wp.com\/www.magnetberg.de\/passion\/wp-content\/uploads\/2024\/12\/5170630a.jpg?resize=1024%2C665&amp;ssl=1 1024w, https:\/\/i0.wp.com\/www.magnetberg.de\/passion\/wp-content\/uploads\/2024\/12\/5170630a.jpg?resize=300%2C195&amp;ssl=1 300w, https:\/\/i0.wp.com\/www.magnetberg.de\/passion\/wp-content\/uploads\/2024\/12\/5170630a.jpg?resize=768%2C498&amp;ssl=1 768w, https:\/\/i0.wp.com\/www.magnetberg.de\/passion\/wp-content\/uploads\/2024\/12\/5170630a.jpg?resize=1536%2C997&amp;ssl=1 1536w, https:\/\/i0.wp.com\/www.magnetberg.de\/passion\/wp-content\/uploads\/2024\/12\/5170630a.jpg?resize=1200%2C779&amp;ssl=1 1200w, https:\/\/i0.wp.com\/www.magnetberg.de\/passion\/wp-content\/uploads\/2024\/12\/5170630a.jpg?resize=1980%2C1285&amp;ssl=1 1980w, https:\/\/i0.wp.com\/www.magnetberg.de\/passion\/wp-content\/uploads\/2024\/12\/5170630a.jpg?w=2000&amp;ssl=1 2000w, https:\/\/i0.wp.com\/www.magnetberg.de\/passion\/wp-content\/uploads\/2024\/12\/5170630a.jpg?w=1600&amp;ssl=1 1600w\" sizes=\"auto, (max-width: 800px) 100vw, 800px\" \/><\/a><figcaption class=\"wp-element-caption\">Sabine Herrmann<\/figcaption><\/figure>\n<\/div>\n\n\n\n<div class=\"wp-block-column is-layout-flow wp-block-column-is-layout-flow\">\n<figure class=\"wp-block-image size-large\"><a href=\"https:\/\/www.klaus-killisch.de\" target=\"_blank\" rel=\" noreferrer noopener\"><img data-recalc-dims=\"1\" loading=\"lazy\" decoding=\"async\" width=\"800\" height=\"533\" data-attachment-id=\"2435\" data-permalink=\"https:\/\/www.magnetberg.de\/passion\/das-kollektiv\/olympus-digital-camera-9\/\" data-orig-file=\"https:\/\/i0.wp.com\/www.magnetberg.de\/passion\/wp-content\/uploads\/2024\/12\/63D7D529-752F-4EC4-A68A-C610CC1448AD.jpeg?fit=2000%2C1333&amp;ssl=1\" data-orig-size=\"2000,1333\" data-comments-opened=\"0\" data-image-meta=\"{&quot;aperture&quot;:&quot;3.5&quot;,&quot;credit&quot;:&quot;Klaus Killisch&quot;,&quot;camera&quot;:&quot;E-410&quot;,&quot;caption&quot;:&quot;OLYMPUS DIGITAL CAMERA&quot;,&quot;created_timestamp&quot;:&quot;1446738596&quot;,&quot;copyright&quot;:&quot;VG Bildkunst&quot;,&quot;focal_length&quot;:&quot;14&quot;,&quot;iso&quot;:&quot;100&quot;,&quot;shutter_speed&quot;:&quot;0.033333333333333&quot;,&quot;title&quot;:&quot;OLYMPUS DIGITAL CAMERA&quot;,&quot;orientation&quot;:&quot;1&quot;}\" data-image-title=\"Klaus Killisch\" data-image-description=\"\" data-image-caption=\"\" data-large-file=\"https:\/\/i0.wp.com\/www.magnetberg.de\/passion\/wp-content\/uploads\/2024\/12\/63D7D529-752F-4EC4-A68A-C610CC1448AD.jpeg?fit=800%2C533&amp;ssl=1\" src=\"https:\/\/i0.wp.com\/www.magnetberg.de\/passion\/wp-content\/uploads\/2024\/12\/63D7D529-752F-4EC4-A68A-C610CC1448AD.jpeg?resize=800%2C533&#038;ssl=1\" alt=\"\" class=\"wp-image-2435\" srcset=\"https:\/\/i0.wp.com\/www.magnetberg.de\/passion\/wp-content\/uploads\/2024\/12\/63D7D529-752F-4EC4-A68A-C610CC1448AD.jpeg?resize=1024%2C682&amp;ssl=1 1024w, https:\/\/i0.wp.com\/www.magnetberg.de\/passion\/wp-content\/uploads\/2024\/12\/63D7D529-752F-4EC4-A68A-C610CC1448AD.jpeg?resize=300%2C200&amp;ssl=1 300w, https:\/\/i0.wp.com\/www.magnetberg.de\/passion\/wp-content\/uploads\/2024\/12\/63D7D529-752F-4EC4-A68A-C610CC1448AD.jpeg?resize=768%2C512&amp;ssl=1 768w, https:\/\/i0.wp.com\/www.magnetberg.de\/passion\/wp-content\/uploads\/2024\/12\/63D7D529-752F-4EC4-A68A-C610CC1448AD.jpeg?resize=1536%2C1024&amp;ssl=1 1536w, https:\/\/i0.wp.com\/www.magnetberg.de\/passion\/wp-content\/uploads\/2024\/12\/63D7D529-752F-4EC4-A68A-C610CC1448AD.jpeg?resize=1200%2C800&amp;ssl=1 1200w, https:\/\/i0.wp.com\/www.magnetberg.de\/passion\/wp-content\/uploads\/2024\/12\/63D7D529-752F-4EC4-A68A-C610CC1448AD.jpeg?resize=1980%2C1320&amp;ssl=1 1980w, https:\/\/i0.wp.com\/www.magnetberg.de\/passion\/wp-content\/uploads\/2024\/12\/63D7D529-752F-4EC4-A68A-C610CC1448AD.jpeg?w=2000&amp;ssl=1 2000w, https:\/\/i0.wp.com\/www.magnetberg.de\/passion\/wp-content\/uploads\/2024\/12\/63D7D529-752F-4EC4-A68A-C610CC1448AD.jpeg?w=1600&amp;ssl=1 1600w\" sizes=\"auto, (max-width: 800px) 100vw, 800px\" \/><\/a><figcaption class=\"wp-element-caption\">Klaus Killisch<\/figcaption><\/figure>\n<\/div>\n\n\n\n<div class=\"wp-block-column is-layout-flow wp-block-column-is-layout-flow\">\n<figure class=\"wp-block-image size-large\"><a href=\"https:\/\/www.rheinfurth-architekten.de\" target=\"_blank\" rel=\" noreferrer noopener\"><img data-recalc-dims=\"1\" loading=\"lazy\" decoding=\"async\" width=\"800\" height=\"533\" data-attachment-id=\"2438\" data-permalink=\"https:\/\/www.magnetberg.de\/passion\/das-kollektiv\/elis_01-1\/\" data-orig-file=\"https:\/\/i0.wp.com\/www.magnetberg.de\/passion\/wp-content\/uploads\/2024\/12\/ELIS_01-1.jpg?fit=2000%2C1333&amp;ssl=1\" data-orig-size=\"2000,1333\" data-comments-opened=\"0\" data-image-meta=\"{&quot;aperture&quot;:&quot;0&quot;,&quot;credit&quot;:&quot;&quot;,&quot;camera&quot;:&quot;&quot;,&quot;caption&quot;:&quot;&quot;,&quot;created_timestamp&quot;:&quot;0&quot;,&quot;copyright&quot;:&quot;Markus Rheinfurth&quot;,&quot;focal_length&quot;:&quot;0&quot;,&quot;iso&quot;:&quot;0&quot;,&quot;shutter_speed&quot;:&quot;0&quot;,&quot;title&quot;:&quot;&quot;,&quot;orientation&quot;:&quot;0&quot;}\" data-image-title=\"Markus Rheinfurth\" data-image-description=\"\" data-image-caption=\"\" data-large-file=\"https:\/\/i0.wp.com\/www.magnetberg.de\/passion\/wp-content\/uploads\/2024\/12\/ELIS_01-1.jpg?fit=800%2C533&amp;ssl=1\" src=\"https:\/\/i0.wp.com\/www.magnetberg.de\/passion\/wp-content\/uploads\/2024\/12\/ELIS_01-1.jpg?resize=800%2C533&#038;ssl=1\" alt=\"\" class=\"wp-image-2438\" srcset=\"https:\/\/i0.wp.com\/www.magnetberg.de\/passion\/wp-content\/uploads\/2024\/12\/ELIS_01-1.jpg?resize=1024%2C682&amp;ssl=1 1024w, https:\/\/i0.wp.com\/www.magnetberg.de\/passion\/wp-content\/uploads\/2024\/12\/ELIS_01-1.jpg?resize=300%2C200&amp;ssl=1 300w, https:\/\/i0.wp.com\/www.magnetberg.de\/passion\/wp-content\/uploads\/2024\/12\/ELIS_01-1.jpg?resize=768%2C512&amp;ssl=1 768w, https:\/\/i0.wp.com\/www.magnetberg.de\/passion\/wp-content\/uploads\/2024\/12\/ELIS_01-1.jpg?resize=1536%2C1024&amp;ssl=1 1536w, https:\/\/i0.wp.com\/www.magnetberg.de\/passion\/wp-content\/uploads\/2024\/12\/ELIS_01-1.jpg?resize=1200%2C800&amp;ssl=1 1200w, https:\/\/i0.wp.com\/www.magnetberg.de\/passion\/wp-content\/uploads\/2024\/12\/ELIS_01-1.jpg?resize=1980%2C1320&amp;ssl=1 1980w, https:\/\/i0.wp.com\/www.magnetberg.de\/passion\/wp-content\/uploads\/2024\/12\/ELIS_01-1.jpg?w=2000&amp;ssl=1 2000w, https:\/\/i0.wp.com\/www.magnetberg.de\/passion\/wp-content\/uploads\/2024\/12\/ELIS_01-1.jpg?w=1600&amp;ssl=1 1600w\" sizes=\"auto, (max-width: 800px) 100vw, 800px\" \/><\/a><figcaption class=\"wp-element-caption\">Markus Rheinfurth<\/figcaption><\/figure>\n<\/div>\n\n\n\n<div class=\"wp-block-column is-layout-flow wp-block-column-is-layout-flow\">\n<figure class=\"wp-block-image size-large\"><a href=\"https:\/\/www.magnetberg.de\/bau\/\" target=\"_blank\" rel=\" noreferrer noopener\"><img data-recalc-dims=\"1\" loading=\"lazy\" decoding=\"async\" width=\"800\" height=\"533\" data-attachment-id=\"2437\" data-permalink=\"https:\/\/www.magnetberg.de\/passion\/das-kollektiv\/dsc02558_b\/\" data-orig-file=\"https:\/\/i0.wp.com\/www.magnetberg.de\/passion\/wp-content\/uploads\/2024\/12\/DSC02558_b.jpg?fit=2000%2C1333&amp;ssl=1\" data-orig-size=\"2000,1333\" data-comments-opened=\"0\" data-image-meta=\"{&quot;aperture&quot;:&quot;0&quot;,&quot;credit&quot;:&quot;&quot;,&quot;camera&quot;:&quot;&quot;,&quot;caption&quot;:&quot;&quot;,&quot;created_timestamp&quot;:&quot;0&quot;,&quot;copyright&quot;:&quot;&quot;,&quot;focal_length&quot;:&quot;0&quot;,&quot;iso&quot;:&quot;0&quot;,&quot;shutter_speed&quot;:&quot;0&quot;,&quot;title&quot;:&quot;&quot;,&quot;orientation&quot;:&quot;1&quot;}\" data-image-title=\"Das Kollektiv\" data-image-description=\"\" data-image-caption=\"\" data-large-file=\"https:\/\/i0.wp.com\/www.magnetberg.de\/passion\/wp-content\/uploads\/2024\/12\/DSC02558_b.jpg?fit=800%2C533&amp;ssl=1\" src=\"https:\/\/i0.wp.com\/www.magnetberg.de\/passion\/wp-content\/uploads\/2024\/12\/DSC02558_b.jpg?resize=800%2C533&#038;ssl=1\" alt=\"\" class=\"wp-image-2437\" srcset=\"https:\/\/i0.wp.com\/www.magnetberg.de\/passion\/wp-content\/uploads\/2024\/12\/DSC02558_b.jpg?resize=1024%2C682&amp;ssl=1 1024w, https:\/\/i0.wp.com\/www.magnetberg.de\/passion\/wp-content\/uploads\/2024\/12\/DSC02558_b.jpg?resize=300%2C200&amp;ssl=1 300w, https:\/\/i0.wp.com\/www.magnetberg.de\/passion\/wp-content\/uploads\/2024\/12\/DSC02558_b.jpg?resize=768%2C512&amp;ssl=1 768w, https:\/\/i0.wp.com\/www.magnetberg.de\/passion\/wp-content\/uploads\/2024\/12\/DSC02558_b.jpg?resize=1536%2C1024&amp;ssl=1 1536w, https:\/\/i0.wp.com\/www.magnetberg.de\/passion\/wp-content\/uploads\/2024\/12\/DSC02558_b.jpg?resize=1200%2C800&amp;ssl=1 1200w, https:\/\/i0.wp.com\/www.magnetberg.de\/passion\/wp-content\/uploads\/2024\/12\/DSC02558_b.jpg?resize=1980%2C1320&amp;ssl=1 1980w, https:\/\/i0.wp.com\/www.magnetberg.de\/passion\/wp-content\/uploads\/2024\/12\/DSC02558_b.jpg?w=2000&amp;ssl=1 2000w, https:\/\/i0.wp.com\/www.magnetberg.de\/passion\/wp-content\/uploads\/2024\/12\/DSC02558_b.jpg?w=1600&amp;ssl=1 1600w\" sizes=\"auto, (max-width: 800px) 100vw, 800px\" \/><\/a><figcaption class=\"wp-element-caption\">Kunst im \u00f6ffentlichen Raum<\/figcaption><\/figure>\n<\/div>\n<\/div>\n<\/div><\/div>\n\n\n\n<p><\/p>\n","protected":false},"excerpt":{"rendered":"<p>DAS KOLLEKTIV Sabine Herrmann, Klaus Killisch und Markus Rheinfurth kuratierten von 2011 bis 2020 das Projekt&nbsp;PASSION mit k\u00fcnstlerischen Interventionen in der Paul-Gerhardt-Kirche Berlin. Aus der gemeinsamen Erfahrung im Umgang mit diesem besonderen Raum und der Begeisterung f\u00fcr Kunst, die auf den vorgegebenen Ort eingeht und vom Publikum gebraucht werden kann, entstand die Idee, als KOLLEKTIV&hellip;<\/p>\n","protected":false},"author":1,"featured_media":0,"parent":0,"menu_order":0,"comment_status":"closed","ping_status":"closed","template":"tw-no-title.php","meta":{"jetpack_post_was_ever_published":false,"footnotes":""},"class_list":["post-2430","page","type-page","status-publish","hentry"],"aioseo_notices":[],"jetpack_sharing_enabled":true,"jetpack_shortlink":"https:\/\/wp.me\/P4bQhP-Dc","_links":{"self":[{"href":"https:\/\/www.magnetberg.de\/passion\/wp-json\/wp\/v2\/pages\/2430","targetHints":{"allow":["GET"]}}],"collection":[{"href":"https:\/\/www.magnetberg.de\/passion\/wp-json\/wp\/v2\/pages"}],"about":[{"href":"https:\/\/www.magnetberg.de\/passion\/wp-json\/wp\/v2\/types\/page"}],"author":[{"embeddable":true,"href":"https:\/\/www.magnetberg.de\/passion\/wp-json\/wp\/v2\/users\/1"}],"replies":[{"embeddable":true,"href":"https:\/\/www.magnetberg.de\/passion\/wp-json\/wp\/v2\/comments?post=2430"}],"version-history":[{"count":18,"href":"https:\/\/www.magnetberg.de\/passion\/wp-json\/wp\/v2\/pages\/2430\/revisions"}],"predecessor-version":[{"id":2610,"href":"https:\/\/www.magnetberg.de\/passion\/wp-json\/wp\/v2\/pages\/2430\/revisions\/2610"}],"wp:attachment":[{"href":"https:\/\/www.magnetberg.de\/passion\/wp-json\/wp\/v2\/media?parent=2430"}],"curies":[{"name":"wp","href":"https:\/\/api.w.org\/{rel}","templated":true}]}}