{"id":2068,"date":"2024-12-23T23:35:11","date_gmt":"2024-12-23T21:35:11","guid":{"rendered":"https:\/\/www.magnetberg.de\/passion\/?page_id=2068"},"modified":"2024-12-29T13:47:25","modified_gmt":"2024-12-29T11:47:25","slug":"altarverhuellung","status":"publish","type":"page","link":"https:\/\/www.magnetberg.de\/passion\/altarverhuellung\/","title":{"rendered":"Altarverh\u00fcllung"},"content":{"rendered":"\n<div class=\"wp-block-cover alignfull\" style=\"min-height:70vh;aspect-ratio:unset;\"><span aria-hidden=\"true\" class=\"wp-block-cover__background has-background-dim-0 has-background-dim\" style=\"background-color:#8b7979\"><\/span><img data-recalc-dims=\"1\" loading=\"lazy\" decoding=\"async\" width=\"800\" height=\"533\" data-attachment-id=\"2024\" data-permalink=\"https:\/\/www.magnetberg.de\/passion\/2014-grosse\/\" data-orig-file=\"https:\/\/i0.wp.com\/www.magnetberg.de\/passion\/wp-content\/uploads\/2024\/12\/2014-Grosse.jpg?fit=2000%2C1333&amp;ssl=1\" data-orig-size=\"2000,1333\" data-comments-opened=\"0\" data-image-meta=\"{&quot;aperture&quot;:&quot;0&quot;,&quot;credit&quot;:&quot;&quot;,&quot;camera&quot;:&quot;&quot;,&quot;caption&quot;:&quot;&quot;,&quot;created_timestamp&quot;:&quot;0&quot;,&quot;copyright&quot;:&quot;&quot;,&quot;focal_length&quot;:&quot;0&quot;,&quot;iso&quot;:&quot;0&quot;,&quot;shutter_speed&quot;:&quot;0&quot;,&quot;title&quot;:&quot;&quot;,&quot;orientation&quot;:&quot;0&quot;}\" data-image-title=\"2014-Grosse\" data-image-description=\"\" data-image-caption=\"\" data-large-file=\"https:\/\/i0.wp.com\/www.magnetberg.de\/passion\/wp-content\/uploads\/2024\/12\/2014-Grosse.jpg?fit=800%2C533&amp;ssl=1\" sizes=\"auto, (max-width: 799px) 200vw, (max-width: 2000px) 100vw, 2000px\" class=\"wp-block-cover__image-background wp-image-2024\" alt=\"\" src=\"https:\/\/i0.wp.com\/www.magnetberg.de\/passion\/wp-content\/uploads\/2024\/12\/2014-Grosse.jpg?resize=800%2C533&#038;ssl=1\" data-object-fit=\"cover\" srcset=\"https:\/\/i0.wp.com\/www.magnetberg.de\/passion\/wp-content\/uploads\/2024\/12\/2014-Grosse.jpg?w=2000&amp;ssl=1 2000w, https:\/\/i0.wp.com\/www.magnetberg.de\/passion\/wp-content\/uploads\/2024\/12\/2014-Grosse.jpg?resize=300%2C200&amp;ssl=1 300w, https:\/\/i0.wp.com\/www.magnetberg.de\/passion\/wp-content\/uploads\/2024\/12\/2014-Grosse.jpg?resize=1024%2C682&amp;ssl=1 1024w, https:\/\/i0.wp.com\/www.magnetberg.de\/passion\/wp-content\/uploads\/2024\/12\/2014-Grosse.jpg?resize=768%2C512&amp;ssl=1 768w, https:\/\/i0.wp.com\/www.magnetberg.de\/passion\/wp-content\/uploads\/2024\/12\/2014-Grosse.jpg?resize=1536%2C1024&amp;ssl=1 1536w, https:\/\/i0.wp.com\/www.magnetberg.de\/passion\/wp-content\/uploads\/2024\/12\/2014-Grosse.jpg?w=1600&amp;ssl=1 1600w\" \/><div class=\"wp-block-cover__inner-container is-layout-flow wp-block-cover-is-layout-flow\">\n<h1 class=\"wp-block-heading alignwide has-text-align-center\"><\/h1>\n\n\n\n<p class=\"has-text-align-center has-large-font-size\"><\/p>\n<\/div><\/div>\n\n\n\n<div class=\"wp-block-group alignfull has-subtle-background-background-color has-background\"><div class=\"wp-block-group__inner-container is-layout-flow wp-block-group-is-layout-flow\">\n<div class=\"wp-block-columns alignwide tw-cols-stack-md tw-gutter-large is-layout-flex wp-container-core-columns-is-layout-d0b3c9c8 wp-block-columns-is-layout-flex\">\n<div class=\"wp-block-column is-layout-flow wp-block-column-is-layout-flow\">\n<h2 class=\"wp-block-heading\">PASSION<\/h2>\n<\/div>\n\n\n\n<div class=\"wp-block-column is-layout-flow wp-block-column-is-layout-flow\">\n<p>Altarverh\u00fcllung und Intervention <br>in der Paul-Gerhardt-Kirche, 2011 \u2013 2020<\/p>\n<\/div>\n<\/div>\n<\/div><\/div>\n\n\n\n<div class=\"wp-block-group alignwide\"><div class=\"wp-block-group__inner-container is-layout-flow wp-block-group-is-layout-flow\">\n<p class=\"tw-text-wide\">Ein Kunstprojekt der Evangelischen Kirchengemeinde Prenzlauer Berg. Kuratiert und umgesetzt durch DAS KOLLEKTIV Sabine Herrmann, Klaus Killisch und Markus Rheinfurth.<\/p>\n\n\n\n<p class=\"tw-text-wide\" style=\"line-height:1.5\"><strong>Passionszeit<\/strong><br><br>In den 40 Tagen vor Ostern, von Aschermittwoch bis Karsamstag, wird in den christlichen Kirchen an den Leidensweg Jesu Christi gedacht, wie er in den Evangelien dargestellt ist. Die Passionsgeschichte umfasst den Todesbeschluss der Gegner Jesu, die Einsetzung des Abendmahls, den Verrat des Judas und seine Enttarnung, das Gerichtsverfahren vor Pontius Pilatus, die Leugnung des Petrus, Jesus zu kennen, die Verurteilung Jesu, seine Kreuzigung, seinen Tod sowie seine Grablegung. Die Passionserz\u00e4hlung ist keine Heldengeschichte, denn der Tod am Kreuz wurde als Scheitern verstanden. Um so befreiender wirkt die Auferweckung Jesu von den Toten durch Gott am Ostersonntag.<\/p>\n\n\n\n<figure class=\"wp-block-image alignwide size-full\"><a href=\"https:\/\/www.magnetberg.de\/passion\/intro\/img14329_druck20x30\/\"><img data-recalc-dims=\"1\" loading=\"lazy\" decoding=\"async\" width=\"800\" height=\"1199\" data-attachment-id=\"1982\" data-permalink=\"https:\/\/www.magnetberg.de\/passion\/intro\/img14329_druck20x30\/\" data-orig-file=\"https:\/\/i0.wp.com\/www.magnetberg.de\/passion\/wp-content\/uploads\/2023\/10\/IMG14329_Druck20x30.jpg?fit=1334%2C2000&amp;ssl=1\" data-orig-size=\"1334,2000\" data-comments-opened=\"0\" data-image-meta=\"{&quot;aperture&quot;:&quot;2.8&quot;,&quot;credit&quot;:&quot;&quot;,&quot;camera&quot;:&quot;Canon EOS 60D&quot;,&quot;caption&quot;:&quot;&quot;,&quot;created_timestamp&quot;:&quot;1397987216&quot;,&quot;copyright&quot;:&quot;&quot;,&quot;focal_length&quot;:&quot;24&quot;,&quot;iso&quot;:&quot;2500&quot;,&quot;shutter_speed&quot;:&quot;0.0125&quot;,&quot;title&quot;:&quot;&quot;,&quot;orientation&quot;:&quot;0&quot;}\" data-image-title=\"Katharina Grosse, GEBETE ERFINDEN, 2014\" data-image-description=\"\" data-image-caption=\"&lt;p&gt;Katharina Grosse, GEBETE ERFINDEN, 2014, Enth\u00fcllung des Altars zu Ostern&lt;\/p&gt;\n\" data-large-file=\"https:\/\/i0.wp.com\/www.magnetberg.de\/passion\/wp-content\/uploads\/2023\/10\/IMG14329_Druck20x30.jpg?fit=683%2C1024&amp;ssl=1\" src=\"https:\/\/i0.wp.com\/www.magnetberg.de\/passion\/wp-content\/uploads\/2023\/10\/IMG14329_Druck20x30.jpg?resize=800%2C1199&#038;ssl=1\" alt=\"\" class=\"wp-image-1982\" srcset=\"https:\/\/i0.wp.com\/www.magnetberg.de\/passion\/wp-content\/uploads\/2023\/10\/IMG14329_Druck20x30.jpg?w=1334&amp;ssl=1 1334w, https:\/\/i0.wp.com\/www.magnetberg.de\/passion\/wp-content\/uploads\/2023\/10\/IMG14329_Druck20x30.jpg?resize=200%2C300&amp;ssl=1 200w, https:\/\/i0.wp.com\/www.magnetberg.de\/passion\/wp-content\/uploads\/2023\/10\/IMG14329_Druck20x30.jpg?resize=683%2C1024&amp;ssl=1 683w, https:\/\/i0.wp.com\/www.magnetberg.de\/passion\/wp-content\/uploads\/2023\/10\/IMG14329_Druck20x30.jpg?resize=768%2C1151&amp;ssl=1 768w, https:\/\/i0.wp.com\/www.magnetberg.de\/passion\/wp-content\/uploads\/2023\/10\/IMG14329_Druck20x30.jpg?resize=1025%2C1536&amp;ssl=1 1025w\" sizes=\"auto, (max-width: 800px) 100vw, 800px\" \/><\/a><figcaption class=\"wp-element-caption\">Katharina Grosse, GEBETE ERFINDEN, 2014, Enth\u00fcllung des Altars zu Ostern<\/figcaption><\/figure>\n\n\n\n<p class=\"tw-text-wide\" style=\"line-height:1.5\"><strong>Altarraum in der Paul-Gerhardt-Kirche<\/strong><\/p>\n\n\n\n<p class=\"tw-text-wide\" style=\"line-height:1.5\">Den Kirchenraum der im Jahre 1910 fertiggestellten Paul-Gerhardt-Kirche in Berlin-Prenzlauer Berg beherrscht das gro\u00dfe Altarbild von Gerard Noack. Bauzeitlich umrahmt von der mit allegorisch stilisierten Bildern des Paradieses vollst\u00e4ndig ausgemalten R\u00fcckwand des Chores ist das Bild des auferstandenen Christus im &#8222;Sp\u00e4tnazarener&#8220;- Stil Ausdruck des \u00e4sthetischen Zeitgeistes Anfang des 20. Jh.. W\u00e4hrend sich auf Alt\u00e4ren der Gotik und Fr\u00fchrenaissance die Kreuzigung Christi oft in einen Zyklus von Leidensbildern einf\u00fcgt, wird auf Berliner Alt\u00e4ren zur Zeit des Berliner Kirchbauvereins auf die Darstellung der Kreuzigung vorausgehender Leidensszenen verzichtet. Vielmehr waren die Autoren darauf bedacht, mit dem erh\u00f6hten, auferstandenen Christus dem gekreuzigten Heiland einen deutlichen Gegensatz an die Seite zu stellen. Das Altarbild in der Paul-Gerhardt-Kirche geht dar\u00fcber hinaus. Die \u00fcberdimensionale und alleinige Darstellung des Auferstanden inmitten des als paradiesischen Garten mit Engelsfiguren gestalteten Chores ist Ausdruck f\u00fcr einen sentimentalen und verkl\u00e4renden Blick in den letzten Jahren vor dem Ersten Weltkrieg. <\/p>\n\n\n\n<figure class=\"wp-block-image alignwide size-full\"><a href=\"https:\/\/www.magnetberg.de\/passion\/intro\/_mg_4679a\/\"><img data-recalc-dims=\"1\" loading=\"lazy\" decoding=\"async\" width=\"800\" height=\"581\" data-attachment-id=\"1627\" data-permalink=\"https:\/\/www.magnetberg.de\/passion\/intro\/_mg_4679a\/\" data-orig-file=\"https:\/\/i0.wp.com\/www.magnetberg.de\/passion\/wp-content\/uploads\/2023\/05\/MG_4679a.jpg?fit=1493%2C1085&amp;ssl=1\" data-orig-size=\"1493,1085\" data-comments-opened=\"0\" data-image-meta=\"{&quot;aperture&quot;:&quot;4.5&quot;,&quot;credit&quot;:&quot;Markus Rheinfurth&quot;,&quot;camera&quot;:&quot;Canon EOS 6D&quot;,&quot;caption&quot;:&quot;&quot;,&quot;created_timestamp&quot;:&quot;1572279146&quot;,&quot;copyright&quot;:&quot;Markus Rheinfurth&quot;,&quot;focal_length&quot;:&quot;24&quot;,&quot;iso&quot;:&quot;100&quot;,&quot;shutter_speed&quot;:&quot;8&quot;,&quot;title&quot;:&quot;&quot;,&quot;orientation&quot;:&quot;1&quot;}\" data-image-title=\"Gerhard Noack, Altarbild der Paul-Gerhardt-Kirche, 1910\" data-image-description=\"\" data-image-caption=\"&lt;p&gt;Gerhard Noack, Altarbild der Paul-Gerhardt-Kirche, 1910&lt;\/p&gt;\n\" data-large-file=\"https:\/\/i0.wp.com\/www.magnetberg.de\/passion\/wp-content\/uploads\/2023\/05\/MG_4679a.jpg?fit=800%2C581&amp;ssl=1\" src=\"https:\/\/i0.wp.com\/www.magnetberg.de\/passion\/wp-content\/uploads\/2023\/05\/MG_4679a.jpg?resize=800%2C581&#038;ssl=1\" alt=\"\" class=\"wp-image-1627\" srcset=\"https:\/\/i0.wp.com\/www.magnetberg.de\/passion\/wp-content\/uploads\/2023\/05\/MG_4679a.jpg?w=1493&amp;ssl=1 1493w, https:\/\/i0.wp.com\/www.magnetberg.de\/passion\/wp-content\/uploads\/2023\/05\/MG_4679a.jpg?resize=300%2C218&amp;ssl=1 300w, https:\/\/i0.wp.com\/www.magnetberg.de\/passion\/wp-content\/uploads\/2023\/05\/MG_4679a.jpg?resize=1024%2C744&amp;ssl=1 1024w, https:\/\/i0.wp.com\/www.magnetberg.de\/passion\/wp-content\/uploads\/2023\/05\/MG_4679a.jpg?resize=768%2C558&amp;ssl=1 768w\" sizes=\"auto, (max-width: 800px) 100vw, 800px\" \/><\/a><\/figure>\n\n\n\n<p class=\"tw-text-wide\" style=\"line-height:1.5\">Theologisch l\u00e4sst sich der auferstandenen Christus vor der paradiesischen Landschaft als eschatologisches Motiv verstehen. Nach Ende des Zweiten Weltkrieges war die Darstellung umstritten. In der von materieller Not gekennzeichneten Nachkriegszeit wurden in vielen Kirchen derartige Altarbilder entfernt. In der Paul-Gerhard-Kirche blieb es trotz vieler Diskussionen erhalten. In den 1990er Jahren wurde es restauratorisch \u00fcberarbeitet. Heute ist es eines der wenigen bauzeitlichen Kunstwerke in der Kirche. Die umgebende Ausmalung des Chores ist der Umgestaltung des Kircheninnenraumes 1959\/60 aus Anlass der 50-j\u00e4hrigen Kirchweihe zum Opfer gefallen.<\/p>\n\n\n\n<p class=\"tw-text-wide\" style=\"line-height:1.5\">Am 20. Januar 2022 legten Brandstifter diesen Altar samt Gem\u00e4lde in Schutt und Asche.<\/p>\n\n\n\n<figure class=\"wp-block-image alignwide size-full\"><a href=\"https:\/\/www.magnetberg.de\/passion\/intro\/_mg_0545\/\"><img data-recalc-dims=\"1\" loading=\"lazy\" decoding=\"async\" width=\"800\" height=\"533\" data-attachment-id=\"1594\" data-permalink=\"https:\/\/www.magnetberg.de\/passion\/intro\/_mg_0545\/\" data-orig-file=\"https:\/\/i0.wp.com\/www.magnetberg.de\/passion\/wp-content\/uploads\/2022\/02\/MG_0545.jpg?fit=2000%2C1333&amp;ssl=1\" data-orig-size=\"2000,1333\" data-comments-opened=\"0\" data-image-meta=\"{&quot;aperture&quot;:&quot;3.5&quot;,&quot;credit&quot;:&quot;Markus Rheinfurth&quot;,&quot;camera&quot;:&quot;Canon EOS 6D&quot;,&quot;caption&quot;:&quot;&quot;,&quot;created_timestamp&quot;:&quot;1642774795&quot;,&quot;copyright&quot;:&quot;Markus Rheinfurth&quot;,&quot;focal_length&quot;:&quot;24&quot;,&quot;iso&quot;:&quot;100&quot;,&quot;shutter_speed&quot;:&quot;6&quot;,&quot;title&quot;:&quot;&quot;,&quot;orientation&quot;:&quot;1&quot;}\" data-image-title=\"Innenraum der Paul-Gerhardt-Kirche nach dem Brand\" data-image-description=\"\" data-image-caption=\"&lt;p&gt;Innenraum der Paul-Gerhardt-Kirche nach dem Brand am 20.1.2022, Foto: Markus Rheinfurth&lt;\/p&gt;\n\" data-large-file=\"https:\/\/i0.wp.com\/www.magnetberg.de\/passion\/wp-content\/uploads\/2022\/02\/MG_0545.jpg?fit=800%2C533&amp;ssl=1\" src=\"https:\/\/i0.wp.com\/www.magnetberg.de\/passion\/wp-content\/uploads\/2022\/02\/MG_0545.jpg?resize=800%2C533&#038;ssl=1\" alt=\"\" class=\"wp-image-1594\" srcset=\"https:\/\/i0.wp.com\/www.magnetberg.de\/passion\/wp-content\/uploads\/2022\/02\/MG_0545.jpg?w=2000&amp;ssl=1 2000w, https:\/\/i0.wp.com\/www.magnetberg.de\/passion\/wp-content\/uploads\/2022\/02\/MG_0545.jpg?resize=300%2C200&amp;ssl=1 300w, https:\/\/i0.wp.com\/www.magnetberg.de\/passion\/wp-content\/uploads\/2022\/02\/MG_0545.jpg?resize=1024%2C682&amp;ssl=1 1024w, https:\/\/i0.wp.com\/www.magnetberg.de\/passion\/wp-content\/uploads\/2022\/02\/MG_0545.jpg?resize=768%2C512&amp;ssl=1 768w, https:\/\/i0.wp.com\/www.magnetberg.de\/passion\/wp-content\/uploads\/2022\/02\/MG_0545.jpg?resize=1536%2C1024&amp;ssl=1 1536w, https:\/\/i0.wp.com\/www.magnetberg.de\/passion\/wp-content\/uploads\/2022\/02\/MG_0545.jpg?w=1600&amp;ssl=1 1600w\" sizes=\"auto, (max-width: 800px) 100vw, 800px\" \/><\/a><figcaption class=\"wp-element-caption\">Innenraum der Paul-Gerhardt-Kirche nach dem Brand am 20.1.2022, Foto: Markus Rheinfurth<\/figcaption><\/figure>\n\n\n\n<p class=\"tw-text-wide\" style=\"line-height:1.5\"><strong>Das Kunstprojekt: Altarverh\u00fcllung<\/strong><\/p>\n\n\n\n<p class=\"tw-text-wide\" style=\"line-height:1.5\">In der Passionszeit gibt es zwischen dem thematischen Inhalt der Sonntage mit dem Leidensweg Jesu und der \u00fcberschw\u00e4nglichen Darstellung des auferstandenen Christus auf dem Altarbild in der Paul-Gerhardt-Kirche einen inhaltlichen Wiederspruch. Das Altarbild nimmt die Freude der Auferstehung zu Ostern bereits voraus und schw\u00e4cht damit die&nbsp;Passionszeit. Dies wird umso mehr deutlich, je n\u00e4her der Tag der Kreuzigung und des Todes Jesu am Karfreitag r\u00fcckt. Ziel des Kunstprojektes war es, in der Tradition der Passions- bzw. Fastent\u00fccher das bauzeitliche Altarbild in der Paul-Gerhardt-Kirche f\u00fcr die Dauer der Passionszeit teilweise oder vollst\u00e4ndig mit einem eigens daf\u00fcr angefertigten Kunstwerk eines zeitgen\u00f6ssischen K\u00fcnstlers abzudecken. Die Idee der Altarverh\u00fcllung entstand im 100. Jahr des Bestehens der Paul-Gerhardt-Kirche 2010 zusammen mit der damaligen Pfarrerin Uta Fey und wurde erstmalig 2011 durchgef\u00fchrt. Mit der Altarverh\u00fcllung in der Passionszeit 2020 fand die Reihe der Altarverh\u00fcllungen in der Paul-Gerhardt-Kirche einen vorl\u00e4ufigen Abschluss.<\/p>\n\n\n\n<figure class=\"wp-block-image alignwide size-full\"><a href=\"https:\/\/www.magnetberg.de\/passion\/das-buch-passion\/\"><img data-recalc-dims=\"1\" loading=\"lazy\" decoding=\"async\" width=\"800\" height=\"533\" data-attachment-id=\"2063\" data-permalink=\"https:\/\/www.magnetberg.de\/passion\/intro\/buch-passion\/\" data-orig-file=\"https:\/\/i0.wp.com\/www.magnetberg.de\/passion\/wp-content\/uploads\/2024\/12\/Buch-Passion.jpg?fit=2000%2C1333&amp;ssl=1\" data-orig-size=\"2000,1333\" data-comments-opened=\"0\" data-image-meta=\"{&quot;aperture&quot;:&quot;0&quot;,&quot;credit&quot;:&quot;&quot;,&quot;camera&quot;:&quot;&quot;,&quot;caption&quot;:&quot;&quot;,&quot;created_timestamp&quot;:&quot;0&quot;,&quot;copyright&quot;:&quot;&quot;,&quot;focal_length&quot;:&quot;0&quot;,&quot;iso&quot;:&quot;0&quot;,&quot;shutter_speed&quot;:&quot;0&quot;,&quot;title&quot;:&quot;&quot;,&quot;orientation&quot;:&quot;0&quot;}\" data-image-title=\"Buch Passion\" data-image-description=\"\" data-image-caption=\"\" data-large-file=\"https:\/\/i0.wp.com\/www.magnetberg.de\/passion\/wp-content\/uploads\/2024\/12\/Buch-Passion.jpg?fit=800%2C533&amp;ssl=1\" src=\"https:\/\/i0.wp.com\/www.magnetberg.de\/passion\/wp-content\/uploads\/2024\/12\/Buch-Passion.jpg?resize=800%2C533&#038;ssl=1\" alt=\"\" class=\"wp-image-2063\" srcset=\"https:\/\/i0.wp.com\/www.magnetberg.de\/passion\/wp-content\/uploads\/2024\/12\/Buch-Passion.jpg?w=2000&amp;ssl=1 2000w, https:\/\/i0.wp.com\/www.magnetberg.de\/passion\/wp-content\/uploads\/2024\/12\/Buch-Passion.jpg?resize=300%2C200&amp;ssl=1 300w, https:\/\/i0.wp.com\/www.magnetberg.de\/passion\/wp-content\/uploads\/2024\/12\/Buch-Passion.jpg?resize=1024%2C682&amp;ssl=1 1024w, https:\/\/i0.wp.com\/www.magnetberg.de\/passion\/wp-content\/uploads\/2024\/12\/Buch-Passion.jpg?resize=768%2C512&amp;ssl=1 768w, https:\/\/i0.wp.com\/www.magnetberg.de\/passion\/wp-content\/uploads\/2024\/12\/Buch-Passion.jpg?resize=1536%2C1024&amp;ssl=1 1536w, https:\/\/i0.wp.com\/www.magnetberg.de\/passion\/wp-content\/uploads\/2024\/12\/Buch-Passion.jpg?resize=1200%2C800&amp;ssl=1 1200w, https:\/\/i0.wp.com\/www.magnetberg.de\/passion\/wp-content\/uploads\/2024\/12\/Buch-Passion.jpg?resize=1980%2C1320&amp;ssl=1 1980w, https:\/\/i0.wp.com\/www.magnetberg.de\/passion\/wp-content\/uploads\/2024\/12\/Buch-Passion.jpg?w=1600&amp;ssl=1 1600w\" sizes=\"auto, (max-width: 800px) 100vw, 800px\" \/><\/a><figcaption class=\"wp-element-caption\">Das Buch PASSION<\/figcaption><\/figure>\n\n\n\n<p class=\"tw-text-wide\" style=\"line-height:1.5\">Das Kunstprojekt konnte durch Unterst\u00fctzung verschiedener F\u00f6rdermittelgeber in dem <a href=\"https:\/\/www.magnetberg.de\/passion\/das-buch-passion\/\" title=\"\">Buch PASSION<\/a> umfassend dokumentiert werden.<\/p>\n\n\n\n<p class=\"tw-text-wide\" style=\"line-height:1.5\">Jede Altarverh\u00fcllung wurde mit einer feierlichen Veranstaltung am Freitag nach Aschermittwoch er\u00f6ffnet und durch den \u00f6ffentlich sichtbaren Abbau zu Beginn des Ostergottesdienstes beendet. Im Zeitraum der jeweiligen Altarverh\u00fcllung wurden verschiedene Begleitveranstaltungen wie K\u00fcnstlergespr\u00e4che, Lesungen und Konzerte angeboten. Auch haben die Pfarrerinnen und Pfarrer immer wieder Ankn\u00fcpfungspunkte zu der jeweiligen k\u00fcnstlerischen Intervention in ihre Predigten an den Passionssonntagen einflie\u00dfen lassen. W\u00e4hrend der Passionszeit wurde die Paul-Gerhardt-Kirche aufgrund des Kunstprojektes regelm\u00e4\u00dfig f\u00fcr Besucher offen gehalten.<\/p>\n\n\n\n<p class=\"tw-text-wide\" style=\"line-height:1.5\">Das Kunstprojekt der Altarverh\u00fcllung erfuhr regelm\u00e4\u00dfig Beachtung in den regionalen und \u00fcberregionalen Zeitungen und Zeitschriften. Es wurde in Sendungen im Kulturradio des RBB mehrfach besprochen und auch kurze Ausschnitte im RBB-Fernsehen gesendet.<br><em>Markus Rheinfurth<\/em><\/p>\n\n\n\n<p class=\"tw-text-wide\" style=\"line-height:1.5\">Im Rahmen des Purple Path um und in Chemnitz als Kulturhauptstadt Europas 2025 realisierte DAS KOLLEKTIV w\u00e4hrend der Passionszeit in Freiberg und Chemnitz weitere Altarverh\u00fcllungen.<\/p>\n<\/div><\/div>\n","protected":false},"excerpt":{"rendered":"<p>PASSION Altarverh\u00fcllung und Intervention in der Paul-Gerhardt-Kirche, 2011 \u2013 2020 Ein Kunstprojekt der Evangelischen Kirchengemeinde Prenzlauer Berg. Kuratiert und umgesetzt durch DAS KOLLEKTIV Sabine Herrmann, Klaus Killisch und Markus Rheinfurth. Passionszeit In den 40 Tagen vor Ostern, von Aschermittwoch bis Karsamstag, wird in den christlichen Kirchen an den Leidensweg Jesu Christi gedacht, wie er in&hellip;<\/p>\n","protected":false},"author":1,"featured_media":0,"parent":0,"menu_order":0,"comment_status":"closed","ping_status":"closed","template":"tw-no-title.php","meta":{"jetpack_post_was_ever_published":false,"footnotes":""},"class_list":["post-2068","page","type-page","status-publish","hentry"],"aioseo_notices":[],"jetpack_sharing_enabled":true,"jetpack_shortlink":"https:\/\/wp.me\/P4bQhP-xm","_links":{"self":[{"href":"https:\/\/www.magnetberg.de\/passion\/wp-json\/wp\/v2\/pages\/2068","targetHints":{"allow":["GET"]}}],"collection":[{"href":"https:\/\/www.magnetberg.de\/passion\/wp-json\/wp\/v2\/pages"}],"about":[{"href":"https:\/\/www.magnetberg.de\/passion\/wp-json\/wp\/v2\/types\/page"}],"author":[{"embeddable":true,"href":"https:\/\/www.magnetberg.de\/passion\/wp-json\/wp\/v2\/users\/1"}],"replies":[{"embeddable":true,"href":"https:\/\/www.magnetberg.de\/passion\/wp-json\/wp\/v2\/comments?post=2068"}],"version-history":[{"count":28,"href":"https:\/\/www.magnetberg.de\/passion\/wp-json\/wp\/v2\/pages\/2068\/revisions"}],"predecessor-version":[{"id":2536,"href":"https:\/\/www.magnetberg.de\/passion\/wp-json\/wp\/v2\/pages\/2068\/revisions\/2536"}],"wp:attachment":[{"href":"https:\/\/www.magnetberg.de\/passion\/wp-json\/wp\/v2\/media?parent=2068"}],"curies":[{"name":"wp","href":"https:\/\/api.w.org\/{rel}","templated":true}]}}