{"id":1299,"date":"2020-01-04T17:49:15","date_gmt":"2020-01-04T15:49:15","guid":{"rendered":"http:\/\/www.magnetberg.de\/passion\/?page_id=1299"},"modified":"2025-01-03T11:35:28","modified_gmt":"2025-01-03T09:35:28","slug":"klaus-killisch","status":"publish","type":"page","link":"https:\/\/www.magnetberg.de\/passion\/klaus-killisch\/","title":{"rendered":"Klaus Killisch"},"content":{"rendered":"\n<div class=\"wp-block-cover alignfull is-light\" style=\"min-height:70vh;aspect-ratio:unset;\"><span aria-hidden=\"true\" class=\"wp-block-cover__background has-background-dim-0 has-background-dim\" style=\"background-color:#b6b29e\"><\/span><img data-recalc-dims=\"1\" loading=\"lazy\" decoding=\"async\" width=\"800\" height=\"533\" data-attachment-id=\"1351\" data-permalink=\"https:\/\/www.magnetberg.de\/passion\/klaus-killisch\/_mg_4641\/\" data-orig-file=\"https:\/\/i0.wp.com\/www.magnetberg.de\/passion\/wp-content\/uploads\/2020\/03\/MG_4641.jpg?fit=2000%2C1333&amp;ssl=1\" data-orig-size=\"2000,1333\" data-comments-opened=\"0\" data-image-meta=\"{&quot;aperture&quot;:&quot;11&quot;,&quot;credit&quot;:&quot;Markus Rheinfurth&quot;,&quot;camera&quot;:&quot;Canon EOS 6D&quot;,&quot;caption&quot;:&quot;&quot;,&quot;created_timestamp&quot;:&quot;1572270549&quot;,&quot;copyright&quot;:&quot;Markus Rheinfurth&quot;,&quot;focal_length&quot;:&quot;50&quot;,&quot;iso&quot;:&quot;100&quot;,&quot;shutter_speed&quot;:&quot;0.1&quot;,&quot;title&quot;:&quot;&quot;,&quot;orientation&quot;:&quot;1&quot;}\" data-image-title=\"Klaus Killisch, Glaube.Liebe.Revolution, 2020\" data-image-description=\"\" data-image-caption=\"\" data-large-file=\"https:\/\/i0.wp.com\/www.magnetberg.de\/passion\/wp-content\/uploads\/2020\/03\/MG_4641.jpg?fit=800%2C533&amp;ssl=1\" sizes=\"auto, (max-width: 799px) 200vw, (max-width: 2000px) 100vw, 2000px\" class=\"wp-block-cover__image-background wp-image-1351\" alt=\"\" src=\"https:\/\/i0.wp.com\/www.magnetberg.de\/passion\/wp-content\/uploads\/2020\/03\/MG_4641.jpg?resize=800%2C533&#038;ssl=1\" style=\"object-position:17% 33%\" data-object-fit=\"cover\" data-object-position=\"17% 33%\" srcset=\"https:\/\/i0.wp.com\/www.magnetberg.de\/passion\/wp-content\/uploads\/2020\/03\/MG_4641.jpg?w=2000&amp;ssl=1 2000w, https:\/\/i0.wp.com\/www.magnetberg.de\/passion\/wp-content\/uploads\/2020\/03\/MG_4641.jpg?resize=300%2C200&amp;ssl=1 300w, https:\/\/i0.wp.com\/www.magnetberg.de\/passion\/wp-content\/uploads\/2020\/03\/MG_4641.jpg?resize=1024%2C682&amp;ssl=1 1024w, https:\/\/i0.wp.com\/www.magnetberg.de\/passion\/wp-content\/uploads\/2020\/03\/MG_4641.jpg?resize=768%2C512&amp;ssl=1 768w, https:\/\/i0.wp.com\/www.magnetberg.de\/passion\/wp-content\/uploads\/2020\/03\/MG_4641.jpg?resize=1536%2C1024&amp;ssl=1 1536w, https:\/\/i0.wp.com\/www.magnetberg.de\/passion\/wp-content\/uploads\/2020\/03\/MG_4641.jpg?w=1600&amp;ssl=1 1600w\" \/><div class=\"wp-block-cover__inner-container is-layout-flow wp-block-cover-is-layout-flow\">\n<h1 class=\"wp-block-heading alignwide has-text-align-center\"><\/h1>\n\n\n\n<p class=\"has-text-align-center has-large-font-size\"><\/p>\n<\/div><\/div>\n\n\n\n<div class=\"wp-block-group alignfull\"><div class=\"wp-block-group__inner-container is-layout-flow wp-block-group-is-layout-flow\">\n<div class=\"wp-block-columns alignwide tw-cols-stack-md tw-gutter-large is-layout-flex wp-container-core-columns-is-layout-d0b3c9c8 wp-block-columns-is-layout-flex\">\n<div class=\"wp-block-column is-layout-flow wp-block-column-is-layout-flow\">\n<h2 class=\"wp-block-heading\">Klaus Killisch<\/h2>\n<\/div>\n\n\n\n<div class=\"wp-block-column is-layout-flow wp-block-column-is-layout-flow\">\n<p>Altarverh\u00fcllung in der Paul-Gerhardt-Kirche, Berlin<\/p>\n\n\n\n<p>28. Februar \u2013 22. November 2020<\/p>\n<\/div>\n<\/div>\n<\/div><\/div>\n\n\n\n<div class=\"wp-block-group alignfull\"><div class=\"wp-block-group__inner-container is-layout-flow wp-block-group-is-layout-flow\">\n<p class=\"tw-text-wide\" style=\"line-height:1.5\"><strong>Glaube.Liebe.Revolution.<\/strong><\/p>\n\n\n\n<p class=\"tw-text-wide\" style=\"line-height:1.5\">Christus als blauer Blitz<\/p>\n\n\n\n<p class=\"tw-text-wide\" style=\"line-height:1.5\">Der K\u00fcnstler Klaus Killisch ist bekannt daf\u00fcr, hochgeistigen Stoff unterhaltsam zu pr\u00e4sentieren. Das ist traditionell bei ihm eine malerische Angelegenheit, die unterf\u00fcttert wird mit ausschweifendem popmusikalischem Interesse und der besonderen Begabung, mit Hammond-Orgel und Fender-Gitarre (Marke: Eigenbau) enthusiastische Neugierde und Klangforschung aufs Feinste zu verschmelzen.<\/p>\n\n\n\n<p class=\"tw-text-wide\" style=\"line-height:1.5\">Killisch gelingt es immer wieder, komplizierte Themen auf am\u00fcsant unangestrengte Weise zu pr\u00e4sentieren.&nbsp;Sein Stil des Aufbrechens beziehungsweise der \u00dcberlappung von Kategorien ist sein aufkl\u00e4rerischster Akt. Sein Formbewusstsein ist bis heute beeindruckend.<\/p>\n\n\n\n<div class=\"wp-block-group alignfull\"><div class=\"wp-block-group__inner-container is-layout-flow wp-block-group-is-layout-flow\">\n<figure class=\"wp-block-image alignwide size-full tw-mb-3\"><a href=\"https:\/\/www.magnetberg.de\/passion\/klaus-killisch\/img_2677-2\/\"><img data-recalc-dims=\"1\" loading=\"lazy\" decoding=\"async\" width=\"800\" height=\"1067\" data-attachment-id=\"1355\" data-permalink=\"https:\/\/www.magnetberg.de\/passion\/klaus-killisch\/img_2677-2\/\" data-orig-file=\"https:\/\/i0.wp.com\/www.magnetberg.de\/passion\/wp-content\/uploads\/2020\/03\/IMG_2677-2.jpg?fit=1500%2C2000&amp;ssl=1\" data-orig-size=\"1500,2000\" data-comments-opened=\"0\" data-image-meta=\"{&quot;aperture&quot;:&quot;0&quot;,&quot;credit&quot;:&quot;&quot;,&quot;camera&quot;:&quot;&quot;,&quot;caption&quot;:&quot;&quot;,&quot;created_timestamp&quot;:&quot;1582878820&quot;,&quot;copyright&quot;:&quot;&quot;,&quot;focal_length&quot;:&quot;0&quot;,&quot;iso&quot;:&quot;0&quot;,&quot;shutter_speed&quot;:&quot;0&quot;,&quot;title&quot;:&quot;&quot;,&quot;orientation&quot;:&quot;0&quot;}\" data-image-title=\"Klaus Killisch, 2020\" data-image-description=\"\" data-image-caption=\"&lt;p&gt;Klaus Killisch, Glaube.Liebe.Revolution. 2020, Paul-Gerhardt-Kirche, Berlin-Prenzlauer Berg&lt;\/p&gt;\n\" data-large-file=\"https:\/\/i0.wp.com\/www.magnetberg.de\/passion\/wp-content\/uploads\/2020\/03\/IMG_2677-2.jpg?fit=768%2C1024&amp;ssl=1\" src=\"https:\/\/i0.wp.com\/www.magnetberg.de\/passion\/wp-content\/uploads\/2020\/03\/IMG_2677-2.jpg?resize=800%2C1067&#038;ssl=1\" alt=\"\" class=\"wp-image-1355\" srcset=\"https:\/\/i0.wp.com\/www.magnetberg.de\/passion\/wp-content\/uploads\/2020\/03\/IMG_2677-2.jpg?w=1500&amp;ssl=1 1500w, https:\/\/i0.wp.com\/www.magnetberg.de\/passion\/wp-content\/uploads\/2020\/03\/IMG_2677-2.jpg?resize=225%2C300&amp;ssl=1 225w, https:\/\/i0.wp.com\/www.magnetberg.de\/passion\/wp-content\/uploads\/2020\/03\/IMG_2677-2.jpg?resize=768%2C1024&amp;ssl=1 768w, https:\/\/i0.wp.com\/www.magnetberg.de\/passion\/wp-content\/uploads\/2020\/03\/IMG_2677-2.jpg?resize=1152%2C1536&amp;ssl=1 1152w\" sizes=\"auto, (max-width: 800px) 100vw, 800px\" \/><\/a><figcaption class=\"wp-element-caption\">Klaus Killisch, Glaube.Liebe.Revolution. 2020, Paul-Gerhardt-Kirche, Berlin-Prenzlauer Berg<\/figcaption><\/figure>\n\n\n\n<figure class=\"wp-block-gallery alignwide has-nested-images columns-2 is-cropped tw-mb-3 tw-mt-3 wp-block-gallery-1 is-layout-flex wp-block-gallery-is-layout-flex\">\n<figure class=\"wp-block-image size-large\"><img data-recalc-dims=\"1\" loading=\"lazy\" decoding=\"async\" width=\"682\" height=\"1024\" data-attachment-id=\"1353\" data-permalink=\"https:\/\/www.magnetberg.de\/passion\/klaus-killisch\/_mg_4700\/\" data-orig-file=\"https:\/\/i0.wp.com\/www.magnetberg.de\/passion\/wp-content\/uploads\/2020\/03\/MG_4700.jpg?fit=1333%2C2000&amp;ssl=1\" data-orig-size=\"1333,2000\" data-comments-opened=\"0\" data-image-meta=\"{&quot;aperture&quot;:&quot;5.6&quot;,&quot;credit&quot;:&quot;Klaus Killisch&quot;,&quot;camera&quot;:&quot;Canon EOS Rebel T6i&quot;,&quot;caption&quot;:&quot;&quot;,&quot;created_timestamp&quot;:&quot;1571474413&quot;,&quot;copyright&quot;:&quot;www.klaus-killisch.de&quot;,&quot;focal_length&quot;:&quot;55&quot;,&quot;iso&quot;:&quot;100&quot;,&quot;shutter_speed&quot;:&quot;0.16666666666667&quot;,&quot;title&quot;:&quot;&quot;,&quot;orientation&quot;:&quot;1&quot;}\" data-image-title=\"Klaus Killisch, Glaube.Liebe.Revolution, 2020\" data-image-description=\"\" data-image-caption=\"\" data-large-file=\"https:\/\/i0.wp.com\/www.magnetberg.de\/passion\/wp-content\/uploads\/2020\/03\/MG_4700.jpg?fit=682%2C1024&amp;ssl=1\" data-id=\"1353\" src=\"https:\/\/i0.wp.com\/www.magnetberg.de\/passion\/wp-content\/uploads\/2020\/03\/MG_4700.jpg?resize=682%2C1024&#038;ssl=1\" alt=\"\" class=\"wp-image-1353\" srcset=\"https:\/\/i0.wp.com\/www.magnetberg.de\/passion\/wp-content\/uploads\/2020\/03\/MG_4700.jpg?resize=682%2C1024&amp;ssl=1 682w, https:\/\/i0.wp.com\/www.magnetberg.de\/passion\/wp-content\/uploads\/2020\/03\/MG_4700.jpg?resize=200%2C300&amp;ssl=1 200w, https:\/\/i0.wp.com\/www.magnetberg.de\/passion\/wp-content\/uploads\/2020\/03\/MG_4700.jpg?resize=768%2C1152&amp;ssl=1 768w, https:\/\/i0.wp.com\/www.magnetberg.de\/passion\/wp-content\/uploads\/2020\/03\/MG_4700.jpg?resize=1024%2C1536&amp;ssl=1 1024w, https:\/\/i0.wp.com\/www.magnetberg.de\/passion\/wp-content\/uploads\/2020\/03\/MG_4700.jpg?w=1333&amp;ssl=1 1333w\" sizes=\"auto, (max-width: 682px) 100vw, 682px\" \/><\/figure>\n\n\n\n<figure class=\"wp-block-image size-large\"><img data-recalc-dims=\"1\" loading=\"lazy\" decoding=\"async\" width=\"580\" height=\"1024\" data-attachment-id=\"1350\" data-permalink=\"https:\/\/www.magnetberg.de\/passion\/klaus-killisch\/_mg_4602\/\" data-orig-file=\"https:\/\/i0.wp.com\/www.magnetberg.de\/passion\/wp-content\/uploads\/2020\/03\/MG_4602.jpg?fit=1133%2C2000&amp;ssl=1\" data-orig-size=\"1133,2000\" data-comments-opened=\"0\" data-image-meta=\"{&quot;aperture&quot;:&quot;11&quot;,&quot;credit&quot;:&quot;Markus Rheinfurth&quot;,&quot;camera&quot;:&quot;Canon EOS 6D&quot;,&quot;caption&quot;:&quot;&quot;,&quot;created_timestamp&quot;:&quot;1572267802&quot;,&quot;copyright&quot;:&quot;Markus Rheinfurth&quot;,&quot;focal_length&quot;:&quot;31&quot;,&quot;iso&quot;:&quot;100&quot;,&quot;shutter_speed&quot;:&quot;0.125&quot;,&quot;title&quot;:&quot;&quot;,&quot;orientation&quot;:&quot;1&quot;}\" data-image-title=\"Klaus Killisch, Glaube.Liebe.Revolution, 2020\" data-image-description=\"\" data-image-caption=\"\" data-large-file=\"https:\/\/i0.wp.com\/www.magnetberg.de\/passion\/wp-content\/uploads\/2020\/03\/MG_4602.jpg?fit=580%2C1024&amp;ssl=1\" data-id=\"1350\" src=\"https:\/\/i0.wp.com\/www.magnetberg.de\/passion\/wp-content\/uploads\/2020\/03\/MG_4602.jpg?resize=580%2C1024&#038;ssl=1\" alt=\"\" class=\"wp-image-1350\" srcset=\"https:\/\/i0.wp.com\/www.magnetberg.de\/passion\/wp-content\/uploads\/2020\/03\/MG_4602.jpg?resize=580%2C1024&amp;ssl=1 580w, https:\/\/i0.wp.com\/www.magnetberg.de\/passion\/wp-content\/uploads\/2020\/03\/MG_4602.jpg?resize=170%2C300&amp;ssl=1 170w, https:\/\/i0.wp.com\/www.magnetberg.de\/passion\/wp-content\/uploads\/2020\/03\/MG_4602.jpg?resize=768%2C1356&amp;ssl=1 768w, https:\/\/i0.wp.com\/www.magnetberg.de\/passion\/wp-content\/uploads\/2020\/03\/MG_4602.jpg?resize=870%2C1536&amp;ssl=1 870w, https:\/\/i0.wp.com\/www.magnetberg.de\/passion\/wp-content\/uploads\/2020\/03\/MG_4602.jpg?w=1133&amp;ssl=1 1133w\" sizes=\"auto, (max-width: 580px) 100vw, 580px\" \/><\/figure>\n<\/figure>\n<\/div><\/div>\n\n\n\n<p class=\"tw-text-wide\" style=\"line-height:1.5\">Das betrifft auch Killischs Altarbildverh\u00fcllung in der Paul-Gerhardt-Kirche, Berlin-Prenzlauer Berg.  Aber anders als das klassische Fastenvelum, das die k\u00f6rperliche Bu\u00dfe des Fastens mit der geistlichen zu verkn\u00fcpfen anregt, ist Killischs Ansatz einer der Beeindruckung und der protestantischen Exegese. Killisch ist der erste K\u00fcnstler im Rahmen des Projekts, der sein Konzept auf einem Zitat der Darstellung des auferstandenen Christus von Gerard Noack (1910), das den Altar der Paul-Gerhardt-Kirche normalerweise ziert, aufbaut.<br><br>Formal offeriert Killisch eine Mischung aus collagierten fotografischen Elementen und Malerei. Inhaltlich bekennt er sich auf Basis der Bergpredigt zur Trinit\u00e4t von Glaube, Liebe und kontemplativer Revolution. Er ist ein Kenner der amerikanischen Hippie-Kultur. Er liebt ihre anma\u00dfenden musikalischen Inszenierungen, ihre improvisationsgesteuerte Deregulierung der Verh\u00e4ltnisse, den Jam des Unberechenbaren. Seine Bildkomposition atmet den Geist friedlich-freundlich-erweckter Weltverbesserer. Malerisch beschwingt, preist Killisch ein Christsein, das er gebunden sieht an das Ethos der Tat, so wie es zum Beispiel \u00fcber alle politischen und Konfessionsgrenzen hinweg vorbildhaft von Fr\u00e8re Roger, seiner Ordensgemeinschaft im franz\u00f6sischen Taiz\u00e9 und Tausenden Anh\u00e4ngern weltweit gelebt und durch die gro\u00dfen Jugendkonzile seit den 1970er Jahren gefeiert wurde.<\/p>\n\n\n\n<figure class=\"wp-block-image alignwide size-full\"><a href=\"https:\/\/www.magnetberg.de\/passion\/klaus-killisch\/_mg_4818b\/\"><img data-recalc-dims=\"1\" loading=\"lazy\" decoding=\"async\" width=\"800\" height=\"1200\" data-attachment-id=\"2304\" data-permalink=\"https:\/\/www.magnetberg.de\/passion\/klaus-killisch\/_mg_4818b\/\" data-orig-file=\"https:\/\/i0.wp.com\/www.magnetberg.de\/passion\/wp-content\/uploads\/2024\/12\/MG_4818b.jpg?fit=1333%2C2000&amp;ssl=1\" data-orig-size=\"1333,2000\" data-comments-opened=\"0\" data-image-meta=\"{&quot;aperture&quot;:&quot;5&quot;,&quot;credit&quot;:&quot;Klaus Killisch&quot;,&quot;camera&quot;:&quot;Canon EOS Rebel T6i&quot;,&quot;caption&quot;:&quot;&quot;,&quot;created_timestamp&quot;:&quot;1572250652&quot;,&quot;copyright&quot;:&quot;www.klaus-killisch.de&quot;,&quot;focal_length&quot;:&quot;39&quot;,&quot;iso&quot;:&quot;100&quot;,&quot;shutter_speed&quot;:&quot;4&quot;,&quot;title&quot;:&quot;&quot;,&quot;orientation&quot;:&quot;1&quot;}\" data-image-title=\"Klaus Killisch, 2020\" data-image-description=\"\" data-image-caption=\"\" data-large-file=\"https:\/\/i0.wp.com\/www.magnetberg.de\/passion\/wp-content\/uploads\/2024\/12\/MG_4818b.jpg?fit=682%2C1024&amp;ssl=1\" src=\"https:\/\/i0.wp.com\/www.magnetberg.de\/passion\/wp-content\/uploads\/2024\/12\/MG_4818b.jpg?resize=800%2C1200&#038;ssl=1\" alt=\"\" class=\"wp-image-2304\" srcset=\"https:\/\/i0.wp.com\/www.magnetberg.de\/passion\/wp-content\/uploads\/2024\/12\/MG_4818b.jpg?w=1333&amp;ssl=1 1333w, https:\/\/i0.wp.com\/www.magnetberg.de\/passion\/wp-content\/uploads\/2024\/12\/MG_4818b.jpg?resize=200%2C300&amp;ssl=1 200w, https:\/\/i0.wp.com\/www.magnetberg.de\/passion\/wp-content\/uploads\/2024\/12\/MG_4818b.jpg?resize=682%2C1024&amp;ssl=1 682w, https:\/\/i0.wp.com\/www.magnetberg.de\/passion\/wp-content\/uploads\/2024\/12\/MG_4818b.jpg?resize=768%2C1152&amp;ssl=1 768w, https:\/\/i0.wp.com\/www.magnetberg.de\/passion\/wp-content\/uploads\/2024\/12\/MG_4818b.jpg?resize=1024%2C1536&amp;ssl=1 1024w, https:\/\/i0.wp.com\/www.magnetberg.de\/passion\/wp-content\/uploads\/2024\/12\/MG_4818b.jpg?resize=1200%2C1800&amp;ssl=1 1200w\" sizes=\"auto, (max-width: 800px) 100vw, 800px\" \/><\/a><\/figure>\n\n\n\n<p class=\"tw-text-wide\" style=\"line-height:1.5\">Den Bildgrund hat Killisch teilweise mit Textbl\u00e4ttern tapeziert. Formulierungen christlicher, reformistischer, kommunistischer, pop-rebellischer und anarchistischer Denkans\u00e4tze stehen eintr\u00e4chtig beieinander: Bibelstellen, das Manifest der Kommunistischen Partei von Karl Marx, ein Dadaistisches Manifest, Noten des Songs \u201eRevolution\u201c von den Beatles, Aufrufe des Neuen Forums sowie ein Ausriss aus der \u201eDialektik der Aufkl\u00e4rung\u201c von Max Horkheimer und Theodor W. Adorno, jener philosophischen Gesellschaftsanalyse, die antikapitalistisch ausgerichtet war, aber ohne kommunistische Revolutionshoffnung auskam, immun gegen\u00fcber Moskauer Sirenenges\u00e4ngen blieb und in Killischs Bild den Rahmen der Debatte abgibt.<br><br>Genau 30 Jahre nach dem Mauerfall kombiniert Killisch Auferstehungshoffnungen und die geistigen Weichenstellungen f\u00fcr gesellschaftlichen Wandel in einem Tableau. Er setzt damit auch jenen oppositionellen Gruppen ein Denkmal, die sich 1989 in der Paul-Gerhardt-Kirche trafen und deren aktivistisches Denken der Tat sich herleitete aus christlicher Botschaft.<\/p>\n\n\n\n<figure class=\"wp-block-image alignwide size-full\"><a href=\"https:\/\/www.magnetberg.de\/passion\/klaus-killisch\/_mg_4641\/\"><img data-recalc-dims=\"1\" loading=\"lazy\" decoding=\"async\" width=\"800\" height=\"533\" data-attachment-id=\"1351\" data-permalink=\"https:\/\/www.magnetberg.de\/passion\/klaus-killisch\/_mg_4641\/\" data-orig-file=\"https:\/\/i0.wp.com\/www.magnetberg.de\/passion\/wp-content\/uploads\/2020\/03\/MG_4641.jpg?fit=2000%2C1333&amp;ssl=1\" data-orig-size=\"2000,1333\" data-comments-opened=\"0\" data-image-meta=\"{&quot;aperture&quot;:&quot;11&quot;,&quot;credit&quot;:&quot;Markus Rheinfurth&quot;,&quot;camera&quot;:&quot;Canon EOS 6D&quot;,&quot;caption&quot;:&quot;&quot;,&quot;created_timestamp&quot;:&quot;1572270549&quot;,&quot;copyright&quot;:&quot;Markus Rheinfurth&quot;,&quot;focal_length&quot;:&quot;50&quot;,&quot;iso&quot;:&quot;100&quot;,&quot;shutter_speed&quot;:&quot;0.1&quot;,&quot;title&quot;:&quot;&quot;,&quot;orientation&quot;:&quot;1&quot;}\" data-image-title=\"Klaus Killisch, Glaube.Liebe.Revolution, 2020\" data-image-description=\"\" data-image-caption=\"\" data-large-file=\"https:\/\/i0.wp.com\/www.magnetberg.de\/passion\/wp-content\/uploads\/2020\/03\/MG_4641.jpg?fit=800%2C533&amp;ssl=1\" src=\"https:\/\/i0.wp.com\/www.magnetberg.de\/passion\/wp-content\/uploads\/2020\/03\/MG_4641.jpg?resize=800%2C533&#038;ssl=1\" alt=\"\" class=\"wp-image-1351\" srcset=\"https:\/\/i0.wp.com\/www.magnetberg.de\/passion\/wp-content\/uploads\/2020\/03\/MG_4641.jpg?w=2000&amp;ssl=1 2000w, https:\/\/i0.wp.com\/www.magnetberg.de\/passion\/wp-content\/uploads\/2020\/03\/MG_4641.jpg?resize=300%2C200&amp;ssl=1 300w, https:\/\/i0.wp.com\/www.magnetberg.de\/passion\/wp-content\/uploads\/2020\/03\/MG_4641.jpg?resize=1024%2C682&amp;ssl=1 1024w, https:\/\/i0.wp.com\/www.magnetberg.de\/passion\/wp-content\/uploads\/2020\/03\/MG_4641.jpg?resize=768%2C512&amp;ssl=1 768w, https:\/\/i0.wp.com\/www.magnetberg.de\/passion\/wp-content\/uploads\/2020\/03\/MG_4641.jpg?resize=1536%2C1024&amp;ssl=1 1536w, https:\/\/i0.wp.com\/www.magnetberg.de\/passion\/wp-content\/uploads\/2020\/03\/MG_4641.jpg?w=1600&amp;ssl=1 1600w\" sizes=\"auto, (max-width: 800px) 100vw, 800px\" \/><\/a><\/figure>\n\n\n\n<p class=\"tw-text-wide\" style=\"line-height:1.5\">Eine Christusdarstellung als grob gerastertes Pixel-Repro \u2013 solch eine k\u00fcnstlerische Entscheidung mag ungew\u00f6hnlich sein. Das Unorthodoxe dieses entschieden modernen Bildes besteht in der Mischung der Texte, die Killisch vornimmt, deren subversive Qualit\u00e4ten er der aufstrebenden Christusfigur unterschiebt und im Farbnebel aufgehen l\u00e4sst. \u00dcber einen wasserbasierten Dreiklang aus Orange, Gelb und Blau, in perfekter Balance und pr\u00e4ziser Dosierung, mit offensiven Passagen und auslaufenden Farbnasen, hat Killisch eine drei Meter lange blaue LED-Lichtlinie gesetzt. Strebt sie auf oder st\u00fcrzt sie ab? Wer wei\u00df. Sie schl\u00e4gt in das Halbdunkel der Kirche ein wie ein Blitz. Ihre Leuchtkraft dr\u00e4ngt alle Binnenelemente des Bildes zur\u00fcck. \u00dcbrig bleibt ein peitschenartiger Bewegungsimpuls. <\/p>\n\n\n\n<p class=\"tw-text-wide\" style=\"line-height:1.5\">Das R\u00e4tsel der Auferstehung und die Gleichzeitigkeit der verschiedenen Zeitschichten der Manifeste in Kombination mit der Wucht des blauen Flashs signalisieren Unentrinnbarkeit.<\/p>\n\n\n\n<p class=\"tw-text-wide\" style=\"line-height:1.5\">Killischs Idee entfaltet eine profane Suggestion im Raum, die den Betrachter mobilisieren und ihm vermitteln soll, dass das Herausl\u00f6sen eines Individualschicksals aus Erstarrung m\u00f6glich ist, also das, was ist, nicht bleiben muss, wie es ist.<\/p>\n\n\n\n<p class=\"tw-text-wide\" style=\"line-height:1.5\"><em>Christoph Tannert, 2019<\/em><\/p>\n<\/div><\/div>\n\n\n\n<figure class=\"wp-block-image alignwide\"><a href=\"https:\/\/www.magnetberg.de\/passion\/klaus-killisch\/passion-altarbild-a1-plakat-final-indd\/\"><img data-recalc-dims=\"1\" loading=\"lazy\" decoding=\"async\" width=\"800\" height=\"1129\" data-attachment-id=\"1529\" data-permalink=\"https:\/\/www.magnetberg.de\/passion\/klaus-killisch\/passion-altarbild-a1-plakat-final-indd\/\" data-orig-file=\"https:\/\/i0.wp.com\/www.magnetberg.de\/passion\/wp-content\/uploads\/2020\/12\/PASSION_Plakat-A1.jpg?fit=1417%2C2000&amp;ssl=1\" data-orig-size=\"1417,2000\" data-comments-opened=\"0\" data-image-meta=\"{&quot;aperture&quot;:&quot;0&quot;,&quot;credit&quot;:&quot;&quot;,&quot;camera&quot;:&quot;&quot;,&quot;caption&quot;:&quot;&quot;,&quot;created_timestamp&quot;:&quot;0&quot;,&quot;copyright&quot;:&quot;&quot;,&quot;focal_length&quot;:&quot;0&quot;,&quot;iso&quot;:&quot;0&quot;,&quot;shutter_speed&quot;:&quot;0&quot;,&quot;title&quot;:&quot;Passion altarbild A1 Plakat FINAL.indd&quot;,&quot;orientation&quot;:&quot;1&quot;}\" data-image-title=\"Plakat, 2020\" data-image-description=\"\" data-image-caption=\"&lt;p&gt;Plakat, 2020&lt;\/p&gt;\n\" data-large-file=\"https:\/\/i0.wp.com\/www.magnetberg.de\/passion\/wp-content\/uploads\/2020\/12\/PASSION_Plakat-A1.jpg?fit=726%2C1024&amp;ssl=1\" src=\"https:\/\/i0.wp.com\/www.magnetberg.de\/passion\/wp-content\/uploads\/2020\/12\/PASSION_Plakat-A1.jpg?resize=800%2C1129&#038;ssl=1\" alt=\"\" class=\"wp-image-1529\" srcset=\"https:\/\/i0.wp.com\/www.magnetberg.de\/passion\/wp-content\/uploads\/2020\/12\/PASSION_Plakat-A1.jpg?w=1417&amp;ssl=1 1417w, https:\/\/i0.wp.com\/www.magnetberg.de\/passion\/wp-content\/uploads\/2020\/12\/PASSION_Plakat-A1.jpg?resize=213%2C300&amp;ssl=1 213w, https:\/\/i0.wp.com\/www.magnetberg.de\/passion\/wp-content\/uploads\/2020\/12\/PASSION_Plakat-A1.jpg?resize=726%2C1024&amp;ssl=1 726w, https:\/\/i0.wp.com\/www.magnetberg.de\/passion\/wp-content\/uploads\/2020\/12\/PASSION_Plakat-A1.jpg?resize=768%2C1084&amp;ssl=1 768w, https:\/\/i0.wp.com\/www.magnetberg.de\/passion\/wp-content\/uploads\/2020\/12\/PASSION_Plakat-A1.jpg?resize=1088%2C1536&amp;ssl=1 1088w\" sizes=\"auto, (max-width: 800px) 100vw, 800px\" \/><\/a><figcaption class=\"wp-element-caption\">Plakat, 2020<\/figcaption><\/figure>\n\n\n\n<figure class=\"wp-block-embed is-type-video is-provider-youtube wp-block-embed-youtube wp-embed-aspect-16-9 wp-has-aspect-ratio\"><div class=\"wp-block-embed__wrapper\">\n<span class=\"embed-youtube\" style=\"text-align:center; display: block;\"><iframe loading=\"lazy\" class=\"youtube-player\" width=\"800\" height=\"450\" src=\"https:\/\/www.youtube.com\/embed\/UJUJ6S048RA?version=3&#038;rel=1&#038;showsearch=0&#038;showinfo=1&#038;iv_load_policy=1&#038;fs=1&#038;hl=de-DE&#038;autohide=2&#038;wmode=transparent\" allowfullscreen=\"true\" style=\"border:0;\" sandbox=\"allow-scripts allow-same-origin allow-popups allow-presentation allow-popups-to-escape-sandbox\"><\/iframe><\/span>\n<\/div><\/figure>\n\n\n\n<div class=\"wp-block-group alignfull\"><div class=\"wp-block-group__inner-container is-layout-flow wp-block-group-is-layout-flow\">\n<p class=\"tw-text-wide\" style=\"line-height:1.5\"><strong>Veranstaltungen<\/strong><\/p>\n\n\n\n<p class=\"tw-text-wide\" style=\"line-height:1.5\">Freitag, 28. Februar, 18 Uhr<br><strong>Er\u00f6ffnung <\/strong><br>mit Klaus Killisch und Pfarrerin Almut Bellmann<br>Einf\u00fchrung: Christoph Tannert, k\u00fcnstlerischer Leiter des K\u00fcnstlerhaus Bethanien, Berlin<br>Musikalische Gestaltung: Maximilian Schnaus, Maria-Magdalena Wiesmaier, Improvisationen f\u00fcr Orgel, Cello und Elektronik<\/p>\n\n\n\n<p class=\"tw-text-wide\" style=\"line-height:1.5\">Dienstag, 24. M\u00e4rz, 19:30 Uhr<br><strong>Das Bild des Kreuzes ist das Ende aller Bilder<\/strong><br>Buchpr\u00e4sentation \u00bbPASSION\u00ab und Gespr\u00e4ch mit Dr. Johann Hinrich Claussen, Kulturbeauftragter des Rates der Evangelischen Kirche in Deutschland (EKD), Klaus Killisch und Pf. Almut Bellmann<\/p>\n\n\n\n<p class=\"tw-text-wide\" style=\"line-height:1.5\">Sonntag, 29. M\u00e4rz, 15 Uhr<br><strong>Konzert<\/strong><br>Weicht, ihr Trauergeister European Bachensemble<br>Ensemble Callinus Musikalische<br>Leitung: Kim Nguyen<br><br>Donnerstag, 9. April, 20 Uhr<br><strong>Konzert<\/strong><br>Making Love Revolutionary<br>Enkidu rankX, UrKi, Klaus Killisch<br>Soundscapes und Improvisationen mit Synths und Gitarre<br>Im Anschluss: Finissage mit Brot und Wein<br><br>12. April, 9:30 Uhr<br><strong>Ostersonntag<\/strong><br>Familiengottesdienst mit Enth\u00fcllung des Altarbildes<br><br><em>Aufgrund der besonderen Situation w\u00e4hrend der Pandemie, wurden bis auf die Er\u00f6ffnung alle Veranstaltungen abgesagt. Die Altarverh\u00fcllung blieb bis zum 22. November (Totensonntag) aufgebaut.<\/em><\/p>\n\n\n\n<p class=\"tw-text-wide\" style=\"line-height:1.5\"><a href=\"https:\/\/www.magnetberg.de\/passion\/wp-content\/uploads\/2024\/12\/2020-Flyer-Killisch.pdf\" target=\"_blank\" rel=\"noopener\" title=\"\">Flyer<\/a>, Presse: <a href=\"https:\/\/www.berliner-zeitung.de\/kultur-vergnuegen\/maler-klaus-killisch-verhuellt-altar-zu-aschermittwoch-li.76778\">Berliner Zeitung<\/a>, <a href=\"https:\/\/www.magnetberg.de\/passion\/wp-content\/uploads\/2020\/04\/Seiten-aus-so_13-2020_low.pdf\">DER SONNTAG<\/a>, <a href=\"https:\/\/www.magnetberg.de\/passion\/wp-content\/uploads\/2020\/04\/Weltkunst_2020_168.pdf\">Weltkunst<\/a><\/p>\n<\/div><\/div>\n\n\n\n<p><\/p>\n","protected":false},"excerpt":{"rendered":"<p>Klaus Killisch Altarverh\u00fcllung in der Paul-Gerhardt-Kirche, Berlin 28. Februar \u2013 22. November 2020 Glaube.Liebe.Revolution. Christus als blauer Blitz Der K\u00fcnstler Klaus Killisch ist bekannt daf\u00fcr, hochgeistigen Stoff unterhaltsam zu pr\u00e4sentieren. Das ist traditionell bei ihm eine malerische Angelegenheit, die unterf\u00fcttert wird mit ausschweifendem popmusikalischem Interesse und der besonderen Begabung, mit Hammond-Orgel und Fender-Gitarre (Marke: Eigenbau)&hellip;<\/p>\n","protected":false},"author":1,"featured_media":1300,"parent":0,"menu_order":0,"comment_status":"closed","ping_status":"closed","template":"tw-no-title.php","meta":{"jetpack_post_was_ever_published":false,"footnotes":""},"class_list":["post-1299","page","type-page","status-publish","has-post-thumbnail","hentry"],"aioseo_notices":[],"jetpack_sharing_enabled":true,"jetpack_shortlink":"https:\/\/wp.me\/P4bQhP-kX","_links":{"self":[{"href":"https:\/\/www.magnetberg.de\/passion\/wp-json\/wp\/v2\/pages\/1299","targetHints":{"allow":["GET"]}}],"collection":[{"href":"https:\/\/www.magnetberg.de\/passion\/wp-json\/wp\/v2\/pages"}],"about":[{"href":"https:\/\/www.magnetberg.de\/passion\/wp-json\/wp\/v2\/types\/page"}],"author":[{"embeddable":true,"href":"https:\/\/www.magnetberg.de\/passion\/wp-json\/wp\/v2\/users\/1"}],"replies":[{"embeddable":true,"href":"https:\/\/www.magnetberg.de\/passion\/wp-json\/wp\/v2\/comments?post=1299"}],"version-history":[{"count":70,"href":"https:\/\/www.magnetberg.de\/passion\/wp-json\/wp\/v2\/pages\/1299\/revisions"}],"predecessor-version":[{"id":2612,"href":"https:\/\/www.magnetberg.de\/passion\/wp-json\/wp\/v2\/pages\/1299\/revisions\/2612"}],"wp:featuredmedia":[{"embeddable":true,"href":"https:\/\/www.magnetberg.de\/passion\/wp-json\/wp\/v2\/media\/1300"}],"wp:attachment":[{"href":"https:\/\/www.magnetberg.de\/passion\/wp-json\/wp\/v2\/media?parent=1299"}],"curies":[{"name":"wp","href":"https:\/\/api.w.org\/{rel}","templated":true}]}}