{"id":1233,"date":"2019-03-01T20:04:48","date_gmt":"2019-03-01T18:04:48","guid":{"rendered":"http:\/\/www.magnetberg.de\/passion\/?page_id=1233"},"modified":"2025-01-03T21:47:18","modified_gmt":"2025-01-03T19:47:18","slug":"ursula-sax","status":"publish","type":"page","link":"https:\/\/www.magnetberg.de\/passion\/ursula-sax\/","title":{"rendered":"Ursula Sax"},"content":{"rendered":"\n<div class=\"wp-block-cover alignfull is-light\" style=\"min-height:70vh;aspect-ratio:unset;\"><span aria-hidden=\"true\" class=\"wp-block-cover__background has-background-dim-0 has-background-dim\" style=\"background-color:#808794\"><\/span><img data-recalc-dims=\"1\" loading=\"lazy\" decoding=\"async\" width=\"800\" height=\"533\" data-attachment-id=\"1255\" data-permalink=\"https:\/\/www.magnetberg.de\/passion\/ursula-sax\/_mg_3360\/\" data-orig-file=\"https:\/\/i0.wp.com\/www.magnetberg.de\/passion\/wp-content\/uploads\/2019\/03\/MG_3360.jpg?fit=2000%2C1333&amp;ssl=1\" data-orig-size=\"2000,1333\" data-comments-opened=\"0\" data-image-meta=\"{&quot;aperture&quot;:&quot;0&quot;,&quot;credit&quot;:&quot;&quot;,&quot;camera&quot;:&quot;&quot;,&quot;caption&quot;:&quot;&quot;,&quot;created_timestamp&quot;:&quot;0&quot;,&quot;copyright&quot;:&quot;www.klaus-killisch.de&quot;,&quot;focal_length&quot;:&quot;0&quot;,&quot;iso&quot;:&quot;0&quot;,&quot;shutter_speed&quot;:&quot;0&quot;,&quot;title&quot;:&quot;&quot;,&quot;orientation&quot;:&quot;0&quot;}\" data-image-title=\"Ursula Sax, Fastentuch, 2019\" data-image-description=\"\" data-image-caption=\"&lt;p&gt;Ursula Sax, Fastentuch, 2019, Paul-Gerhardt-Kirche, Berlin-Prenzlauer Berg&lt;\/p&gt;\n\" data-large-file=\"https:\/\/i0.wp.com\/www.magnetberg.de\/passion\/wp-content\/uploads\/2019\/03\/MG_3360.jpg?fit=800%2C533&amp;ssl=1\" sizes=\"auto, (max-width: 799px) 200vw, (max-width: 2000px) 100vw, 2000px\" class=\"wp-block-cover__image-background wp-image-1255\" alt=\"\" src=\"https:\/\/i0.wp.com\/www.magnetberg.de\/passion\/wp-content\/uploads\/2019\/03\/MG_3360.jpg?resize=800%2C533&#038;ssl=1\" style=\"object-position:79% 23%\" data-object-fit=\"cover\" data-object-position=\"79% 23%\" srcset=\"https:\/\/i0.wp.com\/www.magnetberg.de\/passion\/wp-content\/uploads\/2019\/03\/MG_3360.jpg?w=2000&amp;ssl=1 2000w, https:\/\/i0.wp.com\/www.magnetberg.de\/passion\/wp-content\/uploads\/2019\/03\/MG_3360.jpg?resize=300%2C200&amp;ssl=1 300w, https:\/\/i0.wp.com\/www.magnetberg.de\/passion\/wp-content\/uploads\/2019\/03\/MG_3360.jpg?resize=768%2C512&amp;ssl=1 768w, https:\/\/i0.wp.com\/www.magnetberg.de\/passion\/wp-content\/uploads\/2019\/03\/MG_3360.jpg?resize=1024%2C682&amp;ssl=1 1024w, https:\/\/i0.wp.com\/www.magnetberg.de\/passion\/wp-content\/uploads\/2019\/03\/MG_3360.jpg?w=1600&amp;ssl=1 1600w\" \/><div class=\"wp-block-cover__inner-container is-layout-flow wp-block-cover-is-layout-flow\">\n<h1 class=\"wp-block-heading alignwide has-text-align-center\"><\/h1>\n\n\n\n<p class=\"has-text-align-center has-large-font-size\"><\/p>\n<\/div><\/div>\n\n\n\n<div class=\"wp-block-group alignfull\"><div class=\"wp-block-group__inner-container is-layout-flow wp-block-group-is-layout-flow\">\n<div class=\"wp-block-columns alignwide tw-cols-stack-md tw-gutter-large is-layout-flex wp-container-core-columns-is-layout-d0b3c9c8 wp-block-columns-is-layout-flex\">\n<div class=\"wp-block-column is-layout-flow wp-block-column-is-layout-flow\">\n<h2 class=\"wp-block-heading\">Ursula Sax<\/h2>\n<\/div>\n\n\n\n<div class=\"wp-block-column is-layout-flow wp-block-column-is-layout-flow\">\n<p>Altarverh\u00fcllung in der Paul-Gerhardt-Kirche, Berlin<br>8. M\u00e4rz &#8211; 21. April 2019<\/p>\n<\/div>\n<\/div>\n<\/div><\/div>\n\n\n\n<div class=\"wp-block-group alignfull\"><div class=\"wp-block-group__inner-container is-layout-flow wp-block-group-is-layout-flow\">\n<p class=\"tw-text-wide\" style=\"line-height:1.5\"><strong>FASTENTUCH<\/strong><\/p>\n\n\n\n<p class=\"tw-text-wide\" style=\"line-height:1.5\">Die Bildhauerin Ursula Sax hat in bisher 68 Jahren ein Werk von gro\u00dfartiger Vielseitigkeit der Mittel, Methoden und Materialien geschaffen. Schon fr\u00fch, mit 15 Jahren, nahm sie das Studium an der Stuttgarter Kunstakademie auf und kam mit 20 nach Berlin, wo Hans Uhlmann ihr wichtigster Lehrer wurde und sie sich mit 25 eine freiberufliche Existenz aufbauen konnte. Ein Werdegang von heute unglaublich scheinender Stringenz. Seither entsteht ein Werk als fortw\u00e4hrende Erkundung, der zeitgen\u00f6ssischen M\u00f6glichkeiten des Skulpturalen ohne die Skulptur als (be)greifbaren materiellen Gegenstand jemals zu verlassen.<\/p>\n\n\n\n<div class=\"wp-block-group alignfull\"><div class=\"wp-block-group__inner-container is-layout-flow wp-block-group-is-layout-flow\">\n<figure class=\"wp-block-image alignwide size-full tw-mb-3\"><a href=\"https:\/\/www.magnetberg.de\/passion\/ursula-sax\/_mg_3371\/\"><img data-recalc-dims=\"1\" loading=\"lazy\" decoding=\"async\" width=\"800\" height=\"533\" data-attachment-id=\"1270\" data-permalink=\"https:\/\/www.magnetberg.de\/passion\/ursula-sax\/_mg_3371\/\" data-orig-file=\"https:\/\/i0.wp.com\/www.magnetberg.de\/passion\/wp-content\/uploads\/2019\/03\/MG_3371.jpg?fit=2000%2C1333&amp;ssl=1\" data-orig-size=\"2000,1333\" data-comments-opened=\"0\" data-image-meta=\"{&quot;aperture&quot;:&quot;0&quot;,&quot;credit&quot;:&quot;&quot;,&quot;camera&quot;:&quot;&quot;,&quot;caption&quot;:&quot;&quot;,&quot;created_timestamp&quot;:&quot;0&quot;,&quot;copyright&quot;:&quot;www.klaus-killisch.de&quot;,&quot;focal_length&quot;:&quot;0&quot;,&quot;iso&quot;:&quot;0&quot;,&quot;shutter_speed&quot;:&quot;0&quot;,&quot;title&quot;:&quot;&quot;,&quot;orientation&quot;:&quot;0&quot;}\" data-image-title=\"_MG_3371\" data-image-description=\"\" data-image-caption=\"\" data-large-file=\"https:\/\/i0.wp.com\/www.magnetberg.de\/passion\/wp-content\/uploads\/2019\/03\/MG_3371.jpg?fit=800%2C533&amp;ssl=1\" src=\"https:\/\/i0.wp.com\/www.magnetberg.de\/passion\/wp-content\/uploads\/2019\/03\/MG_3371.jpg?resize=800%2C533&#038;ssl=1\" alt=\"\" class=\"wp-image-1270\" srcset=\"https:\/\/i0.wp.com\/www.magnetberg.de\/passion\/wp-content\/uploads\/2019\/03\/MG_3371.jpg?w=2000&amp;ssl=1 2000w, https:\/\/i0.wp.com\/www.magnetberg.de\/passion\/wp-content\/uploads\/2019\/03\/MG_3371.jpg?resize=300%2C200&amp;ssl=1 300w, https:\/\/i0.wp.com\/www.magnetberg.de\/passion\/wp-content\/uploads\/2019\/03\/MG_3371.jpg?resize=768%2C512&amp;ssl=1 768w, https:\/\/i0.wp.com\/www.magnetberg.de\/passion\/wp-content\/uploads\/2019\/03\/MG_3371.jpg?resize=1024%2C682&amp;ssl=1 1024w, https:\/\/i0.wp.com\/www.magnetberg.de\/passion\/wp-content\/uploads\/2019\/03\/MG_3371.jpg?w=1600&amp;ssl=1 1600w\" sizes=\"auto, (max-width: 800px) 100vw, 800px\" \/><\/a><\/figure>\n\n\n\n<figure class=\"wp-block-gallery alignwide has-nested-images columns-2 is-cropped tw-mb-3 tw-mt-3 wp-block-gallery-1 is-layout-flex wp-block-gallery-is-layout-flex\">\n<figure class=\"wp-block-image size-large\"><img data-recalc-dims=\"1\" loading=\"lazy\" decoding=\"async\" width=\"682\" height=\"1024\" data-attachment-id=\"1258\" data-permalink=\"https:\/\/www.magnetberg.de\/passion\/ursula-sax\/_mg_3373\/\" data-orig-file=\"https:\/\/i0.wp.com\/www.magnetberg.de\/passion\/wp-content\/uploads\/2019\/03\/MG_3373.jpg?fit=1333%2C2000&amp;ssl=1\" data-orig-size=\"1333,2000\" data-comments-opened=\"0\" data-image-meta=\"{&quot;aperture&quot;:&quot;0&quot;,&quot;credit&quot;:&quot;&quot;,&quot;camera&quot;:&quot;&quot;,&quot;caption&quot;:&quot;&quot;,&quot;created_timestamp&quot;:&quot;0&quot;,&quot;copyright&quot;:&quot;www.klaus-killisch.de&quot;,&quot;focal_length&quot;:&quot;0&quot;,&quot;iso&quot;:&quot;0&quot;,&quot;shutter_speed&quot;:&quot;0&quot;,&quot;title&quot;:&quot;&quot;,&quot;orientation&quot;:&quot;0&quot;}\" data-image-title=\"Ursula Sax, Fastentuch, 2019\" data-image-description=\"\" data-image-caption=\"&lt;p&gt;Ursula Sax, Fastentuch, 2019, Paul-Gerhardt-Kirche, Berlin-Prenzlauer Berg&lt;\/p&gt;\n\" data-large-file=\"https:\/\/i0.wp.com\/www.magnetberg.de\/passion\/wp-content\/uploads\/2019\/03\/MG_3373.jpg?fit=682%2C1024&amp;ssl=1\" data-id=\"1258\" src=\"https:\/\/i0.wp.com\/www.magnetberg.de\/passion\/wp-content\/uploads\/2019\/03\/MG_3373.jpg?resize=682%2C1024&#038;ssl=1\" alt=\"\" class=\"wp-image-1258\" srcset=\"https:\/\/i0.wp.com\/www.magnetberg.de\/passion\/wp-content\/uploads\/2019\/03\/MG_3373.jpg?resize=682%2C1024&amp;ssl=1 682w, https:\/\/i0.wp.com\/www.magnetberg.de\/passion\/wp-content\/uploads\/2019\/03\/MG_3373.jpg?resize=200%2C300&amp;ssl=1 200w, https:\/\/i0.wp.com\/www.magnetberg.de\/passion\/wp-content\/uploads\/2019\/03\/MG_3373.jpg?resize=768%2C1152&amp;ssl=1 768w, https:\/\/i0.wp.com\/www.magnetberg.de\/passion\/wp-content\/uploads\/2019\/03\/MG_3373.jpg?w=1333&amp;ssl=1 1333w\" sizes=\"auto, (max-width: 682px) 100vw, 682px\" \/><\/figure>\n\n\n\n<figure class=\"wp-block-image size-large\"><img data-recalc-dims=\"1\" loading=\"lazy\" decoding=\"async\" width=\"682\" height=\"1024\" data-attachment-id=\"1266\" data-permalink=\"https:\/\/www.magnetberg.de\/passion\/ursula-sax\/_mg_3361\/\" data-orig-file=\"https:\/\/i0.wp.com\/www.magnetberg.de\/passion\/wp-content\/uploads\/2019\/03\/MG_3361.jpg?fit=1333%2C2000&amp;ssl=1\" data-orig-size=\"1333,2000\" data-comments-opened=\"0\" data-image-meta=\"{&quot;aperture&quot;:&quot;0&quot;,&quot;credit&quot;:&quot;&quot;,&quot;camera&quot;:&quot;&quot;,&quot;caption&quot;:&quot;&quot;,&quot;created_timestamp&quot;:&quot;0&quot;,&quot;copyright&quot;:&quot;www.klaus-killisch.de&quot;,&quot;focal_length&quot;:&quot;0&quot;,&quot;iso&quot;:&quot;0&quot;,&quot;shutter_speed&quot;:&quot;0&quot;,&quot;title&quot;:&quot;&quot;,&quot;orientation&quot;:&quot;0&quot;}\" data-image-title=\"Ursula Sax, Fastentuch, 2019\" data-image-description=\"\" data-image-caption=\"&lt;p&gt;Ursula Sax, Fastentuch, 2019, Paul-Gerhardt-Kirche, Berlin-Prenzlauer Berg&lt;\/p&gt;\n\" data-large-file=\"https:\/\/i0.wp.com\/www.magnetberg.de\/passion\/wp-content\/uploads\/2019\/03\/MG_3361.jpg?fit=682%2C1024&amp;ssl=1\" data-id=\"1266\" src=\"https:\/\/i0.wp.com\/www.magnetberg.de\/passion\/wp-content\/uploads\/2019\/03\/MG_3361.jpg?resize=682%2C1024&#038;ssl=1\" alt=\"\" class=\"wp-image-1266\" srcset=\"https:\/\/i0.wp.com\/www.magnetberg.de\/passion\/wp-content\/uploads\/2019\/03\/MG_3361.jpg?resize=682%2C1024&amp;ssl=1 682w, https:\/\/i0.wp.com\/www.magnetberg.de\/passion\/wp-content\/uploads\/2019\/03\/MG_3361.jpg?resize=200%2C300&amp;ssl=1 200w, https:\/\/i0.wp.com\/www.magnetberg.de\/passion\/wp-content\/uploads\/2019\/03\/MG_3361.jpg?resize=768%2C1152&amp;ssl=1 768w, https:\/\/i0.wp.com\/www.magnetberg.de\/passion\/wp-content\/uploads\/2019\/03\/MG_3361.jpg?w=1333&amp;ssl=1 1333w\" sizes=\"auto, (max-width: 682px) 100vw, 682px\" \/><\/figure>\n<\/figure>\n<\/div><\/div>\n\n\n\n<p class=\"tw-text-wide\" style=\"line-height:1.5\">Als Professorin hat Ursula Sax Bildhauerei-Studenten gleich mehrerer Generationen auf den Weg gebracht, erst in Berlin und Braunschweig, dann 1993 bis 2000 an der Akademie in Dresden, wo sie im vergangenen Jahr den Gro\u00dfen Kunstpreis der Stadt erhielt.    <\/p>\n\n\n\n<p class=\"tw-text-wide\" style=\"line-height:1.5\">Ursula Sax entwickelt ihr Werk in inniger Zwiesprache mit den Materialien, denen sie sich zu Zeiten widmet. Nahezu alles, was formbar ist, hat sie bearbeitet: Das Harte \u2013 Stein, Keramik, Porzellan, Bronze, stahl und vor allem Holz, wie das Zarte \u2013 Seide, Wolle, Filz und jedwede andere Textilien. Dabei erf\u00e4hrt sie den Raum als geistig aktive Dimension der bildhauerischen Arbeit. Nicht im Sinne \u00e4sthetisierender Harmoniebestrebung sondern als spannungsvoll widerspr\u00fcchliches aufeinander Bezogensein von Raum und Skulptur. Die bekannteste Arbeit im Stadtraum ist der elegant geschwungene \u00bblooping\u00ab (1992), jene 19 Meter hohe und 50 Meter lange, leuchtend gelbe Stahlrohrspirale, die einen gesichtslosen Stadtraum am Messegel\u00e4nde in Berlin \u00fcberspannt.   <\/p>\n\n\n\n<figure class=\"wp-block-image alignwide size-full\"><a href=\"https:\/\/www.magnetberg.de\/passion\/ursula-sax\/_mg_3364\/\"><img data-recalc-dims=\"1\" loading=\"lazy\" decoding=\"async\" width=\"800\" height=\"533\" data-attachment-id=\"1260\" data-permalink=\"https:\/\/www.magnetberg.de\/passion\/ursula-sax\/_mg_3364\/\" data-orig-file=\"https:\/\/i0.wp.com\/www.magnetberg.de\/passion\/wp-content\/uploads\/2019\/03\/MG_3364.jpg?fit=2000%2C1333&amp;ssl=1\" data-orig-size=\"2000,1333\" data-comments-opened=\"0\" data-image-meta=\"{&quot;aperture&quot;:&quot;0&quot;,&quot;credit&quot;:&quot;&quot;,&quot;camera&quot;:&quot;&quot;,&quot;caption&quot;:&quot;&quot;,&quot;created_timestamp&quot;:&quot;0&quot;,&quot;copyright&quot;:&quot;www.klaus-killisch.de&quot;,&quot;focal_length&quot;:&quot;0&quot;,&quot;iso&quot;:&quot;0&quot;,&quot;shutter_speed&quot;:&quot;0&quot;,&quot;title&quot;:&quot;&quot;,&quot;orientation&quot;:&quot;0&quot;}\" data-image-title=\"Ursula Sax, Fastentuch, 2019\" data-image-description=\"\" data-image-caption=\"&lt;p&gt;Ursula Sax, Kruzifixe, 2019, Paul-Gerhardt-Kirche, Berlin-Prenzlauer Berg&lt;\/p&gt;\n\" data-large-file=\"https:\/\/i0.wp.com\/www.magnetberg.de\/passion\/wp-content\/uploads\/2019\/03\/MG_3364.jpg?fit=800%2C533&amp;ssl=1\" src=\"https:\/\/i0.wp.com\/www.magnetberg.de\/passion\/wp-content\/uploads\/2019\/03\/MG_3364.jpg?resize=800%2C533&#038;ssl=1\" alt=\"\" class=\"wp-image-1260\" srcset=\"https:\/\/i0.wp.com\/www.magnetberg.de\/passion\/wp-content\/uploads\/2019\/03\/MG_3364.jpg?w=2000&amp;ssl=1 2000w, https:\/\/i0.wp.com\/www.magnetberg.de\/passion\/wp-content\/uploads\/2019\/03\/MG_3364.jpg?resize=300%2C200&amp;ssl=1 300w, https:\/\/i0.wp.com\/www.magnetberg.de\/passion\/wp-content\/uploads\/2019\/03\/MG_3364.jpg?resize=768%2C512&amp;ssl=1 768w, https:\/\/i0.wp.com\/www.magnetberg.de\/passion\/wp-content\/uploads\/2019\/03\/MG_3364.jpg?resize=1024%2C682&amp;ssl=1 1024w, https:\/\/i0.wp.com\/www.magnetberg.de\/passion\/wp-content\/uploads\/2019\/03\/MG_3364.jpg?w=1600&amp;ssl=1 1600w\" sizes=\"auto, (max-width: 800px) 100vw, 800px\" \/><\/a><figcaption class=\"wp-element-caption\">Ursula Sax, Kruzifixe, 2019, Paul-Gerhardt-Kirche, Berlin-Prenzlauer Berg<\/figcaption><\/figure>\n\n\n\n<p class=\"tw-text-wide\" style=\"line-height:1.5\">In den vergangenen Jahren wurde Papier zum bevorzugten Material. Unter anderen entstand die Werkgruppe \u00bbFasten- und andere T\u00fccher\u00ab, abstrakte Gebilde aus farbigen Papierschichten. Papier ist ein leichtes und fragiles Material, es ist verg\u00e4nglich und Holz zumeist sein Grundstoff. Angesichts der Kruzifixe, die Ursula Sax immer wieder aus einfachen Packpapieren formt, gewinnen diese Eigenschaften eine metaphysische Qualit\u00e4t, wie \u00fcberhaupt im j\u00fcngsten Werk der Bildhauerin die Momente von Zeit, Verg\u00e4nglichkeit und Transzendenz eine wichtiger werdende Rolle spielen.<\/p>\n\n\n\n<p class=\"tw-text-wide\" style=\"line-height:1.5\"><em>Matthias Fl\u00fcgge<\/em><\/p>\n<\/div><\/div>\n\n\n\n<figure class=\"wp-block-image alignwide size-full is-style-tw-shadow\"><a href=\"https:\/\/www.magnetberg.de\/passion\/ursula-sax\/finales-plakat-passion-2019_5\/\"><img data-recalc-dims=\"1\" loading=\"lazy\" decoding=\"async\" width=\"800\" height=\"1132\" data-attachment-id=\"1527\" data-permalink=\"https:\/\/www.magnetberg.de\/passion\/ursula-sax\/finales-plakat-passion-2019_5\/\" data-orig-file=\"https:\/\/i0.wp.com\/www.magnetberg.de\/passion\/wp-content\/uploads\/2020\/12\/Finales-Plakat-Passion-2019_5.jpg?fit=1414%2C2000&amp;ssl=1\" data-orig-size=\"1414,2000\" data-comments-opened=\"0\" data-image-meta=\"{&quot;aperture&quot;:&quot;0&quot;,&quot;credit&quot;:&quot;&quot;,&quot;camera&quot;:&quot;&quot;,&quot;caption&quot;:&quot;&quot;,&quot;created_timestamp&quot;:&quot;0&quot;,&quot;copyright&quot;:&quot;&quot;,&quot;focal_length&quot;:&quot;0&quot;,&quot;iso&quot;:&quot;0&quot;,&quot;shutter_speed&quot;:&quot;0&quot;,&quot;title&quot;:&quot;&quot;,&quot;orientation&quot;:&quot;0&quot;}\" data-image-title=\"Plakat, 2019\" data-image-description=\"\" data-image-caption=\"&lt;p&gt;Plakat, 2019&lt;\/p&gt;\n\" data-large-file=\"https:\/\/i0.wp.com\/www.magnetberg.de\/passion\/wp-content\/uploads\/2020\/12\/Finales-Plakat-Passion-2019_5.jpg?fit=724%2C1024&amp;ssl=1\" src=\"https:\/\/i0.wp.com\/www.magnetberg.de\/passion\/wp-content\/uploads\/2020\/12\/Finales-Plakat-Passion-2019_5.jpg?resize=800%2C1132&#038;ssl=1\" alt=\"\" class=\"wp-image-1527\" srcset=\"https:\/\/i0.wp.com\/www.magnetberg.de\/passion\/wp-content\/uploads\/2020\/12\/Finales-Plakat-Passion-2019_5.jpg?w=1414&amp;ssl=1 1414w, https:\/\/i0.wp.com\/www.magnetberg.de\/passion\/wp-content\/uploads\/2020\/12\/Finales-Plakat-Passion-2019_5.jpg?resize=212%2C300&amp;ssl=1 212w, https:\/\/i0.wp.com\/www.magnetberg.de\/passion\/wp-content\/uploads\/2020\/12\/Finales-Plakat-Passion-2019_5.jpg?resize=724%2C1024&amp;ssl=1 724w, https:\/\/i0.wp.com\/www.magnetberg.de\/passion\/wp-content\/uploads\/2020\/12\/Finales-Plakat-Passion-2019_5.jpg?resize=768%2C1086&amp;ssl=1 768w, https:\/\/i0.wp.com\/www.magnetberg.de\/passion\/wp-content\/uploads\/2020\/12\/Finales-Plakat-Passion-2019_5.jpg?resize=1086%2C1536&amp;ssl=1 1086w\" sizes=\"auto, (max-width: 800px) 100vw, 800px\" \/><\/a><figcaption class=\"wp-element-caption\">Plakat, 2019<\/figcaption><\/figure>\n\n\n\n<figure class=\"wp-block-embed is-type-video is-provider-youtube wp-block-embed-youtube wp-embed-aspect-4-3 wp-has-aspect-ratio\"><div class=\"wp-block-embed__wrapper\">\n<iframe loading=\"lazy\" title=\"Ursula Sax, Passion, 2019\" width=\"800\" height=\"600\" src=\"https:\/\/www.youtube.com\/embed\/Sl4z-Nqll_k?feature=oembed\" frameborder=\"0\" allow=\"accelerometer; autoplay; clipboard-write; encrypted-media; gyroscope; picture-in-picture; web-share\" referrerpolicy=\"strict-origin-when-cross-origin\" allowfullscreen><\/iframe>\n<\/div><\/figure>\n\n\n\n<div class=\"wp-block-group alignfull\"><div class=\"wp-block-group__inner-container is-layout-flow wp-block-group-is-layout-flow\">\n<p class=\"tw-text-wide\" style=\"line-height:1.5\"><strong>Veranstaltungen<\/strong><\/p>\n\n\n\n<p class=\"tw-text-wide\" style=\"line-height:1.5\">8. M\u00e4rz, 18 Uhr<br><strong>Er\u00f6ffnung <\/strong><br>mit Ursula Sax und Pfarrerin Jasmin el-Manhy<br>Einf\u00fchrung: Matthias Fl\u00fcgge,&nbsp;Rektor der Hochschule f\u00fcr Bildende K\u00fcnste, Dresden<br>Musikalische Gestaltung: Kammerchor enchore<br>Auff\u00fchrung der Messe &nbsp;f\u00fcr Doppelchor von Frank Martin<\/p>\n\n\n\n<p class=\"tw-text-wide\" style=\"line-height:1.5\">14. April, 15 Uhr<br><strong>Der saure Weg \u2026 <\/strong><br>Passionskonzert J. S. Bach:&nbsp;\u00bbKomm, Jesu, komm\u00ab BWV 229, \u00bbder Geist hilft unsrer Schwachheit auf\u00ab BWV 226 Sonate f\u00fcr Fl\u00f6te und Cembalo h-moll, BWV 1030, Motetten aus dem &nbsp;Alt-Bachischen Archiv<br>Christoph Koch, Querfl\u00f6te \/&nbsp;European Bachensemble \/&nbsp;Leitung: Kim Nguyen<\/p>\n\n\n\n<p class=\"tw-text-wide\" style=\"line-height:1.5\">21. April, 9:30 Uhr<br><strong>Ostersonntagsgottesdienst<\/strong><br>Enth\u00fcllung des Altars mit Pfarrerin Almut Hellmann und Team<\/p>\n\n\n\n<p class=\"tw-text-wide\" style=\"line-height:1.5\">Die Altarverh\u00fcllung ist montags bis freitags 15 \u2013 18 Uhr und zu den Gottesdiensten zusehen.<\/p>\n\n\n\n<p class=\"tw-text-wide\" style=\"line-height:1.5\"><a href=\"https:\/\/www.magnetberg.de\/passion\/wp-content\/uploads\/2024\/12\/2019-Flyer-Sax.pdf\" target=\"_blank\" rel=\"noopener\" title=\"\">Flyer<\/a>, Presse: <a href=\"https:\/\/www.magnetberg.de\/passion\/wp-content\/uploads\/2020\/12\/2019-03-15_Berliner-Zeitung_Altarverhuellung-scaled.jpg\">Berliner Zeitung<\/a><\/p>\n<\/div><\/div>\n\n\n\n<p><\/p>\n\n\n\n<p><\/p>\n","protected":false},"excerpt":{"rendered":"<p>Ursula Sax Altarverh\u00fcllung in der Paul-Gerhardt-Kirche, Berlin8. M\u00e4rz &#8211; 21. April 2019 FASTENTUCH Die Bildhauerin Ursula Sax hat in bisher 68 Jahren ein Werk von gro\u00dfartiger Vielseitigkeit der Mittel, Methoden und Materialien geschaffen. Schon fr\u00fch, mit 15 Jahren, nahm sie das Studium an der Stuttgarter Kunstakademie auf und kam mit 20 nach Berlin, wo Hans&hellip;<\/p>\n","protected":false},"author":1,"featured_media":0,"parent":0,"menu_order":0,"comment_status":"closed","ping_status":"closed","template":"tw-no-title.php","meta":{"jetpack_post_was_ever_published":false,"footnotes":""},"class_list":["post-1233","page","type-page","status-publish","hentry"],"aioseo_notices":[],"jetpack_sharing_enabled":true,"jetpack_shortlink":"https:\/\/wp.me\/P4bQhP-jT","_links":{"self":[{"href":"https:\/\/www.magnetberg.de\/passion\/wp-json\/wp\/v2\/pages\/1233","targetHints":{"allow":["GET"]}}],"collection":[{"href":"https:\/\/www.magnetberg.de\/passion\/wp-json\/wp\/v2\/pages"}],"about":[{"href":"https:\/\/www.magnetberg.de\/passion\/wp-json\/wp\/v2\/types\/page"}],"author":[{"embeddable":true,"href":"https:\/\/www.magnetberg.de\/passion\/wp-json\/wp\/v2\/users\/1"}],"replies":[{"embeddable":true,"href":"https:\/\/www.magnetberg.de\/passion\/wp-json\/wp\/v2\/comments?post=1233"}],"version-history":[{"count":44,"href":"https:\/\/www.magnetberg.de\/passion\/wp-json\/wp\/v2\/pages\/1233\/revisions"}],"predecessor-version":[{"id":2614,"href":"https:\/\/www.magnetberg.de\/passion\/wp-json\/wp\/v2\/pages\/1233\/revisions\/2614"}],"wp:attachment":[{"href":"https:\/\/www.magnetberg.de\/passion\/wp-json\/wp\/v2\/media?parent=1233"}],"curies":[{"name":"wp","href":"https:\/\/api.w.org\/{rel}","templated":true}]}}