{"id":934,"date":"2021-12-04T15:07:20","date_gmt":"2021-12-04T14:07:20","guid":{"rendered":"https:\/\/www.magnetberg.de\/bau\/?page_id=934"},"modified":"2023-08-19T00:02:54","modified_gmt":"2023-08-18T22:02:54","slug":"die-welt-ist-eine-scheibe","status":"publish","type":"page","link":"https:\/\/www.magnetberg.de\/bau\/die-welt-ist-eine-scheibe\/","title":{"rendered":"Die Welt ist eine Scheibe"},"content":{"rendered":"<div id=\"metaslider-id-935\" style=\"max-width: 1200px;\" class=\"ml-slider-3-107-0 metaslider metaslider-nivo metaslider-935 ml-slider has-dots-nav ms-theme-default\" role=\"region\" aria-label=\"Die Welt ist eine Scheibe, 2021\" data-height=\"800\" data-width=\"1200\">\n    <div id=\"metaslider_container_935\">\n        <div class='slider-wrapper theme-default'><div class='ribbon'><\/div><div id='metaslider_935' class='nivoSlider'><img loading=\"lazy\" decoding=\"async\" src=\"https:\/\/www.magnetberg.de\/bau\/wp-content\/uploads\/2021\/12\/Foto_1-1200x800.jpg\" height=\"800\" width=\"1200\" title=\"Die Welt ist eine Scheibe, 2021\" alt=\"\" class=\"slider-935 slide-938 msDefaultImage\" \/><img loading=\"lazy\" decoding=\"async\" src=\"https:\/\/www.magnetberg.de\/bau\/wp-content\/uploads\/2021\/12\/Foto_2-1200x800.jpg\" height=\"800\" width=\"1200\" title=\"Die Welt ist eine Scheibe, 2021\" alt=\"\" class=\"slider-935 slide-937 msDefaultImage\" \/><img loading=\"lazy\" decoding=\"async\" src=\"https:\/\/www.magnetberg.de\/bau\/wp-content\/uploads\/2021\/12\/LP-Schrift-a-1200x800.jpg\" height=\"800\" width=\"1200\" title=\"Die Welt ist eine Scheibe, 2021\" alt=\"\" class=\"slider-935 slide-940 msDefaultImage\" \/><img loading=\"lazy\" decoding=\"async\" src=\"https:\/\/www.magnetberg.de\/bau\/wp-content\/uploads\/2021\/12\/Plaza-1200x800.jpg\" height=\"800\" width=\"1200\" title=\"Die Welt ist eine Scheibe, 2021\" alt=\"\" class=\"slider-935 slide-939 msDefaultImage\" \/><img loading=\"lazy\" decoding=\"async\" src=\"https:\/\/www.magnetberg.de\/bau\/wp-content\/uploads\/2021\/12\/Terasse-2-1200x800.jpg\" height=\"800\" width=\"1200\" title=\"Die Welt ist eine Scheibe, 2021\" alt=\"\" class=\"slider-935 slide-942 msDefaultImage\" \/><\/div><\/div>\n        \n    <\/div>\n<\/div>\n\n\n\n<p class=\"has-h-3-font-size\"><strong>Die Welt ist eine Scheibe<\/strong><\/p>\n\n\n\n<p>Der Ortsteil Friedrichshain zwischen Spreeufer und Frankfurter Allee bildet mit seinen Clubs, Bars, internationalen Labels der Musikindustrie und des freien Kunstschaffens einen Microkosmos der kulturellen Kunst- und Kulturscene Berlins ab, der an der Warschauer Br\u00fccke mit der Warschauer Stra\u00dfe und den \u00f6ffentlichem S- U- und Stra\u00dfenbahnlinien einen Kristallisationspunkt findet.&nbsp;<\/p>\n\n\n\n<p>Der Entwurf macht den Kristallisationspunkt auf der Plattform vor dem EDGE East Side \u2013 Berlin und der East Side Mall deutlich. Eine kreisrunde Scheibe mit einem Durchmesser von 17 m wird durch ein spiralf\u00f6rmig verlaufendes Edelstahlband im Bodenbelag eingelassen, angeschnitten von der Treppe zur Stra\u00dfenebene. Die Zwischenr\u00e4ume werden mit Gussasphalt verf\u00fcllt. Auf dem Edelstahlband ist ein Textfragment aus dem Song Paradiesv\u00f6gel von Tamara Danz eingraviert.&nbsp; Die Scheibe wird durch Malerei von verschiedenen Farbfl\u00e4chen, die aus durchgef\u00e4rbtem Gussasphalt und Asphaltfarbe auf dem vorhandenen Belag bestehen, umrahmt. Diese Farbfl\u00e4chen nehmen in ihrer Zeichnung Bez\u00fcge zu den umliegenden Wegeverbindungen auf.&nbsp;<\/p>\n\n\n\n<figure class=\"wp-block-image size-large\"><a href=\"https:\/\/www.magnetberg.de\/bau\/wp-content\/uploads\/2021\/12\/Terasse_1a.jpg\"><img loading=\"lazy\" decoding=\"async\" width=\"724\" height=\"1024\" src=\"https:\/\/www.magnetberg.de\/bau\/wp-content\/uploads\/2021\/12\/Terasse_1a-724x1024.jpg\" alt=\"\" class=\"wp-image-948\" srcset=\"https:\/\/www.magnetberg.de\/bau\/wp-content\/uploads\/2021\/12\/Terasse_1a-724x1024.jpg 724w, https:\/\/www.magnetberg.de\/bau\/wp-content\/uploads\/2021\/12\/Terasse_1a-212x300.jpg 212w, https:\/\/www.magnetberg.de\/bau\/wp-content\/uploads\/2021\/12\/Terasse_1a-768x1086.jpg 768w, https:\/\/www.magnetberg.de\/bau\/wp-content\/uploads\/2021\/12\/Terasse_1a-1087x1536.jpg 1087w, https:\/\/www.magnetberg.de\/bau\/wp-content\/uploads\/2021\/12\/Terasse_1a-1200x1696.jpg 1200w, https:\/\/www.magnetberg.de\/bau\/wp-content\/uploads\/2021\/12\/Terasse_1a.jpg 1415w\" sizes=\"auto, (max-width: 724px) 100vw, 724px\" \/><\/a><\/figure>\n\n\n\n<p>Idee, Planung: DAS KOLLEKTIV<\/p>\n\n\n\n<p>Entwurf f\u00fcr den Wettbewerbes, 2021<\/p>\n\n\n\n<p>Materialien: Edelstahl, Gussasphalt (durchgef\u00e4rbt)<\/p>\n\n\n\n<p>Standort: EDGE East Side, Berlin<\/p>\n","protected":false},"excerpt":{"rendered":"<p>Die Welt ist eine Scheibe Der Ortsteil Friedrichshain zwischen Spreeufer und Frankfurter Allee bildet mit seinen Clubs, Bars, internationalen Labels der Musikindustrie und des freien Kunstschaffens einen Microkosmos der kulturellen Kunst- und Kulturscene Berlins ab, der an der Warschauer Br\u00fccke mit der Warschauer Stra\u00dfe und den \u00f6ffentlichem S- U- und Stra\u00dfenbahnlinien einen Kristallisationspunkt findet.&nbsp; Der&hellip;<\/p>\n","protected":false},"author":1,"featured_media":0,"parent":0,"menu_order":0,"comment_status":"closed","ping_status":"closed","template":"tw-no-title.php","meta":{"footnotes":""},"class_list":["post-934","page","type-page","status-publish","hentry"],"aioseo_notices":[],"_links":{"self":[{"href":"https:\/\/www.magnetberg.de\/bau\/wp-json\/wp\/v2\/pages\/934","targetHints":{"allow":["GET"]}}],"collection":[{"href":"https:\/\/www.magnetberg.de\/bau\/wp-json\/wp\/v2\/pages"}],"about":[{"href":"https:\/\/www.magnetberg.de\/bau\/wp-json\/wp\/v2\/types\/page"}],"author":[{"embeddable":true,"href":"https:\/\/www.magnetberg.de\/bau\/wp-json\/wp\/v2\/users\/1"}],"replies":[{"embeddable":true,"href":"https:\/\/www.magnetberg.de\/bau\/wp-json\/wp\/v2\/comments?post=934"}],"version-history":[{"count":4,"href":"https:\/\/www.magnetberg.de\/bau\/wp-json\/wp\/v2\/pages\/934\/revisions"}],"predecessor-version":[{"id":958,"href":"https:\/\/www.magnetberg.de\/bau\/wp-json\/wp\/v2\/pages\/934\/revisions\/958"}],"wp:attachment":[{"href":"https:\/\/www.magnetberg.de\/bau\/wp-json\/wp\/v2\/media?parent=934"}],"curies":[{"name":"wp","href":"https:\/\/api.w.org\/{rel}","templated":true}]}}