{"id":884,"date":"2021-12-04T14:13:00","date_gmt":"2021-12-04T13:13:00","guid":{"rendered":"https:\/\/www.magnetberg.de\/bau\/?page_id=884"},"modified":"2021-12-04T14:29:31","modified_gmt":"2021-12-04T13:29:31","slug":"clouds","status":"publish","type":"page","link":"https:\/\/www.magnetberg.de\/bau\/clouds\/","title":{"rendered":"CLOUDS"},"content":{"rendered":"<div id=\"metaslider-id-886\" style=\"max-width: 1200px;\" class=\"ml-slider-3-107-0 metaslider metaslider-nivo metaslider-886 ml-slider has-dots-nav ms-theme-default\" role=\"region\" aria-label=\"clouds, 2021\" data-height=\"800\" data-width=\"1200\">\n    <div id=\"metaslider_container_886\">\n        <div class='slider-wrapper theme-default'><div class='ribbon'><\/div><div id='metaslider_886' class='nivoSlider'><img loading=\"lazy\" decoding=\"async\" src=\"https:\/\/www.magnetberg.de\/bau\/wp-content\/uploads\/2024\/12\/IMG_2030-1200x800.jpeg\" height=\"800\" width=\"1200\" title=\"CLOUDS, 2021\" alt=\"\" class=\"slider-886 slide-890 msDefaultImage\" \/><img loading=\"lazy\" decoding=\"async\" src=\"https:\/\/www.magnetberg.de\/bau\/wp-content\/uploads\/2021\/12\/DSC02932-1200x800.jpg\" height=\"800\" width=\"1200\" title=\"CLOUDS, 2021\" alt=\"\" class=\"slider-886 slide-1255 msDefaultImage\" \/><img loading=\"lazy\" decoding=\"async\" src=\"https:\/\/www.magnetberg.de\/bau\/wp-content\/uploads\/2021\/12\/DSC02892-1200x800.jpg\" height=\"800\" width=\"1200\" title=\"CLOUDS, 2021\" alt=\"\" class=\"slider-886 slide-888 msDefaultImage\" \/><img loading=\"lazy\" decoding=\"async\" src=\"https:\/\/www.magnetberg.de\/bau\/wp-content\/uploads\/2021\/12\/Cloud2-1200x800.jpg\" height=\"800\" width=\"1200\" title=\"CLOUDS, 2021\" alt=\"\" class=\"slider-886 slide-926 msDefaultImage\" \/><img loading=\"lazy\" decoding=\"async\" src=\"https:\/\/www.magnetberg.de\/bau\/wp-content\/uploads\/2021\/12\/Freisitz1-202012-28-1200x800.jpg\" height=\"800\" width=\"1200\" title=\"CLOUDS, 2021\" alt=\"\" class=\"slider-886 slide-892 msDefaultImage\" \/><img loading=\"lazy\" decoding=\"async\" src=\"https:\/\/www.magnetberg.de\/bau\/wp-content\/uploads\/2021\/12\/cloud-1-1200x800.jpg\" height=\"800\" width=\"1200\" title=\"CLOUDS, 2021\" alt=\"\" class=\"slider-886 slide-905 msDefaultImage\" \/><\/div><\/div>\n        \n    <\/div>\n<\/div>\n\n\n\n<p class=\"has-h-3-font-size\"><strong>CLOUDS<\/strong><\/p>\n\n\n\n<p>Entwurf f\u00fcr Kunst am Bau im Klinikum rechts der Isar der Technischen Universit\u00e4t M\u00fcnchen, Neubau OP-Zentrum Nord<\/p>\n\n\n\n<p><strong>Beschreibung<\/strong><\/p>\n\n\n\n<p>Aus verschiedenen Ausschnitten k\u00fcnstlerischer Wolkendarstellungen z.B. die aus Albrecht D\u00fcrers Holzschnitten zur Apokalypse, aus historischen Bibelillustrationen und aus Radierungen in einem Schulbuch des 19. Jahrhunderts haben wir eine feingliedrige gespinnstartige wei\u00dfe Zeichnung entwickelt, die eine fortlaufende Wolkenformation darstellt. Diese Zeichnung soll von einer Spezialfirma auf die Glasscheiben im Foyer appliziert werden. Es handelt sich dabei um wei\u00dfe Hochleistungs &#8211; Glasfolie, aus der die Zeichnung entsprechend ausgeschnitten und von innen auf die Glasscheiben montiert wird.&nbsp;<\/p>\n\n\n\n<figure class=\"wp-block-image size-large\"><a href=\"https:\/\/www.magnetberg.de\/bau\/wp-content\/uploads\/2021\/12\/Glas-und-Wand-scaled.jpg\"><img loading=\"lazy\" decoding=\"async\" width=\"1024\" height=\"263\" src=\"https:\/\/www.magnetberg.de\/bau\/wp-content\/uploads\/2021\/12\/Glas-und-Wand-1024x263.jpg\" alt=\"\" class=\"wp-image-911\" srcset=\"https:\/\/www.magnetberg.de\/bau\/wp-content\/uploads\/2021\/12\/Glas-und-Wand-1024x263.jpg 1024w, https:\/\/www.magnetberg.de\/bau\/wp-content\/uploads\/2021\/12\/Glas-und-Wand-300x77.jpg 300w, https:\/\/www.magnetberg.de\/bau\/wp-content\/uploads\/2021\/12\/Glas-und-Wand-768x197.jpg 768w, https:\/\/www.magnetberg.de\/bau\/wp-content\/uploads\/2021\/12\/Glas-und-Wand-1536x394.jpg 1536w, https:\/\/www.magnetberg.de\/bau\/wp-content\/uploads\/2021\/12\/Glas-und-Wand-2048x526.jpg 2048w, https:\/\/www.magnetberg.de\/bau\/wp-content\/uploads\/2021\/12\/Glas-und-Wand-1200x308.jpg 1200w, https:\/\/www.magnetberg.de\/bau\/wp-content\/uploads\/2021\/12\/Glas-und-Wand-1980x508.jpg 1980w\" sizes=\"auto, (max-width: 1024px) 100vw, 1024px\" \/><\/a><\/figure>\n\n\n\n<p>Beginnend an der \u00e4u\u00dferen linken Fensterscheibe bis zum Ende des Fensterbandes, setzt sie sich im Bereich des Freisitzes fort. Dort soll die Zeichnung mit Zweikomponenten-Farbe mittels Siebdruckverfahren auf die Eternitplatten der Au\u00dfenwand-Verkleidung aufgebracht werden.&nbsp;<\/p>\n\n\n\n<figure class=\"wp-block-image size-large\"><a href=\"https:\/\/www.magnetberg.de\/bau\/wp-content\/uploads\/2021\/12\/Freisitz-scaled.jpg\"><img loading=\"lazy\" decoding=\"async\" width=\"1024\" height=\"281\" src=\"https:\/\/www.magnetberg.de\/bau\/wp-content\/uploads\/2021\/12\/Freisitz-1024x281.jpg\" alt=\"\" class=\"wp-image-909\" srcset=\"https:\/\/www.magnetberg.de\/bau\/wp-content\/uploads\/2021\/12\/Freisitz-1024x281.jpg 1024w, https:\/\/www.magnetberg.de\/bau\/wp-content\/uploads\/2021\/12\/Freisitz-300x82.jpg 300w, https:\/\/www.magnetberg.de\/bau\/wp-content\/uploads\/2021\/12\/Freisitz-768x211.jpg 768w, https:\/\/www.magnetberg.de\/bau\/wp-content\/uploads\/2021\/12\/Freisitz-1536x421.jpg 1536w, https:\/\/www.magnetberg.de\/bau\/wp-content\/uploads\/2021\/12\/Freisitz-2048x562.jpg 2048w, https:\/\/www.magnetberg.de\/bau\/wp-content\/uploads\/2021\/12\/Freisitz-1200x329.jpg 1200w, https:\/\/www.magnetberg.de\/bau\/wp-content\/uploads\/2021\/12\/Freisitz-1980x543.jpg 1980w\" sizes=\"auto, (max-width: 1024px) 100vw, 1024px\" \/><\/a><\/figure>\n\n\n\n<p>Das verh\u00fcllende, vorhangartige der wei\u00dfen Wolkenzeichnung ist uns wichtig im Zusammenhang mit dem derzeit m\u00f6glichen Einblick in das Foyer vom Osthof aus. Wir erachtenden damit gewonnenen Sichtschutz zu dem \u00f6ffentlich zug\u00e4nglichen Hof als sinnvoll.&nbsp;<\/p>\n\n\n\n<p>Zus\u00e4tzlich soll die R\u00fcckwand des OP-Containerbaus (an der dem Foyer gegen\u00fcberliegenden Seite des Osthofes) in einem Himmelblau assoziierenden Farbton gestrichen werden. Wir planen dabei einen Farbton (Keim, Granital S-9006, Ultraminblau), der sich nicht von den feinen Gelbpartien des bisherigen Farbkonzeptes st\u00f6rend absetzt, sondern wie auf der Simulation ersichtlich (Abbildung vom Freisitz aus), hervorragend einpasst. Beim Durchblick aus dem Foyer wird sich die wei\u00dfe Zeichnung der Wolken auf der Fensterscheibe mit dem blauen Farbton der Wand gegen\u00fcber, zu einem r\u00e4umlichen Gesamteindruck verbinden. Die blaue Fl\u00e4che dient uns dabei als eine weitere Ebene. Das Foyer, der Osthof und die Fassade des OP Containerbaus sind somit in die k\u00fcnstlerische Umsetzung einbezogen.<\/p>\n\n\n\n<p>Die vielf\u00e4ltigen Quellen, die unserem Entwurf zugrunde liegen, weisen gleichzeitig auf die unterschiedlichen Begr\u00fcndungen f\u00fcr unser Konzept hin. Bei Bertolt Brecht sind Wolken \u201esehr wei\u00df und ungeheuer oben\u201c, f\u00fcr ihn symbolisiert das Bild der Wolke die verblassende Erinnerung an seine Jugendliebe Marie A.. Bei anderen Schriftstellern steht es f\u00fcr das Fremde und R\u00e4tselhafte oder das Vergehen von Zeit. Im Alten Testament stehen Wolken f\u00fcr die Allmacht Gottes. Bei \u00d6d\u00f6n von Horv\u00e1ths findet sich sogar der direkte Bezug zu M\u00fcnchen und Bayern: \u201eDer Himmel war blau, die Wolken wei\u00df und bayerisch barock\u201c. Wir sind jedoch vom Trost spendenden Blick auf die am Himmel ziehenden Wolken ausgegangen, der uns beim Thema \u201eKrankenhaus\u201c relevant erscheint. Neben ihren optischen Eigenschaften und ihrer Sch\u00f6nheit, die schon immer die Phantasie der Menschen angeregt hat, sind Wolken auch bei zahlreichen Fragen in der Wissenschaft wichtig. Wolken verdecken (die Landschaft), decken zu, ziehen wie Gedanken vorbei und werden vor allem bei leuchtendem blauen Himmel als wunderbar empfunden. In M\u00e4rchen werden Wolken zudem oft mit&nbsp; Kissen und Betten und dem Schutzbed\u00fcrfnis das sich darin ausdr\u00fcckt, assoziiert.&nbsp;<\/p>\n\n\n\n<p>Idee, Planung: DAS KOLLEKTIV<\/p>\n\n\n\n<p>Entwurf f\u00fcr die zweite Stufe des Wettbewerbes, 2021<\/p>\n\n\n\n<p>Technik: Gegossene Hochleistungs-Folie auf Glas (innen), Siebdruck auf Fassadenpaneel (z.B. Eternit)<\/p>\n\n\n\n<p>Standort: Klinikum rechts der Isar der Technischen Universit\u00e4t M\u00fcnchen, Neubau OP-Zentrum Nord<\/p>\n","protected":false},"excerpt":{"rendered":"<p>CLOUDS Entwurf f\u00fcr Kunst am Bau im Klinikum rechts der Isar der Technischen Universit\u00e4t M\u00fcnchen, Neubau OP-Zentrum Nord Beschreibung Aus verschiedenen Ausschnitten k\u00fcnstlerischer Wolkendarstellungen z.B. die aus Albrecht D\u00fcrers Holzschnitten zur Apokalypse, aus historischen Bibelillustrationen und aus Radierungen in einem Schulbuch des 19. Jahrhunderts haben wir eine feingliedrige gespinnstartige wei\u00dfe Zeichnung entwickelt, die eine fortlaufende&hellip;<\/p>\n","protected":false},"author":1,"featured_media":0,"parent":0,"menu_order":0,"comment_status":"closed","ping_status":"closed","template":"tw-no-title.php","meta":{"footnotes":""},"class_list":["post-884","page","type-page","status-publish","hentry"],"aioseo_notices":[],"_links":{"self":[{"href":"https:\/\/www.magnetberg.de\/bau\/wp-json\/wp\/v2\/pages\/884","targetHints":{"allow":["GET"]}}],"collection":[{"href":"https:\/\/www.magnetberg.de\/bau\/wp-json\/wp\/v2\/pages"}],"about":[{"href":"https:\/\/www.magnetberg.de\/bau\/wp-json\/wp\/v2\/types\/page"}],"author":[{"embeddable":true,"href":"https:\/\/www.magnetberg.de\/bau\/wp-json\/wp\/v2\/users\/1"}],"replies":[{"embeddable":true,"href":"https:\/\/www.magnetberg.de\/bau\/wp-json\/wp\/v2\/comments?post=884"}],"version-history":[{"count":5,"href":"https:\/\/www.magnetberg.de\/bau\/wp-json\/wp\/v2\/pages\/884\/revisions"}],"predecessor-version":[{"id":919,"href":"https:\/\/www.magnetberg.de\/bau\/wp-json\/wp\/v2\/pages\/884\/revisions\/919"}],"wp:attachment":[{"href":"https:\/\/www.magnetberg.de\/bau\/wp-json\/wp\/v2\/media?parent=884"}],"curies":[{"name":"wp","href":"https:\/\/api.w.org\/{rel}","templated":true}]}}