{"id":825,"date":"2021-12-03T13:26:02","date_gmt":"2021-12-03T12:26:02","guid":{"rendered":"https:\/\/www.magnetberg.de\/bau\/?page_id=825"},"modified":"2025-01-02T18:24:40","modified_gmt":"2025-01-02T17:24:40","slug":"big-heat","status":"publish","type":"page","link":"https:\/\/www.magnetberg.de\/bau\/big-heat\/","title":{"rendered":"Big Heat"},"content":{"rendered":"<div id=\"metaslider-id-818\" style=\"max-width: 1200px;\" class=\"ml-slider-3-107-0 metaslider metaslider-nivo metaslider-818 ml-slider has-dots-nav ms-theme-default\" role=\"region\" aria-label=\"Big Heat, 2021\" data-height=\"800\" data-width=\"1200\">\n    <div id=\"metaslider_container_818\">\n        <div class='slider-wrapper theme-default'><div class='ribbon'><\/div><div id='metaslider_818' class='nivoSlider'><img loading=\"lazy\" decoding=\"async\" src=\"https:\/\/www.magnetberg.de\/bau\/wp-content\/uploads\/2021\/12\/Perspektive2-1200x800.jpg\" height=\"800\" width=\"1200\" title=\"Big Heat, 2021\" alt=\"\" class=\"slider-818 slide-819 msDefaultImage\" \/><img loading=\"lazy\" decoding=\"async\" src=\"https:\/\/www.magnetberg.de\/bau\/wp-content\/uploads\/2021\/12\/Perspektive1-1200x800.jpg\" height=\"800\" width=\"1200\" title=\"Big Heat, 2021\" alt=\"\" class=\"slider-818 slide-820 msDefaultImage\" \/><img loading=\"lazy\" decoding=\"async\" src=\"https:\/\/www.magnetberg.de\/bau\/wp-content\/uploads\/2021\/12\/Wand-05-1200x800.jpg\" height=\"800\" width=\"1200\" title=\"Big Heat, 2021\" alt=\"\" class=\"slider-818 slide-821 msDefaultImage\" \/><img loading=\"lazy\" decoding=\"async\" src=\"https:\/\/www.magnetberg.de\/bau\/wp-content\/uploads\/2021\/12\/Wand-07-1200x800.jpg\" height=\"800\" width=\"1200\" title=\"Big Heat, 2021\" alt=\"\" class=\"slider-818 slide-834 msDefaultImage\" \/><img loading=\"lazy\" decoding=\"async\" src=\"https:\/\/www.magnetberg.de\/bau\/wp-content\/uploads\/2021\/12\/Wand-04-1200x800.jpg\" height=\"800\" width=\"1200\" title=\"Big Heat, 2021\" alt=\"\" class=\"slider-818 slide-822 msDefaultImage\" \/><img loading=\"lazy\" decoding=\"async\" src=\"https:\/\/www.magnetberg.de\/bau\/wp-content\/uploads\/2021\/12\/Wand-01-1200x800.jpg\" height=\"800\" width=\"1200\" title=\"Big Heat\" alt=\"\" class=\"slider-818 slide-823 msDefaultImage\" \/><img loading=\"lazy\" decoding=\"async\" src=\"https:\/\/www.magnetberg.de\/bau\/wp-content\/uploads\/2021\/12\/Wand-08-1200x800.jpg\" height=\"800\" width=\"1200\" title=\"Big Heat, 2021\" alt=\"\" class=\"slider-818 slide-824 msDefaultImage\" \/><img loading=\"lazy\" decoding=\"async\" src=\"https:\/\/www.magnetberg.de\/bau\/wp-content\/uploads\/2021\/12\/Wand-11-1200x800.jpg\" height=\"800\" width=\"1200\" title=\"Big Heat, 2021\" alt=\"\" class=\"slider-818 slide-832 msDefaultImage\" \/><img loading=\"lazy\" decoding=\"async\" src=\"https:\/\/www.magnetberg.de\/bau\/wp-content\/uploads\/2021\/12\/Perspektive3-1200x800.jpg\" height=\"800\" width=\"1200\" title=\"Big Heat, 2021\" alt=\"\" class=\"slider-818 slide-833 msDefaultImage\" \/><\/div><\/div>\n        \n    <\/div>\n<\/div>\n\n\n\n<p class=\"has-h-3-font-size\"><strong>Big Heat<\/strong><\/p>\n\n\n\n<p>The Big Heat (Hei\u00dfes Eisen) ist ein US-amerikanischer Kriminalfilm von Fritz Lang aus dem Jahr 1953. Die Idee f\u00fcr die Gestaltung der Flure zu den Arbeitsbereichen im Neubau des Bundespolizeipr\u00e4sidium (Standort 2) beruht auf Filmstills aus dem Film The Big Heat. Es handelt sich um verfremdete Ausschnitte aus den Kulissen in diesem Film, aus ausgew\u00e4hlten Interieurs und Orten der Handlung, ohne die darin agierenden Personen. Vor allem die vielen Aufnahmen aus den diversen fiktiven Polizeib\u00fcros, den Orten der Polizeiarbeit waren die Grundlage f\u00fcr die ausgew\u00e4hlten Motive.\u00a0 Sie werden in Form \u00fcberdimensionierter Ausschnitte (Cutouts) auf Vliestapeten gedruckt und auf die ausgesuchten Wandfl\u00e4chen appliziert. Jedem Motiv ist eine originale zeitgen\u00f6ssische Malerei zugeordnet. Diese Unikate setzen sich zwar durch ihre besondere Haptik (Oberfl\u00e4chenstruktur) von den gedruckten Partien der Wandgestaltung ab. Jedoch befinden sich beide Elemente der Gestaltung, das Unikat und der \u00fcberdimensionierte Druck in einem besonderen Spannungsverh\u00e4ltnis.<\/p>\n\n\n\n<figure class=\"wp-block-image size-large\"><img loading=\"lazy\" decoding=\"async\" width=\"1024\" height=\"768\" src=\"https:\/\/www.magnetberg.de\/bau\/wp-content\/uploads\/2021\/12\/vlcsnap-2013-07-20-23h26m11s107-1024x768.jpg\" alt=\"\" class=\"wp-image-808\" srcset=\"https:\/\/www.magnetberg.de\/bau\/wp-content\/uploads\/2021\/12\/vlcsnap-2013-07-20-23h26m11s107-1024x768.jpg 1024w, https:\/\/www.magnetberg.de\/bau\/wp-content\/uploads\/2021\/12\/vlcsnap-2013-07-20-23h26m11s107-300x225.jpg 300w, https:\/\/www.magnetberg.de\/bau\/wp-content\/uploads\/2021\/12\/vlcsnap-2013-07-20-23h26m11s107-768x576.jpg 768w, https:\/\/www.magnetberg.de\/bau\/wp-content\/uploads\/2021\/12\/vlcsnap-2013-07-20-23h26m11s107-1536x1152.jpg 1536w, https:\/\/www.magnetberg.de\/bau\/wp-content\/uploads\/2021\/12\/vlcsnap-2013-07-20-23h26m11s107-1200x900.jpg 1200w, https:\/\/www.magnetberg.de\/bau\/wp-content\/uploads\/2021\/12\/vlcsnap-2013-07-20-23h26m11s107-1980x1485.jpg 1980w, https:\/\/www.magnetberg.de\/bau\/wp-content\/uploads\/2021\/12\/vlcsnap-2013-07-20-23h26m11s107.jpg 2000w\" sizes=\"auto, (max-width: 1024px) 100vw, 1024px\" \/><figcaption class=\"wp-element-caption\">Big Heat, Filmstill<\/figcaption><\/figure>\n\n\n\n<p>Die Gestaltung ist, wie die Kulissen des Filmes, gekennzeichnet durch eine gewisse Zur\u00fcckhaltung und Eleganz. Verursacht durch die Platzierung der originalen Bilder, die Durchbrechung der perspektivischen Logik und durch die Komposition aller gestalteten Bestandteile wird eine gewisse unterschwellige Unsicherheit erzeugt, die der k\u00fcnstlerischen Intervention ihre Ambivalenz verleiht.<\/p>\n\n\n\n<figure class=\"wp-block-image size-large\"><a href=\"https:\/\/www.magnetberg.de\/bau\/wp-content\/uploads\/2021\/12\/Wand-detail-2-Kopie-scaled.jpg\"><img loading=\"lazy\" decoding=\"async\" width=\"1024\" height=\"383\" src=\"https:\/\/www.magnetberg.de\/bau\/wp-content\/uploads\/2021\/12\/Wand-detail-2-Kopie-1024x383.jpg\" alt=\"\" class=\"wp-image-817\" srcset=\"https:\/\/www.magnetberg.de\/bau\/wp-content\/uploads\/2021\/12\/Wand-detail-2-Kopie-1024x383.jpg 1024w, https:\/\/www.magnetberg.de\/bau\/wp-content\/uploads\/2021\/12\/Wand-detail-2-Kopie-300x112.jpg 300w, https:\/\/www.magnetberg.de\/bau\/wp-content\/uploads\/2021\/12\/Wand-detail-2-Kopie-768x287.jpg 768w, https:\/\/www.magnetberg.de\/bau\/wp-content\/uploads\/2021\/12\/Wand-detail-2-Kopie-1536x575.jpg 1536w, https:\/\/www.magnetberg.de\/bau\/wp-content\/uploads\/2021\/12\/Wand-detail-2-Kopie-2048x766.jpg 2048w, https:\/\/www.magnetberg.de\/bau\/wp-content\/uploads\/2021\/12\/Wand-detail-2-Kopie-1200x449.jpg 1200w, https:\/\/www.magnetberg.de\/bau\/wp-content\/uploads\/2021\/12\/Wand-detail-2-Kopie-1980x741.jpg 1980w\" sizes=\"auto, (max-width: 1024px) 100vw, 1024px\" \/><\/a><\/figure>\n\n\n\n<p>Idee, Planung: DAS KOLLEKTIV<\/p>\n\n\n\n<p>Entwurf f\u00fcr die zweite Stufe des Wettbewerbes, 2021<\/p>\n\n\n\n<p>Technik: Digitaldruck auf Vliestapeten und Collagenmalerei auf Leinwand<\/p>\n\n\n\n<p>Standort: Flure des Bundespolizeipr\u00e4sidiums in Potsdam<\/p>\n","protected":false},"excerpt":{"rendered":"<p>Big Heat The Big Heat (Hei\u00dfes Eisen) ist ein US-amerikanischer Kriminalfilm von Fritz Lang aus dem Jahr 1953. Die Idee f\u00fcr die Gestaltung der Flure zu den Arbeitsbereichen im Neubau des Bundespolizeipr\u00e4sidium (Standort 2) beruht auf Filmstills aus dem Film The Big Heat. Es handelt sich um verfremdete Ausschnitte aus den Kulissen in diesem Film,&hellip;<\/p>\n","protected":false},"author":1,"featured_media":0,"parent":0,"menu_order":0,"comment_status":"closed","ping_status":"closed","template":"tw-no-title.php","meta":{"footnotes":""},"class_list":["post-825","page","type-page","status-publish","hentry"],"aioseo_notices":[],"_links":{"self":[{"href":"https:\/\/www.magnetberg.de\/bau\/wp-json\/wp\/v2\/pages\/825","targetHints":{"allow":["GET"]}}],"collection":[{"href":"https:\/\/www.magnetberg.de\/bau\/wp-json\/wp\/v2\/pages"}],"about":[{"href":"https:\/\/www.magnetberg.de\/bau\/wp-json\/wp\/v2\/types\/page"}],"author":[{"embeddable":true,"href":"https:\/\/www.magnetberg.de\/bau\/wp-json\/wp\/v2\/users\/1"}],"replies":[{"embeddable":true,"href":"https:\/\/www.magnetberg.de\/bau\/wp-json\/wp\/v2\/comments?post=825"}],"version-history":[{"count":10,"href":"https:\/\/www.magnetberg.de\/bau\/wp-json\/wp\/v2\/pages\/825\/revisions"}],"predecessor-version":[{"id":1639,"href":"https:\/\/www.magnetberg.de\/bau\/wp-json\/wp\/v2\/pages\/825\/revisions\/1639"}],"wp:attachment":[{"href":"https:\/\/www.magnetberg.de\/bau\/wp-json\/wp\/v2\/media?parent=825"}],"curies":[{"name":"wp","href":"https:\/\/api.w.org\/{rel}","templated":true}]}}