{"id":780,"date":"2021-12-03T12:37:36","date_gmt":"2021-12-03T11:37:36","guid":{"rendered":"https:\/\/www.magnetberg.de\/bau\/?page_id=780"},"modified":"2025-03-19T07:03:33","modified_gmt":"2025-03-19T06:03:33","slug":"stadttor-magdeburg","status":"publish","type":"page","link":"https:\/\/www.magnetberg.de\/bau\/stadttor-magdeburg\/","title":{"rendered":"STADTTOR MAGDEBURG"},"content":{"rendered":"<div id=\"metaslider-id-773\" style=\"max-width: 1200px;\" class=\"ml-slider-3-107-0 metaslider metaslider-nivo metaslider-773 ml-slider has-dots-nav ms-theme-default\" role=\"region\" aria-label=\"STADTTOR MAGDEBURG\" data-height=\"800\" data-width=\"1200\">\n    <div id=\"metaslider_container_773\">\n        <div class='slider-wrapper theme-default'><div class='ribbon'><\/div><div id='metaslider_773' class='nivoSlider'><img loading=\"lazy\" decoding=\"async\" src=\"https:\/\/www.magnetberg.de\/bau\/wp-content\/uploads\/2021\/12\/DSC02499_a-1200x800.jpg\" height=\"800\" width=\"1200\" title=\"STADTTOR MAGDEBURG, 2020\" alt=\"\" class=\"slider-773 slide-775 msDefaultImage\" \/><img loading=\"lazy\" decoding=\"async\" src=\"https:\/\/www.magnetberg.de\/bau\/wp-content\/uploads\/2021\/12\/MAGD_Fahrrad-1200x800.jpg\" height=\"800\" width=\"1200\" title=\"STADTTOR MAGDEBURG, 2020\" alt=\"\" class=\"slider-773 slide-779 msDefaultImage\" \/><img loading=\"lazy\" decoding=\"async\" src=\"https:\/\/www.magnetberg.de\/bau\/wp-content\/uploads\/2021\/12\/MG_9242_a-1200x800.jpg\" height=\"800\" width=\"1200\" title=\"STADTTOR MAGDEBURG, 2020\" alt=\"\" class=\"slider-773 slide-774 msDefaultImage\" \/><img loading=\"lazy\" decoding=\"async\" src=\"https:\/\/www.magnetberg.de\/bau\/wp-content\/uploads\/2021\/12\/DSC02558_a-1200x800.jpg\" height=\"800\" width=\"1200\" title=\"STADTTOR MAGDEBURG, 2020\" alt=\"\" class=\"slider-773 slide-776 msDefaultImage\" \/><img loading=\"lazy\" decoding=\"async\" src=\"https:\/\/www.magnetberg.de\/bau\/wp-content\/uploads\/2021\/12\/MG_9209_a-1200x800.jpg\" height=\"800\" width=\"1200\" title=\"STADTTOR MAGDEBURG, 2020\" alt=\"\" class=\"slider-773 slide-777 msDefaultImage\" \/><img loading=\"lazy\" decoding=\"async\" src=\"https:\/\/www.magnetberg.de\/bau\/wp-content\/uploads\/2021\/12\/DSC02573_a-1200x800.jpg\" height=\"800\" width=\"1200\" title=\"STADTTOR MAGDEBURG, 2020\" alt=\"\" class=\"slider-773 slide-778 msDefaultImage\" \/><\/div><\/div>\n        \n    <\/div>\n<\/div>\n\n\n\n<p class=\"has-h-3-font-size\"><strong>QR STADTTOR MAGDEBURG<\/strong><\/p>\n\n\n\n<p>Unser Vorschlag f\u00fcr die k\u00fcnstlerische Gestaltung der Br\u00fcckenwiderlager, der Eisenbahn\u00fcberf\u00fchrung Ernst-Reuter-Allee zeigt eine Mischung aus Computerspiel und konstruktivistischer Kunst. Das geometrisch-technische Gestaltungsprinzip geht von den quadratischen Grundformen der Fliesen aus (10 x 10 cm), welche zu Linien, Linienknoten und Farbfl\u00e4chen verbunden sind. Als Gesamteindruck, von einigen Metern Entfernung zu erkennen, k\u00f6nnen sie an Landschaftsformationen der Elbauen und anderen Ansichten in der Umgebung Magdeburgs erinnern.&nbsp;<\/p>\n\n\n\n<figure class=\"wp-block-image size-large\"><a href=\"https:\/\/www.magnetberg.de\/bau\/wp-content\/uploads\/2021\/12\/MAGD_gesamt-scaled.jpg\"><img loading=\"lazy\" decoding=\"async\" width=\"1024\" height=\"505\" src=\"https:\/\/www.magnetberg.de\/bau\/wp-content\/uploads\/2021\/12\/MAGD_gesamt-1024x505.jpg\" alt=\"\" class=\"wp-image-786\" srcset=\"https:\/\/www.magnetberg.de\/bau\/wp-content\/uploads\/2021\/12\/MAGD_gesamt-1024x505.jpg 1024w, https:\/\/www.magnetberg.de\/bau\/wp-content\/uploads\/2021\/12\/MAGD_gesamt-300x148.jpg 300w, https:\/\/www.magnetberg.de\/bau\/wp-content\/uploads\/2021\/12\/MAGD_gesamt-768x379.jpg 768w, https:\/\/www.magnetberg.de\/bau\/wp-content\/uploads\/2021\/12\/MAGD_gesamt-1536x758.jpg 1536w, https:\/\/www.magnetberg.de\/bau\/wp-content\/uploads\/2021\/12\/MAGD_gesamt-2048x1011.jpg 2048w, https:\/\/www.magnetberg.de\/bau\/wp-content\/uploads\/2021\/12\/MAGD_gesamt-1200x592.jpg 1200w, https:\/\/www.magnetberg.de\/bau\/wp-content\/uploads\/2021\/12\/MAGD_gesamt-1980x977.jpg 1980w\" sizes=\"auto, (max-width: 1024px) 100vw, 1024px\" \/><\/a><\/figure>\n\n\n\n<p>Die traditionell auf Bahnunterf\u00fchrungen und Bahnh\u00f6fen \u00fcbliche Fliesenoptik wird materialtechnisch zwar aufgenommen, zugleich aber durch eine reduzierte \u00c4sthetik in das zeitgen\u00f6ssische Formenvokabular \u00fcberf\u00fchrt. Das erm\u00f6glicht es uns, den Sichtbeton als wesentliches Gestaltungselement einzubeziehen. Bei der Farbauswahl der Fliesen orientierten wir uns an der verlorenen Farbfassung des Magdeburger Reiters b.z.w. der Farben der Stadt Magdeburg: blau, gr\u00fcn, rot und wei\u00df &#8211; in \u00e4sthetisch ausgewogener Anordnung, wie oben beschrieben.\u00a0<\/p>\n\n\n\n<p>Die QR-Codes dienen als Tor in eine zweite (virtuelle) Dimension, mit definiertem kulturellen und informativen Inhalten aus Magdeburg. Der QR-Code ist dabei mit dem Smartphone zu scannen. Der Zugang zu den Websites, die von den QR-Codes auf der Wand ge\u00f6ffnet werden, ist Teil dieses Ausf\u00fchrungsentwurfes.<\/p>\n\n\n\n<figure class=\"wp-block-embed is-type-video is-provider-youtube wp-block-embed-youtube wp-embed-aspect-4-3 wp-has-aspect-ratio\"><div class=\"wp-block-embed__wrapper\">\n<iframe loading=\"lazy\" title=\"STADTTOR MAGDEBURG, 2020\" width=\"700\" height=\"394\" src=\"https:\/\/www.youtube.com\/embed\/uEgJTOAboaU?feature=oembed\" frameborder=\"0\" allow=\"accelerometer; autoplay; clipboard-write; encrypted-media; gyroscope; picture-in-picture; web-share\" referrerpolicy=\"strict-origin-when-cross-origin\" allowfullscreen><\/iframe>\n<\/div><\/figure>\n\n\n\n<p>Idee, Planung: DAS KOLLEKTIV<\/p>\n\n\n\n<p>Entwurf f\u00fcr die zweite Stufe des Wettbewerbes, 2021<\/p>\n\n\n\n<p>Standort: Br\u00fcckenwiderlager, der Eisenbahn\u00fcberf\u00fchrung Ernst-Reuter-Allee, Magdeburg<\/p>\n","protected":false},"excerpt":{"rendered":"<p>QR STADTTOR MAGDEBURG Unser Vorschlag f\u00fcr die k\u00fcnstlerische Gestaltung der Br\u00fcckenwiderlager, der Eisenbahn\u00fcberf\u00fchrung Ernst-Reuter-Allee zeigt eine Mischung aus Computerspiel und konstruktivistischer Kunst. Das geometrisch-technische Gestaltungsprinzip geht von den quadratischen Grundformen der Fliesen aus (10 x 10 cm), welche zu Linien, Linienknoten und Farbfl\u00e4chen verbunden sind. Als Gesamteindruck, von einigen Metern Entfernung zu erkennen, k\u00f6nnen sie&hellip;<\/p>\n","protected":false},"author":1,"featured_media":0,"parent":0,"menu_order":0,"comment_status":"closed","ping_status":"closed","template":"tw-no-title.php","meta":{"footnotes":""},"class_list":["post-780","page","type-page","status-publish","hentry"],"aioseo_notices":[],"_links":{"self":[{"href":"https:\/\/www.magnetberg.de\/bau\/wp-json\/wp\/v2\/pages\/780","targetHints":{"allow":["GET"]}}],"collection":[{"href":"https:\/\/www.magnetberg.de\/bau\/wp-json\/wp\/v2\/pages"}],"about":[{"href":"https:\/\/www.magnetberg.de\/bau\/wp-json\/wp\/v2\/types\/page"}],"author":[{"embeddable":true,"href":"https:\/\/www.magnetberg.de\/bau\/wp-json\/wp\/v2\/users\/1"}],"replies":[{"embeddable":true,"href":"https:\/\/www.magnetberg.de\/bau\/wp-json\/wp\/v2\/comments?post=780"}],"version-history":[{"count":23,"href":"https:\/\/www.magnetberg.de\/bau\/wp-json\/wp\/v2\/pages\/780\/revisions"}],"predecessor-version":[{"id":1740,"href":"https:\/\/www.magnetberg.de\/bau\/wp-json\/wp\/v2\/pages\/780\/revisions\/1740"}],"wp:attachment":[{"href":"https:\/\/www.magnetberg.de\/bau\/wp-json\/wp\/v2\/media?parent=780"}],"curies":[{"name":"wp","href":"https:\/\/api.w.org\/{rel}","templated":true}]}}