{"id":700,"date":"2020-11-21T21:53:58","date_gmt":"2020-11-21T20:53:58","guid":{"rendered":"http:\/\/www.magnetberg.de\/bau\/?page_id=700"},"modified":"2021-12-03T14:12:51","modified_gmt":"2021-12-03T13:12:51","slug":"columbia","status":"publish","type":"page","link":"https:\/\/www.magnetberg.de\/bau\/columbia\/","title":{"rendered":"Columbia"},"content":{"rendered":"<div id=\"metaslider-id-702\" style=\"max-width: 1200px;\" class=\"ml-slider-3-107-0 metaslider metaslider-nivo metaslider-702 ml-slider has-dots-nav ms-theme-default\" role=\"region\" aria-label=\"Columbia\" data-height=\"800\" data-width=\"1200\">\n    <div id=\"metaslider_container_702\">\n        <div class='slider-wrapper theme-default'><div class='ribbon'><\/div><div id='metaslider_702' class='nivoSlider'><img loading=\"lazy\" decoding=\"async\" src=\"https:\/\/www.magnetberg.de\/bau\/wp-content\/uploads\/2020\/11\/KZ_Columbia_V3a_MG_9168-e1605993160425-1200x800.jpg\" height=\"800\" width=\"1200\" title=\"Erinnerungsort KZ Columbia\" alt=\"\" class=\"slider-702 slide-715 msDefaultImage\" \/><img loading=\"lazy\" decoding=\"async\" src=\"https:\/\/www.magnetberg.de\/bau\/wp-content\/uploads\/2020\/11\/KZ_Columbia_V2_MG_8584-1200x800.jpg\" height=\"800\" width=\"1200\" title=\"Erinnerungsort KZ Columbia\" alt=\"\" class=\"slider-702 slide-714 msDefaultImage\" \/><img loading=\"lazy\" decoding=\"async\" src=\"https:\/\/www.magnetberg.de\/bau\/wp-content\/uploads\/2020\/11\/KZ_Columbia_V1_MG_8586-1200x800.jpg\" height=\"800\" width=\"1200\" title=\"Erinnerungsort KZ Columbia\" alt=\"\" class=\"slider-702 slide-713 msDefaultImage\" \/><img loading=\"lazy\" decoding=\"async\" src=\"https:\/\/www.magnetberg.de\/bau\/wp-content\/uploads\/2020\/11\/DSC01523-1200x800.jpg\" height=\"800\" width=\"1200\" title=\"Erinnerungsort KZ Columbia\" alt=\"\" class=\"slider-702 slide-710 msDefaultImage\" \/><img loading=\"lazy\" decoding=\"async\" src=\"https:\/\/www.magnetberg.de\/bau\/wp-content\/uploads\/2020\/11\/DSC01555-1200x800.jpg\" height=\"800\" width=\"1200\" title=\"Erinnerungsort KZ Columbia\" alt=\"\" class=\"slider-702 slide-711 msDefaultImage\" \/><img loading=\"lazy\" decoding=\"async\" src=\"https:\/\/www.magnetberg.de\/bau\/wp-content\/uploads\/2020\/11\/Entwurf-Weg-1200x800.jpg\" height=\"800\" width=\"1200\" title=\"Erinnerungsort KZ Columbia\" alt=\"\" class=\"slider-702 slide-712 msDefaultImage\" \/><\/div><\/div>\n        \n    <\/div>\n<\/div>\n\n\n\n<p class=\"has-h-3-font-size\"><strong>FRAGMENTE<\/strong><\/p>\n\n\n\n<p>Entwurf f\u00fcr die tempor\u00e4re Gestaltung am Erinnerungsort KZ Columbia, Flughafen Tempelhof, Berlin<\/p>\n\n\n\n<p>In fragmentierter Form werden Eckelemente eines Dreiecks aus wei\u00dfem Beton aufgestellt, zwei davon liegend aus dem Lot und eine Dreiecksform als deutlich sichtbares Zeichen, schr\u00e4g stehend. Die Fragmente sind leicht zueinander versetzt, \u00e4hnlich einem zerbrochenen Winkel. Durch ihre Gr\u00f6\u00dfe und die wei\u00dfe Farbe setzen sich die drei Elemente deutlich gegen die optischen \u00dcberw\u00e4ltigungen der Architektur im Hintergrund ab. Sie sind auf der schr\u00e4gen Ebene platziert und daher vom Radweg und der Strasse aus gut sichtbar. Zusammen markieren sie einen begehbaren Platz: den Erinnerungsort.&nbsp;<\/p>\n\n\n\n<p>Sie erinnern an die Fragmente alter Bunkeranlagen an der Atlantik- und Nordseek\u00fcste. Anders als diese sind sie aber nicht zur\u00fcckgebliebene und verfallene Reste der nationalsozialistischen Herrschaft, sondern neue Bauteile &#8211; gradlinig, geometrisch. Die scheinbar aus der Erde aufsteigenden Betonfragmente symbolisieren vielmehr bildhaft die fragmentarischen Erinnerungen, die an diesem mit dem Flughafen \u00fcberbauten und anders gewidmeten Ort, wieder hervorbrechen.<\/p>\n\n\n\n<p><em>Vergessen kann sich nicht einstellen<\/em><\/p>\n\n\n\n<p>Wie Jean Am\u00e9ry schreibt:&nbsp; \u201eNiemand kann aus der Geschichte seines Volkes austreten. Man soll und darf die Vergangenheit nicht \u201aauf sich beruhen lassen\u2018, weil sie sonst aufstehen kann und zu neuer Gegenwart werden k\u00f6nnte.\u201c Deshalb schlagen wir ein deutliches Zeichen in der oben beschriebenen Gr\u00f6\u00dfe und Form, vor. Ein kr\u00e4ftiges Zeichen des heutigen B\u00fcrgerwillens, den Dialog \u00fcber das KZ Columbia und \u00fcber das System der KZ \u00b4s fortzuf\u00fchren und daran zu erinnern.<\/p>\n\n\n\n<p><em>Der fragmentierte Winkel<\/em><\/p>\n\n\n\n<p>Die SS entwickelte ein System der Kennzeichnung aller H\u00e4ftlinge in den Konzentrations-lagern. Dazu hatte die H\u00e4ftlinge einen 4 cm breiten und ca. 12 cm langen Stoffstreifen auf die linke Brustseite der Jacke anzubringen. Der Stoffstreifen zeigte die H\u00e4ftlingsnummer und ein auf der Spitze stehendes Dreieck, den sogenannten Winkel. Die Winkel hatten unterschiedliche Farben und sollten die Menschen in Kategorien einteilen und entindividualisieren. Die Farbe des Winkels bestimmte den Grad der Terrorisierung der Inhaftierten durch die SS. Diese Kategorisierung durch den Winkel und die H\u00e4ftlingsnummer steht damit f\u00fcr die Entmenschlichung des nationalsozialistischen Regimes.<\/p>\n\n\n\n<p>Der Entwurf f\u00fcr den Erinnerungsort KZ Columbia<strong> <\/strong>nimmt den Winkel als ein zentrales und bekanntes Symbol f\u00fcr die menschenverachtenden Verbrechen in den Konzentrationslagern auf. Die Erinnerung an das KZ-Columbia ist zwar fragmentarisch. Obwohl dieses Konzentrationslager nur wenige Jahre existierte und dann abgerissen wurde und viele wichtige Dokumente vernichtet wurden ist es dennoch erstaunlich, wieviel an Informationen dar\u00fcber zusammengetragen wurden und weiter werden. Wieviel wir wissen k\u00f6nnten, ist abh\u00e4ngig davon, ob wir es denn wissen wollen. Dieses \u201eWissen-Wollen\u201c ist f\u00fcr uns entscheidend. So ist zu hoffen, da\u00df wir mit dem fragmentierten Winkel, dem Erinnerungsort, in Zukunft mehr Menschen zu diesem \u201eWissen-Wollen\u201c und zur Besch\u00e4ftigung mit der Vergangenheit anregen.<\/p>\n\n\n\n<p><em>Die wei\u00dfen Winkel auf dem Radweg<\/em><\/p>\n\n\n\n<p>Auf dem viel frequentierten Geh- und Radweg vor dem B\u00f6schungsbereich sind weitere gleichseitige wei\u00dfe Dreiecke als Winkelsymbole auf dem Asphalt aufgebracht. Sie erweitern den Erinnerungsort um die Betonskulptur in den allt\u00e4glichen Nutzungsbereich vieler Menschen und konfrontieren sie mit der \u00fcberbauten und zum gro\u00dfen Teil vergessenen Geschichte des Ortes.<\/p>\n\n\n\n<p>Idee, Planung: DAS KOLLEKTIV<\/p>\n\n\n\n<p>Entwurf f\u00fcr die zweite Stufe des Wettbewerbes, 2020<\/p>\n\n\n\n<p>Technik: Betonfertigteile auf Fundament, Stra\u00dfenmarkierungsfarbe auf dem Geh- und Radweg<\/p>\n\n\n\n<p>Standort: Flughafen Tempelhof, Berlin<\/p>\n","protected":false},"excerpt":{"rendered":"<p>FRAGMENTE Entwurf f\u00fcr die tempor\u00e4re Gestaltung am Erinnerungsort KZ Columbia, Flughafen Tempelhof, Berlin In fragmentierter Form werden Eckelemente eines Dreiecks aus wei\u00dfem Beton aufgestellt, zwei davon liegend aus dem Lot und eine Dreiecksform als deutlich sichtbares Zeichen, schr\u00e4g stehend. Die Fragmente sind leicht zueinander versetzt, \u00e4hnlich einem zerbrochenen Winkel. Durch ihre Gr\u00f6\u00dfe und die wei\u00dfe&hellip;<\/p>\n","protected":false},"author":1,"featured_media":0,"parent":0,"menu_order":0,"comment_status":"closed","ping_status":"closed","template":"tw-no-title.php","meta":{"footnotes":""},"class_list":["post-700","page","type-page","status-publish","hentry"],"aioseo_notices":[],"_links":{"self":[{"href":"https:\/\/www.magnetberg.de\/bau\/wp-json\/wp\/v2\/pages\/700","targetHints":{"allow":["GET"]}}],"collection":[{"href":"https:\/\/www.magnetberg.de\/bau\/wp-json\/wp\/v2\/pages"}],"about":[{"href":"https:\/\/www.magnetberg.de\/bau\/wp-json\/wp\/v2\/types\/page"}],"author":[{"embeddable":true,"href":"https:\/\/www.magnetberg.de\/bau\/wp-json\/wp\/v2\/users\/1"}],"replies":[{"embeddable":true,"href":"https:\/\/www.magnetberg.de\/bau\/wp-json\/wp\/v2\/comments?post=700"}],"version-history":[{"count":9,"href":"https:\/\/www.magnetberg.de\/bau\/wp-json\/wp\/v2\/pages\/700\/revisions"}],"predecessor-version":[{"id":846,"href":"https:\/\/www.magnetberg.de\/bau\/wp-json\/wp\/v2\/pages\/700\/revisions\/846"}],"wp:attachment":[{"href":"https:\/\/www.magnetberg.de\/bau\/wp-json\/wp\/v2\/media?parent=700"}],"curies":[{"name":"wp","href":"https:\/\/api.w.org\/{rel}","templated":true}]}}