{"id":656,"date":"2020-09-10T22:20:33","date_gmt":"2020-09-10T20:20:33","guid":{"rendered":"http:\/\/www.magnetberg.de\/bau\/?page_id=656"},"modified":"2025-01-02T14:27:33","modified_gmt":"2025-01-02T13:27:33","slug":"making-love-revolutionary","status":"publish","type":"page","link":"https:\/\/www.magnetberg.de\/bau\/making-love-revolutionary\/","title":{"rendered":"Making Love Revolutionary"},"content":{"rendered":"<div id=\"metaslider-id-637\" style=\"max-width: 1200px;\" class=\"ml-slider-3-107-0 metaslider metaslider-nivo metaslider-637 ml-slider has-dots-nav ms-theme-default\" role=\"region\" aria-label=\"Making Love Revolutionary\" data-height=\"800\" data-width=\"1200\">\n    <div id=\"metaslider_container_637\">\n        <div class='slider-wrapper theme-default'><div class='ribbon'><\/div><div id='metaslider_637' class='nivoSlider'><img loading=\"lazy\" decoding=\"async\" src=\"https:\/\/www.magnetberg.de\/bau\/wp-content\/uploads\/2020\/09\/IMG_5441-1200x800.jpg\" height=\"800\" width=\"1200\" title=\"Making Love Revolutionary, 2020\" alt=\"\" class=\"slider-637 slide-652 msDefaultImage\" \/><img loading=\"lazy\" decoding=\"async\" src=\"https:\/\/www.magnetberg.de\/bau\/wp-content\/uploads\/2020\/09\/IMG_5486-1200x800.jpg\" height=\"800\" width=\"1200\" title=\"Making Love Revolutionary, 2020\" alt=\"\" class=\"slider-637 slide-647 msDefaultImage\" \/><img loading=\"lazy\" decoding=\"async\" src=\"https:\/\/www.magnetberg.de\/bau\/wp-content\/uploads\/2020\/09\/65518266-22FE-48FF-98DB-721A2DE69F2F-1200x800.jpeg\" height=\"800\" width=\"1200\" title=\"Making Love Revolutionary, 2020\" alt=\"\" class=\"slider-637 slide-678 msDefaultImage\" \/><img loading=\"lazy\" decoding=\"async\" src=\"https:\/\/www.magnetberg.de\/bau\/wp-content\/uploads\/2020\/09\/IMG_5422-1200x800.jpg\" height=\"800\" width=\"1200\" title=\"Making Love Revolutionary, 2020\" alt=\"\" class=\"slider-637 slide-653 msDefaultImage\" \/><img loading=\"lazy\" decoding=\"async\" src=\"https:\/\/www.magnetberg.de\/bau\/wp-content\/uploads\/2020\/09\/IMG_5477-1200x800.jpg\" height=\"800\" width=\"1200\" title=\"Making Love Revolutionary, 2020\" alt=\"\" class=\"slider-637 slide-648 msDefaultImage\" \/><img loading=\"lazy\" decoding=\"async\" src=\"https:\/\/www.magnetberg.de\/bau\/wp-content\/uploads\/2020\/09\/IMG_5473-1200x800.jpg\" height=\"800\" width=\"1200\" title=\"Making Love Revolutionary, 2020\" alt=\"\" class=\"slider-637 slide-650 msDefaultImage\" \/><img loading=\"lazy\" decoding=\"async\" src=\"https:\/\/www.magnetberg.de\/bau\/wp-content\/uploads\/2020\/09\/IMG_5456-1200x800.jpg\" height=\"800\" width=\"1200\" title=\"Making Love Revolutionary, 2020\" alt=\"\" class=\"slider-637 slide-651 msDefaultImage\" \/><\/div><\/div>\n        \n    <\/div>\n<\/div>\n\n\n\n<p class=\"has-h-3-font-size\"><strong>Making Love Revolutionary<\/strong><\/p>\n\n\n\n<p>DEUTSCHLAND IST EINS: VIELES. Friedliche Revolution und Deutsche Einheit j\u00e4hren sich 2019 und 2020 zum drei\u00dfigsten Mal. Die Bundesregierung erinnert daran und hat f\u00fcr die Jubil\u00e4umsfeierlichkeiten K\u00fcnstler eingeladen, den Innenraum des Pavillon der EinheitsEXPO zugestalten.<\/p>\n\n\n\n<p><em>Making Love Revolutionary<\/em> wurde daf\u00fcr ausgew\u00e4hlt.<\/p>\n\n\n\n<p>Das Konzept hebt durch den Prozess der Ann\u00e4herung die positiven Aspekte der friedlichen Revolution hervor. Die Verwendung von historischen Texten und Zitaten und die Anlehnungen an Pop Art schaffen dabei eine neue \u00e4sthetische und diskursive Ebene.<\/p>\n\n\n\n<p>In den drei Tagen werden die W\u00e4nde des Kubus schwarz untermalt, wobei \u2013 in Typ und Gr\u00f6\u00dfe variierend \u2013 \u00fcber alle vier W\u00e4nde die Worte \u201eMaking Love Revolutionary\u201c ausgespart bleiben. Die Besucherinnen und Besucher werden dabei direkte Zeuginnen und Zeugen bei der Entstehung dieses raumgreifenden Kunstwerks.<\/p>\n\n\n\n<p>Zudem sind unter der Decke 10cm breite Papierbahnen montiert, die mit Aufrufen, Ausschnitten aus Reden, Mitteilungen und Pamphleten bedruckt sind und sich mit dem Thema \u201eSelbsterm\u00e4chtigung \u2013 Liebe \u2013 Revolution\u201c befassen.<\/p>\n\n\n\n<p>Katalog <a href=\"https:\/\/www.magnetberg.de\/bau\/wp-content\/uploads\/2022\/03\/30-jahre-kunstkatalog-galerie-der-einheit.pdf\">pdf<\/a><\/p>\n\n\n\n<figure class=\"wp-block-embed is-type-video is-provider-youtube wp-block-embed-youtube wp-embed-aspect-16-9 wp-has-aspect-ratio\"><div class=\"wp-block-embed__wrapper\">\n<iframe loading=\"lazy\" title=\"Making Love Revolutionary\" width=\"700\" height=\"394\" src=\"https:\/\/www.youtube.com\/embed\/0y_ee7lwOVg?feature=oembed\" frameborder=\"0\" allow=\"accelerometer; autoplay; clipboard-write; encrypted-media; gyroscope; picture-in-picture\" allowfullscreen><\/iframe>\n<\/div><figcaption class=\"wp-element-caption\">Zeitrafferfotos: Markus Rheinfurth, Sprecher: Claudia K\u00fchn, Robert Fitterman, Textauswahl: Sabine Herrmann, soundscape: ambientfunk, Schnitt: Klaus Killisch<\/figcaption><\/figure>\n\n\n\n<figure class=\"wp-block-embed is-type-rich is-provider-handler-einbetten\"><div class=\"wp-block-embed__wrapper\">\n<audio class=\"wp-audio-shortcode\" id=\"audio-656-1\" preload=\"none\" style=\"width: 100%;\" controls=\"controls\"><source type=\"audio\/mpeg\" src=\"http:\/\/www.magnetberg.de\/music\/making_love_revolutionary.mp3?_=1\" \/><a href=\"http:\/\/www.magnetberg.de\/music\/making_love_revolutionary.mp3\">http:\/\/www.magnetberg.de\/music\/making_love_revolutionary.mp3<\/a><\/audio>\n<\/div><figcaption>voices: Claudia K\u00fchn, Robert Fitterman, soundscapes &amp; collage: ambientfunk, 22:33min<\/figcaption><\/figure>\n\n\n\n<p>Idee und Ausf\u00fchrung: DAS KOLLEKTIV<\/p>\n\n\n\n<p>Technik: Acrylmalerei, Digitaldruck, 500 x 600 x 300 cm, Soundcollage<\/p>\n\n\n\n<p>Auftraggeber: Bundesregierung Deutschland<\/p>\n\n\n\n<p>Zeitraum: 8. \u2013 10. September 2020<\/p>\n\n\n\n<p>Standort: Luisenplatz, Potsdam<\/p>\n","protected":false},"excerpt":{"rendered":"<p>Making Love Revolutionary DEUTSCHLAND IST EINS: VIELES. Friedliche Revolution und Deutsche Einheit j\u00e4hren sich 2019 und 2020 zum drei\u00dfigsten Mal. Die Bundesregierung erinnert daran und hat f\u00fcr die Jubil\u00e4umsfeierlichkeiten K\u00fcnstler eingeladen, den Innenraum des Pavillon der EinheitsEXPO zugestalten. Making Love Revolutionary wurde daf\u00fcr ausgew\u00e4hlt. Das Konzept hebt durch den Prozess der Ann\u00e4herung die positiven Aspekte&hellip;<\/p>\n","protected":false},"author":1,"featured_media":0,"parent":0,"menu_order":0,"comment_status":"closed","ping_status":"closed","template":"tw-no-title.php","meta":{"footnotes":""},"class_list":["post-656","page","type-page","status-publish","hentry"],"aioseo_notices":[],"_links":{"self":[{"href":"https:\/\/www.magnetberg.de\/bau\/wp-json\/wp\/v2\/pages\/656","targetHints":{"allow":["GET"]}}],"collection":[{"href":"https:\/\/www.magnetberg.de\/bau\/wp-json\/wp\/v2\/pages"}],"about":[{"href":"https:\/\/www.magnetberg.de\/bau\/wp-json\/wp\/v2\/types\/page"}],"author":[{"embeddable":true,"href":"https:\/\/www.magnetberg.de\/bau\/wp-json\/wp\/v2\/users\/1"}],"replies":[{"embeddable":true,"href":"https:\/\/www.magnetberg.de\/bau\/wp-json\/wp\/v2\/comments?post=656"}],"version-history":[{"count":28,"href":"https:\/\/www.magnetberg.de\/bau\/wp-json\/wp\/v2\/pages\/656\/revisions"}],"predecessor-version":[{"id":1613,"href":"https:\/\/www.magnetberg.de\/bau\/wp-json\/wp\/v2\/pages\/656\/revisions\/1613"}],"wp:attachment":[{"href":"https:\/\/www.magnetberg.de\/bau\/wp-json\/wp\/v2\/media?parent=656"}],"curies":[{"name":"wp","href":"https:\/\/api.w.org\/{rel}","templated":true}]}}