{"id":566,"date":"2020-07-08T22:36:56","date_gmt":"2020-07-08T20:36:56","guid":{"rendered":"http:\/\/www.magnetberg.de\/bau\/?page_id=566"},"modified":"2021-12-03T14:15:56","modified_gmt":"2021-12-03T13:15:56","slug":"international-neuroscience-institut","status":"publish","type":"page","link":"https:\/\/www.magnetberg.de\/bau\/international-neuroscience-institut\/","title":{"rendered":"International Neuroscience Institut"},"content":{"rendered":"\n<div id=\"metaslider-id-548\" style=\"max-width: 1200px;\" class=\"ml-slider-3-107-0 metaslider metaslider-nivo metaslider-548 ml-slider has-dots-nav ms-theme-default\" role=\"region\" aria-label=\"INI Hannover\" data-height=\"800\" data-width=\"1200\">\n    <div id=\"metaslider_container_548\">\n        <div class='slider-wrapper theme-default'><div class='ribbon'><\/div><div id='metaslider_548' class='nivoSlider'><img loading=\"lazy\" decoding=\"async\" src=\"https:\/\/www.magnetberg.de\/bau\/wp-content\/uploads\/2020\/07\/7-1200x800.jpg\" height=\"800\" width=\"1200\" title=\"Sabine Herrmann, International Neuroscience Institut, Hannover\" alt=\"\" class=\"slider-548 slide-549 msDefaultImage\" \/><img loading=\"lazy\" decoding=\"async\" src=\"https:\/\/www.magnetberg.de\/bau\/wp-content\/uploads\/2020\/07\/6-1200x800.jpg\" height=\"800\" width=\"1200\" title=\"Sabine Herrmann, International Neuroscience Institut, Hannover\" alt=\"\" class=\"slider-548 slide-550 msDefaultImage\" \/><img loading=\"lazy\" decoding=\"async\" src=\"https:\/\/www.magnetberg.de\/bau\/wp-content\/uploads\/2020\/07\/3-1200x800.jpg\" height=\"800\" width=\"1200\" title=\"Sabine Herrmann, International Neuroscience Institut, Hannover\" alt=\"\" class=\"slider-548 slide-551 msDefaultImage\" \/><img loading=\"lazy\" decoding=\"async\" src=\"https:\/\/www.magnetberg.de\/bau\/wp-content\/uploads\/2020\/07\/4-1200x800.jpg\" height=\"800\" width=\"1200\" title=\"Sabine Herrmann, International Neuroscience Institut, Hannover\" alt=\"\" class=\"slider-548 slide-560 msDefaultImage\" \/><\/div><\/div>\n        \n    <\/div>\n<\/div>\n\n\n\n<p class=\"has-h-3-font-size\"><strong>INI<\/strong><\/p>\n\n\n\n<p>Idee und Ausf\u00fchrung: Sabine Herrmann<\/p>\n\n\n\n<p>Technik: Pigmente, Acrylbindemittel auf B\u00fctten<\/p>\n\n\n\n<p>Gr\u00f6\u00dfe: Rotes Diptychon, 355 x 155 cm, azzurro und o.T. je 225 x 155 cm<\/p>\n\n\n\n<p>Ausf\u00fchrung: 2000<\/p>\n\n\n\n<p>Standort: INI &#8211; International Neuroscience Institut, Hannover<\/p>\n","protected":false},"excerpt":{"rendered":"<p>INI Idee und Ausf\u00fchrung: Sabine Herrmann Technik: Pigmente, Acrylbindemittel auf B\u00fctten Gr\u00f6\u00dfe: Rotes Diptychon, 355 x 155 cm, azzurro und o.T. je 225 x 155 cm Ausf\u00fchrung: 2000 Standort: INI &#8211; International Neuroscience Institut, Hannover<\/p>\n","protected":false},"author":1,"featured_media":0,"parent":0,"menu_order":0,"comment_status":"closed","ping_status":"closed","template":"tw-no-title.php","meta":{"footnotes":""},"class_list":["post-566","page","type-page","status-publish","hentry"],"aioseo_notices":[],"_links":{"self":[{"href":"https:\/\/www.magnetberg.de\/bau\/wp-json\/wp\/v2\/pages\/566","targetHints":{"allow":["GET"]}}],"collection":[{"href":"https:\/\/www.magnetberg.de\/bau\/wp-json\/wp\/v2\/pages"}],"about":[{"href":"https:\/\/www.magnetberg.de\/bau\/wp-json\/wp\/v2\/types\/page"}],"author":[{"embeddable":true,"href":"https:\/\/www.magnetberg.de\/bau\/wp-json\/wp\/v2\/users\/1"}],"replies":[{"embeddable":true,"href":"https:\/\/www.magnetberg.de\/bau\/wp-json\/wp\/v2\/comments?post=566"}],"version-history":[{"count":6,"href":"https:\/\/www.magnetberg.de\/bau\/wp-json\/wp\/v2\/pages\/566\/revisions"}],"predecessor-version":[{"id":850,"href":"https:\/\/www.magnetberg.de\/bau\/wp-json\/wp\/v2\/pages\/566\/revisions\/850"}],"wp:attachment":[{"href":"https:\/\/www.magnetberg.de\/bau\/wp-json\/wp\/v2\/media?parent=566"}],"curies":[{"name":"wp","href":"https:\/\/api.w.org\/{rel}","templated":true}]}}