{"id":490,"date":"2020-04-22T12:12:13","date_gmt":"2020-04-22T10:12:13","guid":{"rendered":"http:\/\/www.magnetberg.de\/bau\/?page_id=490"},"modified":"2021-12-03T14:23:25","modified_gmt":"2021-12-03T13:23:25","slug":"ambulance","status":"publish","type":"page","link":"https:\/\/www.magnetberg.de\/bau\/ambulance\/","title":{"rendered":"ambulance"},"content":{"rendered":"\n<div id=\"metaslider-id-492\" style=\"max-width: 1200px;\" class=\"ml-slider-3-107-0 metaslider metaslider-nivo metaslider-492 ml-slider has-dots-nav ms-theme-default\" role=\"region\" aria-label=\"ambulance\" data-height=\"800\" data-width=\"1200\">\n    <div id=\"metaslider_container_492\">\n        <div class='slider-wrapper theme-default'><div class='ribbon'><\/div><div id='metaslider_492' class='nivoSlider'><img loading=\"lazy\" decoding=\"async\" src=\"https:\/\/www.magnetberg.de\/bau\/wp-content\/uploads\/2020\/04\/DSCN5519-1200x800.jpg\" height=\"800\" width=\"1200\" title=\"Klaus Killisch, ambulance, 2003\" alt=\"\" class=\"slider-492 slide-493 msDefaultImage\" \/><img loading=\"lazy\" decoding=\"async\" src=\"https:\/\/www.magnetberg.de\/bau\/wp-content\/uploads\/2020\/04\/DSCN54-1200x800.jpg\" height=\"800\" width=\"1200\" title=\"Klaus Killisch, ambulance, 2003\" alt=\"\" class=\"slider-492 slide-494 msDefaultImage\" \/><img loading=\"lazy\" decoding=\"async\" src=\"https:\/\/www.magnetberg.de\/bau\/wp-content\/uploads\/2020\/04\/DSCN5511-1200x800.jpg\" height=\"800\" width=\"1200\" title=\"Klaus Killisch, ambulance, 2003\" alt=\"\" class=\"slider-492 slide-495 msDefaultImage\" \/><img loading=\"lazy\" decoding=\"async\" src=\"https:\/\/www.magnetberg.de\/bau\/wp-content\/uploads\/2020\/04\/DSCN5532-1200x800.jpg\" height=\"800\" width=\"1200\" title=\"Klaus Killisch, ambulance, 2003\" alt=\"\" class=\"slider-492 slide-496 msDefaultImage\" \/><img loading=\"lazy\" decoding=\"async\" src=\"https:\/\/www.magnetberg.de\/bau\/wp-content\/uploads\/2020\/04\/Grundriss-1200x800.jpg\" height=\"800\" width=\"1200\" title=\"Klaus Killisch, ambulance, 2003\" alt=\"\" class=\"slider-492 slide-505 msDefaultImage\" \/><\/div><\/div>\n        \n    <\/div>\n<\/div>\n\n\n\n<p class=\"has-h-3-font-size\"><strong>ambulance<\/strong><\/p>\n\n\n\n<p>Idee und Ausf\u00fchrung: Klaus Killisch<\/p>\n\n\n\n<p>Technik: Deckenbild, gerasterte Bildvorlagen geplotet auf Papier, \u00fcbermalt, LPs<\/p>\n\n\n\n<p>Gr\u00f6\u00dfe: 600 x 2000 cm<\/p>\n\n\n\n<p>Ausf\u00fchrungszeitraum: 2003<\/p>\n\n\n\n<p>Standort: Bar ambulance, Oranienburgerstra\u00dfe, Berlin<\/p>\n","protected":false},"excerpt":{"rendered":"<p>ambulance Idee und Ausf\u00fchrung: Klaus Killisch Technik: Deckenbild, gerasterte Bildvorlagen geplotet auf Papier, \u00fcbermalt, LPs Gr\u00f6\u00dfe: 600 x 2000 cm Ausf\u00fchrungszeitraum: 2003 Standort: Bar ambulance, Oranienburgerstra\u00dfe, Berlin<\/p>\n","protected":false},"author":1,"featured_media":0,"parent":0,"menu_order":0,"comment_status":"closed","ping_status":"closed","template":"tw-no-title.php","meta":{"footnotes":""},"class_list":["post-490","page","type-page","status-publish","hentry"],"aioseo_notices":[],"_links":{"self":[{"href":"https:\/\/www.magnetberg.de\/bau\/wp-json\/wp\/v2\/pages\/490","targetHints":{"allow":["GET"]}}],"collection":[{"href":"https:\/\/www.magnetberg.de\/bau\/wp-json\/wp\/v2\/pages"}],"about":[{"href":"https:\/\/www.magnetberg.de\/bau\/wp-json\/wp\/v2\/types\/page"}],"author":[{"embeddable":true,"href":"https:\/\/www.magnetberg.de\/bau\/wp-json\/wp\/v2\/users\/1"}],"replies":[{"embeddable":true,"href":"https:\/\/www.magnetberg.de\/bau\/wp-json\/wp\/v2\/comments?post=490"}],"version-history":[{"count":4,"href":"https:\/\/www.magnetberg.de\/bau\/wp-json\/wp\/v2\/pages\/490\/revisions"}],"predecessor-version":[{"id":860,"href":"https:\/\/www.magnetberg.de\/bau\/wp-json\/wp\/v2\/pages\/490\/revisions\/860"}],"wp:attachment":[{"href":"https:\/\/www.magnetberg.de\/bau\/wp-json\/wp\/v2\/media?parent=490"}],"curies":[{"name":"wp","href":"https:\/\/api.w.org\/{rel}","templated":true}]}}