{"id":468,"date":"2020-04-21T16:52:28","date_gmt":"2020-04-21T14:52:28","guid":{"rendered":"http:\/\/www.magnetberg.de\/bau\/?page_id=468"},"modified":"2023-10-05T15:44:26","modified_gmt":"2023-10-05T13:44:26","slug":"bonjour-tristesse","status":"publish","type":"page","link":"https:\/\/www.magnetberg.de\/bau\/bonjour-tristesse\/","title":{"rendered":"Bonjour Tristesse"},"content":{"rendered":"\n<div id=\"metaslider-id-423\" style=\"max-width: 1200px;\" class=\"ml-slider-3-107-0 metaslider metaslider-nivo metaslider-423 ml-slider has-dots-nav ms-theme-default\" role=\"region\" aria-label=\"bonjour tristesse\" data-height=\"800\" data-width=\"1200\">\n    <div id=\"metaslider_container_423\">\n        <div class='slider-wrapper theme-default'><div class='ribbon'><\/div><div id='metaslider_423' class='nivoSlider'><img loading=\"lazy\" decoding=\"async\" src=\"https:\/\/www.magnetberg.de\/bau\/wp-content\/uploads\/2020\/04\/B202121-1200x800.jpg\" height=\"800\" width=\"1200\" title=\"Klaus Killisch, Bonjour Tristesse, 2015\" alt=\"\" class=\"slider-423 slide-424 msDefaultImage\" \/><img loading=\"lazy\" decoding=\"async\" src=\"https:\/\/www.magnetberg.de\/bau\/wp-content\/uploads\/2020\/04\/B202170-1200x800.jpg\" height=\"800\" width=\"1200\" title=\"Klaus Killisch, Bonjour Tristesse, 2015\" alt=\"\" class=\"slider-423 slide-425 msDefaultImage\" \/><img loading=\"lazy\" decoding=\"async\" src=\"https:\/\/www.magnetberg.de\/bau\/wp-content\/uploads\/2020\/04\/B202185-1200x800.jpg\" height=\"800\" width=\"1200\" title=\"Klaus Killisch, Bonjour Tristesse, 2015\" alt=\"\" class=\"slider-423 slide-426 msDefaultImage\" \/><img loading=\"lazy\" decoding=\"async\" src=\"https:\/\/www.magnetberg.de\/bau\/wp-content\/uploads\/2020\/04\/Unbenannt-1-1200x800.jpg\" height=\"800\" width=\"1200\" title=\"Klaus Killisch, Bonjour Tristesse, 2015\" alt=\"\" class=\"slider-423 slide-427 msDefaultImage\" \/><\/div><\/div>\n        \n    <\/div>\n<\/div>\n\n\n\n<p class=\"has-h-3-font-size\"><strong>Bonjour Tristesse<\/strong><\/p>\n\n\n\n<p>F\u00fcr die Einzelausstellung <em>Bonjour Tristesse<\/em> im Brandenburgischen Landesmuseum f\u00fcr moderne Kunst hat der K\u00fcnstler ein Wandbild entworfen, dass Fran\u00e7oise Sagan zeigt, wie sie eine Schallplatte auflegt. Durch die Verfremdung des Motives und die silbergrauen Rasterpunkte wurde das Wandbild zum Bildgrund f\u00fcr die Ausstellung.<\/p>\n\n\n\n<p>Idee, Planung und Organisation: Klaus Killisch<\/p>\n\n\n\n<p>Technik: Bilddruck auf Vliestapete, Malerei auf Leinwand<\/p>\n\n\n\n<p>Gr\u00f6\u00dfe: 400 x 1000cm<\/p>\n\n\n\n<p>Zeitraum: tempor\u00e4r, November 2015 \u2013 Februar 2016<\/p>\n\n\n\n<p>Standort: Brandenburgisches Landesmuseum f\u00fcr moderne Kunst, Cottbus<\/p>\n","protected":false},"excerpt":{"rendered":"<p>Bonjour Tristesse F\u00fcr die Einzelausstellung Bonjour Tristesse im Brandenburgischen Landesmuseum f\u00fcr moderne Kunst hat der K\u00fcnstler ein Wandbild entworfen, dass Fran\u00e7oise Sagan zeigt, wie sie eine Schallplatte auflegt. Durch die Verfremdung des Motives und die silbergrauen Rasterpunkte wurde das Wandbild zum Bildgrund f\u00fcr die Ausstellung. Idee, Planung und Organisation: Klaus Killisch Technik: Bilddruck auf Vliestapete,&hellip;<\/p>\n","protected":false},"author":1,"featured_media":0,"parent":0,"menu_order":0,"comment_status":"closed","ping_status":"closed","template":"tw-no-title.php","meta":{"footnotes":""},"class_list":["post-468","page","type-page","status-publish","hentry"],"aioseo_notices":[],"_links":{"self":[{"href":"https:\/\/www.magnetberg.de\/bau\/wp-json\/wp\/v2\/pages\/468","targetHints":{"allow":["GET"]}}],"collection":[{"href":"https:\/\/www.magnetberg.de\/bau\/wp-json\/wp\/v2\/pages"}],"about":[{"href":"https:\/\/www.magnetberg.de\/bau\/wp-json\/wp\/v2\/types\/page"}],"author":[{"embeddable":true,"href":"https:\/\/www.magnetberg.de\/bau\/wp-json\/wp\/v2\/users\/1"}],"replies":[{"embeddable":true,"href":"https:\/\/www.magnetberg.de\/bau\/wp-json\/wp\/v2\/comments?post=468"}],"version-history":[{"count":12,"href":"https:\/\/www.magnetberg.de\/bau\/wp-json\/wp\/v2\/pages\/468\/revisions"}],"predecessor-version":[{"id":1301,"href":"https:\/\/www.magnetberg.de\/bau\/wp-json\/wp\/v2\/pages\/468\/revisions\/1301"}],"wp:attachment":[{"href":"https:\/\/www.magnetberg.de\/bau\/wp-json\/wp\/v2\/media?parent=468"}],"curies":[{"name":"wp","href":"https:\/\/api.w.org\/{rel}","templated":true}]}}