{"id":37,"date":"2020-04-07T14:17:25","date_gmt":"2020-04-07T12:17:25","guid":{"rendered":"http:\/\/www.magnetberg.de\/bau\/?page_id=37"},"modified":"2021-12-03T14:10:07","modified_gmt":"2021-12-03T13:10:07","slug":"runners","status":"publish","type":"page","link":"https:\/\/www.magnetberg.de\/bau\/runners\/","title":{"rendered":"r | u | n | n | e | r | s"},"content":{"rendered":"\n<div id=\"metaslider-id-33\" style=\"max-width: 1200px;\" class=\"ml-slider-3-107-0 metaslider metaslider-nivo metaslider-33 ml-slider has-dots-nav ms-theme-default\" role=\"region\" aria-label=\"runners\" data-height=\"800\" data-width=\"1200\">\n    <div id=\"metaslider_container_33\">\n        <div class='slider-wrapper theme-default'><div class='ribbon'><\/div><div id='metaslider_33' class='nivoSlider'><img loading=\"lazy\" decoding=\"async\" src=\"https:\/\/www.magnetberg.de\/bau\/wp-content\/uploads\/2020\/04\/1319045-1-1200x800.jpg\" height=\"800\" width=\"1200\" title=\"Sporthalle, r | u | n | n | e | r | s\" alt=\"\" class=\"slider-33 slide-260 msDefaultImage\" \/><img loading=\"lazy\" decoding=\"async\" src=\"https:\/\/www.magnetberg.de\/bau\/wp-content\/uploads\/2020\/04\/1319051-1200x800.jpg\" height=\"800\" width=\"1200\" title=\"Sporthalle, r | u | n | n | e | r | s\" alt=\"\" class=\"slider-33 slide-60 msDefaultImage\" \/><img loading=\"lazy\" decoding=\"async\" src=\"https:\/\/www.magnetberg.de\/bau\/wp-content\/uploads\/2020\/04\/1319050-1200x800.jpg\" height=\"800\" width=\"1200\" title=\"Sporthalle, r | u | n | n | e | r | s\" alt=\"\" class=\"slider-33 slide-61 msDefaultImage\" \/><img loading=\"lazy\" decoding=\"async\" src=\"https:\/\/www.magnetberg.de\/bau\/wp-content\/uploads\/2020\/04\/1319046-1200x800.jpg\" height=\"800\" width=\"1200\" title=\"Sporthalle, r | u | n | n | e | r | s\" alt=\"\" class=\"slider-33 slide-62 msDefaultImage\" \/><img loading=\"lazy\" decoding=\"async\" src=\"https:\/\/www.magnetberg.de\/bau\/wp-content\/uploads\/2020\/04\/P1170138-1200x800.jpg\" height=\"800\" width=\"1200\" title=\"Sporthalle, r | u | n | n | e | r | s\" alt=\"\" class=\"slider-33 slide-64 msDefaultImage\" \/><img loading=\"lazy\" decoding=\"async\" src=\"https:\/\/www.magnetberg.de\/bau\/wp-content\/uploads\/2020\/04\/P1170002-1200x800.jpg\" height=\"800\" width=\"1200\" title=\"Sporthalle, r | u | n | n | e | r | s\" alt=\"\" class=\"slider-33 slide-66 msDefaultImage\" \/><\/div><\/div>\n        \n    <\/div>\n<\/div>\n\n\n\n<p class=\"has-h-3-font-size\"><strong>r | u | n | n | e | r | s<\/strong><\/p>\n\n\n\n<p>Wandgestaltung am Neubau einer Sporthalle in Berlin. r | u | n | n | e | r | s thematisiert Bewegung, Laufen und Rennen. Steht der Betrachter unmittelbar vor der Wandgestaltung, wird er eine abstrakte Farbfl\u00e4chenkomposition wahrnehmen, die durch ein regelm\u00e4\u00dfiges aluminiumfarbenes&nbsp; Streifenmotiv gerastert ist. Sobald sich der Betrachter nach links oder rechts bewegt, also entweder zum Sportplatz hin oder von dort kommend, verschwindet das abstrakte Farbfl\u00e4chenbild zunehmend und er kann das grafische Schwarz\/wei\u00df-Motiv der L\u00e4ufer erkennen. Durch eine einfache optische T\u00e4uschung entsteht ein r\u00e4umlicher Effekt, durch den sich die Bewegung des Betrachters in der Bewegung der Bilder wieder findet.<\/p>\n\n\n\n<p>Idee, Planung und Organisation: Sabine Herrmann, Klaus Killisch  <\/p>\n\n\n\n<p>Beratung: Albrecht Ecke \/ eckedesign, Backmann Schieber Kohler \/ Gesellschaft Von Architekten mbH <\/p>\n\n\n\n<p>Technik: auf 83 St\u00fcck zweiseitig pulverbeschichtete Aluminiumhohlprofile, sind Outdoor-Digitaldruckstreifen aufgebracht. Klebekanten sind vandalismussicher mit Klarlack versiegelt, Aluminiumhohlprofile sind im Abstand von 10 cm, auf unterschiedlich farbige Fassadenplatten (HPL) verschraubt. Die Farbgestaltung der Au\u00dfenw\u00e4nde ist ebenfalls teil des Konzeptes. <\/p>\n\n\n\n<p>Ausf\u00fchrungszeitraum: 2012 \u2013 2013 <\/p>\n\n\n\n<p>Standort: Str.18 Nr.37, 13156 Berlin-Pankow<\/p>\n\n\n<p><!-- \/wp:post-content --><\/p>\n<p><!-- \/wp:group --><\/p>\n<p><!-- wp:paragraph --><\/p>\n<p><!-- \/wp:paragraph --><\/p>","protected":false},"excerpt":{"rendered":"<p>r | u | n | n | e | r | s Wandgestaltung am Neubau einer Sporthalle in Berlin. r | u | n | n | e | r | s thematisiert Bewegung, Laufen und Rennen. Steht der Betrachter unmittelbar vor der Wandgestaltung, wird er eine abstrakte Farbfl\u00e4chenkomposition wahrnehmen, die durch ein regelm\u00e4\u00dfiges&hellip;<\/p>\n","protected":false},"author":1,"featured_media":0,"parent":0,"menu_order":0,"comment_status":"closed","ping_status":"closed","template":"tw-no-title.php","meta":{"footnotes":""},"class_list":["post-37","page","type-page","status-publish","hentry"],"aioseo_notices":[],"_links":{"self":[{"href":"https:\/\/www.magnetberg.de\/bau\/wp-json\/wp\/v2\/pages\/37","targetHints":{"allow":["GET"]}}],"collection":[{"href":"https:\/\/www.magnetberg.de\/bau\/wp-json\/wp\/v2\/pages"}],"about":[{"href":"https:\/\/www.magnetberg.de\/bau\/wp-json\/wp\/v2\/types\/page"}],"author":[{"embeddable":true,"href":"https:\/\/www.magnetberg.de\/bau\/wp-json\/wp\/v2\/users\/1"}],"replies":[{"embeddable":true,"href":"https:\/\/www.magnetberg.de\/bau\/wp-json\/wp\/v2\/comments?post=37"}],"version-history":[{"count":30,"href":"https:\/\/www.magnetberg.de\/bau\/wp-json\/wp\/v2\/pages\/37\/revisions"}],"predecessor-version":[{"id":841,"href":"https:\/\/www.magnetberg.de\/bau\/wp-json\/wp\/v2\/pages\/37\/revisions\/841"}],"wp:attachment":[{"href":"https:\/\/www.magnetberg.de\/bau\/wp-json\/wp\/v2\/media?parent=37"}],"curies":[{"name":"wp","href":"https:\/\/api.w.org\/{rel}","templated":true}]}}