{"id":365,"date":"2020-04-12T10:01:47","date_gmt":"2020-04-12T08:01:47","guid":{"rendered":"http:\/\/www.magnetberg.de\/bau\/?page_id=365"},"modified":"2021-12-03T14:21:16","modified_gmt":"2021-12-03T13:21:16","slug":"bayon","status":"publish","type":"page","link":"https:\/\/www.magnetberg.de\/bau\/bayon\/","title":{"rendered":"BAYON"},"content":{"rendered":"\n<div id=\"metaslider-id-367\" style=\"max-width: 1200px;\" class=\"ml-slider-3-107-0 metaslider metaslider-nivo metaslider-367 ml-slider has-dots-nav ms-theme-default\" role=\"region\" aria-label=\"bayon\" data-height=\"800\" data-width=\"1200\">\n    <div id=\"metaslider_container_367\">\n        <div class='slider-wrapper theme-default'><div class='ribbon'><\/div><div id='metaslider_367' class='nivoSlider'><img loading=\"lazy\" decoding=\"async\" src=\"https:\/\/www.magnetberg.de\/bau\/wp-content\/uploads\/2020\/04\/A111086-1200x800.jpg\" height=\"800\" width=\"1200\" title=\"Sabine Herrmann, bayon, 2014\" alt=\"\" class=\"slider-367 slide-368 msDefaultImage\" \/><img loading=\"lazy\" decoding=\"async\" src=\"https:\/\/www.magnetberg.de\/bau\/wp-content\/uploads\/2020\/04\/A1110913x-1200x800.jpg\" height=\"800\" width=\"1200\" title=\"Sabine Herrmann, bayon, 2014\" alt=\"\" class=\"slider-367 slide-378 msDefaultImage\" \/><img loading=\"lazy\" decoding=\"async\" src=\"https:\/\/www.magnetberg.de\/bau\/wp-content\/uploads\/2020\/04\/A111093-1-1200x800.jpg\" height=\"800\" width=\"1200\" title=\"Sabine Herrmann, bayon, 2014\" alt=\"\" class=\"slider-367 slide-385 msDefaultImage\" \/><img loading=\"lazy\" decoding=\"async\" src=\"https:\/\/www.magnetberg.de\/bau\/wp-content\/uploads\/2020\/04\/A111100-1200x800.jpg\" height=\"800\" width=\"1200\" title=\"Sabine Herrmann, bayon, 2014\" alt=\"\" class=\"slider-367 slide-370 msDefaultImage\" \/><\/div><\/div>\n        \n    <\/div>\n<\/div>\n\n\n\n<p class=\"has-h-3-font-size\"><strong>bayon<\/strong><\/p>\n\n\n\n<p>Sabine Herrmann hat im Mai 2014 Kambodscha bereist. Dort besuchte sie die ber\u00fchmte Tempelanlage von Ankor und den Bayon Tempel. Diese vom Urwald zur\u00fcckeroberte St\u00e4tte hochentwickelter Kulturleistung vergleicht die K\u00fcnstlerin mit den \u00dcberresten der Bauwerke des Architekten Vann Molyvann (Sch\u00fcler von Le Corbusier) aus den 60er Jahren der kulturellen Bl\u00fcte Kambodschas in Phnom Penh. Das v\u00f6llige Verschwinden seiner urspr\u00fcnglichen Form und der zugrunde liegenden sozialen und k\u00fcnstlerischen Ideen in vergleichsweise kurzer Zeit durch das m\u00f6rderische System der roten Khmer wird thematisiert durch eine tempor\u00e4re Wandarbeit in der Galerie wolkenbank Rostock.<\/p>\n\n\n\n<p>Idee und Ausf\u00fchrung: Sabine Herrmann<\/p>\n\n\n\n<p>Technik: Aufputzmalerei&nbsp;<\/p>\n\n\n\n<p>Gr\u00f6\u00dfe: 200 x 1000 cm<\/p>\n\n\n\n<p>Zeitraum: tempor\u00e4r, 2014<\/p>\n\n\n\n<p>Standort: Galerie Wolkenbank, Rostock <\/p>\n","protected":false},"excerpt":{"rendered":"<p>bayon Sabine Herrmann hat im Mai 2014 Kambodscha bereist. Dort besuchte sie die ber\u00fchmte Tempelanlage von Ankor und den Bayon Tempel. Diese vom Urwald zur\u00fcckeroberte St\u00e4tte hochentwickelter Kulturleistung vergleicht die K\u00fcnstlerin mit den \u00dcberresten der Bauwerke des Architekten Vann Molyvann (Sch\u00fcler von Le Corbusier) aus den 60er Jahren der kulturellen Bl\u00fcte Kambodschas in Phnom Penh.&hellip;<\/p>\n","protected":false},"author":1,"featured_media":0,"parent":0,"menu_order":0,"comment_status":"closed","ping_status":"closed","template":"tw-no-title.php","meta":{"footnotes":""},"class_list":["post-365","page","type-page","status-publish","hentry"],"aioseo_notices":[],"_links":{"self":[{"href":"https:\/\/www.magnetberg.de\/bau\/wp-json\/wp\/v2\/pages\/365","targetHints":{"allow":["GET"]}}],"collection":[{"href":"https:\/\/www.magnetberg.de\/bau\/wp-json\/wp\/v2\/pages"}],"about":[{"href":"https:\/\/www.magnetberg.de\/bau\/wp-json\/wp\/v2\/types\/page"}],"author":[{"embeddable":true,"href":"https:\/\/www.magnetberg.de\/bau\/wp-json\/wp\/v2\/users\/1"}],"replies":[{"embeddable":true,"href":"https:\/\/www.magnetberg.de\/bau\/wp-json\/wp\/v2\/comments?post=365"}],"version-history":[{"count":5,"href":"https:\/\/www.magnetberg.de\/bau\/wp-json\/wp\/v2\/pages\/365\/revisions"}],"predecessor-version":[{"id":856,"href":"https:\/\/www.magnetberg.de\/bau\/wp-json\/wp\/v2\/pages\/365\/revisions\/856"}],"wp:attachment":[{"href":"https:\/\/www.magnetberg.de\/bau\/wp-json\/wp\/v2\/media?parent=365"}],"curies":[{"name":"wp","href":"https:\/\/api.w.org\/{rel}","templated":true}]}}