{"id":303,"date":"2020-04-09T21:59:07","date_gmt":"2020-04-09T19:59:07","guid":{"rendered":"http:\/\/www.magnetberg.de\/bau\/?page_id=303"},"modified":"2021-12-03T14:16:28","modified_gmt":"2021-12-03T13:16:28","slug":"leuchtbild","status":"publish","type":"page","link":"https:\/\/www.magnetberg.de\/bau\/leuchtbild\/","title":{"rendered":"Leuchtbild"},"content":{"rendered":"\n<div id=\"metaslider-id-295\" style=\"max-width: 1200px;\" class=\"ml-slider-3-107-0 metaslider metaslider-nivo metaslider-295 ml-slider has-dots-nav ms-theme-default\" role=\"region\" aria-label=\"Leuchtbild\" data-height=\"800\" data-width=\"1200\">\n    <div id=\"metaslider_container_295\">\n        <div class='slider-wrapper theme-default'><div class='ribbon'><\/div><div id='metaslider_295' class='nivoSlider'><img loading=\"lazy\" decoding=\"async\" src=\"https:\/\/www.magnetberg.de\/bau\/wp-content\/uploads\/2020\/04\/Entwurf1-1200x800.jpg\" height=\"800\" width=\"1200\" title=\"Klaus Killisch, LEUCHTBILD\" alt=\"\" class=\"slider-295 slide-296 msDefaultImage\" \/><img loading=\"lazy\" decoding=\"async\" src=\"https:\/\/www.magnetberg.de\/bau\/wp-content\/uploads\/2020\/04\/Figuren-1200x800.jpg\" height=\"800\" width=\"1200\" title=\"Klaus Killisch, LEUCHTBILD\" alt=\"\" class=\"slider-295 slide-297 msDefaultImage\" \/><img loading=\"lazy\" decoding=\"async\" src=\"https:\/\/www.magnetberg.de\/bau\/wp-content\/uploads\/2020\/04\/MG_2050-1-1200x800.jpg\" height=\"800\" width=\"1200\" title=\"Klaus Killisch, LEUCHTBILD\" alt=\"\" class=\"slider-295 slide-298 msDefaultImage\" \/><img loading=\"lazy\" decoding=\"async\" src=\"https:\/\/www.magnetberg.de\/bau\/wp-content\/uploads\/2020\/04\/MG_2050-1200x800.jpg\" height=\"800\" width=\"1200\" title=\"Klaus Killisch, LEUCHTBILD\" alt=\"\" class=\"slider-295 slide-299 msDefaultImage\" \/><\/div><\/div>\n        \n    <\/div>\n<\/div>\n\n\n\n<p class=\"has-h-3-font-size\"><strong>Leuchtbild<\/strong><\/p>\n\n\n\n<p>F\u00fcr das Treppenhaus im Fraunhofer-Institut f\u00fcr Biomedizinische Technik, Potsdam-Golm wurde eine blaue Zeichnung auf Acrylglas vorgeschlagen. Durch die indirekt angebrachten LEDs beginnt die Zeichnung zu leuchten.&nbsp;<\/p>\n\n\n\n<p>Zwei gr\u00f6\u00dfere Bildfl\u00e4chen konnten mit dieser Technik realisiert werden.&nbsp;<\/p>\n\n\n\n<p>Idee, Planung und Organisation:&nbsp;Klaus Killisch<\/p>\n\n\n\n<p>Technik: Siebdruck auf Acrylglas, blaues LED-Licht<\/p>\n\n\n\n<p>Ausf\u00fchrung: teilweise Realisierung<\/p>\n\n\n\n<p>Entwurf: 2007<\/p>\n","protected":false},"excerpt":{"rendered":"<p>Leuchtbild F\u00fcr das Treppenhaus im Fraunhofer-Institut f\u00fcr Biomedizinische Technik, Potsdam-Golm wurde eine blaue Zeichnung auf Acrylglas vorgeschlagen. Durch die indirekt angebrachten LEDs beginnt die Zeichnung zu leuchten.&nbsp; Zwei gr\u00f6\u00dfere Bildfl\u00e4chen konnten mit dieser Technik realisiert werden.&nbsp; Idee, Planung und Organisation:&nbsp;Klaus Killisch Technik: Siebdruck auf Acrylglas, blaues LED-Licht Ausf\u00fchrung: teilweise Realisierung Entwurf: 2007<\/p>\n","protected":false},"author":1,"featured_media":0,"parent":0,"menu_order":0,"comment_status":"closed","ping_status":"closed","template":"tw-no-title.php","meta":{"footnotes":""},"class_list":["post-303","page","type-page","status-publish","hentry"],"aioseo_notices":[],"_links":{"self":[{"href":"https:\/\/www.magnetberg.de\/bau\/wp-json\/wp\/v2\/pages\/303","targetHints":{"allow":["GET"]}}],"collection":[{"href":"https:\/\/www.magnetberg.de\/bau\/wp-json\/wp\/v2\/pages"}],"about":[{"href":"https:\/\/www.magnetberg.de\/bau\/wp-json\/wp\/v2\/types\/page"}],"author":[{"embeddable":true,"href":"https:\/\/www.magnetberg.de\/bau\/wp-json\/wp\/v2\/users\/1"}],"replies":[{"embeddable":true,"href":"https:\/\/www.magnetberg.de\/bau\/wp-json\/wp\/v2\/comments?post=303"}],"version-history":[{"count":4,"href":"https:\/\/www.magnetberg.de\/bau\/wp-json\/wp\/v2\/pages\/303\/revisions"}],"predecessor-version":[{"id":851,"href":"https:\/\/www.magnetberg.de\/bau\/wp-json\/wp\/v2\/pages\/303\/revisions\/851"}],"wp:attachment":[{"href":"https:\/\/www.magnetberg.de\/bau\/wp-json\/wp\/v2\/media?parent=303"}],"curies":[{"name":"wp","href":"https:\/\/api.w.org\/{rel}","templated":true}]}}