{"id":3,"date":"2020-04-07T10:44:26","date_gmt":"2020-04-07T08:44:26","guid":{"rendered":"http:\/\/www.magnetberg.de\/bau\/?page_id=3"},"modified":"2021-05-22T23:01:55","modified_gmt":"2021-05-22T21:01:55","slug":"datenschutzerklaerung","status":"publish","type":"page","link":"https:\/\/www.magnetberg.de\/bau\/datenschutzerklaerung\/","title":{"rendered":"Datenschutzerkl\u00e4rung"},"content":{"rendered":"\n<h3 class=\"wp-block-heading\"><strong>Datenschutzerkl\u00e4rung<\/strong><\/h3>\n\n\n\n<p>f\u00fcr die Internetseite www.bau.magnetberg.de und www.magnetberg.de\/bau<\/p>\n\n\n\n<p><strong>Personenbezogene Daten<\/strong><br>Die Nutzung dieser Webseite ist ohne Angabe personenbezogener Daten m\u00f6glich.<br>Soweit auf dieser Webseite personenbezogene Daten (Name und eMail-Adresse im&nbsp;Kontaktformular) erhoben werden, erfolgt dies von Seiten des Nutzers stets auf freiwilliger Basis. Diese Daten dienen allein meiner Kontaktaufnahme mit Ihnen, welche Sie durch Absenden des&nbsp;Kontaktformulars angefordert haben.<br>Die vom Kontaktformular abgesendeten Daten erreichen mich in Form einer Email, auf andere Art werden diese Daten nicht gespeichert oder verarbeitet. Die Emails werden \u00fcber eine verschl\u00fcsselte Verbindung \u00fcbertragen. Es wird darauf hingewiesen, dass die Daten\u00fcbertragung per E-Mail dennoch Sicherheitsl\u00fccken aufweisen kann, ein l\u00fcckenloser Schutz der Email-Daten vor dem Zugriff durch Dritte ist nicht m\u00f6glich.<br>Kommt kein Gesch\u00e4ftskontakt zustande, werden die mir vom Kontaktformular zugesandten E-Mails von Zeit zu Zeit beim Aufr\u00e4umen des Postfaches mit gel\u00f6scht. Diese Daten werden ohne Ihre ausdr\u00fcckliche Zustimmung von mir nicht an Dritte weitergegeben.<br>Ich mache darauf aufmerksam, dass auf dieser Webseite keine personenbezogenen Daten im Sinne der DSGVO (Art. 4, Art. 32) abgefragt, verarbeitet, gespeichert werden, und eine Verschl\u00fcsselung deshalb nicht erforderlich ist. Der Erwerb eines &#8222;SSL-Zertifikates&#8220; w\u00e4re eine grundlose&nbsp;und nicht zumutbare finanzielle Belastung f\u00fcr mich. Der Einsatz von kostenlosen Let&#8217;s encrypt Zertifikaten wird von meinem Webhoster absichtlich unterdr\u00fcckt.<\/p>\n\n\n\n<p><strong>http-Protokolldaten<\/strong><br>Beim Besuch von www.bau.magnetberg.de und bei jedem Abruf einer Seite speichert der Webserver \u00fcber diese Vorg\u00e4nge Zugriffsinformationen (Browsertyp\/Browserversion, aufgerufene URL, Referer URL, IP-Adresse des zugreifenden Systems, Datum und Uhrzeit der Serveranfrage). Diese Daten&nbsp;werden durch den auf Ihrem Endger\u00e4t zum Einsatz kommenden Internet-Browser automatisch an den Server meiner Website gesendet. Diese so genannten Http-Protokolldaten sind keine personenbezogenen Daten: Mit Hilfe dieser Angaben ist es mir nicht m\u00f6glich, die erfassten Daten&nbsp;einer bestimmten nat\u00fcrlichen Person zuzuordnen.<br>S\u00e4mtliche dieser Daten werden von mir ausschlie\u00dflich zu statistischen Zwecken ausgewertet und zur Sicherheit und Optimierung des Betriebs der Internetseite ben\u00f6tigt. Eine Weitergabe der Daten an Dritte oder eine Verkn\u00fcpfung dieser Daten mit anderen Daten erfolgt durch mich nicht.&nbsp;Diese Http-Protokolldaten (Server-Log-Files) werden auf den Servern meines Webhosting-Anbieters erfasst und gespeichert, die Statistik befindet sich in einem passwort-gesicherten Bereich.<\/p>\n\n\n\n<p>Die bei Nutzung dieses Internetauftritts verarbeiteten Daten werden gel\u00f6scht, sobald der Zweck der Speicherung entf\u00e4llt, oder der L\u00f6schung der Daten keine gesetzlichen Aufbewahrungspflichten entgegenstehen.<\/p>\n\n\n\n<p><strong>Auskunftsrecht<\/strong><br>Sie haben das Recht jederzeit Auskunft \u00fcber die zu Ihrer Person gespeicherten Daten zu erhalten, einschlie\u00dflich Herkunft und Empf\u00e4nger der Daten sowie den Zweck der Daten-<br>verarbeitung. Zus\u00e4tzlich hat der Nutzer das Recht auf Berichtigung unrichtiger Daten,<br>oder L\u00f6schung seiner personenbezogenen Daten. Ihre Anfrage richten Sie bitte an die unter Impressum genannte Adresse.<\/p>\n","protected":false},"excerpt":{"rendered":"<p>Datenschutzerkl\u00e4rung f\u00fcr die Internetseite www.bau.magnetberg.de und www.magnetberg.de\/bau Personenbezogene DatenDie Nutzung dieser Webseite ist ohne Angabe personenbezogener Daten m\u00f6glich.Soweit auf dieser Webseite personenbezogene Daten (Name und eMail-Adresse im&nbsp;Kontaktformular) erhoben werden, erfolgt dies von Seiten des Nutzers stets auf freiwilliger Basis. Diese Daten dienen allein meiner Kontaktaufnahme mit Ihnen, welche Sie durch Absenden des&nbsp;Kontaktformulars angefordert haben.Die vom&hellip;<\/p>\n","protected":false},"author":1,"featured_media":0,"parent":0,"menu_order":0,"comment_status":"closed","ping_status":"open","template":"tw-no-title.php","meta":{"footnotes":""},"class_list":["post-3","page","type-page","status-publish","hentry"],"aioseo_notices":[],"_links":{"self":[{"href":"https:\/\/www.magnetberg.de\/bau\/wp-json\/wp\/v2\/pages\/3","targetHints":{"allow":["GET"]}}],"collection":[{"href":"https:\/\/www.magnetberg.de\/bau\/wp-json\/wp\/v2\/pages"}],"about":[{"href":"https:\/\/www.magnetberg.de\/bau\/wp-json\/wp\/v2\/types\/page"}],"author":[{"embeddable":true,"href":"https:\/\/www.magnetberg.de\/bau\/wp-json\/wp\/v2\/users\/1"}],"replies":[{"embeddable":true,"href":"https:\/\/www.magnetberg.de\/bau\/wp-json\/wp\/v2\/comments?post=3"}],"version-history":[{"count":8,"href":"https:\/\/www.magnetberg.de\/bau\/wp-json\/wp\/v2\/pages\/3\/revisions"}],"predecessor-version":[{"id":445,"href":"https:\/\/www.magnetberg.de\/bau\/wp-json\/wp\/v2\/pages\/3\/revisions\/445"}],"wp:attachment":[{"href":"https:\/\/www.magnetberg.de\/bau\/wp-json\/wp\/v2\/media?parent=3"}],"curies":[{"name":"wp","href":"https:\/\/api.w.org\/{rel}","templated":true}]}}