{"id":193,"date":"2020-04-08T16:31:17","date_gmt":"2020-04-08T14:31:17","guid":{"rendered":"http:\/\/www.magnetberg.de\/bau\/?page_id=193"},"modified":"2025-01-02T18:34:53","modified_gmt":"2025-01-02T17:34:53","slug":"impressum","status":"publish","type":"page","link":"https:\/\/www.magnetberg.de\/bau\/impressum\/","title":{"rendered":"Impressum"},"content":{"rendered":"\n<h3 class=\"wp-block-heading\"><strong>Impressum<\/strong><\/h3>\n\n\n\n<p>DAS KOLLEKTIV<br>Sabine Herrmann, Klaus Killisch, Markus Rheinfurth<br>Kugler Str. 15<br>10439 Berlin<br>E-Mail: <a href=\"javascript:DeCryptX('1l2q1m0l2g1l2v3l3y0@1n1b1h0n0e0t2d3h1s2i311e3h')\">kollektiv [at] magnetberg [dot] de<\/a><\/p>\n\n\n\n<p><a href=\"https:\/\/www.magnetberg.de\/bau\/datenschutzerklaerung\/\" title=\"\">Datenschutzerkl\u00e4rung<\/a><\/p>\n\n\n\n<p>Anbieter \/ verantwortlich lt. TMG und V.i.S.d.P.: siehe oben<br>Der Nutzung von im Rahmen der Impressumspflicht ver\u00f6ffentlichten Kontaktdaten durch Dritte zur \u00dcbersendung von nicht ausdr\u00fccklich angeforderter Werbung und Informationsmaterialien wird hiermit ausdr\u00fccklich widersprochen.<\/p>\n\n\n\n<p><strong>Haftung f\u00fcr Inhalte<\/strong><br>Die Inhalte dieser Seiten wurden mit gr\u00f6\u00dfter Sorgfalt erstellt. F\u00fcr die Richtigkeit, Vollst\u00e4ndigkeit und Aktualit\u00e4t der Inhalte kann jedoch keine Gew\u00e4hr \u00fcbernommen werden.<br>Als Diensteanbieter sind wir gem\u00e4\u00df \u00a7 7 Abs.1 TMG f\u00fcr eigene Inhalte auf diesen Seiten nach den allgemeinen Gesetzen verantwortlich. Nach \u00a7\u00a7 8 bis 10 TMG sind wir als Diensteanbieter jedoch nicht verpflichtet, \u00fcbermittelte oder gespeicherte fremde Informationen zu \u00fcberwachen oder&nbsp;nach Umst\u00e4nden zu forschen, die auf eine rechtswidrige T\u00e4tigkeit hinweisen. Verpflichtungen zur Entfernung oder Sperrung der Nutzung von Informationen nach den allgemeinen Gesetzen bleiben hiervon unber\u00fchrt. Eine diesbez\u00fcgliche Haftung ist jedoch erst ab dem Zeitpunkt der&nbsp;Kenntnis einer konkreten Rechtsverletzung m\u00f6glich. Bei bekannt werden von entsprechenden Rechtsverletzungen werden wir diese Inhalte umgehend entfernen.<\/p>\n\n\n\n<p><strong>Haftungsausschluss f\u00fcr Links<\/strong><br>Dieses Angebot enth\u00e4lt Links zu externen Webseiten Dritter, auf deren Inhalte wir keinen Einfluss haben. Deshalb k\u00f6nnen wir f\u00fcr diese fremden Inhalte auch keine Gew\u00e4hr \u00fcbernehmen. F\u00fcr die Inhalte der verlinkten Seiten ist stets der jeweilige Anbieter oder Betreiber der Seiten&nbsp;verantwortlich. Die verlinkten Seiten wurden zum Zeitpunkt der Verlinkung auf m\u00f6gliche Rechtsverst\u00f6\u00dfe \u00fcberpr\u00fcft. Rechtswidrige Inhalte waren zum Zeitpunkt der Verlinkung nicht erkennbar. Eine permanente inhaltliche Kontrolle der verlinkten Seiten ist jedoch ohne konkrete&nbsp;Anhaltspunkte einer Rechtsverletzung nicht zumutbar. Bei Bekanntwerden von Rechtsverletzungen werden wir derartige Links umgehend entfernen.<\/p>\n\n\n\n<p><strong>Urheberrecht<\/strong><br>Die durch die Seitenbetreiber erstellten Inhalte und Werke auf diesen Seiten unterliegen dem deutschen Urheberrecht. Beitr\u00e4ge Dritter sind als solche gekennzeichnet. Die Vervielf\u00e4ltigung, Bearbeitung, Verbreitung und jede Art der Verwertung au\u00dferhalb der Grenzen des Urheberrechtes&nbsp;bed\u00fcrfen der schriftlichen Zustimmung des jeweiligen Autors bzw. Erstellers. Downloads und Kopien dieser Seite sind nur f\u00fcr den privaten, nicht kommerziellen Gebrauch gestattet.<\/p>\n\n\n\n<p class=\"has-subtle-background-color has-text-color\"><a href=\"http:\/\/www.magnetberg.de\/bau\/wp-login.php\" class=\"aioseop-link\">login<\/a><\/p>\n","protected":false},"excerpt":{"rendered":"<p>Impressum DAS KOLLEKTIVSabine Herrmann, Klaus Killisch, Markus RheinfurthKugler Str. 1510439 BerlinE-Mail: kollektiv [at] magnetberg [dot] de Datenschutzerkl\u00e4rung Anbieter \/ verantwortlich lt. TMG und V.i.S.d.P.: siehe obenDer Nutzung von im Rahmen der Impressumspflicht ver\u00f6ffentlichten Kontaktdaten durch Dritte zur \u00dcbersendung von nicht ausdr\u00fccklich angeforderter Werbung und Informationsmaterialien wird hiermit ausdr\u00fccklich widersprochen. Haftung f\u00fcr InhalteDie Inhalte dieser Seiten&hellip;<\/p>\n","protected":false},"author":1,"featured_media":0,"parent":0,"menu_order":0,"comment_status":"closed","ping_status":"closed","template":"tw-no-title.php","meta":{"footnotes":""},"class_list":["post-193","page","type-page","status-publish","hentry"],"aioseo_notices":[],"_links":{"self":[{"href":"https:\/\/www.magnetberg.de\/bau\/wp-json\/wp\/v2\/pages\/193","targetHints":{"allow":["GET"]}}],"collection":[{"href":"https:\/\/www.magnetberg.de\/bau\/wp-json\/wp\/v2\/pages"}],"about":[{"href":"https:\/\/www.magnetberg.de\/bau\/wp-json\/wp\/v2\/types\/page"}],"author":[{"embeddable":true,"href":"https:\/\/www.magnetberg.de\/bau\/wp-json\/wp\/v2\/users\/1"}],"replies":[{"embeddable":true,"href":"https:\/\/www.magnetberg.de\/bau\/wp-json\/wp\/v2\/comments?post=193"}],"version-history":[{"count":14,"href":"https:\/\/www.magnetberg.de\/bau\/wp-json\/wp\/v2\/pages\/193\/revisions"}],"predecessor-version":[{"id":1646,"href":"https:\/\/www.magnetberg.de\/bau\/wp-json\/wp\/v2\/pages\/193\/revisions\/1646"}],"wp:attachment":[{"href":"https:\/\/www.magnetberg.de\/bau\/wp-json\/wp\/v2\/media?parent=193"}],"curies":[{"name":"wp","href":"https:\/\/api.w.org\/{rel}","templated":true}]}}