{"id":178,"date":"2020-04-08T16:02:55","date_gmt":"2020-04-08T14:02:55","guid":{"rendered":"http:\/\/www.magnetberg.de\/bau\/?page_id=178"},"modified":"2021-12-03T14:13:39","modified_gmt":"2021-12-03T13:13:39","slug":"europa","status":"publish","type":"page","link":"https:\/\/www.magnetberg.de\/bau\/europa\/","title":{"rendered":"EUROPA"},"content":{"rendered":"\n<div id=\"metaslider-id-237\" style=\"max-width: 1200px;\" class=\"ml-slider-3-107-0 metaslider metaslider-nivo metaslider-237 ml-slider has-dots-nav ms-theme-default\" role=\"region\" aria-label=\"EUROPA\" data-height=\"800\" data-width=\"1200\">\n    <div id=\"metaslider_container_237\">\n        <div class='slider-wrapper theme-default'><div class='ribbon'><\/div><div id='metaslider_237' class='nivoSlider'><img loading=\"lazy\" decoding=\"async\" src=\"https:\/\/www.magnetberg.de\/bau\/wp-content\/uploads\/2020\/04\/europa_01-1200x800.jpg\" height=\"800\" width=\"1200\" title=\"Markus Rheinfurth, EUROPA, 2019\" alt=\"\" class=\"slider-237 slide-239 msDefaultImage\" \/><img loading=\"lazy\" decoding=\"async\" src=\"https:\/\/www.magnetberg.de\/bau\/wp-content\/uploads\/2020\/04\/europa_02-1200x800.jpg\" height=\"800\" width=\"1200\" title=\"Markus Rheinfurth, EUROPA, 2019\" alt=\"\" class=\"slider-237 slide-238 msDefaultImage\" \/><img loading=\"lazy\" decoding=\"async\" src=\"https:\/\/www.magnetberg.de\/bau\/wp-content\/uploads\/2020\/04\/europa_03-1200x800.jpg\" height=\"800\" width=\"1200\" title=\"Markus Rheinfurth, EUROPA, 2019\" alt=\"\" class=\"slider-237 slide-240 msDefaultImage\" \/><img loading=\"lazy\" decoding=\"async\" src=\"https:\/\/www.magnetberg.de\/bau\/wp-content\/uploads\/2020\/04\/europa_04-1200x800.jpg\" height=\"800\" width=\"1200\" title=\"Markus Rheinfurth, EUROPA, 2019\" alt=\"\" class=\"slider-237 slide-241 msDefaultImage\" \/><img loading=\"lazy\" decoding=\"async\" src=\"https:\/\/www.magnetberg.de\/bau\/wp-content\/uploads\/2020\/04\/europa_05-1200x800.jpg\" height=\"800\" width=\"1200\" title=\"Markus Rheinfurth, EUROPA, 2019\" alt=\"\" class=\"slider-237 slide-244 msDefaultImage\" \/><\/div><\/div>\n        \n    <\/div>\n<\/div>\n\n\n\n<p class=\"has-h-3-font-size\"><strong>EUROPA<\/strong><\/p>\n\n\n\n<p>Lange Zeit wurde das europ\u00e4ische Projekt f\u00fcr eine selbstverst\u00e4ndliche Entwicklung gehalten, die \u00fcberwiegend Vorteile f\u00fcr alle Beteiligten generierte. Die Abfolge von schweren Krisen, die den Kontinent seit einer Dekade bewegen, bringt dieses Projekt erstmals in ernste Gefahr. Der Brexit k\u00f6nnte das gesamte B\u00fcndnis nachhaltig schw\u00e4chen. Die gegenw\u00e4rtige Situation ist mit Problemen derart negativ beladen, dass ein positives Zeichen aktuell notwendig erscheint. Europa mangelt es an Sichtbarkeit, an \u00f6ffentlicher Pr\u00e4senz und positiver Resonanz. Die Kontinuit\u00e4t und Best\u00e4ndigkeit der europ\u00e4ischen Idee sind existenziell, besonders \u00fcber diese schwierige Phase hinweg.&nbsp;<\/p>\n\n\n\n<p>P\u00fcnktlich zur Europawahl 2019 wurden am Turmger\u00fcst der Gethsemanekirche 12 Europasterne vor dem blauen Schutznetz installiert. Mit der zeitlich befristeten Installation und seiner Pr\u00e4senz und Sichtbarkeit \u00fcber den D\u00e4chern vom Prenzlauer Berg und in der Sichtachse der Stargarder Stra\u00dfe setzt die evangelische Kirchengemeinde Prenzlauer Berg Nord ein deutliches Zeichen f\u00fcr die europ\u00e4ische Idee.&nbsp;<\/p>\n\n\n\n<p>Idee, Planung und Organisation:&nbsp;Markus Rheinfurth<\/p>\n\n\n\n<p>Sponsoring und Ausf\u00fchrung:&nbsp;Ger\u00fcstbau Tisch GmbH Berlin<\/p>\n\n\n\n<p>Ausf\u00fchrungszeitraum:&nbsp;Mai \u2013 Juni 2019<\/p>\n\n\n\n<p>Zeitraum der Installation:&nbsp;22. Mai bis 30. Juni 2019<\/p>\n\n\n\n<p>Standort:&nbsp;Stargarder Stra\u00dfe 66, Berlin<\/p>\n","protected":false},"excerpt":{"rendered":"<p>EUROPA Lange Zeit wurde das europ\u00e4ische Projekt f\u00fcr eine selbstverst\u00e4ndliche Entwicklung gehalten, die \u00fcberwiegend Vorteile f\u00fcr alle Beteiligten generierte. Die Abfolge von schweren Krisen, die den Kontinent seit einer Dekade bewegen, bringt dieses Projekt erstmals in ernste Gefahr. Der Brexit k\u00f6nnte das gesamte B\u00fcndnis nachhaltig schw\u00e4chen. Die gegenw\u00e4rtige Situation ist mit Problemen derart negativ beladen,&hellip;<\/p>\n","protected":false},"author":1,"featured_media":0,"parent":0,"menu_order":0,"comment_status":"closed","ping_status":"closed","template":"tw-no-title.php","meta":{"footnotes":""},"class_list":["post-178","page","type-page","status-publish","hentry"],"aioseo_notices":[],"_links":{"self":[{"href":"https:\/\/www.magnetberg.de\/bau\/wp-json\/wp\/v2\/pages\/178","targetHints":{"allow":["GET"]}}],"collection":[{"href":"https:\/\/www.magnetberg.de\/bau\/wp-json\/wp\/v2\/pages"}],"about":[{"href":"https:\/\/www.magnetberg.de\/bau\/wp-json\/wp\/v2\/types\/page"}],"author":[{"embeddable":true,"href":"https:\/\/www.magnetberg.de\/bau\/wp-json\/wp\/v2\/users\/1"}],"replies":[{"embeddable":true,"href":"https:\/\/www.magnetberg.de\/bau\/wp-json\/wp\/v2\/comments?post=178"}],"version-history":[{"count":5,"href":"https:\/\/www.magnetberg.de\/bau\/wp-json\/wp\/v2\/pages\/178\/revisions"}],"predecessor-version":[{"id":847,"href":"https:\/\/www.magnetberg.de\/bau\/wp-json\/wp\/v2\/pages\/178\/revisions\/847"}],"wp:attachment":[{"href":"https:\/\/www.magnetberg.de\/bau\/wp-json\/wp\/v2\/media?parent=178"}],"curies":[{"name":"wp","href":"https:\/\/api.w.org\/{rel}","templated":true}]}}