{"id":1719,"date":"2025-01-17T15:28:37","date_gmt":"2025-01-17T14:28:37","guid":{"rendered":"https:\/\/www.magnetberg.de\/bau\/?page_id=1719"},"modified":"2025-01-17T19:41:00","modified_gmt":"2025-01-17T18:41:00","slug":"space-oddity","status":"publish","type":"page","link":"https:\/\/www.magnetberg.de\/bau\/space-oddity\/","title":{"rendered":"Space Oddity"},"content":{"rendered":"\n<div id=\"metaslider-id-1702\" style=\"max-width: 1200px;\" class=\"ml-slider-3-107-0 metaslider metaslider-nivo metaslider-1702 ml-slider has-dots-nav ms-theme-default\" role=\"region\" aria-label=\"Space Oddity\" data-height=\"800\" data-width=\"1200\">\n    <div id=\"metaslider_container_1702\">\n        <div class='slider-wrapper theme-default'><div class='ribbon'><\/div><div id='metaslider_1702' class='nivoSlider'><img loading=\"lazy\" decoding=\"async\" src=\"https:\/\/www.magnetberg.de\/bau\/wp-content\/uploads\/2025\/01\/Wand-1-1200x800.jpg\" height=\"800\" width=\"1200\" title=\"Space Oddity, 2024\" alt=\"\" class=\"slider-1702 slide-1703 msDefaultImage\" \/><img loading=\"lazy\" decoding=\"async\" src=\"https:\/\/www.magnetberg.de\/bau\/wp-content\/uploads\/2025\/01\/Wand-2-1200x800.jpg\" height=\"800\" width=\"1200\" title=\"Space Oddity, 2024\" alt=\"\" class=\"slider-1702 slide-1705 msDefaultImage\" \/><img loading=\"lazy\" decoding=\"async\" src=\"https:\/\/www.magnetberg.de\/bau\/wp-content\/uploads\/2025\/01\/Wand-3-1200x800.jpg\" height=\"800\" width=\"1200\" title=\"Space Oddity, 2024\" alt=\"\" class=\"slider-1702 slide-1706 msDefaultImage\" \/><img loading=\"lazy\" decoding=\"async\" src=\"https:\/\/www.magnetberg.de\/bau\/wp-content\/uploads\/2025\/01\/space3-1200x800.jpg\" height=\"800\" width=\"1200\" title=\"Space Oddity, 2024\" alt=\"\" class=\"slider-1702 slide-1707 msDefaultImage\" \/><img loading=\"lazy\" decoding=\"async\" src=\"https:\/\/www.magnetberg.de\/bau\/wp-content\/uploads\/2025\/01\/space4-1200x800.jpg\" height=\"800\" width=\"1200\" title=\"Space Oddity, 2024\" alt=\"\" class=\"slider-1702 slide-1708 msDefaultImage\" \/><img loading=\"lazy\" decoding=\"async\" src=\"https:\/\/www.magnetberg.de\/bau\/wp-content\/uploads\/2025\/01\/space1-1200x800.jpg\" height=\"800\" width=\"1200\" title=\"Space Oddity, 2024\" alt=\"\" class=\"slider-1702 slide-1721 msDefaultImage\" \/><img loading=\"lazy\" decoding=\"async\" src=\"https:\/\/www.magnetberg.de\/bau\/wp-content\/uploads\/2025\/01\/space2-1200x800.jpg\" height=\"800\" width=\"1200\" title=\"Space Oddity, 2024\" alt=\"\" class=\"slider-1702 slide-1722 msDefaultImage\" \/><\/div><\/div>\n        \n    <\/div>\n<\/div>\n\n\n\n<p class=\"has-h-3-font-size\"><strong>SPACE ODDITY<\/strong><\/p>\n\n\n\n<p>Die Idee zu unserem Entwurf der k\u00fcnstlerischen Gestaltung im Atrium des Friedrich-Schiller-Gymnasiums beruht darauf den Namensgeber des Gymnasiums und ihre naturwissenschaftliche Ausrichtung, insbesondere auf astronomische Beobachtungen zusammen zu f\u00fchren. Das Gedicht Schillers <em>An die Astronomen <\/em>ist eine poetische Bekr\u00e4ftigung des Mysteriums und des Erhabenen. Begriffe, die verwendet werden, um etwas unvergleichbar Gro\u00dfes und Bewundernswertes zu beschreiben, welches durch wissenschaftliche Methoden allein nicht vollst\u00e4ndig erfasst werden kann.&nbsp;<\/p>\n\n\n\n<p>Der Entwurf ist eine Collage, die aus dem Panorama einer Stadtlandschaft mit zeichnerischen Elementen und dem Gedicht Schillers zusammengesetzt ist. Architekturfragmente und Baumwipfel bilden ein Panorama, wie sie die Lernenden des Friedrich-Schiller-Gymnasiums in ihrer unmittelbaren Umgebung kennen k\u00f6nnten. Ein angeschnittener Liegestuhl und ein in einiger Entfernung befindlicher Astronaut sind weitere Elemente der Collage.&nbsp;<\/p>\n\n\n\n<p><em>An die Astronomen<\/em><br><em>Schwatzet mir nicht so viel von Nebelflecken und Sonnen,<\/em><br><em>Ist die Natur nur gro\u00df, weil sie zu z\u00e4hlen euch gibt?<\/em><br><em>Euer Gegenstand ist der erhabenste freilich im Raume,<\/em><br><em>Aber, Freunde, im Raum wohnt das Erhabene nicht.<\/em><br><em>Friedrich Schiller, 1797<\/em><\/p>\n\n\n\n<p>Idee, Planung: DAS KOLLEKTIV<\/p>\n\n\n\n<p>Entwurf f\u00fcr den eingeladenen Wettbewerb, 2024<\/p>\n\n\n\n<p>Technik: Siebdruckverfahren auf Beton<\/p>\n\n\n\n<p>Standort: Foyer\/Atrium, Friedrich-Schiller-Gymnasium, K\u00f6nigs Wusterhausen<\/p>\n","protected":false},"excerpt":{"rendered":"<p>SPACE ODDITY Die Idee zu unserem Entwurf der k\u00fcnstlerischen Gestaltung im Atrium des Friedrich-Schiller-Gymnasiums beruht darauf den Namensgeber des Gymnasiums und ihre naturwissenschaftliche Ausrichtung, insbesondere auf astronomische Beobachtungen zusammen zu f\u00fchren. Das Gedicht Schillers An die Astronomen ist eine poetische Bekr\u00e4ftigung des Mysteriums und des Erhabenen. Begriffe, die verwendet werden, um etwas unvergleichbar Gro\u00dfes und&hellip;<\/p>\n","protected":false},"author":1,"featured_media":0,"parent":0,"menu_order":0,"comment_status":"closed","ping_status":"closed","template":"tw-no-title.php","meta":{"footnotes":""},"class_list":["post-1719","page","type-page","status-publish","hentry"],"aioseo_notices":[],"_links":{"self":[{"href":"https:\/\/www.magnetberg.de\/bau\/wp-json\/wp\/v2\/pages\/1719","targetHints":{"allow":["GET"]}}],"collection":[{"href":"https:\/\/www.magnetberg.de\/bau\/wp-json\/wp\/v2\/pages"}],"about":[{"href":"https:\/\/www.magnetberg.de\/bau\/wp-json\/wp\/v2\/types\/page"}],"author":[{"embeddable":true,"href":"https:\/\/www.magnetberg.de\/bau\/wp-json\/wp\/v2\/users\/1"}],"replies":[{"embeddable":true,"href":"https:\/\/www.magnetberg.de\/bau\/wp-json\/wp\/v2\/comments?post=1719"}],"version-history":[{"count":3,"href":"https:\/\/www.magnetberg.de\/bau\/wp-json\/wp\/v2\/pages\/1719\/revisions"}],"predecessor-version":[{"id":1735,"href":"https:\/\/www.magnetberg.de\/bau\/wp-json\/wp\/v2\/pages\/1719\/revisions\/1735"}],"wp:attachment":[{"href":"https:\/\/www.magnetberg.de\/bau\/wp-json\/wp\/v2\/media?parent=1719"}],"curies":[{"name":"wp","href":"https:\/\/api.w.org\/{rel}","templated":true}]}}