{"id":1665,"date":"2025-01-09T19:15:10","date_gmt":"2025-01-09T18:15:10","guid":{"rendered":"https:\/\/www.magnetberg.de\/bau\/?page_id=1665"},"modified":"2025-01-09T19:33:03","modified_gmt":"2025-01-09T18:33:03","slug":"lalala","status":"publish","type":"page","link":"https:\/\/www.magnetberg.de\/bau\/lalala\/","title":{"rendered":"lalala"},"content":{"rendered":"<div id=\"metaslider-id-1667\" style=\"max-width: 1200px;\" class=\"ml-slider-3-107-0 metaslider metaslider-nivo metaslider-1667 ml-slider has-dots-nav ms-theme-default\" role=\"region\" aria-label=\"lalala\" data-height=\"800\" data-width=\"1200\">\n    <div id=\"metaslider_container_1667\">\n        <div class='slider-wrapper theme-default'><div class='ribbon'><\/div><div id='metaslider_1667' class='nivoSlider'><img loading=\"lazy\" decoding=\"async\" src=\"https:\/\/www.magnetberg.de\/bau\/wp-content\/uploads\/2025\/01\/Imagefoto-e1736447683961-1200x800.jpg\" height=\"800\" width=\"1200\" title=\"Sabine Herrmann, lalala, 2024, Kiezklub, Berlin\" alt=\"\" class=\"slider-1667 slide-1670 msDefaultImage\" \/><img loading=\"lazy\" decoding=\"async\" src=\"https:\/\/www.magnetberg.de\/bau\/wp-content\/uploads\/2025\/01\/Detail-1200x800.jpg\" height=\"800\" width=\"1200\" title=\"Sabine Herrmann, lalala, 2024, Kiezklub, Berlin\" alt=\"\" class=\"slider-1667 slide-1671 msDefaultImage\" \/><img loading=\"lazy\" decoding=\"async\" src=\"https:\/\/www.magnetberg.de\/bau\/wp-content\/uploads\/2025\/01\/lalala-stahl-schwarz-1200x800.jpg\" height=\"800\" width=\"1200\" title=\"Sabine Herrmann, lalala, 2024, Kiezklub, Berlin\" alt=\"\" class=\"slider-1667 slide-1672 msDefaultImage\" \/><img loading=\"lazy\" decoding=\"async\" src=\"https:\/\/www.magnetberg.de\/bau\/wp-content\/uploads\/2025\/01\/230130_Kiezklub_SK_5_Szene-9_mit-PV-1200x800.jpg\" height=\"800\" width=\"1200\" title=\"Sabine Herrmann, lalala, 2024, Kiezklub, Berlin\" alt=\"\" class=\"slider-1667 slide-1668 msDefaultImage\" \/><\/div><\/div>\n        \n    <\/div>\n<\/div>\n\n\n\n<p class=\"has-h-3-font-size\"><strong>lalala<\/strong><\/p>\n\n\n\n<p>F\u00fcr den KIEZKLUB soll der Schriftzug lalala stark vergr\u00f6ssert und einem \u201ecoolen\u201c Werbelogo \u00e4hnlich ausgef\u00fchrt und platziert werden. <\/p>\n\n\n\n<p>Die Grundlage f\u00fcr die Gestaltungsidee ist eine Federzeichnung. Sie ist entstanden w\u00e4hrend der intensiven Besch\u00e4ftigung mit skripturalen Elementen und Schrift in der Zeichnung und im Bild und deren k\u00fcnstlerischer Wirkung. <\/p>\n\n\n\n<p>Idee, Entwurf: Sabine Herrmann<\/p>\n\n\n\n<p>Technik: poliertes Edelstahlblech<\/p>\n\n\n\n<p>Entwurf f\u00fcr geladenen Wettbewerb, 2024<\/p>\n\n\n\n<p>Standort: Kiezclub, Berlin<\/p>\n","protected":false},"excerpt":{"rendered":"<p>lalala F\u00fcr den KIEZKLUB soll der Schriftzug lalala stark vergr\u00f6ssert und einem \u201ecoolen\u201c Werbelogo \u00e4hnlich ausgef\u00fchrt und platziert werden. Die Grundlage f\u00fcr die Gestaltungsidee ist eine Federzeichnung. Sie ist entstanden w\u00e4hrend der intensiven Besch\u00e4ftigung mit skripturalen Elementen und Schrift in der Zeichnung und im Bild und deren k\u00fcnstlerischer Wirkung. Idee, Entwurf: Sabine Herrmann Technik: poliertes&hellip;<\/p>\n","protected":false},"author":1,"featured_media":0,"parent":0,"menu_order":0,"comment_status":"closed","ping_status":"closed","template":"tw-no-title.php","meta":{"footnotes":""},"class_list":["post-1665","page","type-page","status-publish","hentry"],"aioseo_notices":[],"_links":{"self":[{"href":"https:\/\/www.magnetberg.de\/bau\/wp-json\/wp\/v2\/pages\/1665","targetHints":{"allow":["GET"]}}],"collection":[{"href":"https:\/\/www.magnetberg.de\/bau\/wp-json\/wp\/v2\/pages"}],"about":[{"href":"https:\/\/www.magnetberg.de\/bau\/wp-json\/wp\/v2\/types\/page"}],"author":[{"embeddable":true,"href":"https:\/\/www.magnetberg.de\/bau\/wp-json\/wp\/v2\/users\/1"}],"replies":[{"embeddable":true,"href":"https:\/\/www.magnetberg.de\/bau\/wp-json\/wp\/v2\/comments?post=1665"}],"version-history":[{"count":5,"href":"https:\/\/www.magnetberg.de\/bau\/wp-json\/wp\/v2\/pages\/1665\/revisions"}],"predecessor-version":[{"id":1688,"href":"https:\/\/www.magnetberg.de\/bau\/wp-json\/wp\/v2\/pages\/1665\/revisions\/1688"}],"wp:attachment":[{"href":"https:\/\/www.magnetberg.de\/bau\/wp-json\/wp\/v2\/media?parent=1665"}],"curies":[{"name":"wp","href":"https:\/\/api.w.org\/{rel}","templated":true}]}}