{"id":1419,"date":"2024-12-19T14:20:27","date_gmt":"2024-12-19T13:20:27","guid":{"rendered":"https:\/\/www.magnetberg.de\/bau\/?page_id=1419"},"modified":"2024-12-19T15:20:16","modified_gmt":"2024-12-19T14:20:16","slug":"eclipse","status":"publish","type":"page","link":"https:\/\/www.magnetberg.de\/bau\/eclipse\/","title":{"rendered":"eclipse"},"content":{"rendered":"\n<div id=\"metaslider-id-1420\" style=\"max-width: 1200px;\" class=\"ml-slider-3-108-0 metaslider metaslider-nivo metaslider-1420 ml-slider has-dots-nav ms-theme-default\" role=\"region\" aria-label=\"eclipse\" data-height=\"800\" data-width=\"1200\">\n    <div id=\"metaslider_container_1420\">\n        <div class='slider-wrapper theme-default'><div class='ribbon'><\/div><div id='metaslider_1420' class='nivoSlider'><img loading=\"lazy\" decoding=\"async\" src=\"https:\/\/www.magnetberg.de\/bau\/wp-content\/uploads\/2024\/12\/eclipse2-1200x800.jpg\" height=\"800\" width=\"1200\" title=\"eclipse, 2021\" alt=\"\" class=\"slider-1420 slide-1421 msDefaultImage\" \/><img loading=\"lazy\" decoding=\"async\" src=\"https:\/\/www.magnetberg.de\/bau\/wp-content\/uploads\/2024\/12\/eclipse4-1200x800.jpg\" height=\"800\" width=\"1200\" title=\"eclipse, 2021\" alt=\"\" class=\"slider-1420 slide-1423 msDefaultImage\" \/><img loading=\"lazy\" decoding=\"async\" src=\"https:\/\/www.magnetberg.de\/bau\/wp-content\/uploads\/2024\/12\/eclipse3-1200x800.jpg\" height=\"800\" width=\"1200\" title=\"eclipse, 2021\" alt=\"\" class=\"slider-1420 slide-1424 msDefaultImage\" \/><img loading=\"lazy\" decoding=\"async\" src=\"https:\/\/www.magnetberg.de\/bau\/wp-content\/uploads\/2024\/12\/eclipse1-1200x800.jpg\" height=\"800\" width=\"1200\" title=\"eclipse, 2021\" alt=\"\" class=\"slider-1420 slide-1425 msDefaultImage\" \/><\/div><\/div>\n        \n    <\/div>\n<\/div>\n\n\n\n<p class=\"has-h-3-font-size\"><strong>eclipse<\/strong> <\/p>\n\n\n\n<p>Unter dem Titel <strong>eclipse<\/strong> wird ein astronomisches Ereignis beschrieben (z.B. bei der Sonnen- oder Mondfinsternis). Dieses Ph\u00e4nomen kommt dann zustande, wenn Licht auf ein Objekt f\u00e4llt, was ein Dahinterliegendes bedeckt. Sollte man allgemein wissenschaftliche Forschung umschreiben, so fallen Parallelen auf. Auch hier wird ein Objekt der Neugierde des wissenschaftlichen Interesses beleuchtet, erkannt, entdeckt und erforscht, um sich danach dem dahinter liegenden Objekt zu widmen. Weiter und tiefergehend zu forschen &#8211; immer tiefer eindringen in die Materie, ist hiermit gemeint. Eclipse ist geheimnisvoll und entbehrt nicht einer gewissen Romantik. Es ist mit Licht und Schatten, mit Erhellen, Verdunklung und Wiedererhellen konnotiert.&nbsp;<\/p>\n\n\n\n<p>Vorgeschlagen wird eine Collage aus tiefschwarzen, mittels Siebdruck gestalteten Fl\u00e4chen, h\u00e4ndisch aufgebrachten Farbfl\u00e4chen und einem selbstleuchtendem Band. Wie am \u00fcbrigen Bauk\u00f6rper ist eine minimalistische und reduzierte \u00c4sthetik vorherrschend. Gleichwohl ist die Farbakzentuierung geeignet, eine zus\u00e4tzliche Wahrnehmungsebene (Identifikation) zu schaffen, ohne den vorherrschenden Geb\u00e4udecharakter zu konterkarieren.&nbsp;<\/p>\n\n\n\n<figure class=\"wp-block-image size-large\"><img loading=\"lazy\" decoding=\"async\" width=\"684\" height=\"1024\" src=\"https:\/\/www.magnetberg.de\/bau\/wp-content\/uploads\/2024\/12\/Bereich_B_KK_1-684x1024.jpg\" alt=\"\" class=\"wp-image-1434\" srcset=\"https:\/\/www.magnetberg.de\/bau\/wp-content\/uploads\/2024\/12\/Bereich_B_KK_1-684x1024.jpg 684w, https:\/\/www.magnetberg.de\/bau\/wp-content\/uploads\/2024\/12\/Bereich_B_KK_1-200x300.jpg 200w, https:\/\/www.magnetberg.de\/bau\/wp-content\/uploads\/2024\/12\/Bereich_B_KK_1-768x1150.jpg 768w, https:\/\/www.magnetberg.de\/bau\/wp-content\/uploads\/2024\/12\/Bereich_B_KK_1-1026x1536.jpg 1026w, https:\/\/www.magnetberg.de\/bau\/wp-content\/uploads\/2024\/12\/Bereich_B_KK_1-1200x1796.jpg 1200w, https:\/\/www.magnetberg.de\/bau\/wp-content\/uploads\/2024\/12\/Bereich_B_KK_1.jpg 1336w\" sizes=\"auto, (max-width: 684px) 100vw, 684px\" \/><\/figure>\n\n\n\n<p>Idee und Entwurf: DAS KOLLEKTIV, 2021<\/p>\n\n\n\n<p>Technik: gemalte Farbfl\u00e4chen, Siebdruck, LED-Band<\/p>\n\n\n\n<p>Standort: Verwaltung, Ostbayerischen Technischen Hochschule, Regensburg<br><\/p>\n\n\n\n<p><\/p>\n","protected":false},"excerpt":{"rendered":"<p>eclipse Unter dem Titel eclipse wird ein astronomisches Ereignis beschrieben (z.B. bei der Sonnen- oder Mondfinsternis). Dieses Ph\u00e4nomen kommt dann zustande, wenn Licht auf ein Objekt f\u00e4llt, was ein Dahinterliegendes bedeckt. Sollte man allgemein wissenschaftliche Forschung umschreiben, so fallen Parallelen auf. Auch hier wird ein Objekt der Neugierde des wissenschaftlichen Interesses beleuchtet, erkannt, entdeckt und&hellip;<\/p>\n","protected":false},"author":1,"featured_media":0,"parent":0,"menu_order":0,"comment_status":"closed","ping_status":"closed","template":"tw-no-title.php","meta":{"footnotes":""},"class_list":["post-1419","page","type-page","status-publish","hentry"],"aioseo_notices":[],"_links":{"self":[{"href":"https:\/\/www.magnetberg.de\/bau\/wp-json\/wp\/v2\/pages\/1419","targetHints":{"allow":["GET"]}}],"collection":[{"href":"https:\/\/www.magnetberg.de\/bau\/wp-json\/wp\/v2\/pages"}],"about":[{"href":"https:\/\/www.magnetberg.de\/bau\/wp-json\/wp\/v2\/types\/page"}],"author":[{"embeddable":true,"href":"https:\/\/www.magnetberg.de\/bau\/wp-json\/wp\/v2\/users\/1"}],"replies":[{"embeddable":true,"href":"https:\/\/www.magnetberg.de\/bau\/wp-json\/wp\/v2\/comments?post=1419"}],"version-history":[{"count":3,"href":"https:\/\/www.magnetberg.de\/bau\/wp-json\/wp\/v2\/pages\/1419\/revisions"}],"predecessor-version":[{"id":1467,"href":"https:\/\/www.magnetberg.de\/bau\/wp-json\/wp\/v2\/pages\/1419\/revisions\/1467"}],"wp:attachment":[{"href":"https:\/\/www.magnetberg.de\/bau\/wp-json\/wp\/v2\/media?parent=1419"}],"curies":[{"name":"wp","href":"https:\/\/api.w.org\/{rel}","templated":true}]}}