{"id":1394,"date":"2024-12-19T13:21:18","date_gmt":"2024-12-19T12:21:18","guid":{"rendered":"https:\/\/www.magnetberg.de\/bau\/?page_id=1394"},"modified":"2024-12-19T15:22:29","modified_gmt":"2024-12-19T14:22:29","slug":"fuji-san","status":"publish","type":"page","link":"https:\/\/www.magnetberg.de\/bau\/fuji-san\/","title":{"rendered":"Fuji-san"},"content":{"rendered":"\n<div id=\"metaslider-id-1398\" style=\"max-width: 1200px;\" class=\"ml-slider-3-107-0 metaslider metaslider-nivo metaslider-1398 ml-slider has-dots-nav ms-theme-default\" role=\"region\" aria-label=\"Fuji San\" data-height=\"800\" data-width=\"1200\">\n    <div id=\"metaslider_container_1398\">\n        <div class='slider-wrapper theme-default'><div class='ribbon'><\/div><div id='metaslider_1398' class='nivoSlider'><img loading=\"lazy\" decoding=\"async\" src=\"https:\/\/www.magnetberg.de\/bau\/wp-content\/uploads\/2024\/12\/fujisan2-1200x800.jpg\" height=\"800\" width=\"1200\" title=\"Fuji-san, 2021\" alt=\"\" class=\"slider-1398 slide-1401 msDefaultImage\" \/><img loading=\"lazy\" decoding=\"async\" src=\"https:\/\/www.magnetberg.de\/bau\/wp-content\/uploads\/2024\/12\/fujisan1-1200x800.jpg\" height=\"800\" width=\"1200\" title=\"Fuji-san, 2021\" alt=\"\" class=\"slider-1398 slide-1399 msDefaultImage\" \/><img loading=\"lazy\" decoding=\"async\" src=\"https:\/\/www.magnetberg.de\/bau\/wp-content\/uploads\/2024\/12\/fujisan3-1200x800.jpg\" height=\"800\" width=\"1200\" title=\"Fuji-san, 2021\" alt=\"\" class=\"slider-1398 slide-1402 msDefaultImage\" \/><img loading=\"lazy\" decoding=\"async\" src=\"https:\/\/www.magnetberg.de\/bau\/wp-content\/uploads\/2024\/12\/fujisan4-1200x800.jpg\" height=\"800\" width=\"1200\" title=\"Fuji-san, 2021\" alt=\"\" class=\"slider-1398 slide-1403 msDefaultImage\" \/><\/div><\/div>\n        \n    <\/div>\n<\/div>\n\n\n\n<p class=\"has-h-3-font-size\"><strong>Fuji-san<\/strong> \u3075\u3058\u306e\u5c71<\/p>\n\n\n\n<p>Inspiriert von den Holzschnitten des Katsushika Hokusai haben wir die geografischen H\u00f6henzeichnungen des heiligen Berges der Japaner &#8211; Fuji zum Ausgang unseres Vorschlages genommen.<\/p>\n\n\n\n<p>Vorgeschlagen wird eine zeichnerische Gestaltung im Foyer. Unter der Lamellendecke erstreckt sich die blaue Zeichnung der geografischen H\u00f6henlinien des heiligen Berges Fuji. Sie sind zwar direkt dem Verlauf der H\u00f6henlinien dieses Vulkans nachempfunden. Dennoch ist die Zeichnung vieldeutig erfahrbar und interpretierbar z.b. als Wellenformen, D\u00fcnenzeichnungen, landschaftliche Assoziationen und nicht zuletzt, eine Darstellung akustischer Ph\u00e4nomene.&nbsp;<\/p>\n\n\n\n<p>Die blaue Zeichnung umfasst in ihrer r\u00e4umlichen Ausbreitung den gesamten Bereich der Lamellendecke. Daher entsteht in der optischen Verk\u00fcrzung zu der, dem eigenen Standort gegen\u00fcberliegenden Seite, egal wo man sich befindet, eine Verdichtung der Linien zur zartblauen Farbfl\u00e4che.&nbsp;<\/p>\n\n\n\n<p>Zur Mitte hin soll die H\u00f6he der Aufh\u00e4ngung variieren. Je weiter mittig, um so tiefer sollen die einzelnen unregelm\u00e4ssigen Kreisformen abgeh\u00e4ngt sein. Alle Kreisformen bestehen aus Einzelteilen die passgenau oder mit einem geringen Abstand zueinander montiert werden.<\/p>\n\n\n\n<p>Idee und Entwurf: DAS KOLLEKTIV, 2021<\/p>\n\n\n\n<p>Technik: Linien aus farbigen Plexiglas <\/p>\n\n\n\n<p>Standort: Gustav-Heinemann-Oberschule, Berlin<\/p>\n\n\n\n<p><\/p>\n","protected":false},"excerpt":{"rendered":"<p>Fuji-san \u3075\u3058\u306e\u5c71 Inspiriert von den Holzschnitten des Katsushika Hokusai haben wir die geografischen H\u00f6henzeichnungen des heiligen Berges der Japaner &#8211; Fuji zum Ausgang unseres Vorschlages genommen. Vorgeschlagen wird eine zeichnerische Gestaltung im Foyer. Unter der Lamellendecke erstreckt sich die blaue Zeichnung der geografischen H\u00f6henlinien des heiligen Berges Fuji. Sie sind zwar direkt dem Verlauf der&hellip;<\/p>\n","protected":false},"author":1,"featured_media":0,"parent":0,"menu_order":0,"comment_status":"closed","ping_status":"closed","template":"tw-no-title.php","meta":{"footnotes":""},"class_list":["post-1394","page","type-page","status-publish","hentry"],"aioseo_notices":[],"_links":{"self":[{"href":"https:\/\/www.magnetberg.de\/bau\/wp-json\/wp\/v2\/pages\/1394","targetHints":{"allow":["GET"]}}],"collection":[{"href":"https:\/\/www.magnetberg.de\/bau\/wp-json\/wp\/v2\/pages"}],"about":[{"href":"https:\/\/www.magnetberg.de\/bau\/wp-json\/wp\/v2\/types\/page"}],"author":[{"embeddable":true,"href":"https:\/\/www.magnetberg.de\/bau\/wp-json\/wp\/v2\/users\/1"}],"replies":[{"embeddable":true,"href":"https:\/\/www.magnetberg.de\/bau\/wp-json\/wp\/v2\/comments?post=1394"}],"version-history":[{"count":4,"href":"https:\/\/www.magnetberg.de\/bau\/wp-json\/wp\/v2\/pages\/1394\/revisions"}],"predecessor-version":[{"id":1470,"href":"https:\/\/www.magnetberg.de\/bau\/wp-json\/wp\/v2\/pages\/1394\/revisions\/1470"}],"wp:attachment":[{"href":"https:\/\/www.magnetberg.de\/bau\/wp-json\/wp\/v2\/media?parent=1394"}],"curies":[{"name":"wp","href":"https:\/\/api.w.org\/{rel}","templated":true}]}}