{"id":1359,"date":"2024-12-19T12:44:15","date_gmt":"2024-12-19T11:44:15","guid":{"rendered":"https:\/\/www.magnetberg.de\/bau\/?page_id=1359"},"modified":"2025-01-02T17:46:54","modified_gmt":"2025-01-02T16:46:54","slug":"gespraechsfaeden","status":"publish","type":"page","link":"https:\/\/www.magnetberg.de\/bau\/gespraechsfaeden\/","title":{"rendered":"GESPR\u00c4CHSF\u00c4DEN"},"content":{"rendered":"\n<div id=\"metaslider-id-1378\" style=\"max-width: 1200px;\" class=\"ml-slider-3-107-0 metaslider metaslider-nivo metaslider-1378 ml-slider has-dots-nav ms-theme-default\" role=\"region\" aria-label=\"Gespr\u00e4chsf\u00e4den 2021\" data-height=\"800\" data-width=\"1200\">\n    <div id=\"metaslider_container_1378\">\n        <div class='slider-wrapper theme-default'><div class='ribbon'><\/div><div id='metaslider_1378' class='nivoSlider'><img loading=\"lazy\" decoding=\"async\" src=\"https:\/\/www.magnetberg.de\/bau\/wp-content\/uploads\/2024\/12\/AAmt3-1200x800.jpg\" height=\"800\" width=\"1200\" title=\"Gespr\u00e4chsf\u00e4den, 2021\" alt=\"\" class=\"slider-1378 slide-1379 msDefaultImage\" \/><img loading=\"lazy\" decoding=\"async\" src=\"https:\/\/www.magnetberg.de\/bau\/wp-content\/uploads\/2024\/12\/AAmt2-1200x800.jpg\" height=\"800\" width=\"1200\" title=\"Gespr\u00e4chsf\u00e4den, 2021\" alt=\"\" class=\"slider-1378 slide-1382 msDefaultImage\" \/><img loading=\"lazy\" decoding=\"async\" src=\"https:\/\/www.magnetberg.de\/bau\/wp-content\/uploads\/2024\/12\/AAmt1-1200x800.jpg\" height=\"800\" width=\"1200\" title=\"Gespr\u00e4chsf\u00e4den, 2021\" alt=\"\" class=\"slider-1378 slide-1381 msDefaultImage\" \/><img loading=\"lazy\" decoding=\"async\" src=\"https:\/\/www.magnetberg.de\/bau\/wp-content\/uploads\/2024\/12\/AAmt4-1200x800.jpg\" height=\"800\" width=\"1200\" title=\"Gespr\u00e4chsf\u00e4den, 2021\" alt=\"\" class=\"slider-1378 slide-1383 msDefaultImage\" \/><img loading=\"lazy\" decoding=\"async\" src=\"https:\/\/www.magnetberg.de\/bau\/wp-content\/uploads\/2024\/12\/AAmt5-1200x800.jpg\" height=\"800\" width=\"1200\" title=\"Gespr\u00e4chsf\u00e4den, 2021\" alt=\"\" class=\"slider-1378 slide-1390 msDefaultImage\" \/><\/div><\/div>\n        \n    <\/div>\n<\/div>\n\n\n\n<p class=\"has-h-3-font-size\"><strong>GESPR\u00c4CHS-F\u00c4DEN<\/strong><\/p>\n\n\n\n<p>Zwei Linien k\u00f6nnen sich zu einer verbinden, wie auch zwei Gespr\u00e4chspartner mit \u201eeiner Stimme\u201c sprechen k\u00f6nnen. Linien k\u00f6nnen sich \u00fcberlappen, wie auch Gespr\u00e4che sich \u00fcberdecken k\u00f6nnen. Eine Linie kann allein weiterschwingen, w\u00e4hrend andere Linien enden\u2026&nbsp;<\/p>\n\n\n\n<p>Die Idee zu einer k\u00fcnstlerischen Gestaltung des teils offenen und teils \u00fcberdachten Durchgangs b.z.w. der Blockdurchquerung ehemals Kreuzstra\u00dfe, basiert auf den wesentlichen Aufgaben des hinzugewonnenen Geb\u00e4udeteils f\u00fcr das Ausw\u00e4rtige Amt. Es soll als Post- und Kurierstelle und als erweitertes Konferenzzentrum ein Ort der Kommunikation werden.&nbsp; Die Blockdurchquerung verk\u00f6rpert eine symbolische Verbindung zwischen der Kurstra\u00dfe und der Oberwasserstra\u00dfe. Mit den auf beiden Seiten \u00f6ffentlich einsehbaren Bereichen in die in das Geb\u00e4ude integrierte Kreuzstra\u00dfe, stellt sich die Geb\u00e4udesituation als Verbindung zwischen zwei imagin\u00e4ren gegen\u00fcberliegenden Punkten (Kommunikationspartner) dar.&nbsp;<\/p>\n\n\n\n<p>Idee und Entwurf: DAS KOLLEKTIV, 2021<\/p>\n\n\n\n<p>Technik: glasierte, farbige Ziegel<\/p>\n\n\n\n<p>Standort: Erweiterungsbau des Ausw\u00e4rtigen Amtes, Berlin<\/p>\n\n\n\n<p><\/p>\n","protected":false},"excerpt":{"rendered":"<p>GESPR\u00c4CHS-F\u00c4DEN Zwei Linien k\u00f6nnen sich zu einer verbinden, wie auch zwei Gespr\u00e4chspartner mit \u201eeiner Stimme\u201c sprechen k\u00f6nnen. Linien k\u00f6nnen sich \u00fcberlappen, wie auch Gespr\u00e4che sich \u00fcberdecken k\u00f6nnen. Eine Linie kann allein weiterschwingen, w\u00e4hrend andere Linien enden\u2026&nbsp; Die Idee zu einer k\u00fcnstlerischen Gestaltung des teils offenen und teils \u00fcberdachten Durchgangs b.z.w. der Blockdurchquerung ehemals Kreuzstra\u00dfe, basiert&hellip;<\/p>\n","protected":false},"author":1,"featured_media":0,"parent":0,"menu_order":0,"comment_status":"closed","ping_status":"closed","template":"tw-no-title.php","meta":{"footnotes":""},"class_list":["post-1359","page","type-page","status-publish","hentry"],"aioseo_notices":[],"_links":{"self":[{"href":"https:\/\/www.magnetberg.de\/bau\/wp-json\/wp\/v2\/pages\/1359","targetHints":{"allow":["GET"]}}],"collection":[{"href":"https:\/\/www.magnetberg.de\/bau\/wp-json\/wp\/v2\/pages"}],"about":[{"href":"https:\/\/www.magnetberg.de\/bau\/wp-json\/wp\/v2\/types\/page"}],"author":[{"embeddable":true,"href":"https:\/\/www.magnetberg.de\/bau\/wp-json\/wp\/v2\/users\/1"}],"replies":[{"embeddable":true,"href":"https:\/\/www.magnetberg.de\/bau\/wp-json\/wp\/v2\/comments?post=1359"}],"version-history":[{"count":11,"href":"https:\/\/www.magnetberg.de\/bau\/wp-json\/wp\/v2\/pages\/1359\/revisions"}],"predecessor-version":[{"id":1635,"href":"https:\/\/www.magnetberg.de\/bau\/wp-json\/wp\/v2\/pages\/1359\/revisions\/1635"}],"wp:attachment":[{"href":"https:\/\/www.magnetberg.de\/bau\/wp-json\/wp\/v2\/media?parent=1359"}],"curies":[{"name":"wp","href":"https:\/\/api.w.org\/{rel}","templated":true}]}}