{"id":1260,"date":"2023-08-20T12:16:03","date_gmt":"2023-08-20T10:16:03","guid":{"rendered":"https:\/\/www.magnetberg.de\/bau\/?page_id=1260"},"modified":"2024-08-02T13:46:04","modified_gmt":"2024-08-02T11:46:04","slug":"birth-of-cool","status":"publish","type":"page","link":"https:\/\/www.magnetberg.de\/bau\/birth-of-cool\/","title":{"rendered":"Birth of Cool"},"content":{"rendered":"\n<div id=\"metaslider-id-1270\" style=\"max-width: 1200px;\" class=\"ml-slider-3-107-0 metaslider metaslider-nivo metaslider-1270 ml-slider has-dots-nav ms-theme-default\" role=\"region\" aria-label=\"Birth of Cool\" data-height=\"800\" data-width=\"1200\">\n    <div id=\"metaslider_container_1270\">\n        <div class='slider-wrapper theme-default'><div class='ribbon'><\/div><div id='metaslider_1270' class='nivoSlider'><img loading=\"lazy\" decoding=\"async\" src=\"https:\/\/www.magnetberg.de\/bau\/wp-content\/uploads\/2023\/08\/IMG_0051-1200x800.jpg\" height=\"800\" width=\"1200\" title=\"Klaus Killisch, Birth of Cool, 2018\" alt=\"\" class=\"slider-1270 slide-1276 msDefaultImage\" \/><img loading=\"lazy\" decoding=\"async\" src=\"https:\/\/www.magnetberg.de\/bau\/wp-content\/uploads\/2023\/08\/IMG_0106c-1200x800.jpg\" height=\"800\" width=\"1200\" title=\"Klaus Killisch, Birth of Cool, 2018\" alt=\"\" class=\"slider-1270 slide-1274 msDefaultImage\" \/><img loading=\"lazy\" decoding=\"async\" src=\"https:\/\/www.magnetberg.de\/bau\/wp-content\/uploads\/2023\/08\/IMG_0106d-1200x800.jpg\" height=\"800\" width=\"1200\" title=\"Klaus Killisch, Birth of Cool, 2018\" alt=\"\" class=\"slider-1270 slide-1275 msDefaultImage\" \/><img loading=\"lazy\" decoding=\"async\" src=\"https:\/\/www.magnetberg.de\/bau\/wp-content\/uploads\/2023\/08\/IMG_0101-1200x800.jpg\" height=\"800\" width=\"1200\" title=\"Klaus Killisch, Birth of Cool, 2018\" alt=\"\" class=\"slider-1270 slide-1271 msDefaultImage\" \/><img loading=\"lazy\" decoding=\"async\" src=\"https:\/\/www.magnetberg.de\/bau\/wp-content\/uploads\/2023\/08\/IMG_8135-1200x800.jpg\" height=\"800\" width=\"1200\" title=\"Klaus Killisch, Birth of Cool, 2018\" alt=\"\" class=\"slider-1270 slide-1272 msDefaultImage\" \/><\/div><\/div>\n        \n    <\/div>\n<\/div>\n\n\n\n<p class=\"has-h-3-font-size\"><strong>Birth of Cool<\/strong><\/p>\n\n\n\n<p>Anl\u00e4\u00dflich der Ausstellung <em>Kunst \/ Arte: A Dialogue<\/em> im Mexican Cultural Institute in San Antonio \/ USA mit den K\u00fcnstlern Klaus Killisch (Berlin) und Alejandro Colunga (Guadalajara) entstand der Auftrag f\u00fcr das Wandbild <em>Birth of Cool<\/em>. In der Ausstellung fungierte es als \u201eResonanzfl\u00e4che\u201c zu den Bildern und verwies gleichzeitig auf die Tradition mexikanischer Wandbilder. F\u00fcr die Umsetzung wurde das Motiv auf Vliestapeten gedruckt. Die hohe Bildqualit\u00e4t und die Strapazierf\u00e4higkeit des\u00a0 Materials bietet sich auch f\u00fcr eine st\u00e4ndige Pr\u00e4sentation im \u00f6ffentlichen Raum an.<br><\/p>\n\n\n\n<p>Idee und Ausf\u00fchrung: Klaus Killisch<\/p>\n\n\n\n<p>Technik: Bilddruck auf Vliestapete <\/p>\n\n\n\n<p>Gr\u00f6\u00dfe: 520 x 70cm<\/p>\n\n\n\n<p>Zeitraum: tempor\u00e4r, Januar &#8211; M\u00e4rz 2018<\/p>\n\n\n\n<p>Standort: Mexican Cultural Institute, San Antonio, USA<\/p>\n","protected":false},"excerpt":{"rendered":"<p>Birth of Cool Anl\u00e4\u00dflich der Ausstellung Kunst \/ Arte: A Dialogue im Mexican Cultural Institute in San Antonio \/ USA mit den K\u00fcnstlern Klaus Killisch (Berlin) und Alejandro Colunga (Guadalajara) entstand der Auftrag f\u00fcr das Wandbild Birth of Cool. In der Ausstellung fungierte es als \u201eResonanzfl\u00e4che\u201c zu den Bildern und verwies gleichzeitig auf die Tradition&hellip;<\/p>\n","protected":false},"author":1,"featured_media":0,"parent":0,"menu_order":0,"comment_status":"closed","ping_status":"closed","template":"tw-no-title.php","meta":{"footnotes":""},"class_list":["post-1260","page","type-page","status-publish","hentry"],"aioseo_notices":[],"_links":{"self":[{"href":"https:\/\/www.magnetberg.de\/bau\/wp-json\/wp\/v2\/pages\/1260","targetHints":{"allow":["GET"]}}],"collection":[{"href":"https:\/\/www.magnetberg.de\/bau\/wp-json\/wp\/v2\/pages"}],"about":[{"href":"https:\/\/www.magnetberg.de\/bau\/wp-json\/wp\/v2\/types\/page"}],"author":[{"embeddable":true,"href":"https:\/\/www.magnetberg.de\/bau\/wp-json\/wp\/v2\/users\/1"}],"replies":[{"embeddable":true,"href":"https:\/\/www.magnetberg.de\/bau\/wp-json\/wp\/v2\/comments?post=1260"}],"version-history":[{"count":11,"href":"https:\/\/www.magnetberg.de\/bau\/wp-json\/wp\/v2\/pages\/1260\/revisions"}],"predecessor-version":[{"id":1335,"href":"https:\/\/www.magnetberg.de\/bau\/wp-json\/wp\/v2\/pages\/1260\/revisions\/1335"}],"wp:attachment":[{"href":"https:\/\/www.magnetberg.de\/bau\/wp-json\/wp\/v2\/media?parent=1260"}],"curies":[{"name":"wp","href":"https:\/\/api.w.org\/{rel}","templated":true}]}}