{"id":1203,"date":"2023-02-12T19:54:41","date_gmt":"2023-02-12T18:54:41","guid":{"rendered":"https:\/\/www.magnetberg.de\/bau\/?page_id=1203"},"modified":"2025-01-02T16:49:02","modified_gmt":"2025-01-02T15:49:02","slug":"noli-me-tangere","status":"publish","type":"page","link":"https:\/\/www.magnetberg.de\/bau\/noli-me-tangere\/","title":{"rendered":"noli me tangere"},"content":{"rendered":"<div id=\"metaslider-id-1148\" style=\"max-width: 1200px;\" class=\"ml-slider-3-107-0 metaslider metaslider-nivo metaslider-1148 ml-slider has-dots-nav ms-theme-default\" role=\"region\" aria-label=\"noli me tangere, 2021\" data-height=\"800\" data-width=\"1200\">\n    <div id=\"metaslider_container_1148\">\n        <div class='slider-wrapper theme-default'><div class='ribbon'><\/div><div id='metaslider_1148' class='nivoSlider'><img loading=\"lazy\" decoding=\"async\" src=\"https:\/\/www.magnetberg.de\/bau\/wp-content\/uploads\/2023\/02\/DSC04165-1200x800.jpg\" height=\"800\" width=\"1200\" title=\"Sabine Herrmann, noli me tangere, 2021\" alt=\"\" class=\"slider-1148 slide-1151 msDefaultImage\" \/><img loading=\"lazy\" decoding=\"async\" src=\"https:\/\/www.magnetberg.de\/bau\/wp-content\/uploads\/2023\/02\/DSC04226-1200x800.jpg\" height=\"800\" width=\"1200\" title=\"Sabine Herrmann, noli me tangere, 2021\" alt=\"\" class=\"slider-1148 slide-1150 msDefaultImage\" \/><img loading=\"lazy\" decoding=\"async\" src=\"https:\/\/www.magnetberg.de\/bau\/wp-content\/uploads\/2023\/02\/DSC04173-1200x800.jpg\" height=\"800\" width=\"1200\" title=\"Sabine Herrmann, noli me tangere, 2021\" alt=\"\" class=\"slider-1148 slide-1152 msDefaultImage\" \/><\/div><\/div>\n        \n    <\/div>\n<\/div>\n\n\n\n<p class=\"has-h-3-font-size\"><strong>noli me tangere<\/strong><\/p>\n\n\n\n<p>Die im Zweiten Weltkrieg zerst\u00f6rte \u201eAuferstehung Christi\u201c in der Kraut-Kapelle des Museums Nikolaikirche ist in einer tempor\u00e4ren Interpretation der K\u00fcnstlerin Sabine Herrmann&nbsp;zu sehen. <em>noli me tangere<\/em>&nbsp;ist Teil einer Serie zum Thema&nbsp;Auferstehung,&nbsp;kuratiert von Albrecht Henkys im Kunstraum Kraut. In diesem Projekt geht es darum, sich dem vom preu\u00dfischen Hofbildhauer Georg&nbsp;Glume (1679\u20131765) entworfenen Grabdenkmal k\u00fcnstlerisch anzun\u00e4hern und sich aus zeitgen\u00f6ssischer Sicht mit einer historischen Fehlstelle auseinanderzusetzen.<\/p>\n\n\n\n<p>Idee und Ausf\u00fchrung: Sabine Herrmann<\/p>\n\n\n\n<p>Technik: Pigmente auf Papier, 350 x 210cm<\/p>\n\n\n\n<p>Zeitraum: 5. Oktober \u2013 21. November 2021<\/p>\n\n\n\n<p>Standort: Nikolaikirche, Stadtmuseum Berlin<\/p>\n","protected":false},"excerpt":{"rendered":"<p>noli me tangere Die im Zweiten Weltkrieg zerst\u00f6rte \u201eAuferstehung Christi\u201c in der Kraut-Kapelle des Museums Nikolaikirche ist in einer tempor\u00e4ren Interpretation der K\u00fcnstlerin Sabine Herrmann&nbsp;zu sehen. noli me tangere&nbsp;ist Teil einer Serie zum Thema&nbsp;Auferstehung,&nbsp;kuratiert von Albrecht Henkys im Kunstraum Kraut. In diesem Projekt geht es darum, sich dem vom preu\u00dfischen Hofbildhauer Georg&nbsp;Glume (1679\u20131765) entworfenen Grabdenkmal&hellip;<\/p>\n","protected":false},"author":1,"featured_media":0,"parent":0,"menu_order":0,"comment_status":"closed","ping_status":"closed","template":"tw-no-title.php","meta":{"footnotes":""},"class_list":["post-1203","page","type-page","status-publish","hentry"],"aioseo_notices":[],"_links":{"self":[{"href":"https:\/\/www.magnetberg.de\/bau\/wp-json\/wp\/v2\/pages\/1203","targetHints":{"allow":["GET"]}}],"collection":[{"href":"https:\/\/www.magnetberg.de\/bau\/wp-json\/wp\/v2\/pages"}],"about":[{"href":"https:\/\/www.magnetberg.de\/bau\/wp-json\/wp\/v2\/types\/page"}],"author":[{"embeddable":true,"href":"https:\/\/www.magnetberg.de\/bau\/wp-json\/wp\/v2\/users\/1"}],"replies":[{"embeddable":true,"href":"https:\/\/www.magnetberg.de\/bau\/wp-json\/wp\/v2\/comments?post=1203"}],"version-history":[{"count":4,"href":"https:\/\/www.magnetberg.de\/bau\/wp-json\/wp\/v2\/pages\/1203\/revisions"}],"predecessor-version":[{"id":1619,"href":"https:\/\/www.magnetberg.de\/bau\/wp-json\/wp\/v2\/pages\/1203\/revisions\/1619"}],"wp:attachment":[{"href":"https:\/\/www.magnetberg.de\/bau\/wp-json\/wp\/v2\/media?parent=1203"}],"curies":[{"name":"wp","href":"https:\/\/api.w.org\/{rel}","templated":true}]}}