{"id":1146,"date":"2023-02-12T16:51:04","date_gmt":"2023-02-12T15:51:04","guid":{"rendered":"https:\/\/www.magnetberg.de\/bau\/?page_id=1146"},"modified":"2023-02-13T12:52:00","modified_gmt":"2023-02-13T11:52:00","slug":"fragments","status":"publish","type":"page","link":"https:\/\/www.magnetberg.de\/bau\/fragments\/","title":{"rendered":"fragments"},"content":{"rendered":"<div id=\"metaslider-id-1225\" style=\"max-width: 1200px;\" class=\"ml-slider-3-107-0 metaslider metaslider-nivo metaslider-1225 ml-slider has-dots-nav ms-theme-default\" role=\"region\" aria-label=\"fragments, 2022\" data-height=\"800\" data-width=\"1200\">\n    <div id=\"metaslider_container_1225\">\n        <div class='slider-wrapper theme-default'><div class='ribbon'><\/div><div id='metaslider_1225' class='nivoSlider'><img loading=\"lazy\" decoding=\"async\" src=\"https:\/\/www.magnetberg.de\/bau\/wp-content\/uploads\/2023\/02\/IMG_7791-1200x800.jpg\" height=\"800\" width=\"1200\" title=\"Klaus Killisch, Markus Rheinfurth, fragments, 2022\" alt=\"\" class=\"slider-1225 slide-1227 msDefaultImage\" \/><img loading=\"lazy\" decoding=\"async\" src=\"https:\/\/www.magnetberg.de\/bau\/wp-content\/uploads\/2023\/02\/IMG_7802-1200x800.jpg\" height=\"800\" width=\"1200\" title=\"Klaus Killisch, Markus Rheinfurth, fragments, 2022\" alt=\"\" class=\"slider-1225 slide-1228 msDefaultImage\" \/><img loading=\"lazy\" decoding=\"async\" src=\"https:\/\/www.magnetberg.de\/bau\/wp-content\/uploads\/2023\/02\/IMG_7710-1200x800.jpg\" height=\"800\" width=\"1200\" title=\"Klaus Killisch, Markus Rheinfurth, fragments, 2022\" alt=\"\" class=\"slider-1225 slide-1229 msDefaultImage\" \/><\/div><\/div>\n        \n    <\/div>\n<\/div>\n\n\n\n<h2 class=\"wp-block-heading\">fragments<\/h2>\n\n\n\n<p>Die im Zweiten Weltkrieg zerst\u00f6rte \u201eAuferstehung Christi\u201c in der Kraut-Kapelle des Museums Nikolaikirche ist vom 25. Januar bis zum 20. M\u00e4rz in einer gemeinsamen Interpretation des K\u00fcnstlers Klaus Killisch und des Architekten Markus Rheinfurth&nbsp;zu sehen.&nbsp;Mit ihrem Werk <em>fragments<\/em> n\u00e4hern sich die beiden dem Thema des verlorenen Barock-Gem\u00e4ldes auf abstrakte Weise an \u2013 in einer leuchtend farbigen Collage aus Malerei mit darauf angebrachten objekthaften Bildelementen und blauem&nbsp;LED-Licht.&nbsp;Schaut man genauer hin, sind das dramatisch hochgerissene Grabtuch des auferstandenen Jesus Christus zu erkennen, sein Lendentuch und auch das Gewand eines Engels \u2013 die materiellen Zeugnisse des Unfasslichen. Dazwischen ein&nbsp;Blitz. Symbolisiert er die Dramatik und Energie, von der die barocke Szene einst gepr\u00e4gt war? Oder ist es ein Lichtstrahl, der auf Christi Himmelfahrt verweist? Das Licht, von dem Christus in der Bibel spricht: \u201eIch bin das Licht der Welt\u201c? <\/p>\n\n\n\n<p><em>fragments<\/em>&nbsp;ist Teil einer Serie zum Thema&nbsp;Auferstehung,&nbsp;kuratiert von Albrecht Henkys im Kunstraum Kraut. In diesem Projekt geht es darum, sich dem vom preu\u00dfischen Hofbildhauer Georg&nbsp;Glume (1679\u20131765) entworfenen Grabdenkmal k\u00fcnstlerisch anzun\u00e4hern und sich aus zeitgen\u00f6ssischer Sicht mit einer historischen Fehlstelle auseinanderzusetzen.<\/p>\n\n\n\n<p>Idee und Ausf\u00fchrung: Klaus Killisch, Markus Rheinfurth<\/p>\n\n\n\n<p>Technik: Acrylmalerei auf Papier, LED-Licht, Digitaldruck auf MDF, 350 x 210cm<\/p>\n\n\n\n<p>Zeitraum: 25. Januar \u2013 20. M\u00e4rz 2022<\/p>\n\n\n\n<p>Standort: Nikolaikirche, Stadtmuseum Berlin<\/p>\n\n\n\n<figure class=\"wp-block-embed is-type-video is-provider-youtube wp-block-embed-youtube wp-embed-aspect-4-3 wp-has-aspect-ratio\"><div class=\"wp-block-embed__wrapper\">\n<iframe loading=\"lazy\" title=\"fragments\" width=\"700\" height=\"525\" src=\"https:\/\/www.youtube.com\/embed\/gLiiOw_-5Wo?feature=oembed\" frameborder=\"0\" allow=\"accelerometer; autoplay; clipboard-write; encrypted-media; gyroscope; picture-in-picture; web-share\" allowfullscreen><\/iframe>\n<\/div><\/figure>\n\n\n\n<p><\/p>\n","protected":false},"excerpt":{"rendered":"<p>fragments Die im Zweiten Weltkrieg zerst\u00f6rte \u201eAuferstehung Christi\u201c in der Kraut-Kapelle des Museums Nikolaikirche ist vom 25. Januar bis zum 20. M\u00e4rz in einer gemeinsamen Interpretation des K\u00fcnstlers Klaus Killisch und des Architekten Markus Rheinfurth&nbsp;zu sehen.&nbsp;Mit ihrem Werk fragments n\u00e4hern sich die beiden dem Thema des verlorenen Barock-Gem\u00e4ldes auf abstrakte Weise an \u2013 in einer&hellip;<\/p>\n","protected":false},"author":1,"featured_media":0,"parent":0,"menu_order":0,"comment_status":"closed","ping_status":"closed","template":"tw-no-title.php","meta":{"footnotes":""},"class_list":["post-1146","page","type-page","status-publish","hentry"],"aioseo_notices":[],"_links":{"self":[{"href":"https:\/\/www.magnetberg.de\/bau\/wp-json\/wp\/v2\/pages\/1146","targetHints":{"allow":["GET"]}}],"collection":[{"href":"https:\/\/www.magnetberg.de\/bau\/wp-json\/wp\/v2\/pages"}],"about":[{"href":"https:\/\/www.magnetberg.de\/bau\/wp-json\/wp\/v2\/types\/page"}],"author":[{"embeddable":true,"href":"https:\/\/www.magnetberg.de\/bau\/wp-json\/wp\/v2\/users\/1"}],"replies":[{"embeddable":true,"href":"https:\/\/www.magnetberg.de\/bau\/wp-json\/wp\/v2\/comments?post=1146"}],"version-history":[{"count":12,"href":"https:\/\/www.magnetberg.de\/bau\/wp-json\/wp\/v2\/pages\/1146\/revisions"}],"predecessor-version":[{"id":1257,"href":"https:\/\/www.magnetberg.de\/bau\/wp-json\/wp\/v2\/pages\/1146\/revisions\/1257"}],"wp:attachment":[{"href":"https:\/\/www.magnetberg.de\/bau\/wp-json\/wp\/v2\/media?parent=1146"}],"curies":[{"name":"wp","href":"https:\/\/api.w.org\/{rel}","templated":true}]}}